{"id":3281,"date":"2023-07-21T16:55:33","date_gmt":"2023-07-21T16:55:33","guid":{"rendered":"https:\/\/oyl-cbd.com\/?page_id=3281"},"modified":"2025-07-09T15:47:16","modified_gmt":"2025-07-09T15:47:16","slug":"about","status":"publish","type":"page","link":"https:\/\/oyl-cbd.com\/en\/about\/","title":{"rendered":"About us"},"content":{"rendered":"<h1>\n<p>Meet \u00d8YL<\/p>\n<\/h1>\n<div>\n<p>In a society marked by the reign of speed and optimization, taking a pause for oneself is essential. In this sense, \u00d8YL was founded with the intention of democratizing access to CBD, offering a remarkable yet simple formulation based on science, ensuring it remains an accessible holistic solution. Our commitment to producing premium and effective products is reflected in our rigorous quality control standards and the finest ingredients available.<\/p>\n<\/div>\n<p><p>\n        <a href=\"\/fr\/shop\/\">D\u00e9couvrez nos produits<\/a>\n    <\/p>\n<\/p>\n<h1>\u00d8YL + Nature<\/h1>\n<div>\n<p style=\"font-weight: 400;\">The plants are grown in the fresh air and pure water of the Swiss Alps by the most skilled and experienced growers. After harvesting, we use supercritical CO2 extraction to obtain our oils and other extracts, allowing us to produce a final product that is pure and solvent-free.\u2028Our involvement in the entire process \u2013 from the seeds planted in Switzerland to the packaging of the oil in our laboratory based in Brussels \u2013 allows us to guarantee the best quality and the best prices on the market. Additionally, our two carriers \u2013 MCT coconut oil and hemp seed oil \u2013 are organic.<\/p>\n<\/div>\n<p><img decoding=\"async\" src=\"\/wp-content\/uploads\/Scene-7.png\" alt=\"\"><\/p>\n<h1>\n<p>Why choose \u00d8YL?<\/p>\n<\/h1>\n<div>\n<p>\u2028\u00d8YL is a brand with a powerful story. Our goal in developing our product range was to create items that preserve all the natural benefits found in the Cannabis Sativa plant, maintaining its natural structure so that we can fully benefit from its advantages in managing stress and anxiety, improving sleep quality, alleviating chronic pain, boosting immunity, and enhancing overall well-being.\u2028With this objective in mind, we worked tirelessly to achieve the perfect composition \u2013 products with minimal ingredients, well-sourced, easily traceable, and of optimal quality.<\/p>\n<\/div>\n<p><p>\n        <a href=\"\/en\/shop\/\">\u2192 DISCOVER OUR PRODUCTS<\/a>\n    <\/p>\n<\/p>\n<p><img decoding=\"async\" src=\"\/wp-content\/uploads\/oyl-cbd-hero-004-relaxation.jpg\" alt=\"\"><\/p>\n<h1>Behind \u00d8YL<\/h1>\n<div>\n<p style=\"font-weight: 400;\">Graduated in natural cosmetology, I have been exploring the benefits that nature offers since 2017. Understanding what we put into our bodies is giving ourselves the means to break free from the influences of consumer society and reconnect with ourselves. My experience at Hierba Buena in Brussels allowed me to get closer to nature while continuing my personal research in natural cosmetology.\u2028<\/p>\n<p style=\"font-weight: 400;\">My growing interest in the virtues of hemp, a true plant treasure, naturally led me to ST Pharma, a Belgian company where I deepened my knowledge of cannabinoids. It is with enthusiasm and confidence that I now support the \u00d8YL project.\u2028My goal is to make CBD accessible to everyone, so that everyone can learn, understand, and benefit from this powerful plant ally.<\/p>\n<p style=\"font-weight: 400;\">\u00d8YL embodies the strength of shared knowledge, collective work, and commitment to a common vision, born from a sincere passion and a constant quest for well-being and serenity.<\/p>\n<p>Andr\u00e9a Nivi\u00e8re<\/p>\n<\/div>\n<p><img decoding=\"async\" src=\"\/wp-content\/uploads\/4.jpg\" alt=\"\"><\/p>\n<h1>Want to give \u00d8YL a try?<\/h1>\n<div>\n<p>Your wellness range of natural CBD products<\/p>\n<\/div>\n<p><p>\n        <a href=\"\/en\/shop\/\">\u2192 Discover our Products<\/a>\n    <\/p>\n<\/p>\n<p><!--more--><br \/>\n<!-- {\"type\":\"layout\",\"children\":[{\"name\":\"Hero Home\",\"type\":\"section\",\"props\":{\"image_parallax_bgy\":\"-50,50\",\"image_parallax_easing\":\"1\",\"image_position\":\"center-center\",\"image_size\":\"cover\",\"media_overlay\":\"rgba(255, 255, 255, 0.2)\",\"media_visibility\":\"m\",\"padding\":\"large\",\"sticky\":\"cover\",\"style\":\"muted\",\"text_color\":\"dark\",\"title_breakpoint\":\"xl\",\"title_position\":\"top-left\",\"title_rotation\":\"left\",\"vertical_align\":\"\",\"width\":\"large\"},\"children\":[{\"type\":\"row\",\"children\":[{\"type\":\"column\",\"props\":{\"image_effect\":\"parallax\",\"image_parallax_bgy\":\"-110,50\",\"image_parallax_easing\":\"1\",\"image_position\":\"center-center\",\"image_width\":\"400\",\"position_sticky_breakpoint\":\"m\",\"vertical_align\":\"middle\",\"width_medium\":\"1-2\"}},{\"type\":\"column\",\"props\":{\"image_position\":\"center-center\",\"position_sticky_breakpoint\":\"m\",\"width_medium\":\"1-2\"},\"children\":[{\"type\":\"headline\",\"props\":{\"block_align\":\"center\",\"content\":\"\n\n<p>Meet \\u00d8YL<\\\/p>\",\"title_element\":\"h1\",\"title_style\":\"h3\"}},{\"type\":\"text\",\"props\":{\"column_breakpoint\":\"m\",\"content\":\"\n\n<p>In a society marked by the reign of speed and optimization, taking a pause for oneself is essential. In this sense, \\u00d8YL was founded with the intention of democratizing access to CBD, offering a remarkable yet simple formulation based on science, ensuring it remains an accessible holistic solution. Our commitment to producing premium and effective products is reflected in our rigorous quality control standards and the finest ingredients available.<\\\/p>\",\"margin\":\"default\",\"maxwidth\":\"xlarge\"}},{\"type\":\"button\",\"props\":{\"button_size\":\"small\",\"grid_column_gap\":\"small\",\"grid_row_gap\":\"small\",\"margin\":\"large\",\"margin_remove_bottom\":true,\"text_align\":\"left\"},\"children\":[{\"type\":\"button_item\",\"props\":{\"button_style\":\"primary\",\"content\":\"D\\u00e9couvrez nos produits\",\"dialog_layout\":\"modal\",\"dialog_offcanvas_flip\":true,\"icon\":\"arrow-right\",\"icon_align\":\"left\",\"link\":\"fr\\\/shop\\\/\"}}]}]}],\"props\":{\"alignment\":\"center\",\"layout\":\"1-2,1-2\",\"padding_remove_horizontal\":false}}]},{\"type\":\"section\",\"props\":{\"css\":\"img {border-radius: 15px;}\\nimg {\\n    \\\/* filter: url(filters.svg#grayscale); Firefox 3.5+ *\\\/\\n      filter: gray;\\n        -webkit-filter: grayscale(1);  \\n    \\t-webkit-transition: all .8s ease-in-out; \\n    }\\n\\nimg:hover {\\n    filter: none;\\n      -webkit-filter: grayscale(0);\\n      -webkit-transition: all .8s ease-in-out;   \\n    }\\n\",\"image_position\":\"center-center\",\"padding_remove_top\":false,\"style\":\"default\",\"title_breakpoint\":\"xl\",\"title_position\":\"top-left\",\"title_rotation\":\"left\",\"vertical_align\":\"\",\"width\":\"default\"},\"children\":[{\"type\":\"row\",\"props\":{\"column_gap\":\"large\",\"layout\":\"1-2,1-2\",\"margin\":\"large\"},\"children\":[{\"type\":\"column\",\"props\":{\"image_position\":\"center-center\",\"position_sticky_breakpoint\":\"m\",\"vertical_align\":\"middle\",\"width_medium\":\"1-2\"},\"children\":[{\"type\":\"headline\",\"props\":{\"content\":\"\\u00d8YL + Nature\",\"title_element\":\"h1\",\"title_style\":\"h3\"}},{\"type\":\"text\",\"props\":{\"column_breakpoint\":\"m\",\"content\":\"\n\n<p style=\\\"font-weight: 400;\\\">The plants are grown in the fresh air and pure water of the Swiss Alps by the most skilled and experienced growers. After harvesting, we use supercritical CO2 extraction to obtain our oils and other extracts, allowing us to produce a final product that is pure and solvent-free.\\u2028Our involvement in the entire process \\u2013 from the seeds planted in Switzerland to the packaging of the oil in our laboratory based in Brussels \\u2013 allows us to guarantee the best quality and the best prices on the market. Additionally, our two carriers \\u2013 MCT coconut oil and hemp seed oil \\u2013 are organic.<\\\/p>\",\"margin\":\"default\"}}]},{\"type\":\"column\",\"props\":{\"image_position\":\"center-center\",\"position_sticky_breakpoint\":\"m\",\"width_medium\":\"1-2\"},\"children\":[{\"type\":\"image\",\"props\":{\"image\":\"wp-content\\\/uploads\\\/Scene-7.png\",\"image_svg_color\":\"emphasis\",\"margin\":\"default\"}}]}]},{\"type\":\"row\",\"props\":{\"column_gap\":\"large\",\"layout\":\"1-2,1-2\",\"margin\":\"xlarge\"},\"children\":[{\"type\":\"column\",\"props\":{\"image_position\":\"center-center\",\"position_sticky_breakpoint\":\"m\",\"vertical_align\":\"middle\",\"width_medium\":\"1-2\"},\"children\":[{\"type\":\"headline\",\"props\":{\"content\":\"\n\n<p>Why choose \\u00d8YL?<\\\/p>\",\"title_element\":\"h1\",\"title_style\":\"h3\"}},{\"type\":\"text\",\"props\":{\"column_breakpoint\":\"m\",\"content\":\"\n\n<p>\\u2028\\u00d8YL is a brand with a powerful story. Our goal in developing our product range was to create items that preserve all the natural benefits found in the Cannabis Sativa plant, maintaining its natural structure so that we can fully benefit from its advantages in managing stress and anxiety, improving sleep quality, alleviating chronic pain, boosting immunity, and enhancing overall well-being.\\u2028With this objective in mind, we worked tirelessly to achieve the perfect composition \\u2013 products with minimal ingredients, well-sourced, easily traceable, and of optimal quality.<\\\/p>\",\"margin\":\"default\"}},{\"type\":\"button\",\"props\":{\"button_size\":\"small\",\"grid_column_gap\":\"small\",\"grid_row_gap\":\"small\",\"margin\":\"large\",\"margin_remove_bottom\":true,\"text_align\":\"left\",\"text_align_fallback\":\"left\"},\"children\":[{\"type\":\"button_item\",\"props\":{\"button_style\":\"primary\",\"content\":\"\\u2192 DISCOVER OUR PRODUCTS\",\"dialog_layout\":\"modal\",\"dialog_offcanvas_flip\":true,\"icon\":\"\",\"icon_align\":\"left\",\"link\":\"en\\\/shop\\\/\"}}]}]},{\"type\":\"column\",\"props\":{\"image_position\":\"center-center\",\"order_first\":\"m\",\"position_sticky_breakpoint\":\"m\",\"width_medium\":\"1-2\"},\"children\":[{\"type\":\"image\",\"props\":{\"image\":\"wp-content\\\/uploads\\\/oyl-cbd-hero-004-relaxation.jpg\",\"image_svg_color\":\"emphasis\",\"margin\":\"default\"}}]}]},{\"type\":\"row\",\"props\":{\"column_gap\":\"large\",\"css\":\"\\n\",\"layout\":\"1-2,1-2\",\"margin\":\"large\"},\"children\":[{\"type\":\"column\",\"props\":{\"image_position\":\"center-center\",\"position_sticky_breakpoint\":\"m\",\"vertical_align\":\"middle\",\"width_medium\":\"1-2\"},\"children\":[{\"type\":\"headline\",\"props\":{\"content\":\"Behind \\u00d8YL\",\"title_element\":\"h1\",\"title_style\":\"h3\"}},{\"type\":\"text\",\"props\":{\"column_breakpoint\":\"m\",\"content\":\"\n\n<p style=\\\"font-weight: 400;\\\">Graduated in natural cosmetology, I have been exploring the benefits that nature offers since 2017. Understanding what we put into our bodies is giving ourselves the means to break free from the influences of consumer society and reconnect with ourselves. My experience at Hierba Buena in Brussels allowed me to get closer to nature while continuing my personal research in natural cosmetology.\\u2028<\\\/p>\\n\n\n<p style=\\\"font-weight: 400;\\\">My growing interest in the virtues of hemp, a true plant treasure, naturally led me to ST Pharma, a Belgian company where I deepened my knowledge of cannabinoids. It is with enthusiasm and confidence that I now support the \\u00d8YL project.\\u2028My goal is to make CBD accessible to everyone, so that everyone can learn, understand, and benefit from this powerful plant ally.<\\\/p>\\n\n\n<p style=\\\"font-weight: 400;\\\">\\u00d8YL embodies the strength of shared knowledge, collective work, and commitment to a common vision, born from a sincere passion and a constant quest for well-being and serenity.<\\\/p>\\n\n\n<p>Andr\\u00e9a Nivi\\u00e8re<\\\/p>\",\"margin\":\"default\"}}]},{\"type\":\"column\",\"props\":{\"image_position\":\"center-center\",\"position_sticky_breakpoint\":\"m\",\"width_medium\":\"1-2\"},\"children\":[{\"type\":\"image\",\"props\":{\"image\":\"wp-content\\\/uploads\\\/4.jpg\",\"image_height\":400,\"image_svg_color\":\"emphasis\",\"margin\":\"default\",\"text_align\":\"center\"}}]}]}]},{\"type\":\"section\",\"props\":{\"image_position\":\"center-center\",\"style\":\"muted\",\"title_breakpoint\":\"xl\",\"title_position\":\"top-left\",\"title_rotation\":\"left\",\"vertical_align\":\"\",\"width\":\"default\"},\"children\":[{\"type\":\"row\",\"children\":[{\"type\":\"column\",\"props\":{\"image_position\":\"center-center\",\"position_sticky_breakpoint\":\"m\"},\"children\":[{\"type\":\"headline\",\"props\":{\"content\":\"Want to give \\u00d8YL a try?\",\"text_align\":\"center\",\"title_element\":\"h1\",\"title_style\":\"h2\"}},{\"type\":\"text\",\"props\":{\"column_breakpoint\":\"m\",\"content\":\"\n\n<p>Your wellness range of natural CBD products<\\\/p>\",\"margin\":\"default\",\"text_align\":\"center\",\"text_style\":\"lead\"}},{\"type\":\"button\",\"props\":{\"grid_column_gap\":\"small\",\"grid_row_gap\":\"small\",\"margin\":\"default\",\"margin_remove_bottom\":false,\"text_align\":\"center\"},\"children\":[{\"type\":\"button_item\",\"props\":{\"button_style\":\"default\",\"content\":\"\\u2192 Discover our Products\",\"dialog_layout\":\"modal\",\"dialog_offcanvas_flip\":true,\"icon_align\":\"left\",\"link\":\"en\\\/shop\\\/\"}}]}]}]}],\"name\":\"**CTA EN\"}],\"version\":\"4.5.19\"} --><\/p>\n","protected":false},"excerpt":{"rendered":"<p>Meet \u00d8YL In a society marked by the reign of speed and optimization, taking a pause for oneself is essential. In this sense, \u00d8YL was founded with the intention of democratizing access to CBD, offering a remarkable yet simple formulation based on science, ensuring it remains an accessible holistic solution. Our commitment to producing premium [&hellip;]<\/p>\n","protected":false},"author":1,"featured_media":0,"parent":0,"menu_order":0,"comment_status":"closed","ping_status":"open","template":"","meta":{"_acf_changed":false,"footnotes":""},"class_list":["post-3281","page","type-page","status-publish","hentry"],"acf":[],"yoast_head":"<!-- This site is optimized with the Yoast SEO plugin v27.4 - https:\/\/yoast.com\/product\/yoast-seo-wordpress\/ -->\n<title>About us - \u00d8YL<\/title>\n<meta name=\"robots\" content=\"index, follow, max-snippet:-1, max-image-preview:large, max-video-preview:-1\" \/>\n<link rel=\"canonical\" href=\"https:\/\/oyl-cbd.com\/en\/about\/\" \/>\n<meta property=\"og:locale\" content=\"en_US\" \/>\n<meta property=\"og:type\" content=\"article\" \/>\n<meta property=\"og:title\" content=\"About us - \u00d8YL\" \/>\n<meta property=\"og:description\" content=\"Meet \u00d8YL In a society marked by the reign of speed and optimization, taking a pause for oneself is essential. In this sense, \u00d8YL was founded with the intention of democratizing access to CBD, offering a remarkable yet simple formulation based on science, ensuring it remains an accessible holistic solution. Our commitment to producing premium [&hellip;]\" \/>\n<meta property=\"og:url\" content=\"https:\/\/oyl-cbd.com\/en\/about\/\" \/>\n<meta property=\"og:site_name\" content=\"\u00d8YL\" \/>\n<meta property=\"article:modified_time\" content=\"2025-07-09T15:47:16+00:00\" \/>\n<meta name=\"twitter:card\" content=\"summary_large_image\" \/>\n<meta name=\"twitter:label1\" content=\"Est. reading time\" \/>\n\t<meta name=\"twitter:data1\" content=\"2 minutes\" \/>\n<script type=\"application\/ld+json\" class=\"yoast-schema-graph\">{\"@context\":\"https:\\\/\\\/schema.org\",\"@graph\":[{\"@type\":\"WebPage\",\"@id\":\"https:\\\/\\\/oyl-cbd.com\\\/en\\\/about\\\/\",\"url\":\"https:\\\/\\\/oyl-cbd.com\\\/en\\\/about\\\/\",\"name\":\"About us - \u00d8YL\",\"isPartOf\":{\"@id\":\"https:\\\/\\\/oyl-cbd.com\\\/en\\\/#website\"},\"datePublished\":\"2023-07-21T16:55:33+00:00\",\"dateModified\":\"2025-07-09T15:47:16+00:00\",\"breadcrumb\":{\"@id\":\"https:\\\/\\\/oyl-cbd.com\\\/en\\\/about\\\/#breadcrumb\"},\"inLanguage\":\"en-US\",\"potentialAction\":[{\"@type\":\"ReadAction\",\"target\":[\"https:\\\/\\\/oyl-cbd.com\\\/en\\\/about\\\/\"]}]},{\"@type\":\"BreadcrumbList\",\"@id\":\"https:\\\/\\\/oyl-cbd.com\\\/en\\\/about\\\/#breadcrumb\",\"itemListElement\":[{\"@type\":\"ListItem\",\"position\":1,\"name\":\"Accueil\",\"item\":\"https:\\\/\\\/oyl-cbd.com\\\/en\\\/\"},{\"@type\":\"ListItem\",\"position\":2,\"name\":\"About us\"}]},{\"@type\":\"WebSite\",\"@id\":\"https:\\\/\\\/oyl-cbd.com\\\/en\\\/#website\",\"url\":\"https:\\\/\\\/oyl-cbd.com\\\/en\\\/\",\"name\":\"\u00d8YL\",\"description\":\"PREMIUM CBD OILS\",\"publisher\":{\"@id\":\"https:\\\/\\\/oyl-cbd.com\\\/en\\\/#organization\"},\"potentialAction\":[{\"@type\":\"SearchAction\",\"target\":{\"@type\":\"EntryPoint\",\"urlTemplate\":\"https:\\\/\\\/oyl-cbd.com\\\/en\\\/?s={search_term_string}\"},\"query-input\":{\"@type\":\"PropertyValueSpecification\",\"valueRequired\":true,\"valueName\":\"search_term_string\"}}],\"inLanguage\":\"en-US\"},{\"@type\":\"Organization\",\"@id\":\"https:\\\/\\\/oyl-cbd.com\\\/en\\\/#organization\",\"name\":\"\u00d8YL\",\"url\":\"https:\\\/\\\/oyl-cbd.com\\\/en\\\/\",\"logo\":{\"@type\":\"ImageObject\",\"inLanguage\":\"en-US\",\"@id\":\"https:\\\/\\\/oyl-cbd.com\\\/en\\\/#\\\/schema\\\/logo\\\/image\\\/\",\"url\":\"https:\\\/\\\/oyl-cbd.com\\\/wp-content\\\/uploads\\\/PHOTO-2023-01-03-09-25-37-1.jpg\",\"contentUrl\":\"https:\\\/\\\/oyl-cbd.com\\\/wp-content\\\/uploads\\\/PHOTO-2023-01-03-09-25-37-1.jpg\",\"width\":1600,\"height\":1600,\"caption\":\"\u00d8YL\"},\"image\":{\"@id\":\"https:\\\/\\\/oyl-cbd.com\\\/en\\\/#\\\/schema\\\/logo\\\/image\\\/\"}}]}<\/script>\n<!-- \/ Yoast SEO plugin. -->","yoast_head_json":{"title":"About us - \u00d8YL","robots":{"index":"index","follow":"follow","max-snippet":"max-snippet:-1","max-image-preview":"max-image-preview:large","max-video-preview":"max-video-preview:-1"},"canonical":"https:\/\/oyl-cbd.com\/en\/about\/","og_locale":"en_US","og_type":"article","og_title":"About us - \u00d8YL","og_description":"Meet \u00d8YL In a society marked by the reign of speed and optimization, taking a pause for oneself is essential. In this sense, \u00d8YL was founded with the intention of democratizing access to CBD, offering a remarkable yet simple formulation based on science, ensuring it remains an accessible holistic solution. Our commitment to producing premium [&hellip;]","og_url":"https:\/\/oyl-cbd.com\/en\/about\/","og_site_name":"\u00d8YL","article_modified_time":"2025-07-09T15:47:16+00:00","twitter_card":"summary_large_image","twitter_misc":{"Est. reading time":"2 minutes"},"schema":{"@context":"https:\/\/schema.org","@graph":[{"@type":"WebPage","@id":"https:\/\/oyl-cbd.com\/en\/about\/","url":"https:\/\/oyl-cbd.com\/en\/about\/","name":"About us - \u00d8YL","isPartOf":{"@id":"https:\/\/oyl-cbd.com\/en\/#website"},"datePublished":"2023-07-21T16:55:33+00:00","dateModified":"2025-07-09T15:47:16+00:00","breadcrumb":{"@id":"https:\/\/oyl-cbd.com\/en\/about\/#breadcrumb"},"inLanguage":"en-US","potentialAction":[{"@type":"ReadAction","target":["https:\/\/oyl-cbd.com\/en\/about\/"]}]},{"@type":"BreadcrumbList","@id":"https:\/\/oyl-cbd.com\/en\/about\/#breadcrumb","itemListElement":[{"@type":"ListItem","position":1,"name":"Accueil","item":"https:\/\/oyl-cbd.com\/en\/"},{"@type":"ListItem","position":2,"name":"About us"}]},{"@type":"WebSite","@id":"https:\/\/oyl-cbd.com\/en\/#website","url":"https:\/\/oyl-cbd.com\/en\/","name":"\u00d8YL","description":"PREMIUM CBD OILS","publisher":{"@id":"https:\/\/oyl-cbd.com\/en\/#organization"},"potentialAction":[{"@type":"SearchAction","target":{"@type":"EntryPoint","urlTemplate":"https:\/\/oyl-cbd.com\/en\/?s={search_term_string}"},"query-input":{"@type":"PropertyValueSpecification","valueRequired":true,"valueName":"search_term_string"}}],"inLanguage":"en-US"},{"@type":"Organization","@id":"https:\/\/oyl-cbd.com\/en\/#organization","name":"\u00d8YL","url":"https:\/\/oyl-cbd.com\/en\/","logo":{"@type":"ImageObject","inLanguage":"en-US","@id":"https:\/\/oyl-cbd.com\/en\/#\/schema\/logo\/image\/","url":"https:\/\/oyl-cbd.com\/wp-content\/uploads\/PHOTO-2023-01-03-09-25-37-1.jpg","contentUrl":"https:\/\/oyl-cbd.com\/wp-content\/uploads\/PHOTO-2023-01-03-09-25-37-1.jpg","width":1600,"height":1600,"caption":"\u00d8YL"},"image":{"@id":"https:\/\/oyl-cbd.com\/en\/#\/schema\/logo\/image\/"}}]}},"_links":{"self":[{"href":"https:\/\/oyl-cbd.com\/en\/wp-json\/wp\/v2\/pages\/3281","targetHints":{"allow":["GET"]}}],"collection":[{"href":"https:\/\/oyl-cbd.com\/en\/wp-json\/wp\/v2\/pages"}],"about":[{"href":"https:\/\/oyl-cbd.com\/en\/wp-json\/wp\/v2\/types\/page"}],"author":[{"embeddable":true,"href":"https:\/\/oyl-cbd.com\/en\/wp-json\/wp\/v2\/users\/1"}],"replies":[{"embeddable":true,"href":"https:\/\/oyl-cbd.com\/en\/wp-json\/wp\/v2\/comments?post=3281"}],"version-history":[{"count":132,"href":"https:\/\/oyl-cbd.com\/en\/wp-json\/wp\/v2\/pages\/3281\/revisions"}],"predecessor-version":[{"id":6379,"href":"https:\/\/oyl-cbd.com\/en\/wp-json\/wp\/v2\/pages\/3281\/revisions\/6379"}],"wp:attachment":[{"href":"https:\/\/oyl-cbd.com\/en\/wp-json\/wp\/v2\/media?parent=3281"}],"curies":[{"name":"wp","href":"https:\/\/api.w.org\/{rel}","templated":true}]}}