{"id":4024,"date":"2023-11-21T09:57:04","date_gmt":"2023-11-21T09:57:04","guid":{"rendered":"https:\/\/oyl-cbd.com\/?page_id=4024"},"modified":"2025-01-09T13:12:11","modified_gmt":"2025-01-09T13:12:11","slug":"why-choose-oyl","status":"publish","type":"page","link":"https:\/\/oyl-cbd.com\/en\/why-choose-oyl\/","title":{"rendered":"Why choose \u00d8YL?"},"content":{"rendered":"<div>Why choose \u00d8YL?<\/div>\n<div>\n<p>Our main goal when developing \u00d8YL was to arrive at a natural, clean formulation that could aid in various wellness persuits. To do so, we focused on combining the natural assets of the cannabis plant with the most advanced technology to explore its potential in stress and anxiety management, sleep quality improvement, chronic pain administration, immunity boost, and overall wellness.<\/p>\n<p>They are cultivated whilst the fresh air and pure water of the Swiss Alps, by the most skilled and experienced cultivators. After the harvesting process, we use the supercritical CO2 extraction to draw our cannabinoid, which allows us to have a pure and solvent free end product.<\/p>\n<p>Being involved in the entire process \u2013 from the seeds planted in Switzerland to packaging the oil in our laboratory based in Brussels \u2013 allows us to guarantee the highest quality and the best prices on the market. On top of that, both our carriers \u2013 MCT Coconut Oil and Hemp Seed Oil \u2013 are organic.<\/p>\n<\/div>\n<p><img decoding=\"async\" src=\"\/wp-content\/uploads\/DSC05816-1-scaled.jpg\" alt=\"\"><\/p>\n<div>Made in the EU, with conscience<\/div>\n<div>\n<p>Our company is based in Brussels, Belgium, the hearth of Europe. Our sources for raw materials are European and our production is carried locally, which allows us to manufacture the drops in smaller quantities, by demand, and in compliance with the EU regulations, while maintaining a low carbon footprint. Caring for the planet is part of our deal.<\/p>\n<\/div>\n<p>\n    <a href=\"\/en\/our-ingredients\/\">More about our Ingredients<\/a>\n<\/p>\n<p><img decoding=\"async\" src=\"\/wp-content\/uploads\/oyl-cbd-oil-nature-001.jpg\" alt=\"\"><\/p>\n<ul>\n<li>\n<div>1990<\/div>\n<p>Since<\/p>\n<\/li>\n<li>\n<div>250+<\/div>\n<p>Employees<\/p>\n<\/li>\n<li>\n<div>1500+<\/div>\n<p>Buildings<\/p>\n<\/li>\n<\/ul>\n<h1>Want to give \u00d8YL a try?<\/h1>\n<div>\n<p>Your wellness range of natural CBD products<\/p>\n<\/div>\n<p>\n    <a href=\"\/en\/shop\/\">\u2192 Discover our Products<\/a>\n<\/p>\n<p><!--more--><br \/>\n<!-- {\"type\":\"layout\",\"children\":[{\"name\":\"History\",\"type\":\"section\",\"props\":{\"animation\":\"slide-left-medium\",\"animation_delay\":false,\"image_position\":\"center-center\",\"padding\":\"large\",\"padding_remove_bottom\":true,\"padding_remove_top\":false,\"style\":\"default\",\"title_breakpoint\":\"xl\",\"title_position\":\"top-left\",\"title_rotation\":\"left\",\"vertical_align\":\"\",\"width\":\"large\"},\"children\":[{\"type\":\"row\",\"props\":{\"column_gap\":\"large\",\"divider\":false,\"layout\":\"1-2,1-2\",\"margin\":\"large\",\"margin_remove_bottom\":false,\"row_gap\":\"large\",\"vertical_align\":true},\"children\":[{\"type\":\"column\",\"props\":{\"image_position\":\"center-center\",\"position_sticky_breakpoint\":\"m\",\"vertical_align\":\"middle\",\"width_medium\":\"1-2\"},\"children\":[{\"type\":\"headline\",\"props\":{\"content\":\"Why choose \\u00d8YL?\",\"margin\":\"medium\",\"margin_remove_top\":true,\"maxwidth\":\"xlarge\",\"text_align_breakpoint\":\"m\",\"text_align_fallback\":\"center\",\"title_element\":\"div\",\"title_style\":\"h1\"}},{\"type\":\"text\",\"props\":{\"column_breakpoint\":\"l\",\"content\":\"\n\n<p>Our main goal when developing \\u00d8YL was to arrive at a natural, clean formulation that could aid in various wellness persuits. To do so, we focused on combining the natural assets of the cannabis plant with the most advanced technology to explore its potential in stress and anxiety management, sleep quality improvement, chronic pain administration, immunity boost, and overall wellness.<\\\/p>\\n\n\n<p>They are cultivated whilst the fresh air and pure water of the Swiss Alps, by the most skilled and experienced cultivators. After the harvesting process, we use the supercritical CO2 extraction to draw our cannabinoid, which allows us to have a pure and solvent free end product.<\\\/p>\\n\n\n<p>Being involved in the entire process \\u2013 from the seeds planted in Switzerland to packaging the oil in our laboratory based in Brussels \\u2013 allows us to guarantee the highest quality and the best prices on the market. On top of that, both our carriers \\u2013 MCT Coconut Oil and Hemp Seed Oil \\u2013 are organic.<\\\/p>\",\"margin\":\"default\",\"text_style\":\"lead\"}}]},{\"type\":\"column\",\"props\":{\"image_position\":\"center-center\",\"position_sticky_breakpoint\":\"m\",\"width_medium\":\"1-2\"},\"children\":[{\"type\":\"image\",\"props\":{\"image\":\"wp-content\\\/uploads\\\/DSC05816-1-scaled.jpg\",\"image_svg_color\":\"emphasis\",\"margin\":\"default\"}}]}]}]},{\"name\":\"Offices\",\"type\":\"section\",\"props\":{\"animation\":\"slide-right-medium\",\"image_effect\":\"parallax\",\"image_height\":\"680\",\"image_parallax_bgy\":\"100,100\",\"image_parallax_easing\":\"1\",\"image_position\":\"top-left\",\"image_size\":\"contain\",\"image_width\":\"2000\",\"media_visibility\":\"m\",\"padding\":\"large\",\"style\":\"default\",\"title_breakpoint\":\"xl\",\"title_position\":\"top-left\",\"title_rotation\":\"left\",\"vertical_align\":\"\",\"width\":\"large\"},\"children\":[{\"type\":\"row\",\"props\":{\"column_gap\":\"large\",\"css\":\"img {\\n    \\\/* filter: url(filters.svg#grayscale); Firefox 3.5+ *\\\/\\n      filter: gray;\\n        -webkit-filter: grayscale(1);  \\n    \\t-webkit-transition: all .8s ease-in-out; \\n    }\\n\\nimg:hover {\\n    filter: none;\\n      -webkit-filter: grayscale(0);\\n      -webkit-transition: all .8s ease-in-out;   \\n    }\\n\\n\",\"layout\":\"1-2,1-2\",\"margin\":\"xlarge\"},\"children\":[{\"type\":\"column\",\"props\":{\"image_position\":\"center-center\",\"position_sticky_breakpoint\":\"m\",\"vertical_align\":\"middle\",\"width_medium\":\"1-2\"},\"children\":[{\"type\":\"headline\",\"props\":{\"content\":\"Made in the EU, with conscience\",\"margin\":\"remove-vertical\",\"maxwidth\":\"large\",\"title_element\":\"div\",\"title_style\":\"h1\"}},{\"type\":\"text\",\"props\":{\"column_breakpoint\":\"m\",\"content\":\"\n\n<p>Our company is based in Brussels, Belgium, the hearth of Europe. Our sources for raw materials are European and our production is carried locally, which allows us to manufacture the drops in smaller quantities, by demand, and in compliance with the EU regulations, while maintaining a low carbon footprint. Caring for the planet is part of our deal.<\\\/p>\",\"margin\":\"medium\",\"text_style\":\"lead\"}},{\"type\":\"button\",\"props\":{\"fullwidth\":false,\"grid_column_gap\":\"small\",\"grid_row_gap\":\"small\",\"margin\":\"default\"},\"children\":[{\"type\":\"button_item\",\"props\":{\"button_style\":\"default\",\"content\":\"More about our Ingredients\",\"icon\":\"arrow-right\",\"icon_align\":\"left\",\"link\":\"en\\\/our-ingredients\\\/\"}}]}]},{\"type\":\"column\",\"props\":{\"image_position\":\"center-center\",\"order_first\":\"m\",\"position_sticky_breakpoint\":\"m\",\"width_medium\":\"1-2\"},\"children\":[{\"type\":\"image\",\"props\":{\"image\":\"wp-content\\\/uploads\\\/oyl-cbd-oil-nature-001.jpg\",\"image_svg_color\":\"emphasis\",\"margin\":\"default\"}}]}]}]},{\"type\":\"section\",\"props\":{\"image_position\":\"center-center\",\"style\":\"default\",\"title_breakpoint\":\"xl\",\"title_position\":\"top-left\",\"title_rotation\":\"left\",\"vertical_align\":\"\",\"width\":\"default\"},\"children\":[{\"type\":\"row\",\"children\":[{\"type\":\"column\",\"props\":{\"image_position\":\"center-center\",\"position_sticky_breakpoint\":\"m\"},\"children\":[{\"type\":\"grid\",\"props\":{\"content_column_breakpoint\":\"m\",\"filter_align\":\"left\",\"filter_all\":true,\"filter_grid_breakpoint\":\"m\",\"filter_grid_width\":\"auto\",\"filter_position\":\"top\",\"filter_style\":\"tab\",\"grid_column_gap\":\"large\",\"grid_default\":\"auto\",\"grid_medium\":\"\",\"grid_small\":\"3\",\"icon_width\":80,\"image_align\":\"top\",\"image_grid_breakpoint\":\"m\",\"image_grid_width\":\"1-2\",\"image_svg_color\":\"emphasis\",\"item_animation\":true,\"link_style\":\"default\",\"link_text\":\"Read more\",\"margin\":\"large\",\"maxwidth\":\"xlarge\",\"meta_align\":\"below-title\",\"meta_color\":\"muted\",\"meta_element\":\"div\",\"meta_margin\":\"remove\",\"meta_style\":\"\",\"parallax_easing\":\"1\",\"show_content\":true,\"show_image\":true,\"show_link\":true,\"show_meta\":true,\"show_title\":true,\"title_align\":\"top\",\"title_element\":\"div\",\"title_grid_breakpoint\":\"m\",\"title_grid_width\":\"1-2\",\"title_hover_style\":\"reset\",\"title_style\":\"h1\"},\"children\":[{\"type\":\"grid_item\",\"props\":{\"meta\":\"Since\",\"title\":\"1990\"}},{\"type\":\"grid_item\",\"props\":{\"meta\":\"Employees\",\"title\":\"250+\"}},{\"type\":\"grid_item\",\"props\":{\"meta\":\"Buildings\",\"title\":\"1500+\"}}]}]}]}]},{\"type\":\"section\",\"props\":{\"image_position\":\"center-center\",\"style\":\"muted\",\"title_breakpoint\":\"xl\",\"title_position\":\"top-left\",\"title_rotation\":\"left\",\"vertical_align\":\"\",\"width\":\"default\"},\"children\":[{\"type\":\"row\",\"children\":[{\"type\":\"column\",\"props\":{\"image_position\":\"center-center\",\"position_sticky_breakpoint\":\"m\"},\"children\":[{\"type\":\"headline\",\"props\":{\"content\":\"Want to give \\u00d8YL a try?\",\"text_align\":\"center\",\"title_element\":\"h1\",\"title_style\":\"h2\"}},{\"type\":\"text\",\"props\":{\"column_breakpoint\":\"m\",\"content\":\"\n\n<p>Your wellness range of natural CBD products<\\\/p>\",\"margin\":\"default\",\"text_align\":\"center\",\"text_style\":\"lead\"}},{\"type\":\"button\",\"props\":{\"grid_column_gap\":\"small\",\"grid_row_gap\":\"small\",\"margin\":\"default\",\"margin_remove_bottom\":false,\"text_align\":\"center\"},\"children\":[{\"type\":\"button_item\",\"props\":{\"button_style\":\"default\",\"content\":\"\\u2192 Discover our Products\",\"icon_align\":\"left\",\"link\":\"en\\\/shop\\\/\"}}]}]}]}],\"name\":\"**CTA EN\"}],\"version\":\"4.4.16\"} --><\/p>\n","protected":false},"excerpt":{"rendered":"<p>Why choose \u00d8YL? Our main goal when developing \u00d8YL was to arrive at a natural, clean formulation that could aid in various wellness persuits. To do so, we focused on combining the natural assets of the cannabis plant with the most advanced technology to explore its potential in stress and anxiety management, sleep quality improvement, [&hellip;]<\/p>\n","protected":false},"author":9,"featured_media":0,"parent":0,"menu_order":0,"comment_status":"closed","ping_status":"closed","template":"","meta":{"_acf_changed":false,"footnotes":""},"class_list":["post-4024","page","type-page","status-publish","hentry"],"acf":[],"yoast_head":"<!-- This site is optimized with the Yoast SEO plugin v27.5 - https:\/\/yoast.com\/product\/yoast-seo-wordpress\/ -->\n<title>Why choose \u00d8YL? - \u00d8YL<\/title>\n<meta name=\"robots\" content=\"index, follow, max-snippet:-1, max-image-preview:large, max-video-preview:-1\" \/>\n<link rel=\"canonical\" href=\"https:\/\/oyl-cbd.com\/en\/why-choose-oyl\/\" \/>\n<meta property=\"og:locale\" content=\"en_US\" \/>\n<meta property=\"og:type\" content=\"article\" \/>\n<meta property=\"og:title\" content=\"Why choose \u00d8YL? - \u00d8YL\" \/>\n<meta property=\"og:description\" content=\"Why choose \u00d8YL? Our main goal when developing \u00d8YL was to arrive at a natural, clean formulation that could aid in various wellness persuits. To do so, we focused on combining the natural assets of the cannabis plant with the most advanced technology to explore its potential in stress and anxiety management, sleep quality improvement, [&hellip;]\" \/>\n<meta property=\"og:url\" content=\"https:\/\/oyl-cbd.com\/en\/why-choose-oyl\/\" \/>\n<meta property=\"og:site_name\" content=\"\u00d8YL\" \/>\n<meta property=\"article:modified_time\" content=\"2025-01-09T13:12:11+00:00\" \/>\n<meta name=\"twitter:card\" content=\"summary_large_image\" \/>\n<meta name=\"twitter:label1\" content=\"Est. reading time\" \/>\n\t<meta name=\"twitter:data1\" content=\"1 minute\" \/>\n<script type=\"application\/ld+json\" class=\"yoast-schema-graph\">{\"@context\":\"https:\\\/\\\/schema.org\",\"@graph\":[{\"@type\":\"WebPage\",\"@id\":\"https:\\\/\\\/oyl-cbd.com\\\/en\\\/why-choose-oyl\\\/\",\"url\":\"https:\\\/\\\/oyl-cbd.com\\\/en\\\/why-choose-oyl\\\/\",\"name\":\"Why choose \u00d8YL? - \u00d8YL\",\"isPartOf\":{\"@id\":\"https:\\\/\\\/oyl-cbd.com\\\/en\\\/#website\"},\"datePublished\":\"2023-11-21T09:57:04+00:00\",\"dateModified\":\"2025-01-09T13:12:11+00:00\",\"breadcrumb\":{\"@id\":\"https:\\\/\\\/oyl-cbd.com\\\/en\\\/why-choose-oyl\\\/#breadcrumb\"},\"inLanguage\":\"en-US\",\"potentialAction\":[{\"@type\":\"ReadAction\",\"target\":[\"https:\\\/\\\/oyl-cbd.com\\\/en\\\/why-choose-oyl\\\/\"]}]},{\"@type\":\"BreadcrumbList\",\"@id\":\"https:\\\/\\\/oyl-cbd.com\\\/en\\\/why-choose-oyl\\\/#breadcrumb\",\"itemListElement\":[{\"@type\":\"ListItem\",\"position\":1,\"name\":\"Accueil\",\"item\":\"https:\\\/\\\/oyl-cbd.com\\\/en\\\/\"},{\"@type\":\"ListItem\",\"position\":2,\"name\":\"Why choose \u00d8YL?\"}]},{\"@type\":\"WebSite\",\"@id\":\"https:\\\/\\\/oyl-cbd.com\\\/en\\\/#website\",\"url\":\"https:\\\/\\\/oyl-cbd.com\\\/en\\\/\",\"name\":\"\u00d8YL\",\"description\":\"PREMIUM CBD OILS\",\"publisher\":{\"@id\":\"https:\\\/\\\/oyl-cbd.com\\\/en\\\/#organization\"},\"potentialAction\":[{\"@type\":\"SearchAction\",\"target\":{\"@type\":\"EntryPoint\",\"urlTemplate\":\"https:\\\/\\\/oyl-cbd.com\\\/en\\\/?s={search_term_string}\"},\"query-input\":{\"@type\":\"PropertyValueSpecification\",\"valueRequired\":true,\"valueName\":\"search_term_string\"}}],\"inLanguage\":\"en-US\"},{\"@type\":\"Organization\",\"@id\":\"https:\\\/\\\/oyl-cbd.com\\\/en\\\/#organization\",\"name\":\"\u00d8YL\",\"url\":\"https:\\\/\\\/oyl-cbd.com\\\/en\\\/\",\"logo\":{\"@type\":\"ImageObject\",\"inLanguage\":\"en-US\",\"@id\":\"https:\\\/\\\/oyl-cbd.com\\\/en\\\/#\\\/schema\\\/logo\\\/image\\\/\",\"url\":\"https:\\\/\\\/oyl-cbd.com\\\/wp-content\\\/uploads\\\/PHOTO-2023-01-03-09-25-37-1.jpg\",\"contentUrl\":\"https:\\\/\\\/oyl-cbd.com\\\/wp-content\\\/uploads\\\/PHOTO-2023-01-03-09-25-37-1.jpg\",\"width\":1600,\"height\":1600,\"caption\":\"\u00d8YL\"},\"image\":{\"@id\":\"https:\\\/\\\/oyl-cbd.com\\\/en\\\/#\\\/schema\\\/logo\\\/image\\\/\"}}]}<\/script>\n<!-- \/ Yoast SEO plugin. -->","yoast_head_json":{"title":"Why choose \u00d8YL? - \u00d8YL","robots":{"index":"index","follow":"follow","max-snippet":"max-snippet:-1","max-image-preview":"max-image-preview:large","max-video-preview":"max-video-preview:-1"},"canonical":"https:\/\/oyl-cbd.com\/en\/why-choose-oyl\/","og_locale":"en_US","og_type":"article","og_title":"Why choose \u00d8YL? - \u00d8YL","og_description":"Why choose \u00d8YL? Our main goal when developing \u00d8YL was to arrive at a natural, clean formulation that could aid in various wellness persuits. To do so, we focused on combining the natural assets of the cannabis plant with the most advanced technology to explore its potential in stress and anxiety management, sleep quality improvement, [&hellip;]","og_url":"https:\/\/oyl-cbd.com\/en\/why-choose-oyl\/","og_site_name":"\u00d8YL","article_modified_time":"2025-01-09T13:12:11+00:00","twitter_card":"summary_large_image","twitter_misc":{"Est. reading time":"1 minute"},"schema":{"@context":"https:\/\/schema.org","@graph":[{"@type":"WebPage","@id":"https:\/\/oyl-cbd.com\/en\/why-choose-oyl\/","url":"https:\/\/oyl-cbd.com\/en\/why-choose-oyl\/","name":"Why choose \u00d8YL? - \u00d8YL","isPartOf":{"@id":"https:\/\/oyl-cbd.com\/en\/#website"},"datePublished":"2023-11-21T09:57:04+00:00","dateModified":"2025-01-09T13:12:11+00:00","breadcrumb":{"@id":"https:\/\/oyl-cbd.com\/en\/why-choose-oyl\/#breadcrumb"},"inLanguage":"en-US","potentialAction":[{"@type":"ReadAction","target":["https:\/\/oyl-cbd.com\/en\/why-choose-oyl\/"]}]},{"@type":"BreadcrumbList","@id":"https:\/\/oyl-cbd.com\/en\/why-choose-oyl\/#breadcrumb","itemListElement":[{"@type":"ListItem","position":1,"name":"Accueil","item":"https:\/\/oyl-cbd.com\/en\/"},{"@type":"ListItem","position":2,"name":"Why choose \u00d8YL?"}]},{"@type":"WebSite","@id":"https:\/\/oyl-cbd.com\/en\/#website","url":"https:\/\/oyl-cbd.com\/en\/","name":"\u00d8YL","description":"PREMIUM CBD OILS","publisher":{"@id":"https:\/\/oyl-cbd.com\/en\/#organization"},"potentialAction":[{"@type":"SearchAction","target":{"@type":"EntryPoint","urlTemplate":"https:\/\/oyl-cbd.com\/en\/?s={search_term_string}"},"query-input":{"@type":"PropertyValueSpecification","valueRequired":true,"valueName":"search_term_string"}}],"inLanguage":"en-US"},{"@type":"Organization","@id":"https:\/\/oyl-cbd.com\/en\/#organization","name":"\u00d8YL","url":"https:\/\/oyl-cbd.com\/en\/","logo":{"@type":"ImageObject","inLanguage":"en-US","@id":"https:\/\/oyl-cbd.com\/en\/#\/schema\/logo\/image\/","url":"https:\/\/oyl-cbd.com\/wp-content\/uploads\/PHOTO-2023-01-03-09-25-37-1.jpg","contentUrl":"https:\/\/oyl-cbd.com\/wp-content\/uploads\/PHOTO-2023-01-03-09-25-37-1.jpg","width":1600,"height":1600,"caption":"\u00d8YL"},"image":{"@id":"https:\/\/oyl-cbd.com\/en\/#\/schema\/logo\/image\/"}}]}},"_links":{"self":[{"href":"https:\/\/oyl-cbd.com\/en\/wp-json\/wp\/v2\/pages\/4024","targetHints":{"allow":["GET"]}}],"collection":[{"href":"https:\/\/oyl-cbd.com\/en\/wp-json\/wp\/v2\/pages"}],"about":[{"href":"https:\/\/oyl-cbd.com\/en\/wp-json\/wp\/v2\/types\/page"}],"author":[{"embeddable":true,"href":"https:\/\/oyl-cbd.com\/en\/wp-json\/wp\/v2\/users\/9"}],"replies":[{"embeddable":true,"href":"https:\/\/oyl-cbd.com\/en\/wp-json\/wp\/v2\/comments?post=4024"}],"version-history":[{"count":34,"href":"https:\/\/oyl-cbd.com\/en\/wp-json\/wp\/v2\/pages\/4024\/revisions"}],"predecessor-version":[{"id":5529,"href":"https:\/\/oyl-cbd.com\/en\/wp-json\/wp\/v2\/pages\/4024\/revisions\/5529"}],"wp:attachment":[{"href":"https:\/\/oyl-cbd.com\/en\/wp-json\/wp\/v2\/media?parent=4024"}],"curies":[{"name":"wp","href":"https:\/\/api.w.org\/{rel}","templated":true}]}}