{"id":5047,"date":"2023-07-21T16:55:33","date_gmt":"2023-07-21T16:55:33","guid":{"rendered":"https:\/\/oyl-cbd.com\/?page_id=5047"},"modified":"2025-07-09T15:46:28","modified_gmt":"2025-07-09T15:46:28","slug":"a-propos","status":"publish","type":"page","link":"https:\/\/oyl-cbd.com\/fr\/a-propos\/","title":{"rendered":"A propos"},"content":{"rendered":"<h1>\n<p>A la rencontre d\u2019\u00d8YL<\/p>\n<\/h1>\n<div>\n<p>Dans une soci\u00e9t\u00e9 marqu\u00e9e par le r\u00e8gne de la vitesse et de l\u2019optimisation, prendre une pause pour sois est essentiel. Dans ce sens, \u00d8YL a \u00e9t\u00e9 fond\u00e9e avec l\u2019intention de d\u00e9mocratiser l\u2019acc\u00e8s au CBD, en proposant une formulation remarquable mais simple, bas\u00e9e sur la science, en veillant \u00e0 ce qu\u2019elle reste une solution holistique accessible. Notre engagement envers la production de produits premium et efficaces se refl\u00e8te dans nos normes rigoureuses de contr\u00f4le et nos ingr\u00e9dients de la meilleure qualit\u00e9 qu\u2019il soit.<\/p>\n<\/div>\n<p><p>\n        <a href=\"\/fr\/shop\/\">D\u00e9couvrez nos produits<\/a>\n    <\/p>\n<\/p>\n<h1>\u00d8YL + Nature<\/h1>\n<div>\n<p style=\"font-weight: 400;\">Les plantes sont cultiv\u00e9es dans l\u2019air frais et l\u2019eau pure des Alpes suisses, par les cultivateurs les plus comp\u00e9tents et les plus exp\u00e9riment\u00e9s. Apr\u00e8s la r\u00e9colte, nous utilisons l\u2019extraction supercritique au CO2 pour extraire nos huiles et autres extraits, ce qui nous permet d\u2019obtenir un produit final pur et sans solvant.\u00a0<\/p>\n<p style=\"font-weight: 400;\">Notre implication dans l\u2019ensemble du processus \u2013 depuis les graines plant\u00e9es en Suisse jusqu\u2019au conditionnement de l\u2019huile dans notre laboratoire bas\u00e9 \u00e0 Bruxelles \u2013 nous permet de garantir la meilleure qualit\u00e9 et les meilleurs prix du march\u00e9. De plus, nos deux supports \u2013 l\u2019huile de coco MCT et l\u2019huile de graines de chanvre \u2013 sont biologiques.<\/p>\n<\/div>\n<p><img decoding=\"async\" src=\"\/wp-content\/uploads\/Scene-7.png\" alt=\"\"><\/p>\n<h1>\n<p>Pourquoi choisir \u00d8YL?<\/p>\n<\/h1>\n<div>\n<p>\u00d8YL est une marque avec une histoire puissante. Notre objectif lors du d\u00e9veloppement de notre gamme \u00e9tait de cr\u00e9er des produits qui pr\u00e9servent tous les avantages naturels pr\u00e9sents dans la plante Cannabis Sativa, en maintenant sa structure naturelle, afin que nous puissions b\u00e9n\u00e9ficier pleinement de ses bienfaits dans la gestion du stress et de l\u2019anxi\u00e9t\u00e9, l\u2019am\u00e9lioration de la qualit\u00e9 du sommeil, les douleurs chroniques, le renforcement de l\u2019immunit\u00e9 et le bien-\u00eatre en g\u00e9n\u00e9ral.<\/p>\n<p>Avec cet objectif, nous avons travaill\u00e9 sans rel\u00e2che pour parvenir \u00e0 la composition parfaite \u2013 des produits avec peu d\u2019ingr\u00e9dients, bien sourc\u00e9s, facilement tra\u00e7ables et d\u2019une qualit\u00e9 optimale.<\/p>\n<\/div>\n<p><p>\n        <a href=\"\/fr\/shop\/\">Acheter nos produits<\/a>\n    <\/p>\n<\/p>\n<p><img decoding=\"async\" src=\"\/wp-content\/uploads\/oyl-cbd-hero-004-relaxation.jpg\" alt=\"\"><\/p>\n<h1>Derri\u00e8re \u00d8YL<\/h1>\n<div>\n<p style=\"font-weight: 400;\"><span>Dipl\u00f4m\u00e9e en cosm\u00e9tologie naturelle, je m&rsquo;aventure depuis 2017 dans l&rsquo;exploration des bienfaits que la nature nous offre. Comprendre ce que l\u2019on instille dans notre corps, c\u2019est se donner les moyens de se lib\u00e9rer des influences de la soci\u00e9t\u00e9 de consommation et de retrouver un v\u00e9ritable lien avec soi-m\u00eame. <\/span><span>Mon exp\u00e9rience au sein de Hierba Buena, \u00e0 Bruxelles, m\u2019a permis de me rapprocher de la nature tout en poursuivant mes recherches personnelles en cosm\u00e9tologie naturelle.<br \/><\/span><span><\/span><\/p>\n<p style=\"font-weight: 400;\"><span>Mon int\u00e9r\u00eat grandissant pour les vertus du chanvre, v\u00e9ritable tr\u00e9sor v\u00e9g\u00e9tal, m\u2019a naturellement conduite vers ST Pharma, une soci\u00e9t\u00e9 belge o\u00f9 j\u2019ai approfondi mes connaissances sur les cannabino\u00efdes. C\u2019est avec enthousiasme et confiance que je porte aujourd\u2019hui le projet \u00d8YL.<br \/><\/span><span>Mon souhait est de rendre le CBD accessible \u00e0 tous, pour que chacun puisse s&rsquo;informer, comprendre et profiter de ce puissant alli\u00e9 v\u00e9g\u00e9tal.<\/span><\/p>\n<p style=\"font-weight: 400;\"><span>\u00d8YL incarne la force de la connaissance partag\u00e9e, du travail collectif et de l\u2019engagement \u00e0 une vision commune, fruits d\u2019une passion sinc\u00e8re et d\u2019une qu\u00eate constante de bien-\u00eatre et de s\u00e9r\u00e9nit\u00e9.<\/span><\/p>\n<p>Andr\u00e9a Nivi\u00e8re<\/p>\n<\/div>\n<p><img decoding=\"async\" src=\"\/wp-content\/uploads\/4.jpg\" alt=\"\"><\/p>\n<h1>Vous voulez essayer \u00d8YL?<\/h1>\n<div>\n<p>Votre gamme bien-\u00eatre de produits naturels au CBD<\/p>\n<\/div>\n<p><p>\n        <a href=\"\/fr\/shop\/\">\u2192 D\u00e9couvrez nos produits<\/a>\n    <\/p>\n<\/p>\n<p><!--more--><br \/>\n<!-- {\"type\":\"layout\",\"children\":[{\"name\":\"Hero Home\",\"type\":\"section\",\"props\":{\"image_parallax_bgy\":\"-50,50\",\"image_parallax_easing\":\"1\",\"image_position\":\"center-center\",\"image_size\":\"cover\",\"media_overlay\":\"rgba(255, 255, 255, 0.2)\",\"media_visibility\":\"m\",\"padding\":\"large\",\"sticky\":\"cover\",\"style\":\"muted\",\"text_color\":\"dark\",\"title_breakpoint\":\"xl\",\"title_position\":\"top-left\",\"title_rotation\":\"left\",\"vertical_align\":\"\",\"width\":\"large\"},\"children\":[{\"type\":\"row\",\"children\":[{\"type\":\"column\",\"props\":{\"image_effect\":\"parallax\",\"image_parallax_bgy\":\"-110,50\",\"image_parallax_easing\":\"1\",\"image_position\":\"center-center\",\"image_width\":\"400\",\"position_sticky_breakpoint\":\"m\",\"vertical_align\":\"middle\",\"width_medium\":\"1-2\"}},{\"type\":\"column\",\"props\":{\"image_position\":\"center-center\",\"position_sticky_breakpoint\":\"m\",\"width_medium\":\"1-2\"},\"children\":[{\"type\":\"headline\",\"props\":{\"block_align\":\"center\",\"content\":\"\n\n<p>A la rencontre d\\u2019\\u00d8YL<\\\/p>\",\"title_element\":\"h1\",\"title_style\":\"h3\"}},{\"type\":\"text\",\"props\":{\"column_breakpoint\":\"m\",\"content\":\"\n\n<p>Dans une soci\\u00e9t\\u00e9 marqu\\u00e9e par le r\\u00e8gne de la vitesse et de l\\u2019optimisation, prendre une pause pour sois est essentiel. Dans ce sens, \\u00d8YL a \\u00e9t\\u00e9 fond\\u00e9e avec l\\u2019intention de d\\u00e9mocratiser l\\u2019acc\\u00e8s au CBD, en proposant une formulation remarquable mais simple, bas\\u00e9e sur la science, en veillant \\u00e0 ce qu\\u2019elle reste une solution holistique accessible. Notre engagement envers la production de produits premium et efficaces se refl\\u00e8te dans nos normes rigoureuses de contr\\u00f4le et nos ingr\\u00e9dients de la meilleure qualit\\u00e9 qu\\u2019il soit.<\\\/p>\",\"margin\":\"default\",\"maxwidth\":\"xlarge\"}},{\"type\":\"button\",\"props\":{\"button_size\":\"small\",\"grid_column_gap\":\"small\",\"grid_row_gap\":\"small\",\"margin\":\"large\",\"margin_remove_bottom\":true,\"text_align\":\"left\"},\"children\":[{\"type\":\"button_item\",\"props\":{\"button_style\":\"primary\",\"content\":\"D\\u00e9couvrez nos produits\",\"dialog_layout\":\"modal\",\"dialog_offcanvas_flip\":true,\"icon\":\"arrow-right\",\"icon_align\":\"left\",\"link\":\"fr\\\/shop\\\/\"}}]}]}],\"props\":{\"alignment\":\"center\",\"layout\":\"1-2,1-2\",\"padding_remove_horizontal\":false}}]},{\"type\":\"section\",\"props\":{\"css\":\"img {border-radius: 15px;}\\nimg {\\n    \\\/* filter: url(filters.svg#grayscale); Firefox 3.5+ *\\\/\\n      filter: gray;\\n        -webkit-filter: grayscale(1);  \\n    \\t-webkit-transition: all .8s ease-in-out; \\n    }\\n\\nimg:hover {\\n    filter: none;\\n      -webkit-filter: grayscale(0);\\n      -webkit-transition: all .8s ease-in-out;   \\n    }\\n\",\"image_position\":\"center-center\",\"padding_remove_top\":false,\"style\":\"default\",\"title_breakpoint\":\"xl\",\"title_position\":\"top-left\",\"title_rotation\":\"left\",\"vertical_align\":\"\",\"width\":\"default\"},\"children\":[{\"type\":\"row\",\"props\":{\"column_gap\":\"large\",\"layout\":\"1-2,1-2\",\"margin\":\"large\"},\"children\":[{\"type\":\"column\",\"props\":{\"image_position\":\"center-center\",\"position_sticky_breakpoint\":\"m\",\"vertical_align\":\"middle\",\"width_medium\":\"1-2\"},\"children\":[{\"type\":\"headline\",\"props\":{\"content\":\"\\u00d8YL + Nature\",\"title_element\":\"h1\",\"title_style\":\"h3\"}},{\"type\":\"text\",\"props\":{\"column_breakpoint\":\"m\",\"content\":\"\n\n<p style=\\\"font-weight: 400;\\\">Les plantes sont cultiv\\u00e9es dans l\\u2019air frais et l\\u2019eau pure des Alpes suisses, par les cultivateurs les plus comp\\u00e9tents et les plus exp\\u00e9riment\\u00e9s. Apr\\u00e8s la r\\u00e9colte, nous utilisons l\\u2019extraction supercritique au CO2 pour extraire nos huiles et autres extraits, ce qui nous permet d\\u2019obtenir un produit final pur et sans solvant.\\u00a0<\\\/p>\\n\n\n<p style=\\\"font-weight: 400;\\\">Notre implication dans l\\u2019ensemble du processus \\u2013 depuis les graines plant\\u00e9es en Suisse jusqu\\u2019au conditionnement de l\\u2019huile dans notre laboratoire bas\\u00e9 \\u00e0 Bruxelles \\u2013 nous permet de garantir la meilleure qualit\\u00e9 et les meilleurs prix du march\\u00e9. De plus, nos deux supports \\u2013 l\\u2019huile de coco MCT et l\\u2019huile de graines de chanvre \\u2013 sont biologiques.<\\\/p>\",\"margin\":\"default\"}}]},{\"type\":\"column\",\"props\":{\"image_position\":\"center-center\",\"position_sticky_breakpoint\":\"m\",\"width_medium\":\"1-2\"},\"children\":[{\"type\":\"image\",\"props\":{\"image\":\"wp-content\\\/uploads\\\/Scene-7.png\",\"image_svg_color\":\"emphasis\",\"margin\":\"default\"}}]}]},{\"type\":\"row\",\"props\":{\"column_gap\":\"large\",\"layout\":\"1-2,1-2\",\"margin\":\"xlarge\"},\"children\":[{\"type\":\"column\",\"props\":{\"image_position\":\"center-center\",\"position_sticky_breakpoint\":\"m\",\"vertical_align\":\"middle\",\"width_medium\":\"1-2\"},\"children\":[{\"type\":\"headline\",\"props\":{\"content\":\"\n\n<p>Pourquoi choisir \\u00d8YL?<\\\/p>\",\"title_element\":\"h1\",\"title_style\":\"h3\"}},{\"type\":\"text\",\"props\":{\"column_breakpoint\":\"m\",\"content\":\"\n\n<p>\\u00d8YL est une marque avec une histoire puissante. Notre objectif lors du d\\u00e9veloppement de notre gamme \\u00e9tait de cr\\u00e9er des produits qui pr\\u00e9servent tous les avantages naturels pr\\u00e9sents dans la plante Cannabis Sativa, en maintenant sa structure naturelle, afin que nous puissions b\\u00e9n\\u00e9ficier pleinement de ses bienfaits dans la gestion du stress et de l\\u2019anxi\\u00e9t\\u00e9, l\\u2019am\\u00e9lioration de la qualit\\u00e9 du sommeil, les douleurs chroniques, le renforcement de l\\u2019immunit\\u00e9 et le bien-\\u00eatre en g\\u00e9n\\u00e9ral.<\\\/p>\\n\n\n<p>Avec cet objectif, nous avons travaill\\u00e9 sans rel\\u00e2che pour parvenir \\u00e0 la composition parfaite \\u2013 des produits avec peu d\\u2019ingr\\u00e9dients, bien sourc\\u00e9s, facilement tra\\u00e7ables et d\\u2019une qualit\\u00e9 optimale.<\\\/p>\",\"margin\":\"default\"}},{\"type\":\"button\",\"props\":{\"button_size\":\"small\",\"grid_column_gap\":\"small\",\"grid_row_gap\":\"small\",\"margin\":\"large\",\"margin_remove_bottom\":true,\"text_align\":\"left\",\"text_align_fallback\":\"left\"},\"children\":[{\"type\":\"button_item\",\"props\":{\"button_style\":\"primary\",\"content\":\"Acheter nos produits\",\"dialog_layout\":\"modal\",\"dialog_offcanvas_flip\":true,\"icon\":\"arrow-right\",\"icon_align\":\"left\",\"link\":\"fr\\\/shop\\\/\"}}]}]},{\"type\":\"column\",\"props\":{\"image_position\":\"center-center\",\"order_first\":\"m\",\"position_sticky_breakpoint\":\"m\",\"width_medium\":\"1-2\"},\"children\":[{\"type\":\"image\",\"props\":{\"image\":\"wp-content\\\/uploads\\\/oyl-cbd-hero-004-relaxation.jpg\",\"image_svg_color\":\"emphasis\",\"margin\":\"default\"}}]}]},{\"type\":\"row\",\"props\":{\"column_gap\":\"large\",\"css\":\"\\n\",\"layout\":\"1-2,1-2\",\"margin\":\"large\"},\"children\":[{\"type\":\"column\",\"props\":{\"image_position\":\"center-center\",\"position_sticky_breakpoint\":\"m\",\"vertical_align\":\"middle\",\"width_medium\":\"1-2\"},\"children\":[{\"type\":\"headline\",\"props\":{\"content\":\"Derri\\u00e8re \\u00d8YL\",\"title_element\":\"h1\",\"title_style\":\"h3\"}},{\"type\":\"text\",\"props\":{\"column_breakpoint\":\"m\",\"content\":\"\n\n<p style=\\\"font-weight: 400;\\\"><span>Dipl\\u00f4m\\u00e9e en cosm\\u00e9tologie naturelle, je m'aventure depuis 2017 dans l'exploration des bienfaits que la nature nous offre. Comprendre ce que l\\u2019on instille dans notre corps, c\\u2019est se donner les moyens de se lib\\u00e9rer des influences de la soci\\u00e9t\\u00e9 de consommation et de retrouver un v\\u00e9ritable lien avec soi-m\\u00eame. <\\\/span><span>Mon exp\\u00e9rience au sein de Hierba Buena, \\u00e0 Bruxelles, m\\u2019a permis de me rapprocher de la nature tout en poursuivant mes recherches personnelles en cosm\\u00e9tologie naturelle.<br \\\/><\\\/span><span><\\\/span><\\\/p>\\n\n\n<p style=\\\"font-weight: 400;\\\"><span>Mon int\\u00e9r\\u00eat grandissant pour les vertus du chanvre, v\\u00e9ritable tr\\u00e9sor v\\u00e9g\\u00e9tal, m\\u2019a naturellement conduite vers ST Pharma, une soci\\u00e9t\\u00e9 belge o\\u00f9 j\\u2019ai approfondi mes connaissances sur les cannabino\\u00efdes. C\\u2019est avec enthousiasme et confiance que je porte aujourd\\u2019hui le projet \\u00d8YL.<br \\\/><\\\/span><span>Mon souhait est de rendre le CBD accessible \\u00e0 tous, pour que chacun puisse s'informer, comprendre et profiter de ce puissant alli\\u00e9 v\\u00e9g\\u00e9tal.<\\\/span><\\\/p>\\n\n\n<p style=\\\"font-weight: 400;\\\"><span>\\u00d8YL incarne la force de la connaissance partag\\u00e9e, du travail collectif et de l\\u2019engagement \\u00e0 une vision commune, fruits d\\u2019une passion sinc\\u00e8re et d\\u2019une qu\\u00eate constante de bien-\\u00eatre et de s\\u00e9r\\u00e9nit\\u00e9.<\\\/span><\\\/p>\\n\n\n<p>Andr\\u00e9a Nivi\\u00e8re<\\\/p>\",\"margin\":\"default\"}}]},{\"type\":\"column\",\"props\":{\"image_position\":\"center-center\",\"position_sticky_breakpoint\":\"m\",\"width_medium\":\"1-2\"},\"children\":[{\"type\":\"image\",\"props\":{\"image\":\"wp-content\\\/uploads\\\/4.jpg\",\"image_height\":400,\"image_svg_color\":\"emphasis\",\"margin\":\"default\",\"text_align\":\"center\"}}]}]}]},{\"type\":\"section\",\"props\":{\"image_position\":\"center-center\",\"style\":\"muted\",\"title_breakpoint\":\"xl\",\"title_position\":\"top-left\",\"title_rotation\":\"left\",\"vertical_align\":\"\",\"width\":\"default\"},\"children\":[{\"type\":\"row\",\"children\":[{\"type\":\"column\",\"props\":{\"image_position\":\"center-center\",\"position_sticky_breakpoint\":\"m\"},\"children\":[{\"type\":\"headline\",\"props\":{\"content\":\"Vous voulez essayer \\u00d8YL?\",\"text_align\":\"center\",\"title_element\":\"h1\",\"title_style\":\"h3\"}},{\"type\":\"text\",\"props\":{\"column_breakpoint\":\"m\",\"content\":\"\n\n<p>Votre gamme bien-\\u00eatre de produits naturels au CBD<\\\/p>\",\"margin\":\"default\",\"text_align\":\"center\"}},{\"type\":\"button\",\"props\":{\"button_size\":\"small\",\"grid_column_gap\":\"small\",\"grid_row_gap\":\"small\",\"margin\":\"default\",\"margin_remove_bottom\":false,\"text_align\":\"center\"},\"children\":[{\"type\":\"button_item\",\"props\":{\"button_style\":\"default\",\"content\":\"\\u2192 D\\u00e9couvrez nos produits\",\"dialog_layout\":\"modal\",\"dialog_offcanvas_flip\":true,\"icon_align\":\"left\",\"link\":\"fr\\\/shop\\\/\"}}]}]}]}],\"name\":\"**CTA FR\"}],\"version\":\"4.5.19\"} --><\/p>\n","protected":false},"excerpt":{"rendered":"<p>A la rencontre d\u2019\u00d8YL Dans une soci\u00e9t\u00e9 marqu\u00e9e par le r\u00e8gne de la vitesse et de l\u2019optimisation, prendre une pause pour sois est essentiel. Dans ce sens, \u00d8YL a \u00e9t\u00e9 fond\u00e9e avec l\u2019intention de d\u00e9mocratiser l\u2019acc\u00e8s au CBD, en proposant une formulation remarquable mais simple, bas\u00e9e sur la science, en veillant \u00e0 ce qu\u2019elle reste [&hellip;]<\/p>\n","protected":false},"author":1,"featured_media":0,"parent":0,"menu_order":0,"comment_status":"closed","ping_status":"open","template":"","meta":{"_acf_changed":false,"footnotes":""},"class_list":["post-5047","page","type-page","status-publish","hentry"],"acf":[],"yoast_head":"<!-- This site is optimized with the Yoast SEO plugin v27.4 - https:\/\/yoast.com\/product\/yoast-seo-wordpress\/ -->\n<title>A propos - \u00d8YL<\/title>\n<meta name=\"robots\" content=\"index, follow, max-snippet:-1, max-image-preview:large, max-video-preview:-1\" \/>\n<link rel=\"canonical\" href=\"https:\/\/oyl-cbd.com\/fr\/a-propos\/\" \/>\n<meta property=\"og:locale\" content=\"fr_FR\" \/>\n<meta property=\"og:type\" content=\"article\" \/>\n<meta property=\"og:title\" content=\"A propos - \u00d8YL\" \/>\n<meta property=\"og:description\" content=\"A la rencontre d\u2019\u00d8YL Dans une soci\u00e9t\u00e9 marqu\u00e9e par le r\u00e8gne de la vitesse et de l\u2019optimisation, prendre une pause pour sois est essentiel. Dans ce sens, \u00d8YL a \u00e9t\u00e9 fond\u00e9e avec l\u2019intention de d\u00e9mocratiser l\u2019acc\u00e8s au CBD, en proposant une formulation remarquable mais simple, bas\u00e9e sur la science, en veillant \u00e0 ce qu\u2019elle reste [&hellip;]\" \/>\n<meta property=\"og:url\" content=\"https:\/\/oyl-cbd.com\/fr\/a-propos\/\" \/>\n<meta property=\"og:site_name\" content=\"\u00d8YL\" \/>\n<meta property=\"article:modified_time\" content=\"2025-07-09T15:46:28+00:00\" \/>\n<meta name=\"twitter:card\" content=\"summary_large_image\" \/>\n<meta name=\"twitter:label1\" content=\"Dur\u00e9e de lecture estim\u00e9e\" \/>\n\t<meta name=\"twitter:data1\" content=\"3 minutes\" \/>\n<script type=\"application\/ld+json\" class=\"yoast-schema-graph\">{\"@context\":\"https:\\\/\\\/schema.org\",\"@graph\":[{\"@type\":\"WebPage\",\"@id\":\"https:\\\/\\\/oyl-cbd.com\\\/fr\\\/a-propos\\\/\",\"url\":\"https:\\\/\\\/oyl-cbd.com\\\/fr\\\/a-propos\\\/\",\"name\":\"A propos - \u00d8YL\",\"isPartOf\":{\"@id\":\"https:\\\/\\\/oyl-cbd.com\\\/fr\\\/#website\"},\"datePublished\":\"2023-07-21T16:55:33+00:00\",\"dateModified\":\"2025-07-09T15:46:28+00:00\",\"breadcrumb\":{\"@id\":\"https:\\\/\\\/oyl-cbd.com\\\/fr\\\/a-propos\\\/#breadcrumb\"},\"inLanguage\":\"fr-FR\",\"potentialAction\":[{\"@type\":\"ReadAction\",\"target\":[\"https:\\\/\\\/oyl-cbd.com\\\/fr\\\/a-propos\\\/\"]}]},{\"@type\":\"BreadcrumbList\",\"@id\":\"https:\\\/\\\/oyl-cbd.com\\\/fr\\\/a-propos\\\/#breadcrumb\",\"itemListElement\":[{\"@type\":\"ListItem\",\"position\":1,\"name\":\"Accueil\",\"item\":\"https:\\\/\\\/oyl-cbd.com\\\/fr\\\/\"},{\"@type\":\"ListItem\",\"position\":2,\"name\":\"A propos\"}]},{\"@type\":\"WebSite\",\"@id\":\"https:\\\/\\\/oyl-cbd.com\\\/fr\\\/#website\",\"url\":\"https:\\\/\\\/oyl-cbd.com\\\/fr\\\/\",\"name\":\"\u00d8YL\",\"description\":\"soins \u00e0 base de CBD\",\"publisher\":{\"@id\":\"https:\\\/\\\/oyl-cbd.com\\\/fr\\\/#organization\"},\"potentialAction\":[{\"@type\":\"SearchAction\",\"target\":{\"@type\":\"EntryPoint\",\"urlTemplate\":\"https:\\\/\\\/oyl-cbd.com\\\/fr\\\/?s={search_term_string}\"},\"query-input\":{\"@type\":\"PropertyValueSpecification\",\"valueRequired\":true,\"valueName\":\"search_term_string\"}}],\"inLanguage\":\"fr-FR\"},{\"@type\":\"Organization\",\"@id\":\"https:\\\/\\\/oyl-cbd.com\\\/fr\\\/#organization\",\"name\":\"\u00d8YL\",\"url\":\"https:\\\/\\\/oyl-cbd.com\\\/fr\\\/\",\"logo\":{\"@type\":\"ImageObject\",\"inLanguage\":\"fr-FR\",\"@id\":\"https:\\\/\\\/oyl-cbd.com\\\/fr\\\/#\\\/schema\\\/logo\\\/image\\\/\",\"url\":\"https:\\\/\\\/oyl-cbd.com\\\/wp-content\\\/uploads\\\/PHOTO-2023-01-03-09-25-37-1.jpg\",\"contentUrl\":\"https:\\\/\\\/oyl-cbd.com\\\/wp-content\\\/uploads\\\/PHOTO-2023-01-03-09-25-37-1.jpg\",\"width\":1600,\"height\":1600,\"caption\":\"\u00d8YL\"},\"image\":{\"@id\":\"https:\\\/\\\/oyl-cbd.com\\\/fr\\\/#\\\/schema\\\/logo\\\/image\\\/\"}}]}<\/script>\n<!-- \/ Yoast SEO plugin. -->","yoast_head_json":{"title":"A propos - \u00d8YL","robots":{"index":"index","follow":"follow","max-snippet":"max-snippet:-1","max-image-preview":"max-image-preview:large","max-video-preview":"max-video-preview:-1"},"canonical":"https:\/\/oyl-cbd.com\/fr\/a-propos\/","og_locale":"fr_FR","og_type":"article","og_title":"A propos - \u00d8YL","og_description":"A la rencontre d\u2019\u00d8YL Dans une soci\u00e9t\u00e9 marqu\u00e9e par le r\u00e8gne de la vitesse et de l\u2019optimisation, prendre une pause pour sois est essentiel. Dans ce sens, \u00d8YL a \u00e9t\u00e9 fond\u00e9e avec l\u2019intention de d\u00e9mocratiser l\u2019acc\u00e8s au CBD, en proposant une formulation remarquable mais simple, bas\u00e9e sur la science, en veillant \u00e0 ce qu\u2019elle reste [&hellip;]","og_url":"https:\/\/oyl-cbd.com\/fr\/a-propos\/","og_site_name":"\u00d8YL","article_modified_time":"2025-07-09T15:46:28+00:00","twitter_card":"summary_large_image","twitter_misc":{"Dur\u00e9e de lecture estim\u00e9e":"3 minutes"},"schema":{"@context":"https:\/\/schema.org","@graph":[{"@type":"WebPage","@id":"https:\/\/oyl-cbd.com\/fr\/a-propos\/","url":"https:\/\/oyl-cbd.com\/fr\/a-propos\/","name":"A propos - \u00d8YL","isPartOf":{"@id":"https:\/\/oyl-cbd.com\/fr\/#website"},"datePublished":"2023-07-21T16:55:33+00:00","dateModified":"2025-07-09T15:46:28+00:00","breadcrumb":{"@id":"https:\/\/oyl-cbd.com\/fr\/a-propos\/#breadcrumb"},"inLanguage":"fr-FR","potentialAction":[{"@type":"ReadAction","target":["https:\/\/oyl-cbd.com\/fr\/a-propos\/"]}]},{"@type":"BreadcrumbList","@id":"https:\/\/oyl-cbd.com\/fr\/a-propos\/#breadcrumb","itemListElement":[{"@type":"ListItem","position":1,"name":"Accueil","item":"https:\/\/oyl-cbd.com\/fr\/"},{"@type":"ListItem","position":2,"name":"A propos"}]},{"@type":"WebSite","@id":"https:\/\/oyl-cbd.com\/fr\/#website","url":"https:\/\/oyl-cbd.com\/fr\/","name":"\u00d8YL","description":"soins \u00e0 base de CBD","publisher":{"@id":"https:\/\/oyl-cbd.com\/fr\/#organization"},"potentialAction":[{"@type":"SearchAction","target":{"@type":"EntryPoint","urlTemplate":"https:\/\/oyl-cbd.com\/fr\/?s={search_term_string}"},"query-input":{"@type":"PropertyValueSpecification","valueRequired":true,"valueName":"search_term_string"}}],"inLanguage":"fr-FR"},{"@type":"Organization","@id":"https:\/\/oyl-cbd.com\/fr\/#organization","name":"\u00d8YL","url":"https:\/\/oyl-cbd.com\/fr\/","logo":{"@type":"ImageObject","inLanguage":"fr-FR","@id":"https:\/\/oyl-cbd.com\/fr\/#\/schema\/logo\/image\/","url":"https:\/\/oyl-cbd.com\/wp-content\/uploads\/PHOTO-2023-01-03-09-25-37-1.jpg","contentUrl":"https:\/\/oyl-cbd.com\/wp-content\/uploads\/PHOTO-2023-01-03-09-25-37-1.jpg","width":1600,"height":1600,"caption":"\u00d8YL"},"image":{"@id":"https:\/\/oyl-cbd.com\/fr\/#\/schema\/logo\/image\/"}}]}},"_links":{"self":[{"href":"https:\/\/oyl-cbd.com\/fr\/wp-json\/wp\/v2\/pages\/5047","targetHints":{"allow":["GET"]}}],"collection":[{"href":"https:\/\/oyl-cbd.com\/fr\/wp-json\/wp\/v2\/pages"}],"about":[{"href":"https:\/\/oyl-cbd.com\/fr\/wp-json\/wp\/v2\/types\/page"}],"author":[{"embeddable":true,"href":"https:\/\/oyl-cbd.com\/fr\/wp-json\/wp\/v2\/users\/1"}],"replies":[{"embeddable":true,"href":"https:\/\/oyl-cbd.com\/fr\/wp-json\/wp\/v2\/comments?post=5047"}],"version-history":[{"count":33,"href":"https:\/\/oyl-cbd.com\/fr\/wp-json\/wp\/v2\/pages\/5047\/revisions"}],"predecessor-version":[{"id":6378,"href":"https:\/\/oyl-cbd.com\/fr\/wp-json\/wp\/v2\/pages\/5047\/revisions\/6378"}],"wp:attachment":[{"href":"https:\/\/oyl-cbd.com\/fr\/wp-json\/wp\/v2\/media?parent=5047"}],"curies":[{"name":"wp","href":"https:\/\/api.w.org\/{rel}","templated":true}]}}