{"id":5050,"date":"2023-11-21T09:57:04","date_gmt":"2023-11-21T09:57:04","guid":{"rendered":"https:\/\/oyl-cbd.com\/?page_id=5050"},"modified":"2025-01-09T13:01:39","modified_gmt":"2025-01-09T13:01:39","slug":"pourquoi-choisir-oyl","status":"publish","type":"page","link":"https:\/\/oyl-cbd.com\/fr\/pourquoi-choisir-oyl\/","title":{"rendered":"Pourquoi choisir \u00d8YL?"},"content":{"rendered":"<div>Pourquoi choisir \u00d8YL?<\/div>\n<div>\n<p>Notre objectif principal lors du d\u00e9veloppement d&rsquo;\u00d8YL \u00e9tait de parvenir \u00e0 une formulation naturelle et propre qui pourrait contribuer \u00e0 diverses formes de bien-\u00eatre. Pour ce faire, nous nous sommes attach\u00e9s \u00e0 combiner les atouts naturels de la plante de cannabis avec la technologie la plus avanc\u00e9e afin d&rsquo;explorer son potentiel dans la gestion du stress et de l&rsquo;anxi\u00e9t\u00e9, l&rsquo;am\u00e9lioration de la qualit\u00e9 du sommeil, l&rsquo;administration des douleurs chroniques, le renforcement de l&rsquo;immunit\u00e9 et le bien-\u00eatre en g\u00e9n\u00e9ral.<\/p>\n<p>Les plantes sont cultiv\u00e9es dans l&rsquo;air frais et l&rsquo;eau pure des Alpes suisses, par les cultivateurs les plus comp\u00e9tents et les plus exp\u00e9riment\u00e9s. Apr\u00e8s la r\u00e9colte, nous utilisons l&rsquo;extraction supercritique au CO2 pour extraire nos huiles et autres extraits, ce qui nous permet d&rsquo;obtenir un produit final pur et sans solvant.<\/p>\n<p>Notre implication dans l&rsquo;ensemble du processus &#8211; depuis les graines plant\u00e9es en Suisse jusqu&rsquo;au conditionnement de l&rsquo;huile dans notre laboratoire bas\u00e9 \u00e0 Bruxelles &#8211; nous permet de garantir la meilleure qualit\u00e9 et les meilleurs prix du march\u00e9. De plus, nos deux supports &#8211; l&rsquo;huile de coco MCT et l&rsquo;huile de graines de chanvre &#8211; sont biologiques.<\/p>\n<\/div>\n<ul>\n<li>\n<p>        <img decoding=\"async\" src=\"\/wp-content\/uploads\/OYL-Mockup-V2-Sleep00.png\" alt=\"\"><\/p>\n<h3>\u00d8YL-Mockup-V2-Sleep+00<\/h3>\n<\/li>\n<li>\n<p>        <img decoding=\"async\" src=\"\/wp-content\/uploads\/OYL-Mockup-V2-Sleep-00.png\" alt=\"\"><\/p>\n<h3>\u00d8YL-Mockup-V2-Sleep-00<\/h3>\n<\/li>\n<li>\n<p>        <img decoding=\"async\" src=\"\/wp-content\/uploads\/OYL-Mockup-V2-Isolate-5-00.png\" alt=\"\"><\/p>\n<h3>\u00d8YL-Mockup-V2-Isolate-5%-00<\/h3>\n<\/li>\n<li>\n<p>        <img decoding=\"async\" src=\"\/wp-content\/uploads\/OYL-Mockup-V2-FullSpectrum-5-00.png\" alt=\"\"><\/p>\n<h3>\u00d8YL-Mockup-V2-FullSpectrum-5%-00<\/h3>\n<\/li>\n<li>\n<p>        <img decoding=\"async\" src=\"\/wp-content\/uploads\/OYL-Mockup-V2-BroadSpectrum-5-00.png\" alt=\"\"><\/p>\n<h3>\u00d8YL-Mockup-V2-BroadSpectrum-5%-00<\/h3>\n<\/li>\n<\/ul>\n<div>Fabriqu\u00e9 dans l&rsquo;UE, avec conscience<\/div>\n<div>\n<p>Notre entreprise est bas\u00e9e \u00e0 Bruxelles, en Belgique, au c\u0153ur de l&rsquo;Europe. Nos sources de mati\u00e8res premi\u00e8res sont europ\u00e9ennes et notre production est assur\u00e9e localement, ce qui nous permet de fabriquer les gouttes en plus petites quantit\u00e9s, en fonction de la demande, et dans le respect des r\u00e9glementations de l&rsquo;UE, tout en maintenant une faible empreinte carbone. Prendre soin de la plan\u00e8te fait partie de notre mission.<\/p>\n<\/div>\n<p>\n    <a href=\"\/fr\/nos-ingredients\/\">En savoir + sur nos Ingr\u00e9dients<\/a>\n<\/p>\n<p><img decoding=\"async\" src=\"\/wp-content\/uploads\/oyl-cbd-oil-nature-001.jpg\" alt=\"\"><\/p>\n<h1>Vous voulez essayer \u00d8YL?<\/h1>\n<div>\n<p>Votre gamme bien-\u00eatre de produits naturels au CBD<\/p>\n<\/div>\n<p>\n    <a href=\"\/fr\/shop\/\">\u2192 D\u00e9couvrez nos produits<\/a>\n<\/p>\n<p><!--more--><br \/>\n<!-- {\"type\":\"layout\",\"children\":[{\"name\":\"History\",\"type\":\"section\",\"props\":{\"animation\":\"slide-left-medium\",\"animation_delay\":false,\"image_position\":\"center-center\",\"padding\":\"large\",\"padding_remove_bottom\":true,\"padding_remove_top\":false,\"style\":\"default\",\"title_breakpoint\":\"xl\",\"title_position\":\"top-left\",\"title_rotation\":\"left\",\"vertical_align\":\"\",\"width\":\"large\"},\"children\":[{\"type\":\"row\",\"props\":{\"column_gap\":\"large\",\"divider\":false,\"layout\":\"1-2,1-2\",\"margin\":\"large\",\"margin_remove_bottom\":false,\"row_gap\":\"large\",\"vertical_align\":true},\"children\":[{\"type\":\"column\",\"props\":{\"image_position\":\"center-center\",\"position_sticky_breakpoint\":\"m\",\"vertical_align\":\"middle\",\"width_medium\":\"1-2\"},\"children\":[{\"type\":\"headline\",\"props\":{\"content\":\"Pourquoi choisir \\u00d8YL?\",\"margin\":\"medium\",\"margin_remove_top\":true,\"maxwidth\":\"xlarge\",\"text_align_breakpoint\":\"m\",\"text_align_fallback\":\"center\",\"title_element\":\"div\",\"title_style\":\"h1\"}},{\"type\":\"text\",\"props\":{\"column_breakpoint\":\"l\",\"content\":\"\n\n<p>Notre objectif principal lors du d\\u00e9veloppement d'\\u00d8YL \\u00e9tait de parvenir \\u00e0 une formulation naturelle et propre qui pourrait contribuer \\u00e0 diverses formes de bien-\\u00eatre. Pour ce faire, nous nous sommes attach\\u00e9s \\u00e0 combiner les atouts naturels de la plante de cannabis avec la technologie la plus avanc\\u00e9e afin d'explorer son potentiel dans la gestion du stress et de l'anxi\\u00e9t\\u00e9, l'am\\u00e9lioration de la qualit\\u00e9 du sommeil, l'administration des douleurs chroniques, le renforcement de l'immunit\\u00e9 et le bien-\\u00eatre en g\\u00e9n\\u00e9ral.<\\\/p>\\n\n\n<p>Les plantes sont cultiv\\u00e9es dans l'air frais et l'eau pure des Alpes suisses, par les cultivateurs les plus comp\\u00e9tents et les plus exp\\u00e9riment\\u00e9s. Apr\\u00e8s la r\\u00e9colte, nous utilisons l'extraction supercritique au CO2 pour extraire nos huiles et autres extraits, ce qui nous permet d'obtenir un produit final pur et sans solvant.<\\\/p>\\n\n\n<p>Notre implication dans l'ensemble du processus - depuis les graines plant\\u00e9es en Suisse jusqu'au conditionnement de l'huile dans notre laboratoire bas\\u00e9 \\u00e0 Bruxelles - nous permet de garantir la meilleure qualit\\u00e9 et les meilleurs prix du march\\u00e9. De plus, nos deux supports - l'huile de coco MCT et l'huile de graines de chanvre - sont biologiques.<\\\/p>\",\"margin\":\"default\",\"text_style\":\"lead\"}}]},{\"type\":\"column\",\"props\":{\"image_position\":\"center-center\",\"position_sticky_breakpoint\":\"m\",\"width_medium\":\"1-2\"},\"children\":[{\"type\":\"slideshow\",\"props\":{\"block_align\":\"center\",\"link_style\":\"default\",\"link_text\":\"Read more\",\"margin\":\"default\",\"maxwidth\":\"xlarge\",\"meta_align\":\"below-title\",\"meta_element\":\"div\",\"meta_style\":\"text-meta\",\"nav\":\"\",\"nav_align\":\"center\",\"nav_breakpoint\":\"s\",\"nav_position\":\"bottom-center\",\"nav_position_margin\":\"medium\",\"overlay_animation\":\"parallax\",\"overlay_position\":\"center-left\",\"show_content\":false,\"show_link\":false,\"show_meta\":false,\"show_thumbnail\":false,\"show_title\":false,\"slidenav\":\"\",\"slidenav_breakpoint\":\"s\",\"slidenav_margin\":\"medium\",\"slidenav_outside_breakpoint\":\"xl\",\"slideshow_animation\":\"fade\",\"slideshow_autoplay\":true,\"slideshow_autoplay_interval\":\"3\",\"slideshow_autoplay_pause\":true,\"slideshow_min_height\":300,\"slideshow_ratio\":\"1:1\",\"slideshow_velocity\":\"0.6\",\"thumbnav_height\":\"75\",\"thumbnav_svg_color\":\"emphasis\",\"thumbnav_width\":\"100\",\"title_element\":\"h3\"},\"children\":[{\"type\":\"slideshow_item\",\"props\":{\"image\":\"wp-content\\\/uploads\\\/OYL-Mockup-V2-Sleep00.png\",\"title\":\"\\u00d8YL-Mockup-V2-Sleep+00\"}},{\"type\":\"slideshow_item\",\"props\":{\"image\":\"wp-content\\\/uploads\\\/OYL-Mockup-V2-Sleep-00.png\",\"title\":\"\\u00d8YL-Mockup-V2-Sleep-00\"}},{\"type\":\"slideshow_item\",\"props\":{\"image\":\"wp-content\\\/uploads\\\/OYL-Mockup-V2-Isolate-5-00.png\",\"title\":\"\\u00d8YL-Mockup-V2-Isolate-5%-00\"}},{\"type\":\"slideshow_item\",\"props\":{\"image\":\"wp-content\\\/uploads\\\/OYL-Mockup-V2-FullSpectrum-5-00.png\",\"title\":\"\\u00d8YL-Mockup-V2-FullSpectrum-5%-00\"}},{\"type\":\"slideshow_item\",\"props\":{\"image\":\"wp-content\\\/uploads\\\/OYL-Mockup-V2-BroadSpectrum-5-00.png\",\"title\":\"\\u00d8YL-Mockup-V2-BroadSpectrum-5%-00\"}}]}]}]}]},{\"name\":\"Offices\",\"type\":\"section\",\"props\":{\"animation\":\"slide-right-medium\",\"image_effect\":\"parallax\",\"image_height\":\"680\",\"image_parallax_bgy\":\"100,100\",\"image_parallax_easing\":\"1\",\"image_position\":\"top-left\",\"image_size\":\"contain\",\"image_width\":\"2000\",\"media_visibility\":\"m\",\"padding\":\"large\",\"style\":\"default\",\"title_breakpoint\":\"xl\",\"title_position\":\"top-left\",\"title_rotation\":\"left\",\"vertical_align\":\"\",\"width\":\"large\"},\"children\":[{\"type\":\"row\",\"props\":{\"column_gap\":\"large\",\"css\":\"img {\\n    \\\/* filter: url(filters.svg#grayscale); Firefox 3.5+ *\\\/\\n      filter: gray;\\n        -webkit-filter: grayscale(1);  \\n    \\t-webkit-transition: all .8s ease-in-out; \\n    }\\n\\nimg:hover {\\n    filter: none;\\n      -webkit-filter: grayscale(0);\\n      -webkit-transition: all .8s ease-in-out;   \\n    }\\n\\n\",\"layout\":\"1-2,1-2\",\"margin\":\"xlarge\"},\"children\":[{\"type\":\"column\",\"props\":{\"image_position\":\"center-center\",\"position_sticky_breakpoint\":\"m\",\"vertical_align\":\"middle\",\"width_medium\":\"1-2\"},\"children\":[{\"type\":\"headline\",\"props\":{\"content\":\"Fabriqu\\u00e9 dans l'UE, avec conscience\",\"margin\":\"remove-vertical\",\"maxwidth\":\"large\",\"title_element\":\"div\",\"title_style\":\"h1\"}},{\"type\":\"text\",\"props\":{\"column_breakpoint\":\"m\",\"content\":\"\n\n<p>Notre entreprise est bas\\u00e9e \\u00e0 Bruxelles, en Belgique, au c\\u0153ur de l'Europe. Nos sources de mati\\u00e8res premi\\u00e8res sont europ\\u00e9ennes et notre production est assur\\u00e9e localement, ce qui nous permet de fabriquer les gouttes en plus petites quantit\\u00e9s, en fonction de la demande, et dans le respect des r\\u00e9glementations de l'UE, tout en maintenant une faible empreinte carbone. Prendre soin de la plan\\u00e8te fait partie de notre mission.<\\\/p>\",\"margin\":\"medium\",\"text_style\":\"lead\"}},{\"type\":\"button\",\"props\":{\"fullwidth\":false,\"grid_column_gap\":\"small\",\"grid_row_gap\":\"small\",\"margin\":\"default\"},\"children\":[{\"type\":\"button_item\",\"props\":{\"button_style\":\"default\",\"content\":\"En savoir + sur nos Ingr\\u00e9dients\",\"icon\":\"arrow-right\",\"icon_align\":\"left\",\"link\":\"fr\\\/nos-ingredients\\\/\"}}]}]},{\"type\":\"column\",\"props\":{\"image_position\":\"center-center\",\"order_first\":\"m\",\"position_sticky_breakpoint\":\"m\",\"width_medium\":\"1-2\"},\"children\":[{\"type\":\"image\",\"props\":{\"image\":\"wp-content\\\/uploads\\\/oyl-cbd-oil-nature-001.jpg\",\"image_svg_color\":\"emphasis\",\"margin\":\"default\"}}]}]}]},{\"type\":\"section\",\"props\":{\"image_position\":\"center-center\",\"style\":\"muted\",\"title_breakpoint\":\"xl\",\"title_position\":\"top-left\",\"title_rotation\":\"left\",\"vertical_align\":\"\",\"width\":\"default\"},\"children\":[{\"type\":\"row\",\"children\":[{\"type\":\"column\",\"props\":{\"image_position\":\"center-center\",\"position_sticky_breakpoint\":\"m\"},\"children\":[{\"type\":\"headline\",\"props\":{\"content\":\"Vous voulez essayer \\u00d8YL?\",\"text_align\":\"center\",\"title_element\":\"h1\",\"title_style\":\"h2\"}},{\"type\":\"text\",\"props\":{\"column_breakpoint\":\"m\",\"content\":\"\n\n<p>Votre gamme bien-\\u00eatre de produits naturels au CBD<\\\/p>\",\"margin\":\"default\",\"text_align\":\"center\",\"text_style\":\"lead\"}},{\"type\":\"button\",\"props\":{\"grid_column_gap\":\"small\",\"grid_row_gap\":\"small\",\"margin\":\"default\",\"margin_remove_bottom\":false,\"text_align\":\"center\"},\"children\":[{\"type\":\"button_item\",\"props\":{\"button_style\":\"default\",\"content\":\"\\u2192 D\\u00e9couvrez nos produits\",\"icon_align\":\"left\",\"link\":\"fr\\\/shop\\\/\"}}]}]}]}],\"name\":\"**CTA FR\"}],\"version\":\"4.4.16\"} --><\/p>\n","protected":false},"excerpt":{"rendered":"<p>Pourquoi choisir \u00d8YL? Notre objectif principal lors du d\u00e9veloppement d&rsquo;\u00d8YL \u00e9tait de parvenir \u00e0 une formulation naturelle et propre qui pourrait contribuer \u00e0 diverses formes de bien-\u00eatre. Pour ce faire, nous nous sommes attach\u00e9s \u00e0 combiner les atouts naturels de la plante de cannabis avec la technologie la plus avanc\u00e9e afin d&rsquo;explorer son potentiel dans [&hellip;]<\/p>\n","protected":false},"author":1,"featured_media":0,"parent":0,"menu_order":0,"comment_status":"closed","ping_status":"closed","template":"","meta":{"_acf_changed":false,"footnotes":""},"class_list":["post-5050","page","type-page","status-publish","hentry"],"acf":[],"yoast_head":"<!-- This site is optimized with the Yoast SEO plugin v27.5 - https:\/\/yoast.com\/product\/yoast-seo-wordpress\/ -->\n<title>Pourquoi choisir \u00d8YL? - \u00d8YL<\/title>\n<meta name=\"robots\" content=\"index, follow, max-snippet:-1, max-image-preview:large, max-video-preview:-1\" \/>\n<link rel=\"canonical\" href=\"https:\/\/oyl-cbd.com\/fr\/pourquoi-choisir-oyl\/\" \/>\n<meta property=\"og:locale\" content=\"fr_FR\" \/>\n<meta property=\"og:type\" content=\"article\" \/>\n<meta property=\"og:title\" content=\"Pourquoi choisir \u00d8YL? - \u00d8YL\" \/>\n<meta property=\"og:description\" content=\"Pourquoi choisir \u00d8YL? Notre objectif principal lors du d\u00e9veloppement d&rsquo;\u00d8YL \u00e9tait de parvenir \u00e0 une formulation naturelle et propre qui pourrait contribuer \u00e0 diverses formes de bien-\u00eatre. Pour ce faire, nous nous sommes attach\u00e9s \u00e0 combiner les atouts naturels de la plante de cannabis avec la technologie la plus avanc\u00e9e afin d&rsquo;explorer son potentiel dans [&hellip;]\" \/>\n<meta property=\"og:url\" content=\"https:\/\/oyl-cbd.com\/fr\/pourquoi-choisir-oyl\/\" \/>\n<meta property=\"og:site_name\" content=\"\u00d8YL\" \/>\n<meta property=\"article:modified_time\" content=\"2025-01-09T13:01:39+00:00\" \/>\n<meta name=\"twitter:card\" content=\"summary_large_image\" \/>\n<meta name=\"twitter:label1\" content=\"Dur\u00e9e de lecture estim\u00e9e\" \/>\n\t<meta name=\"twitter:data1\" content=\"2 minutes\" \/>\n<script type=\"application\/ld+json\" class=\"yoast-schema-graph\">{\"@context\":\"https:\\\/\\\/schema.org\",\"@graph\":[{\"@type\":\"WebPage\",\"@id\":\"https:\\\/\\\/oyl-cbd.com\\\/fr\\\/pourquoi-choisir-oyl\\\/\",\"url\":\"https:\\\/\\\/oyl-cbd.com\\\/fr\\\/pourquoi-choisir-oyl\\\/\",\"name\":\"Pourquoi choisir \u00d8YL? - \u00d8YL\",\"isPartOf\":{\"@id\":\"https:\\\/\\\/oyl-cbd.com\\\/fr\\\/#website\"},\"datePublished\":\"2023-11-21T09:57:04+00:00\",\"dateModified\":\"2025-01-09T13:01:39+00:00\",\"breadcrumb\":{\"@id\":\"https:\\\/\\\/oyl-cbd.com\\\/fr\\\/pourquoi-choisir-oyl\\\/#breadcrumb\"},\"inLanguage\":\"fr-FR\",\"potentialAction\":[{\"@type\":\"ReadAction\",\"target\":[\"https:\\\/\\\/oyl-cbd.com\\\/fr\\\/pourquoi-choisir-oyl\\\/\"]}]},{\"@type\":\"BreadcrumbList\",\"@id\":\"https:\\\/\\\/oyl-cbd.com\\\/fr\\\/pourquoi-choisir-oyl\\\/#breadcrumb\",\"itemListElement\":[{\"@type\":\"ListItem\",\"position\":1,\"name\":\"Accueil\",\"item\":\"https:\\\/\\\/oyl-cbd.com\\\/fr\\\/\"},{\"@type\":\"ListItem\",\"position\":2,\"name\":\"Pourquoi choisir \u00d8YL?\"}]},{\"@type\":\"WebSite\",\"@id\":\"https:\\\/\\\/oyl-cbd.com\\\/fr\\\/#website\",\"url\":\"https:\\\/\\\/oyl-cbd.com\\\/fr\\\/\",\"name\":\"\u00d8YL\",\"description\":\"soins \u00e0 base de CBD\",\"publisher\":{\"@id\":\"https:\\\/\\\/oyl-cbd.com\\\/fr\\\/#organization\"},\"potentialAction\":[{\"@type\":\"SearchAction\",\"target\":{\"@type\":\"EntryPoint\",\"urlTemplate\":\"https:\\\/\\\/oyl-cbd.com\\\/fr\\\/?s={search_term_string}\"},\"query-input\":{\"@type\":\"PropertyValueSpecification\",\"valueRequired\":true,\"valueName\":\"search_term_string\"}}],\"inLanguage\":\"fr-FR\"},{\"@type\":\"Organization\",\"@id\":\"https:\\\/\\\/oyl-cbd.com\\\/fr\\\/#organization\",\"name\":\"\u00d8YL\",\"url\":\"https:\\\/\\\/oyl-cbd.com\\\/fr\\\/\",\"logo\":{\"@type\":\"ImageObject\",\"inLanguage\":\"fr-FR\",\"@id\":\"https:\\\/\\\/oyl-cbd.com\\\/fr\\\/#\\\/schema\\\/logo\\\/image\\\/\",\"url\":\"https:\\\/\\\/oyl-cbd.com\\\/wp-content\\\/uploads\\\/PHOTO-2023-01-03-09-25-37-1.jpg\",\"contentUrl\":\"https:\\\/\\\/oyl-cbd.com\\\/wp-content\\\/uploads\\\/PHOTO-2023-01-03-09-25-37-1.jpg\",\"width\":1600,\"height\":1600,\"caption\":\"\u00d8YL\"},\"image\":{\"@id\":\"https:\\\/\\\/oyl-cbd.com\\\/fr\\\/#\\\/schema\\\/logo\\\/image\\\/\"}}]}<\/script>\n<!-- \/ Yoast SEO plugin. -->","yoast_head_json":{"title":"Pourquoi choisir \u00d8YL? - \u00d8YL","robots":{"index":"index","follow":"follow","max-snippet":"max-snippet:-1","max-image-preview":"max-image-preview:large","max-video-preview":"max-video-preview:-1"},"canonical":"https:\/\/oyl-cbd.com\/fr\/pourquoi-choisir-oyl\/","og_locale":"fr_FR","og_type":"article","og_title":"Pourquoi choisir \u00d8YL? - \u00d8YL","og_description":"Pourquoi choisir \u00d8YL? Notre objectif principal lors du d\u00e9veloppement d&rsquo;\u00d8YL \u00e9tait de parvenir \u00e0 une formulation naturelle et propre qui pourrait contribuer \u00e0 diverses formes de bien-\u00eatre. Pour ce faire, nous nous sommes attach\u00e9s \u00e0 combiner les atouts naturels de la plante de cannabis avec la technologie la plus avanc\u00e9e afin d&rsquo;explorer son potentiel dans [&hellip;]","og_url":"https:\/\/oyl-cbd.com\/fr\/pourquoi-choisir-oyl\/","og_site_name":"\u00d8YL","article_modified_time":"2025-01-09T13:01:39+00:00","twitter_card":"summary_large_image","twitter_misc":{"Dur\u00e9e de lecture estim\u00e9e":"2 minutes"},"schema":{"@context":"https:\/\/schema.org","@graph":[{"@type":"WebPage","@id":"https:\/\/oyl-cbd.com\/fr\/pourquoi-choisir-oyl\/","url":"https:\/\/oyl-cbd.com\/fr\/pourquoi-choisir-oyl\/","name":"Pourquoi choisir \u00d8YL? - \u00d8YL","isPartOf":{"@id":"https:\/\/oyl-cbd.com\/fr\/#website"},"datePublished":"2023-11-21T09:57:04+00:00","dateModified":"2025-01-09T13:01:39+00:00","breadcrumb":{"@id":"https:\/\/oyl-cbd.com\/fr\/pourquoi-choisir-oyl\/#breadcrumb"},"inLanguage":"fr-FR","potentialAction":[{"@type":"ReadAction","target":["https:\/\/oyl-cbd.com\/fr\/pourquoi-choisir-oyl\/"]}]},{"@type":"BreadcrumbList","@id":"https:\/\/oyl-cbd.com\/fr\/pourquoi-choisir-oyl\/#breadcrumb","itemListElement":[{"@type":"ListItem","position":1,"name":"Accueil","item":"https:\/\/oyl-cbd.com\/fr\/"},{"@type":"ListItem","position":2,"name":"Pourquoi choisir \u00d8YL?"}]},{"@type":"WebSite","@id":"https:\/\/oyl-cbd.com\/fr\/#website","url":"https:\/\/oyl-cbd.com\/fr\/","name":"\u00d8YL","description":"soins \u00e0 base de CBD","publisher":{"@id":"https:\/\/oyl-cbd.com\/fr\/#organization"},"potentialAction":[{"@type":"SearchAction","target":{"@type":"EntryPoint","urlTemplate":"https:\/\/oyl-cbd.com\/fr\/?s={search_term_string}"},"query-input":{"@type":"PropertyValueSpecification","valueRequired":true,"valueName":"search_term_string"}}],"inLanguage":"fr-FR"},{"@type":"Organization","@id":"https:\/\/oyl-cbd.com\/fr\/#organization","name":"\u00d8YL","url":"https:\/\/oyl-cbd.com\/fr\/","logo":{"@type":"ImageObject","inLanguage":"fr-FR","@id":"https:\/\/oyl-cbd.com\/fr\/#\/schema\/logo\/image\/","url":"https:\/\/oyl-cbd.com\/wp-content\/uploads\/PHOTO-2023-01-03-09-25-37-1.jpg","contentUrl":"https:\/\/oyl-cbd.com\/wp-content\/uploads\/PHOTO-2023-01-03-09-25-37-1.jpg","width":1600,"height":1600,"caption":"\u00d8YL"},"image":{"@id":"https:\/\/oyl-cbd.com\/fr\/#\/schema\/logo\/image\/"}}]}},"_links":{"self":[{"href":"https:\/\/oyl-cbd.com\/fr\/wp-json\/wp\/v2\/pages\/5050","targetHints":{"allow":["GET"]}}],"collection":[{"href":"https:\/\/oyl-cbd.com\/fr\/wp-json\/wp\/v2\/pages"}],"about":[{"href":"https:\/\/oyl-cbd.com\/fr\/wp-json\/wp\/v2\/types\/page"}],"author":[{"embeddable":true,"href":"https:\/\/oyl-cbd.com\/fr\/wp-json\/wp\/v2\/users\/1"}],"replies":[{"embeddable":true,"href":"https:\/\/oyl-cbd.com\/fr\/wp-json\/wp\/v2\/comments?post=5050"}],"version-history":[{"count":7,"href":"https:\/\/oyl-cbd.com\/fr\/wp-json\/wp\/v2\/pages\/5050\/revisions"}],"predecessor-version":[{"id":5519,"href":"https:\/\/oyl-cbd.com\/fr\/wp-json\/wp\/v2\/pages\/5050\/revisions\/5519"}],"wp:attachment":[{"href":"https:\/\/oyl-cbd.com\/fr\/wp-json\/wp\/v2\/media?parent=5050"}],"curies":[{"name":"wp","href":"https:\/\/api.w.org\/{rel}","templated":true}]}}