{"id":5058,"date":"2023-07-22T08:18:01","date_gmt":"2023-07-22T08:18:01","guid":{"rendered":"https:\/\/oyl-cbd.com\/?page_id=5058"},"modified":"2025-01-09T13:03:00","modified_gmt":"2025-01-09T13:03:00","slug":"cannabis-sativa-l","status":"publish","type":"page","link":"https:\/\/oyl-cbd.com\/fr\/cannabis-sativa-l\/","title":{"rendered":"Cannabis Sativa L."},"content":{"rendered":"<h1>L&rsquo;extraodinaire Cannabis Sativa L.<\/h1>\n<div>\n<p>Une plante remarquable, historiquement cultiv\u00e9e et utilis\u00e9e dans le monde entier comme source d&rsquo;alimentation, de carburant et de suppl\u00e9ment nutritionnel, ainsi qu&rsquo;\u00e0 des fins r\u00e9cr\u00e9atives.<\/p>\n<\/div>\n<p>\n    <a href=\"\/fr\/shop\/\">D\u00e9couvrez nos produits<\/a>\n<\/p>\n<p><img decoding=\"async\" src=\"\/wp-content\/uploads\/hemp-uses-.svg\" alt=\"\"><\/p>\n<h1>Une plante, des usages infinis<\/h1>\n<div>\n<p>Au-del\u00e0 des applications conventionnelles, cette plante extraordinaire a \u00e9t\u00e9 \u00e9tudi\u00e9e pour son r\u00f4le potentiel en tant que mati\u00e8re premi\u00e8re dans la production de papier, les formulations de soins corporels, les mat\u00e9riaux de construction, les compos\u00e9s m\u00e9dicinaux et la fabrication de textiles. Le Cannabis Sativa L. est l&rsquo;exemple m\u00eame d&rsquo;une merveille botanique polyvalente, incarnant une gamme d&rsquo;utilit\u00e9s qui transcendent les fronti\u00e8res conventionnelles.<\/p>\n<\/div>\n<h1>Une nouvelle hype?<\/h1>\n<div>\n<p>Au contraire. Le Shih Ching, \u00e9galement connu sous le nom de Livres des Odes, relate l&rsquo;utilisation historique du chanvre pour ses fibres et ses graines par le peuple chinois entre le XIe et le VIe si\u00e8cle avant J.-C., en particulier dans la r\u00e9gion de l&rsquo;actuelle P\u00e9kin. <\/p>\n<\/div>\n<p><img decoding=\"async\" src=\"\/wp-content\/uploads\/hhhhh.svg\" alt=\"\"><br \/>\n<img decoding=\"async\" src=\"\/wp-content\/uploads\/88-1.png\" alt=\"\"><\/p>\n<h1>Ce qui constitue ce spectacle naturel ?<\/h1>\n<div>\n<p>La plante est constitu\u00e9e de centaines de compos\u00e9s naturels, dont une grande partie est connue sous le nom de \u00ab\u00a0cannabino\u00efdes\u00a0\u00bb.<\/p>\n<p>Outre les cannabino\u00efdes, environ 140 terp\u00e8nes et une vingtaine de flavono\u00efdes ont \u00e9t\u00e9 identifi\u00e9s et class\u00e9s jusqu&rsquo;\u00e0 pr\u00e9sent.<\/p>\n<\/div>\n<ul>\n<li>\n        <a href=\"\/fr\/les-cannabinoides\/\">En savoir + sur les Cannabino\u00efdes<\/a>\n    <\/li>\n<li>\n        <a href=\"\/fr\/les-formulations-de-cbd\/\">Quelles sont les diff\u00e9rentes formulations du CBD?<\/a>\n    <\/li>\n<\/ul>\n<h1>Vous voulez essayer \u00d8YL?<\/h1>\n<div>\n<p>Votre gamme bien-\u00eatre de produits naturels au CBD<\/p>\n<\/div>\n<p>\n    <a href=\"\/fr\/shop\/\">\u2192 D\u00e9couvrez nos produits<\/a>\n<\/p>\n<p><!--more--><br \/>\n<!-- {\"type\":\"layout\",\"children\":[{\"name\":\"Hero Home\",\"type\":\"section\",\"props\":{\"image\":\"wp-content\\\/uploads\\\/oyl-cbd-oil-header-005.jpg\",\"image_effect\":\"parallax\",\"image_parallax_bgy\":\"-50,50\",\"image_parallax_easing\":\"1\",\"image_position\":\"center-center\",\"image_size\":\"cover\",\"media_overlay\":\"rgba(255, 255, 255, 0.2)\",\"media_visibility\":\"m\",\"padding\":\"large\",\"style\":\"muted\",\"text_color\":\"dark\",\"title_breakpoint\":\"xl\",\"title_position\":\"top-left\",\"title_rotation\":\"left\",\"vertical_align\":\"\",\"width\":\"\"},\"children\":[{\"type\":\"row\",\"children\":[{\"type\":\"column\",\"props\":{\"image_effect\":\"parallax\",\"image_parallax_bgy\":\"-110,50\",\"image_parallax_easing\":\"1\",\"image_position\":\"center-center\",\"image_width\":\"400\",\"position_sticky_breakpoint\":\"m\",\"vertical_align\":\"middle\"},\"children\":[{\"type\":\"headline\",\"props\":{\"block_align\":\"center\",\"content\":\"L'extraodinaire Cannabis Sativa L.\",\"title_element\":\"h1\",\"title_style\":\"h1\"}},{\"type\":\"text\",\"props\":{\"column_breakpoint\":\"m\",\"content\":\"\n\n<p>Une plante remarquable, historiquement cultiv\\u00e9e et utilis\\u00e9e dans le monde entier comme source d'alimentation, de carburant et de suppl\\u00e9ment nutritionnel, ainsi qu'\\u00e0 des fins r\\u00e9cr\\u00e9atives.<\\\/p>\",\"margin\":\"default\",\"maxwidth\":\"large\",\"text_style\":\"lead\"}},{\"type\":\"button\",\"props\":{\"grid_column_gap\":\"small\",\"grid_row_gap\":\"small\",\"margin\":\"large\",\"margin_remove_bottom\":true,\"text_align\":\"left\"},\"children\":[{\"type\":\"button_item\",\"props\":{\"button_style\":\"primary\",\"content\":\"D\\u00e9couvrez nos produits\",\"icon\":\"arrow-right\",\"icon_align\":\"left\",\"link\":\"fr\\\/shop\\\/\"}}]}]}],\"props\":{\"alignment\":\"center\",\"padding_remove_horizontal\":false,\"width\":\"default\"}}]},{\"type\":\"section\",\"props\":{\"css\":\"img {\\n    \\\/* filter: url(filters.svg#grayscale); Firefox 3.5+ *\\\/\\n      filter: gray;\\n        -webkit-filter: grayscale(1);  \\n    \\t-webkit-transition: all .8s ease-in-out; \\n    }\\n\\nimg:hover {\\n    filter: none;\\n      -webkit-filter: grayscale(0);\\n      -webkit-transition: all .8s ease-in-out;   \\n    }\\n\\n\",\"image_position\":\"center-center\",\"padding_remove_top\":false,\"style\":\"default\",\"title_breakpoint\":\"xl\",\"title_position\":\"top-left\",\"title_rotation\":\"left\",\"vertical_align\":\"\",\"width\":\"default\"},\"children\":[{\"type\":\"row\",\"props\":{\"column_gap\":\"large\",\"layout\":\"2-3,1-3\",\"margin\":\"large\"},\"children\":[{\"type\":\"column\",\"props\":{\"image_position\":\"center-center\",\"position_sticky_breakpoint\":\"m\",\"vertical_align\":\"middle\",\"width_medium\":\"2-3\"},\"children\":[{\"type\":\"image\",\"props\":{\"image\":\"wp-content\\\/uploads\\\/hemp-uses-.svg\",\"image_svg_color\":\"emphasis\",\"margin\":\"default\"}}]},{\"type\":\"column\",\"props\":{\"image_position\":\"center-center\",\"position_sticky_breakpoint\":\"m\",\"vertical_align\":\"middle\",\"width_medium\":\"1-3\"},\"children\":[{\"type\":\"headline\",\"props\":{\"content\":\"Une plante, des usages infinis\",\"title_element\":\"h1\",\"title_style\":\"h2\"}},{\"type\":\"text\",\"props\":{\"column_breakpoint\":\"m\",\"content\":\"\n\n<p>Au-del\\u00e0 des applications conventionnelles, cette plante extraordinaire a \\u00e9t\\u00e9 \\u00e9tudi\\u00e9e pour son r\\u00f4le potentiel en tant que mati\\u00e8re premi\\u00e8re dans la production de papier, les formulations de soins corporels, les mat\\u00e9riaux de construction, les compos\\u00e9s m\\u00e9dicinaux et la fabrication de textiles. Le Cannabis Sativa L. est l'exemple m\\u00eame d'une merveille botanique polyvalente, incarnant une gamme d'utilit\\u00e9s qui transcendent les fronti\\u00e8res conventionnelles.<\\\/p>\",\"margin\":\"default\",\"text_style\":\"lead\"}}]}]},{\"type\":\"row\",\"children\":[{\"type\":\"column\",\"props\":{\"image_position\":\"center-center\",\"position_sticky_breakpoint\":\"m\",\"vertical_align\":\"middle\",\"width_medium\":\"1-3\"},\"children\":[{\"type\":\"headline\",\"props\":{\"content\":\"Une nouvelle hype?\",\"title_element\":\"h1\",\"title_style\":\"h2\"}},{\"type\":\"text\",\"props\":{\"column_breakpoint\":\"m\",\"content\":\"\n\n<p>Au contraire. Le Shih Ching, \\u00e9galement connu sous le nom de Livres des Odes, relate l'utilisation historique du chanvre pour ses fibres et ses graines par le peuple chinois entre le XIe et le VIe si\\u00e8cle avant J.-C., en particulier dans la r\\u00e9gion de l'actuelle P\\u00e9kin. <\\\/p>\",\"margin\":\"default\",\"text_style\":\"lead\"}}]},{\"type\":\"column\",\"props\":{\"image_position\":\"center-center\",\"position_sticky_breakpoint\":\"m\",\"width_medium\":\"2-3\"},\"children\":[{\"type\":\"image\",\"props\":{\"image\":\"wp-content\\\/uploads\\\/hhhhh.svg\",\"image_svg_color\":\"emphasis\",\"margin\":\"default\"}}]}],\"props\":{\"column_gap\":\"large\",\"divider\":false,\"layout\":\"1-3,2-3\"}},{\"type\":\"row\",\"props\":{\"column_gap\":\"large\",\"layout\":\"2-3,1-3\",\"margin\":\"large\",\"margin_remove_top\":true},\"children\":[{\"type\":\"column\",\"props\":{\"image_position\":\"center-center\",\"position_sticky_breakpoint\":\"m\",\"width_medium\":\"2-3\"},\"children\":[{\"type\":\"image\",\"props\":{\"image\":\"wp-content\\\/uploads\\\/88-1.png\",\"image_svg_color\":\"emphasis\",\"margin\":\"default\"}}]},{\"type\":\"column\",\"props\":{\"image_position\":\"center-center\",\"position_sticky_breakpoint\":\"m\",\"vertical_align\":\"middle\",\"width_medium\":\"1-3\"},\"children\":[{\"type\":\"headline\",\"props\":{\"content\":\"Ce qui constitue ce spectacle naturel ?\",\"title_element\":\"h1\",\"title_style\":\"h2\"}},{\"type\":\"text\",\"props\":{\"column_breakpoint\":\"m\",\"content\":\"\n\n<p>La plante est constitu\\u00e9e de centaines de compos\\u00e9s naturels, dont une grande partie est connue sous le nom de \\\"cannabino\\u00efdes\\\".<\\\/p>\\n\n\n<p>Outre les cannabino\\u00efdes, environ 140 terp\\u00e8nes et une vingtaine de flavono\\u00efdes ont \\u00e9t\\u00e9 identifi\\u00e9s et class\\u00e9s jusqu'\\u00e0 pr\\u00e9sent.<\\\/p>\",\"margin\":\"default\",\"text_style\":\"lead\"}}]}]}]},{\"type\":\"section\",\"props\":{\"image_position\":\"center-center\",\"style\":\"default\",\"title_breakpoint\":\"xl\",\"title_position\":\"top-left\",\"title_rotation\":\"left\",\"vertical_align\":\"\",\"width\":\"default\"},\"children\":[{\"type\":\"row\",\"children\":[{\"type\":\"column\",\"props\":{\"image_position\":\"center-center\",\"position_sticky_breakpoint\":\"m\"},\"children\":[{\"type\":\"button\",\"props\":{\"button_size\":\"large\",\"grid_column_gap\":\"large\",\"grid_row_gap\":\"small\",\"margin\":\"default\",\"text_align\":\"center\"},\"children\":[{\"type\":\"button_item\",\"props\":{\"button_style\":\"text\",\"content\":\"En savoir + sur les Cannabino\\u00efdes\",\"icon\":\"arrow-right\",\"icon_align\":\"left\",\"link\":\"fr\\\/les-cannabinoides\\\/\"}},{\"type\":\"button_item\",\"props\":{\"button_style\":\"text\",\"content\":\"Quelles sont les diff\\u00e9rentes formulations du CBD?\",\"icon\":\"arrow-right\",\"icon_align\":\"left\",\"link\":\"fr\\\/les-formulations-de-cbd\\\/\"}}]}]}]}]},{\"type\":\"section\",\"props\":{\"image_position\":\"center-center\",\"style\":\"muted\",\"title_breakpoint\":\"xl\",\"title_position\":\"top-left\",\"title_rotation\":\"left\",\"vertical_align\":\"\",\"width\":\"default\"},\"children\":[{\"type\":\"row\",\"children\":[{\"type\":\"column\",\"props\":{\"image_position\":\"center-center\",\"position_sticky_breakpoint\":\"m\"},\"children\":[{\"type\":\"headline\",\"props\":{\"content\":\"Vous voulez essayer \\u00d8YL?\",\"text_align\":\"center\",\"title_element\":\"h1\",\"title_style\":\"h2\"}},{\"type\":\"text\",\"props\":{\"column_breakpoint\":\"m\",\"content\":\"\n\n<p>Votre gamme bien-\\u00eatre de produits naturels au CBD<\\\/p>\",\"margin\":\"default\",\"text_align\":\"center\",\"text_style\":\"lead\"}},{\"type\":\"button\",\"props\":{\"grid_column_gap\":\"small\",\"grid_row_gap\":\"small\",\"margin\":\"default\",\"margin_remove_bottom\":false,\"text_align\":\"center\"},\"children\":[{\"type\":\"button_item\",\"props\":{\"button_style\":\"default\",\"content\":\"\\u2192 D\\u00e9couvrez nos produits\",\"icon_align\":\"left\",\"link\":\"fr\\\/shop\\\/\"}}]}]}]}],\"name\":\"**CTA FR\"}],\"version\":\"4.4.16\"} --><\/p>\n","protected":false},"excerpt":{"rendered":"<p>L&rsquo;extraodinaire Cannabis Sativa L. Une plante remarquable, historiquement cultiv\u00e9e et utilis\u00e9e dans le monde entier comme source d&rsquo;alimentation, de carburant et de suppl\u00e9ment nutritionnel, ainsi qu&rsquo;\u00e0 des fins r\u00e9cr\u00e9atives. D\u00e9couvrez nos produits Une plante, des usages infinis Au-del\u00e0 des applications conventionnelles, cette plante extraordinaire a \u00e9t\u00e9 \u00e9tudi\u00e9e pour son r\u00f4le potentiel en tant que mati\u00e8re [&hellip;]<\/p>\n","protected":false},"author":1,"featured_media":0,"parent":0,"menu_order":0,"comment_status":"closed","ping_status":"open","template":"","meta":{"_acf_changed":false,"footnotes":""},"class_list":["post-5058","page","type-page","status-publish","hentry"],"acf":[],"yoast_head":"<!-- This site is optimized with the Yoast SEO plugin v27.4 - https:\/\/yoast.com\/product\/yoast-seo-wordpress\/ -->\n<title>Cannabis Sativa L. - \u00d8YL<\/title>\n<meta name=\"robots\" content=\"index, follow, max-snippet:-1, max-image-preview:large, max-video-preview:-1\" \/>\n<link rel=\"canonical\" href=\"https:\/\/oyl-cbd.com\/fr\/cannabis-sativa-l\/\" \/>\n<meta property=\"og:locale\" content=\"fr_FR\" \/>\n<meta property=\"og:type\" content=\"article\" \/>\n<meta property=\"og:title\" content=\"Cannabis Sativa L. - \u00d8YL\" \/>\n<meta property=\"og:description\" content=\"L&rsquo;extraodinaire Cannabis Sativa L. Une plante remarquable, historiquement cultiv\u00e9e et utilis\u00e9e dans le monde entier comme source d&rsquo;alimentation, de carburant et de suppl\u00e9ment nutritionnel, ainsi qu&rsquo;\u00e0 des fins r\u00e9cr\u00e9atives. D\u00e9couvrez nos produits Une plante, des usages infinis Au-del\u00e0 des applications conventionnelles, cette plante extraordinaire a \u00e9t\u00e9 \u00e9tudi\u00e9e pour son r\u00f4le potentiel en tant que mati\u00e8re [&hellip;]\" \/>\n<meta property=\"og:url\" content=\"https:\/\/oyl-cbd.com\/fr\/cannabis-sativa-l\/\" \/>\n<meta property=\"og:site_name\" content=\"\u00d8YL\" \/>\n<meta property=\"article:modified_time\" content=\"2025-01-09T13:03:00+00:00\" \/>\n<meta name=\"twitter:card\" content=\"summary_large_image\" \/>\n<meta name=\"twitter:label1\" content=\"Dur\u00e9e de lecture estim\u00e9e\" \/>\n\t<meta name=\"twitter:data1\" content=\"1 minute\" \/>\n<script type=\"application\/ld+json\" class=\"yoast-schema-graph\">{\"@context\":\"https:\\\/\\\/schema.org\",\"@graph\":[{\"@type\":\"WebPage\",\"@id\":\"https:\\\/\\\/oyl-cbd.com\\\/fr\\\/cannabis-sativa-l\\\/\",\"url\":\"https:\\\/\\\/oyl-cbd.com\\\/fr\\\/cannabis-sativa-l\\\/\",\"name\":\"Cannabis Sativa L. - \u00d8YL\",\"isPartOf\":{\"@id\":\"https:\\\/\\\/oyl-cbd.com\\\/fr\\\/#website\"},\"datePublished\":\"2023-07-22T08:18:01+00:00\",\"dateModified\":\"2025-01-09T13:03:00+00:00\",\"breadcrumb\":{\"@id\":\"https:\\\/\\\/oyl-cbd.com\\\/fr\\\/cannabis-sativa-l\\\/#breadcrumb\"},\"inLanguage\":\"fr-FR\",\"potentialAction\":[{\"@type\":\"ReadAction\",\"target\":[\"https:\\\/\\\/oyl-cbd.com\\\/fr\\\/cannabis-sativa-l\\\/\"]}]},{\"@type\":\"BreadcrumbList\",\"@id\":\"https:\\\/\\\/oyl-cbd.com\\\/fr\\\/cannabis-sativa-l\\\/#breadcrumb\",\"itemListElement\":[{\"@type\":\"ListItem\",\"position\":1,\"name\":\"Accueil\",\"item\":\"https:\\\/\\\/oyl-cbd.com\\\/fr\\\/\"},{\"@type\":\"ListItem\",\"position\":2,\"name\":\"Cannabis Sativa L.\"}]},{\"@type\":\"WebSite\",\"@id\":\"https:\\\/\\\/oyl-cbd.com\\\/fr\\\/#website\",\"url\":\"https:\\\/\\\/oyl-cbd.com\\\/fr\\\/\",\"name\":\"\u00d8YL\",\"description\":\"soins \u00e0 base de CBD\",\"publisher\":{\"@id\":\"https:\\\/\\\/oyl-cbd.com\\\/fr\\\/#organization\"},\"potentialAction\":[{\"@type\":\"SearchAction\",\"target\":{\"@type\":\"EntryPoint\",\"urlTemplate\":\"https:\\\/\\\/oyl-cbd.com\\\/fr\\\/?s={search_term_string}\"},\"query-input\":{\"@type\":\"PropertyValueSpecification\",\"valueRequired\":true,\"valueName\":\"search_term_string\"}}],\"inLanguage\":\"fr-FR\"},{\"@type\":\"Organization\",\"@id\":\"https:\\\/\\\/oyl-cbd.com\\\/fr\\\/#organization\",\"name\":\"\u00d8YL\",\"url\":\"https:\\\/\\\/oyl-cbd.com\\\/fr\\\/\",\"logo\":{\"@type\":\"ImageObject\",\"inLanguage\":\"fr-FR\",\"@id\":\"https:\\\/\\\/oyl-cbd.com\\\/fr\\\/#\\\/schema\\\/logo\\\/image\\\/\",\"url\":\"https:\\\/\\\/oyl-cbd.com\\\/wp-content\\\/uploads\\\/PHOTO-2023-01-03-09-25-37-1.jpg\",\"contentUrl\":\"https:\\\/\\\/oyl-cbd.com\\\/wp-content\\\/uploads\\\/PHOTO-2023-01-03-09-25-37-1.jpg\",\"width\":1600,\"height\":1600,\"caption\":\"\u00d8YL\"},\"image\":{\"@id\":\"https:\\\/\\\/oyl-cbd.com\\\/fr\\\/#\\\/schema\\\/logo\\\/image\\\/\"}}]}<\/script>\n<!-- \/ Yoast SEO plugin. -->","yoast_head_json":{"title":"Cannabis Sativa L. - \u00d8YL","robots":{"index":"index","follow":"follow","max-snippet":"max-snippet:-1","max-image-preview":"max-image-preview:large","max-video-preview":"max-video-preview:-1"},"canonical":"https:\/\/oyl-cbd.com\/fr\/cannabis-sativa-l\/","og_locale":"fr_FR","og_type":"article","og_title":"Cannabis Sativa L. - \u00d8YL","og_description":"L&rsquo;extraodinaire Cannabis Sativa L. Une plante remarquable, historiquement cultiv\u00e9e et utilis\u00e9e dans le monde entier comme source d&rsquo;alimentation, de carburant et de suppl\u00e9ment nutritionnel, ainsi qu&rsquo;\u00e0 des fins r\u00e9cr\u00e9atives. D\u00e9couvrez nos produits Une plante, des usages infinis Au-del\u00e0 des applications conventionnelles, cette plante extraordinaire a \u00e9t\u00e9 \u00e9tudi\u00e9e pour son r\u00f4le potentiel en tant que mati\u00e8re [&hellip;]","og_url":"https:\/\/oyl-cbd.com\/fr\/cannabis-sativa-l\/","og_site_name":"\u00d8YL","article_modified_time":"2025-01-09T13:03:00+00:00","twitter_card":"summary_large_image","twitter_misc":{"Dur\u00e9e de lecture estim\u00e9e":"1 minute"},"schema":{"@context":"https:\/\/schema.org","@graph":[{"@type":"WebPage","@id":"https:\/\/oyl-cbd.com\/fr\/cannabis-sativa-l\/","url":"https:\/\/oyl-cbd.com\/fr\/cannabis-sativa-l\/","name":"Cannabis Sativa L. - \u00d8YL","isPartOf":{"@id":"https:\/\/oyl-cbd.com\/fr\/#website"},"datePublished":"2023-07-22T08:18:01+00:00","dateModified":"2025-01-09T13:03:00+00:00","breadcrumb":{"@id":"https:\/\/oyl-cbd.com\/fr\/cannabis-sativa-l\/#breadcrumb"},"inLanguage":"fr-FR","potentialAction":[{"@type":"ReadAction","target":["https:\/\/oyl-cbd.com\/fr\/cannabis-sativa-l\/"]}]},{"@type":"BreadcrumbList","@id":"https:\/\/oyl-cbd.com\/fr\/cannabis-sativa-l\/#breadcrumb","itemListElement":[{"@type":"ListItem","position":1,"name":"Accueil","item":"https:\/\/oyl-cbd.com\/fr\/"},{"@type":"ListItem","position":2,"name":"Cannabis Sativa L."}]},{"@type":"WebSite","@id":"https:\/\/oyl-cbd.com\/fr\/#website","url":"https:\/\/oyl-cbd.com\/fr\/","name":"\u00d8YL","description":"soins \u00e0 base de CBD","publisher":{"@id":"https:\/\/oyl-cbd.com\/fr\/#organization"},"potentialAction":[{"@type":"SearchAction","target":{"@type":"EntryPoint","urlTemplate":"https:\/\/oyl-cbd.com\/fr\/?s={search_term_string}"},"query-input":{"@type":"PropertyValueSpecification","valueRequired":true,"valueName":"search_term_string"}}],"inLanguage":"fr-FR"},{"@type":"Organization","@id":"https:\/\/oyl-cbd.com\/fr\/#organization","name":"\u00d8YL","url":"https:\/\/oyl-cbd.com\/fr\/","logo":{"@type":"ImageObject","inLanguage":"fr-FR","@id":"https:\/\/oyl-cbd.com\/fr\/#\/schema\/logo\/image\/","url":"https:\/\/oyl-cbd.com\/wp-content\/uploads\/PHOTO-2023-01-03-09-25-37-1.jpg","contentUrl":"https:\/\/oyl-cbd.com\/wp-content\/uploads\/PHOTO-2023-01-03-09-25-37-1.jpg","width":1600,"height":1600,"caption":"\u00d8YL"},"image":{"@id":"https:\/\/oyl-cbd.com\/fr\/#\/schema\/logo\/image\/"}}]}},"_links":{"self":[{"href":"https:\/\/oyl-cbd.com\/fr\/wp-json\/wp\/v2\/pages\/5058","targetHints":{"allow":["GET"]}}],"collection":[{"href":"https:\/\/oyl-cbd.com\/fr\/wp-json\/wp\/v2\/pages"}],"about":[{"href":"https:\/\/oyl-cbd.com\/fr\/wp-json\/wp\/v2\/types\/page"}],"author":[{"embeddable":true,"href":"https:\/\/oyl-cbd.com\/fr\/wp-json\/wp\/v2\/users\/1"}],"replies":[{"embeddable":true,"href":"https:\/\/oyl-cbd.com\/fr\/wp-json\/wp\/v2\/comments?post=5058"}],"version-history":[{"count":10,"href":"https:\/\/oyl-cbd.com\/fr\/wp-json\/wp\/v2\/pages\/5058\/revisions"}],"predecessor-version":[{"id":5522,"href":"https:\/\/oyl-cbd.com\/fr\/wp-json\/wp\/v2\/pages\/5058\/revisions\/5522"}],"wp:attachment":[{"href":"https:\/\/oyl-cbd.com\/fr\/wp-json\/wp\/v2\/media?parent=5058"}],"curies":[{"name":"wp","href":"https:\/\/api.w.org\/{rel}","templated":true}]}}