{"id":5065,"date":"2023-07-22T12:26:02","date_gmt":"2023-07-22T12:26:02","guid":{"rendered":"https:\/\/oyl-cbd.com\/?page_id=5065"},"modified":"2025-01-09T13:03:47","modified_gmt":"2025-01-09T13:03:47","slug":"les-formulations-de-cbd","status":"publish","type":"page","link":"https:\/\/oyl-cbd.com\/fr\/les-formulations-de-cbd\/","title":{"rendered":"Les formulations de CBD"},"content":{"rendered":"<h1>Isolate, Broad, ou Full Spectrum?<\/h1>\n<div>\n<p>Les termes \u00ab\u00a0spectre complet\u00a0\u00bb, \u00ab\u00a0spectre large\u00a0\u00bb et \u00ab\u00a0isolat\u00a0\u00bb sont couramment utilis\u00e9s pour d\u00e9crire les produits d\u00e9riv\u00e9s du Cannabis Sativa L.. Ces termes indiquent le contenu mol\u00e9culaire pr\u00e9sent dans le produit commercialis\u00e9.<\/p>\n<\/div>\n<p><img decoding=\"async\" src=\"\/wp-content\/uploads\/CBD-2.svghexagon.-Isolate-2.svg\" alt=\"\"><\/p>\n<h1>Nos gouttes de CBD pur<\/h1>\n<div>\n<p>L&rsquo;isolat de CBD est la forme la plus pure du cannabidiol, obtenue par un processus d&rsquo;extraction qui \u00e9limine tous les autres compos\u00e9s, y compris les terp\u00e8nes, les flavono\u00efdes et d&rsquo;autres cannabino\u00efdes majeurs et mineurs naturellement pr\u00e9sents dans la plante Cannabis Sativa L.<\/p>\n<p>Nos gouttes d&rsquo;isolat de CBD sont conformes aux r\u00e9glementations de l&rsquo;UE, ne contiennent aucune trace de THC et ne provoquent aucun effet psychologique.<\/p>\n<\/div>\n<h1>\n<h1 class=\"uk-h3\" data-id=\"page#12\">\u00ab\u00a0Comme un artiste solo&#8230;\u00a0\u00bb<\/h1>\n<\/h1>\n<div>\n<p>Tout comme un instrument soliste se distingue dans une pi\u00e8ce musicale, nos gouttes d&rsquo;isolat offrent l&rsquo;exp\u00e9rience du CBD sans la pr\u00e9sence d&rsquo;autres \u00e9l\u00e9ments v\u00e9g\u00e9taux naturels pr\u00e9sents dans nos gouttes \u00e0 large spectre et \u00e0 spectre complet.<\/p>\n<\/div>\n<h1>Nos gouttes de CBD \u00e0 large spectre<\/h1>\n<div>\n<p>Les produits d\u00e9riv\u00e9s de Cannabis S. \u00e0 large spectre sont compos\u00e9s d&rsquo;extraits de Cannabis S. qui pr\u00e9servent toutes les mol\u00e9cules naturellement pr\u00e9sentes dans la plante, telles que les flavono\u00efdes, les terp\u00e8nes, les cannabino\u00efdes mineurs et majeurs, \u00e0 l&rsquo;exception du THC.<\/p>\n<p>Nos gouttes de CBD \u00e0 large spectre sont conformes aux r\u00e8glements de l&rsquo;UE, peuvent contenir jusqu&rsquo;\u00e0 0,2 % de THC et ne provoquent aucun effet psychologique.<\/p>\n<\/div>\n<h1>\n<h1 class=\"uk-h3\" data-id=\"page#33\">\u00ab\u00a0Presque un orchestre complet, mais avec une touche sp\u00e9ciale&#8230;\u00a0\u00bb<\/h1>\n<\/h1>\n<div>\n<p>Bien qu&rsquo;il ne s&rsquo;agisse pas d&rsquo;un orchestre complet, nos gouttes de CBD \u00e0 large spectre offrent un m\u00e9lange harmonieux &#8211; en excluant uniquement le THC &#8211; vous permettant de profiter d&rsquo;une symphonie th\u00e9rapeutique de bien-\u00eatre sans effets psychotropes.<\/p>\n<\/div>\n<p>\n    <a href=\"\/fr\/shop\/\">Voir notre gamme de produits<\/a>\n<\/p>\n<p><img decoding=\"async\" src=\"\/wp-content\/uploads\/hexagon.-Broad-1.svg\" alt=\"\"><br \/>\n<img decoding=\"async\" src=\"\/wp-content\/uploads\/haxagon.-F.-Spec-1.svg\" alt=\"\"><\/p>\n<h1>Nos gouttes de CBD \u00e0 spectre complet<\/h1>\n<div>\n<p>Dans les produits d\u00e9riv\u00e9s du Cannabis Sativa L. \u00e0 spectre complet, le cannabidiol existe aux c\u00f4t\u00e9s d&rsquo;autres cannabino\u00efdes majeurs et mineurs, de terp\u00e8nes et de flavono\u00efdes, naturellement pr\u00e9sents dans la composition de la plante.<\/p>\n<p>Nos gouttes de CBD \u00e0 spectre complet sont conformes aux r\u00e8glements de l&rsquo;UE, contiennent moins de 0,2 % de THC et ne provoquent aucun effet psychologique.<\/p>\n<\/div>\n<h1>\n<h1 class=\"uk-h3\" data-id=\"page#12\" style=\"margin: 0px 0px 25px; font-family: ApfelGrotezk-Regular; font-weight: 400; color: #000000; letter-spacing: 0.01em; font-size: 30px; line-height: 1.2;\">\u00ab\u00a0Tout l&rsquo;orchestre, jouant en symphonie&#8230;\u00a0\u00bb<\/h1>\n<\/h1>\n<div>\n<p>Tout comme un orchestre compos\u00e9 d&rsquo;une vari\u00e9t\u00e9 d&rsquo;instruments, nos gouttes de CBD \u00e0 spectre complet combinent tous les cannabino\u00efdes majeurs et mineurs, ainsi que les terp\u00e8nes et les flavono\u00efdes, cr\u00e9ant ainsi une puissante harmonie. Il ne s&rsquo;agit pas d&rsquo;une seule note, mais d&rsquo;une composition enti\u00e8re de bienfaits naturels jouant ensemble pour que votre corps et votre esprit aient l&rsquo;impression d&rsquo;assister \u00e0 un concert de bien-\u00eatre.<\/p>\n<\/div>\n<p>\n    <a href=\"\/fr\/shop\/\">Voir notre gamme de produits<\/a>\n<\/p>\n<h1>Vous voulez essayer \u00d8YL?<\/h1>\n<div>\n<p>Votre gamme bien-\u00eatre de produits naturels au CBD<\/p>\n<\/div>\n<p>\n    <a href=\"\/fr\/shop\/\">\u2192 D\u00e9couvrez nos produits<\/a>\n<\/p>\n<p><!--more--><br \/>\n<!-- {\"type\":\"layout\",\"children\":[{\"name\":\"Hero Home\",\"type\":\"section\",\"props\":{\"height\":\"viewport\",\"height_offset_top\":true,\"height_viewport\":80,\"image\":\"wp-content\\\/uploads\\\/oyl-cbd-oil-header-001.jpg\",\"image_effect\":\"parallax\",\"image_parallax_bgy\":\"-50,50\",\"image_parallax_easing\":\"1\",\"image_position\":\"center-center\",\"image_size\":\"cover\",\"media_focal_point\":\"center-left\",\"padding\":\"small\",\"style\":\"muted\",\"text_color\":\"dark\",\"title_breakpoint\":\"xl\",\"title_position\":\"top-left\",\"title_rotation\":\"left\",\"vertical_align\":\"middle\",\"width\":\"\"},\"children\":[{\"type\":\"row\",\"children\":[{\"type\":\"column\",\"props\":{\"image_effect\":\"parallax\",\"image_parallax_bgy\":\"-110,50\",\"image_parallax_easing\":\"1\",\"image_position\":\"center-center\",\"image_width\":\"400\",\"position_sticky_breakpoint\":\"m\",\"vertical_align\":\"middle\",\"width_medium\":\"2-3\"},\"children\":[{\"type\":\"headline\",\"props\":{\"block_align\":\"center\",\"content\":\"Isolate, Broad, ou Full Spectrum?\",\"title_element\":\"h1\",\"title_style\":\"h1\"}},{\"type\":\"text\",\"props\":{\"column_breakpoint\":\"m\",\"content\":\"\n\n<p>Les termes \\\"spectre complet\\\", \\\"spectre large\\\" et \\\"isolat\\\" sont couramment utilis\\u00e9s pour d\\u00e9crire les produits d\\u00e9riv\\u00e9s du Cannabis Sativa L.. Ces termes indiquent le contenu mol\\u00e9culaire pr\\u00e9sent dans le produit commercialis\\u00e9.<\\\/p>\",\"margin\":\"default\",\"maxwidth\":\"2xlarge\",\"text_style\":\"lead\"}}]},{\"type\":\"column\",\"props\":{\"image_position\":\"center-center\",\"position_sticky_breakpoint\":\"m\",\"width_medium\":\"1-3\"}}],\"props\":{\"alignment\":\"center\",\"layout\":\"2-3,1-3\",\"padding_remove_horizontal\":false,\"width\":\"default\"}}]},{\"type\":\"section\",\"props\":{\"image_position\":\"center-center\",\"style\":\"default\",\"title_breakpoint\":\"xl\",\"title_position\":\"top-left\",\"title_rotation\":\"left\",\"vertical_align\":\"\",\"width\":\"default\"},\"children\":[{\"type\":\"row\",\"props\":{\"column_gap\":\"large\",\"layout\":\"1-2,1-2\",\"margin\":\"xlarge\",\"margin_remove_top\":true},\"children\":[{\"type\":\"column\",\"props\":{\"image_position\":\"center-center\",\"position_sticky_breakpoint\":\"m\",\"vertical_align\":\"middle\",\"width_medium\":\"1-2\"},\"children\":[{\"type\":\"image\",\"props\":{\"image\":\"wp-content\\\/uploads\\\/CBD-2.svghexagon.-Isolate-2.svg\",\"image_svg_color\":\"emphasis\",\"margin\":\"default\"}}]},{\"type\":\"column\",\"props\":{\"image_position\":\"center-center\",\"position_sticky_breakpoint\":\"m\",\"width_medium\":\"1-2\"},\"children\":[{\"type\":\"headline\",\"props\":{\"content\":\"Nos gouttes de CBD pur\",\"title_element\":\"h1\",\"title_font_family\":\"primary\",\"title_style\":\"h3\"}},{\"type\":\"text\",\"props\":{\"column_breakpoint\":\"m\",\"content\":\"\n\n<p>L'isolat de CBD est la forme la plus pure du cannabidiol, obtenue par un processus d'extraction qui \\u00e9limine tous les autres compos\\u00e9s, y compris les terp\\u00e8nes, les flavono\\u00efdes et d'autres cannabino\\u00efdes majeurs et mineurs naturellement pr\\u00e9sents dans la plante Cannabis Sativa L.<\\\/p>\\n\n\n<p>Nos gouttes d'isolat de CBD sont conformes aux r\\u00e9glementations de l'UE, ne contiennent aucune trace de THC et ne provoquent aucun effet psychologique.<\\\/p>\",\"margin\":\"default\",\"text_style\":\"lead\"}},{\"type\":\"headline\",\"props\":{\"content\":\"\n\n<h1 class=\\\"uk-h3\\\" data-id=\\\"page#12\\\">\\\"Comme un artiste solo...\\\"<\\\/h1>\",\"title_element\":\"h1\"}},{\"type\":\"text\",\"props\":{\"column_breakpoint\":\"m\",\"content\":\"\n\n<p>Tout comme un instrument soliste se distingue dans une pi\\u00e8ce musicale, nos gouttes d'isolat offrent l'exp\\u00e9rience du CBD sans la pr\\u00e9sence d'autres \\u00e9l\\u00e9ments v\\u00e9g\\u00e9taux naturels pr\\u00e9sents dans nos gouttes \\u00e0 large spectre et \\u00e0 spectre complet.<\\\/p>\",\"margin\":\"default\",\"text_style\":\"lead\"}}]}]},{\"type\":\"row\",\"props\":{\"column_gap\":\"large\",\"layout\":\"1-2,1-2\",\"margin\":\"xlarge\"},\"children\":[{\"type\":\"column\",\"props\":{\"image_position\":\"center-center\",\"position_sticky_breakpoint\":\"m\",\"vertical_align\":\"middle\",\"width_medium\":\"1-2\"},\"children\":[{\"type\":\"headline\",\"props\":{\"content\":\"Nos gouttes de CBD \\u00e0 large spectre\",\"title_element\":\"h1\",\"title_font_family\":\"primary\",\"title_style\":\"h3\"}},{\"type\":\"text\",\"props\":{\"column_breakpoint\":\"m\",\"content\":\"\n\n<p>Les produits d\\u00e9riv\\u00e9s de Cannabis S. \\u00e0 large spectre sont compos\\u00e9s d'extraits de Cannabis S. qui pr\\u00e9servent toutes les mol\\u00e9cules naturellement pr\\u00e9sentes dans la plante, telles que les flavono\\u00efdes, les terp\\u00e8nes, les cannabino\\u00efdes mineurs et majeurs, \\u00e0 l'exception du THC.<\\\/p>\\n\n\n<p>Nos gouttes de CBD \\u00e0 large spectre sont conformes aux r\\u00e8glements de l'UE, peuvent contenir jusqu'\\u00e0 0,2 % de THC et ne provoquent aucun effet psychologique.<\\\/p>\",\"margin\":\"default\",\"text_style\":\"lead\"}},{\"type\":\"headline\",\"props\":{\"content\":\"\n\n<h1 class=\\\"uk-h3\\\" data-id=\\\"page#33\\\">\\\"Presque un orchestre complet, mais avec une touche sp\\u00e9ciale...\\\"<\\\/h1>\",\"title_element\":\"h1\"}},{\"type\":\"text\",\"props\":{\"column_breakpoint\":\"m\",\"content\":\"\n\n<p>Bien qu'il ne s'agisse pas d'un orchestre complet, nos gouttes de CBD \\u00e0 large spectre offrent un m\\u00e9lange harmonieux - en excluant uniquement le THC - vous permettant de profiter d'une symphonie th\\u00e9rapeutique de bien-\\u00eatre sans effets psychotropes.<\\\/p>\",\"margin\":\"default\",\"text_style\":\"lead\"}},{\"type\":\"button\",\"props\":{\"grid_column_gap\":\"small\",\"grid_row_gap\":\"small\",\"margin\":\"large\",\"margin_remove_bottom\":true,\"text_align\":\"left\"},\"children\":[{\"type\":\"button_item\",\"props\":{\"button_style\":\"text\",\"content\":\"Voir notre gamme de produits\",\"icon\":\"arrow-right\",\"icon_align\":\"left\",\"link\":\"fr\\\/shop\\\/\"}}]}]},{\"type\":\"column\",\"props\":{\"image_position\":\"center-center\",\"position_sticky_breakpoint\":\"m\",\"width_medium\":\"1-2\"},\"children\":[{\"type\":\"image\",\"props\":{\"image\":\"wp-content\\\/uploads\\\/hexagon.-Broad-1.svg\",\"image_svg_color\":\"emphasis\",\"image_width\":\"1500\",\"margin\":\"default\"}}]}]}]},{\"type\":\"section\",\"props\":{\"image_position\":\"center-center\",\"style\":\"default\",\"title_breakpoint\":\"xl\",\"title_position\":\"top-left\",\"title_rotation\":\"left\",\"vertical_align\":\"\",\"width\":\"default\"},\"children\":[{\"type\":\"row\",\"props\":{\"column_gap\":\"large\",\"layout\":\"1-2,1-2\",\"margin\":\"xlarge\"},\"children\":[{\"type\":\"column\",\"props\":{\"image_position\":\"center-center\",\"position_sticky_breakpoint\":\"m\",\"vertical_align\":\"middle\",\"width_medium\":\"1-2\"},\"children\":[{\"type\":\"image\",\"props\":{\"image\":\"wp-content\\\/uploads\\\/haxagon.-F.-Spec-1.svg\",\"image_svg_color\":\"emphasis\",\"margin\":\"default\"}}]},{\"type\":\"column\",\"props\":{\"image_position\":\"center-center\",\"position_sticky_breakpoint\":\"m\",\"width_medium\":\"1-2\"},\"children\":[{\"type\":\"headline\",\"props\":{\"animation\":\"none\",\"content\":\"Nos gouttes de CBD \\u00e0 spectre complet\",\"title_element\":\"h1\",\"title_style\":\"h3\"}},{\"type\":\"text\",\"props\":{\"column_breakpoint\":\"m\",\"content\":\"\n\n<p>Dans les produits d\\u00e9riv\\u00e9s du Cannabis Sativa L. \\u00e0 spectre complet, le cannabidiol existe aux c\\u00f4t\\u00e9s d'autres cannabino\\u00efdes majeurs et mineurs, de terp\\u00e8nes et de flavono\\u00efdes, naturellement pr\\u00e9sents dans la composition de la plante.<\\\/p>\\n\n\n<p>Nos gouttes de CBD \\u00e0 spectre complet sont conformes aux r\\u00e8glements de l'UE, contiennent moins de 0,2 % de THC et ne provoquent aucun effet psychologique.<\\\/p>\",\"margin\":\"default\",\"text_style\":\"lead\"}},{\"type\":\"headline\",\"props\":{\"content\":\"\n\n<h1 class=\\\"uk-h3\\\" data-id=\\\"page#12\\\" style=\\\"margin: 0px 0px 25px; font-family: ApfelGrotezk-Regular; font-weight: 400; color: #000000; letter-spacing: 0.01em; font-size: 30px; line-height: 1.2;\\\">\\\"Tout l'orchestre, jouant en symphonie...\\\"<\\\/h1>\",\"title_element\":\"h1\"}},{\"type\":\"text\",\"props\":{\"column_breakpoint\":\"m\",\"content\":\"\n\n<p>Tout comme un orchestre compos\\u00e9 d'une vari\\u00e9t\\u00e9 d'instruments, nos gouttes de CBD \\u00e0 spectre complet combinent tous les cannabino\\u00efdes majeurs et mineurs, ainsi que les terp\\u00e8nes et les flavono\\u00efdes, cr\\u00e9ant ainsi une puissante harmonie. Il ne s'agit pas d'une seule note, mais d'une composition enti\\u00e8re de bienfaits naturels jouant ensemble pour que votre corps et votre esprit aient l'impression d'assister \\u00e0 un concert de bien-\\u00eatre.<\\\/p>\",\"margin\":\"default\",\"text_style\":\"lead\"}},{\"type\":\"button\",\"props\":{\"grid_column_gap\":\"small\",\"grid_row_gap\":\"small\",\"margin\":\"large\",\"margin_remove_bottom\":true,\"text_align\":\"left\"},\"children\":[{\"type\":\"button_item\",\"props\":{\"button_style\":\"text\",\"content\":\"Voir notre gamme de produits\",\"icon\":\"arrow-right\",\"icon_align\":\"left\",\"link\":\"fr\\\/shop\\\/\"}}]}]}]}],\"name\":\"LEARN BTNS\"},{\"type\":\"section\",\"props\":{\"image_position\":\"center-center\",\"style\":\"muted\",\"title_breakpoint\":\"xl\",\"title_position\":\"top-left\",\"title_rotation\":\"left\",\"vertical_align\":\"\",\"width\":\"default\"},\"children\":[{\"type\":\"row\",\"children\":[{\"type\":\"column\",\"props\":{\"image_position\":\"center-center\",\"position_sticky_breakpoint\":\"m\"},\"children\":[{\"type\":\"headline\",\"props\":{\"content\":\"Vous voulez essayer \\u00d8YL?\",\"text_align\":\"center\",\"title_element\":\"h1\",\"title_style\":\"h2\"}},{\"type\":\"text\",\"props\":{\"column_breakpoint\":\"m\",\"content\":\"\n\n<p>Votre gamme bien-\\u00eatre de produits naturels au CBD<\\\/p>\",\"margin\":\"default\",\"text_align\":\"center\",\"text_style\":\"lead\"}},{\"type\":\"button\",\"props\":{\"grid_column_gap\":\"small\",\"grid_row_gap\":\"small\",\"margin\":\"default\",\"margin_remove_bottom\":false,\"text_align\":\"center\"},\"children\":[{\"type\":\"button_item\",\"props\":{\"button_style\":\"default\",\"content\":\"\\u2192 D\\u00e9couvrez nos produits\",\"icon_align\":\"left\",\"link\":\"fr\\\/shop\\\/\"}}]}]}]}],\"name\":\"**CTA FR\"}],\"version\":\"4.4.16\"} --><\/p>\n","protected":false},"excerpt":{"rendered":"<p>Isolate, Broad, ou Full Spectrum? Les termes \u00ab\u00a0spectre complet\u00a0\u00bb, \u00ab\u00a0spectre large\u00a0\u00bb et \u00ab\u00a0isolat\u00a0\u00bb sont couramment utilis\u00e9s pour d\u00e9crire les produits d\u00e9riv\u00e9s du Cannabis Sativa L.. Ces termes indiquent le contenu mol\u00e9culaire pr\u00e9sent dans le produit commercialis\u00e9. Nos gouttes de CBD pur L&rsquo;isolat de CBD est la forme la plus pure du cannabidiol, obtenue par un [&hellip;]<\/p>\n","protected":false},"author":1,"featured_media":0,"parent":0,"menu_order":0,"comment_status":"closed","ping_status":"closed","template":"","meta":{"_acf_changed":false,"footnotes":""},"class_list":["post-5065","page","type-page","status-publish","hentry"],"acf":[],"yoast_head":"<!-- This site is optimized with the Yoast SEO plugin v27.4 - https:\/\/yoast.com\/product\/yoast-seo-wordpress\/ -->\n<title>Les formulations de CBD - \u00d8YL<\/title>\n<meta name=\"robots\" content=\"index, follow, max-snippet:-1, max-image-preview:large, max-video-preview:-1\" \/>\n<link rel=\"canonical\" href=\"https:\/\/oyl-cbd.com\/fr\/les-formulations-de-cbd\/\" \/>\n<meta property=\"og:locale\" content=\"fr_FR\" \/>\n<meta property=\"og:type\" content=\"article\" \/>\n<meta property=\"og:title\" content=\"Les formulations de CBD - \u00d8YL\" \/>\n<meta property=\"og:description\" content=\"Isolate, Broad, ou Full Spectrum? Les termes \u00ab\u00a0spectre complet\u00a0\u00bb, \u00ab\u00a0spectre large\u00a0\u00bb et \u00ab\u00a0isolat\u00a0\u00bb sont couramment utilis\u00e9s pour d\u00e9crire les produits d\u00e9riv\u00e9s du Cannabis Sativa L.. Ces termes indiquent le contenu mol\u00e9culaire pr\u00e9sent dans le produit commercialis\u00e9. Nos gouttes de CBD pur L&rsquo;isolat de CBD est la forme la plus pure du cannabidiol, obtenue par un [&hellip;]\" \/>\n<meta property=\"og:url\" content=\"https:\/\/oyl-cbd.com\/fr\/les-formulations-de-cbd\/\" \/>\n<meta property=\"og:site_name\" content=\"\u00d8YL\" \/>\n<meta property=\"article:modified_time\" content=\"2025-01-09T13:03:47+00:00\" \/>\n<meta name=\"twitter:card\" content=\"summary_large_image\" \/>\n<meta name=\"twitter:label1\" content=\"Dur\u00e9e de lecture estim\u00e9e\" \/>\n\t<meta name=\"twitter:data1\" content=\"2 minutes\" \/>\n<script type=\"application\/ld+json\" class=\"yoast-schema-graph\">{\"@context\":\"https:\\\/\\\/schema.org\",\"@graph\":[{\"@type\":\"WebPage\",\"@id\":\"https:\\\/\\\/oyl-cbd.com\\\/fr\\\/les-formulations-de-cbd\\\/\",\"url\":\"https:\\\/\\\/oyl-cbd.com\\\/fr\\\/les-formulations-de-cbd\\\/\",\"name\":\"Les formulations de CBD - \u00d8YL\",\"isPartOf\":{\"@id\":\"https:\\\/\\\/oyl-cbd.com\\\/fr\\\/#website\"},\"datePublished\":\"2023-07-22T12:26:02+00:00\",\"dateModified\":\"2025-01-09T13:03:47+00:00\",\"breadcrumb\":{\"@id\":\"https:\\\/\\\/oyl-cbd.com\\\/fr\\\/les-formulations-de-cbd\\\/#breadcrumb\"},\"inLanguage\":\"fr-FR\",\"potentialAction\":[{\"@type\":\"ReadAction\",\"target\":[\"https:\\\/\\\/oyl-cbd.com\\\/fr\\\/les-formulations-de-cbd\\\/\"]}]},{\"@type\":\"BreadcrumbList\",\"@id\":\"https:\\\/\\\/oyl-cbd.com\\\/fr\\\/les-formulations-de-cbd\\\/#breadcrumb\",\"itemListElement\":[{\"@type\":\"ListItem\",\"position\":1,\"name\":\"Accueil\",\"item\":\"https:\\\/\\\/oyl-cbd.com\\\/fr\\\/\"},{\"@type\":\"ListItem\",\"position\":2,\"name\":\"Les formulations de CBD\"}]},{\"@type\":\"WebSite\",\"@id\":\"https:\\\/\\\/oyl-cbd.com\\\/fr\\\/#website\",\"url\":\"https:\\\/\\\/oyl-cbd.com\\\/fr\\\/\",\"name\":\"\u00d8YL\",\"description\":\"soins \u00e0 base de CBD\",\"publisher\":{\"@id\":\"https:\\\/\\\/oyl-cbd.com\\\/fr\\\/#organization\"},\"potentialAction\":[{\"@type\":\"SearchAction\",\"target\":{\"@type\":\"EntryPoint\",\"urlTemplate\":\"https:\\\/\\\/oyl-cbd.com\\\/fr\\\/?s={search_term_string}\"},\"query-input\":{\"@type\":\"PropertyValueSpecification\",\"valueRequired\":true,\"valueName\":\"search_term_string\"}}],\"inLanguage\":\"fr-FR\"},{\"@type\":\"Organization\",\"@id\":\"https:\\\/\\\/oyl-cbd.com\\\/fr\\\/#organization\",\"name\":\"\u00d8YL\",\"url\":\"https:\\\/\\\/oyl-cbd.com\\\/fr\\\/\",\"logo\":{\"@type\":\"ImageObject\",\"inLanguage\":\"fr-FR\",\"@id\":\"https:\\\/\\\/oyl-cbd.com\\\/fr\\\/#\\\/schema\\\/logo\\\/image\\\/\",\"url\":\"https:\\\/\\\/oyl-cbd.com\\\/wp-content\\\/uploads\\\/PHOTO-2023-01-03-09-25-37-1.jpg\",\"contentUrl\":\"https:\\\/\\\/oyl-cbd.com\\\/wp-content\\\/uploads\\\/PHOTO-2023-01-03-09-25-37-1.jpg\",\"width\":1600,\"height\":1600,\"caption\":\"\u00d8YL\"},\"image\":{\"@id\":\"https:\\\/\\\/oyl-cbd.com\\\/fr\\\/#\\\/schema\\\/logo\\\/image\\\/\"}}]}<\/script>\n<!-- \/ Yoast SEO plugin. -->","yoast_head_json":{"title":"Les formulations de CBD - \u00d8YL","robots":{"index":"index","follow":"follow","max-snippet":"max-snippet:-1","max-image-preview":"max-image-preview:large","max-video-preview":"max-video-preview:-1"},"canonical":"https:\/\/oyl-cbd.com\/fr\/les-formulations-de-cbd\/","og_locale":"fr_FR","og_type":"article","og_title":"Les formulations de CBD - \u00d8YL","og_description":"Isolate, Broad, ou Full Spectrum? Les termes \u00ab\u00a0spectre complet\u00a0\u00bb, \u00ab\u00a0spectre large\u00a0\u00bb et \u00ab\u00a0isolat\u00a0\u00bb sont couramment utilis\u00e9s pour d\u00e9crire les produits d\u00e9riv\u00e9s du Cannabis Sativa L.. Ces termes indiquent le contenu mol\u00e9culaire pr\u00e9sent dans le produit commercialis\u00e9. Nos gouttes de CBD pur L&rsquo;isolat de CBD est la forme la plus pure du cannabidiol, obtenue par un [&hellip;]","og_url":"https:\/\/oyl-cbd.com\/fr\/les-formulations-de-cbd\/","og_site_name":"\u00d8YL","article_modified_time":"2025-01-09T13:03:47+00:00","twitter_card":"summary_large_image","twitter_misc":{"Dur\u00e9e de lecture estim\u00e9e":"2 minutes"},"schema":{"@context":"https:\/\/schema.org","@graph":[{"@type":"WebPage","@id":"https:\/\/oyl-cbd.com\/fr\/les-formulations-de-cbd\/","url":"https:\/\/oyl-cbd.com\/fr\/les-formulations-de-cbd\/","name":"Les formulations de CBD - \u00d8YL","isPartOf":{"@id":"https:\/\/oyl-cbd.com\/fr\/#website"},"datePublished":"2023-07-22T12:26:02+00:00","dateModified":"2025-01-09T13:03:47+00:00","breadcrumb":{"@id":"https:\/\/oyl-cbd.com\/fr\/les-formulations-de-cbd\/#breadcrumb"},"inLanguage":"fr-FR","potentialAction":[{"@type":"ReadAction","target":["https:\/\/oyl-cbd.com\/fr\/les-formulations-de-cbd\/"]}]},{"@type":"BreadcrumbList","@id":"https:\/\/oyl-cbd.com\/fr\/les-formulations-de-cbd\/#breadcrumb","itemListElement":[{"@type":"ListItem","position":1,"name":"Accueil","item":"https:\/\/oyl-cbd.com\/fr\/"},{"@type":"ListItem","position":2,"name":"Les formulations de CBD"}]},{"@type":"WebSite","@id":"https:\/\/oyl-cbd.com\/fr\/#website","url":"https:\/\/oyl-cbd.com\/fr\/","name":"\u00d8YL","description":"soins \u00e0 base de CBD","publisher":{"@id":"https:\/\/oyl-cbd.com\/fr\/#organization"},"potentialAction":[{"@type":"SearchAction","target":{"@type":"EntryPoint","urlTemplate":"https:\/\/oyl-cbd.com\/fr\/?s={search_term_string}"},"query-input":{"@type":"PropertyValueSpecification","valueRequired":true,"valueName":"search_term_string"}}],"inLanguage":"fr-FR"},{"@type":"Organization","@id":"https:\/\/oyl-cbd.com\/fr\/#organization","name":"\u00d8YL","url":"https:\/\/oyl-cbd.com\/fr\/","logo":{"@type":"ImageObject","inLanguage":"fr-FR","@id":"https:\/\/oyl-cbd.com\/fr\/#\/schema\/logo\/image\/","url":"https:\/\/oyl-cbd.com\/wp-content\/uploads\/PHOTO-2023-01-03-09-25-37-1.jpg","contentUrl":"https:\/\/oyl-cbd.com\/wp-content\/uploads\/PHOTO-2023-01-03-09-25-37-1.jpg","width":1600,"height":1600,"caption":"\u00d8YL"},"image":{"@id":"https:\/\/oyl-cbd.com\/fr\/#\/schema\/logo\/image\/"}}]}},"_links":{"self":[{"href":"https:\/\/oyl-cbd.com\/fr\/wp-json\/wp\/v2\/pages\/5065","targetHints":{"allow":["GET"]}}],"collection":[{"href":"https:\/\/oyl-cbd.com\/fr\/wp-json\/wp\/v2\/pages"}],"about":[{"href":"https:\/\/oyl-cbd.com\/fr\/wp-json\/wp\/v2\/types\/page"}],"author":[{"embeddable":true,"href":"https:\/\/oyl-cbd.com\/fr\/wp-json\/wp\/v2\/users\/1"}],"replies":[{"embeddable":true,"href":"https:\/\/oyl-cbd.com\/fr\/wp-json\/wp\/v2\/comments?post=5065"}],"version-history":[{"count":14,"href":"https:\/\/oyl-cbd.com\/fr\/wp-json\/wp\/v2\/pages\/5065\/revisions"}],"predecessor-version":[{"id":5523,"href":"https:\/\/oyl-cbd.com\/fr\/wp-json\/wp\/v2\/pages\/5065\/revisions\/5523"}],"wp:attachment":[{"href":"https:\/\/oyl-cbd.com\/fr\/wp-json\/wp\/v2\/media?parent=5065"}],"curies":[{"name":"wp","href":"https:\/\/api.w.org\/{rel}","templated":true}]}}