{"id":5068,"date":"2023-07-21T18:06:48","date_gmt":"2023-07-21T18:06:48","guid":{"rendered":"https:\/\/oyl-cbd.com\/?page_id=5068"},"modified":"2025-01-09T13:04:04","modified_gmt":"2025-01-09T13:04:04","slug":"le-systeme-endocannabinoide","status":"publish","type":"page","link":"https:\/\/oyl-cbd.com\/fr\/le-systeme-endocannabinoide\/","title":{"rendered":"Le syst\u00e8me Endocannabino\u00efde"},"content":{"rendered":"<h1>Le syst\u00e8me endocannabino\u00efde <br \/>et notre corps<\/h1>\n<p>\n    <a href=\"\/fr\/shop\/\">D\u00e9couvrez nos huiles de CBD<\/a>\n<\/p>\n<p><img decoding=\"async\" src=\"\/wp-content\/uploads\/OYL-cd-oil-icon-Endocannabinoid-001.jpg\" alt=\"\"><\/p>\n<h1>Qu&rsquo;est-ce que le syst\u00e8me endocannabino\u00efde ?<\/h1>\n<div>\n<p>Le syst\u00e8me endocannabino\u00efde agit comme un syst\u00e8me de messagerie propre \u00e0 l&rsquo;organisme, supervisant des processus importants et maintenant l&rsquo;\u00e9quilibre. Il doit son nom au fait que les chercheurs l&rsquo;ont d\u00e9couvert en \u00e9tudiant les effets du cannabis. Ce syst\u00e8me permet de s&rsquo;assurer que tout ce qui se trouve dans votre corps fonctionne bien et reste en harmonie.<\/p>\n<\/div>\n<p><img decoding=\"async\" src=\"\/wp-content\/uploads\/OYL-cd-oil-icon-Endocannabinoid-001.jpg\" alt=\"\"><\/p>\n<h1>Que sont les endocannabino\u00efdes ?<\/h1>\n<div>\n<p>Les principaux endocannabino\u00efdes que nous connaissons sont l&rsquo;anandamine et le 2-arachidonoylglyc\u00e9rol (appel\u00e9 2-AG). Ces mol\u00e9cules messag\u00e8res sont produites \u00e0 la demande et agissent comme des signaux qui se lient aux r\u00e9cepteurs des cannabino\u00efdes dans votre corps. Il s&rsquo;agit d&rsquo;un syst\u00e8me de communication interne sophistiqu\u00e9 qui facilite le dialogue entre les diff\u00e9rentes parties de l&rsquo;organisme.<\/p>\n<\/div>\n<p><img decoding=\"async\" src=\"\/wp-content\/uploads\/OYL-cd-oil-icon-Endocannabinoid-001.jpg\" alt=\"\"><\/p>\n<h1>Les endocannabino\u00efdes et les r\u00e9cepteurs cannabino\u00efdes<\/h1>\n<div>\n<p>Ils se trouvent \u00e0 la surface des cellules de l&rsquo;ensemble du corps et sont divis\u00e9s en deux types principaux : Les r\u00e9cepteurs CB1 et les r\u00e9cepteurs CB2. Les r\u00e9cepteurs CB1 sont principalement situ\u00e9s dans le syst\u00e8me nerveux central, y compris le cerveau, tandis que les r\u00e9cepteurs CB2 se trouvent principalement dans les tissus p\u00e9riph\u00e9riques, en particulier dans les cellules immunitaires.<\/p>\n<p>Ces r\u00e9cepteurs agissent comme des trous de serrure, attendant que les bonnes cl\u00e9s (endocannabino\u00efdes ou cannabino\u00efdes externes) arrivent et d\u00e9verrouillent certaines r\u00e9ponses dans votre corps. C&rsquo;est un peu comme si vous aviez des \u00e9quipes sp\u00e9cialis\u00e9es dans diff\u00e9rentes zones de votre cerveau, chacune r\u00e9pondant \u00e0 des signaux sp\u00e9cifiques pour maintenir l&rsquo;ordre.<\/p>\n<\/div>\n<p><img decoding=\"async\" src=\"\/wp-content\/uploads\/OYL-cd-oil-icon-Endocannabinoid-001.jpg\" alt=\"\"><\/p>\n<h1>Que sont les cannabino\u00efdes ?<\/h1>\n<div>\n<p>Il s&rsquo;agit de compos\u00e9s d\u00e9riv\u00e9s de plantes qui interagissent avec notre corps par l&rsquo;interm\u00e9diaire du syst\u00e8me endocannabino\u00efde. La recherche sugg\u00e8re qu&rsquo;ils peuvent avoir des effets m\u00e9dicaux et r\u00e9cr\u00e9atifs, comme le soulagement de la douleur et du stress ou la cr\u00e9ation d&rsquo;un sentiment de bonheur.<\/p>\n<p>Les principaux sont similaires au THC, le cannabino\u00efde psychoactif, et au CBD, le cannabino\u00efde non psychoactif, connu pour ses divers bienfaits potentiels pour la sant\u00e9, et d&rsquo;autres comme le cannabichrom\u00e8ne, le cannabig\u00e9rol, le cannabinol, le cannabicyclol, la cannabielso\u00efne et le cannabitriol. Chacune de ces substances pr\u00e9sente des caract\u00e9ristiques et des effets potentiels qui lui sont propres.<\/p>\n<\/div>\n<ul>\n<li>\n        <a href=\"\/fr\/les-cannabinoides\/\">En Savoir + sur les Canabino\u00efdes<\/a>\n    <\/li>\n<li>\n        <a href=\"\/fr\/les-formulations-de-cbd\/\">Quelles sont les diff\u00e9rentes formulations du CBD ?<\/a>\n    <\/li>\n<\/ul>\n<h1>Vous voulez essayer \u00d8YL?<\/h1>\n<div>\n<p>Votre gamme bien-\u00eatre de produits naturels au CBD<\/p>\n<\/div>\n<p>\n    <a href=\"\/fr\/shop\/\">\u2192 D\u00e9couvrez nos produits<\/a>\n<\/p>\n<p><!--more--><br \/>\n<!-- {\"type\":\"layout\",\"children\":[{\"name\":\"Hero Home\",\"type\":\"section\",\"props\":{\"height\":\"viewport\",\"height_offset_top\":true,\"height_viewport\":80,\"image\":\"wp-content\\\/uploads\\\/oyl-cbd-oil-header-003.jpg\",\"image_effect\":\"parallax\",\"image_parallax_bgy\":\"-50,50\",\"image_parallax_easing\":\"1\",\"image_position\":\"center-center\",\"image_size\":\"cover\",\"media_focal_point\":\"center-left\",\"padding\":\"small\",\"style\":\"muted\",\"text_color\":\"dark\",\"title_breakpoint\":\"xl\",\"title_position\":\"top-left\",\"title_rotation\":\"left\",\"vertical_align\":\"middle\",\"width\":\"\"},\"children\":[{\"type\":\"row\",\"children\":[{\"type\":\"column\",\"props\":{\"image_effect\":\"parallax\",\"image_parallax_bgy\":\"-110,50\",\"image_parallax_easing\":\"1\",\"image_position\":\"center-center\",\"image_width\":\"400\",\"position_sticky_breakpoint\":\"m\",\"vertical_align\":\"middle\"},\"children\":[{\"type\":\"headline\",\"props\":{\"block_align\":\"center\",\"content\":\"Le syst\\u00e8me endocannabino\\u00efde <br \\\/>et notre corps\",\"title_element\":\"h1\",\"title_style\":\"h1\"}},{\"type\":\"text\",\"props\":{\"column_breakpoint\":\"m\",\"content\":\"\",\"margin\":\"default\",\"maxwidth\":\"xlarge\",\"text_style\":\"lead\"}},{\"type\":\"button\",\"props\":{\"grid_column_gap\":\"small\",\"grid_row_gap\":\"small\",\"margin\":\"large\",\"margin_remove_bottom\":true,\"text_align\":\"left\"},\"children\":[{\"type\":\"button_item\",\"props\":{\"button_style\":\"primary\",\"content\":\"D\\u00e9couvrez nos huiles de CBD\",\"icon\":\"arrow-right\",\"icon_align\":\"left\",\"link\":\"fr\\\/shop\\\/\"}}]}]}],\"props\":{\"alignment\":\"center\",\"padding_remove_horizontal\":false,\"width\":\"default\"}}]},{\"type\":\"section\",\"props\":{\"css\":\"img {\\n    \\\/* filter: url(filters.svg#grayscale); Firefox 3.5+ *\\\/\\n      filter: gray;\\n        -webkit-filter: grayscale(1);  \\n    \\t-webkit-transition: all .8s ease-in-out; \\n    }\\n\\nimg:hover {\\n    filter: none;\\n      -webkit-filter: grayscale(0);\\n      -webkit-transition: all .8s ease-in-out;   \\n    }\\n\\n\",\"image_position\":\"center-center\",\"style\":\"default\",\"title_breakpoint\":\"xl\",\"title_position\":\"top-left\",\"title_rotation\":\"left\",\"vertical_align\":\"\",\"width\":\"default\"},\"children\":[{\"type\":\"row\",\"props\":{\"column_gap\":\"large\",\"layout\":\"1-3,2-3\",\"margin\":\"xlarge\",\"margin_remove_top\":true},\"children\":[{\"type\":\"column\",\"props\":{\"image_position\":\"center-center\",\"position_sticky_breakpoint\":\"m\",\"vertical_align\":\"middle\",\"width_medium\":\"1-3\"},\"children\":[{\"type\":\"image\",\"props\":{\"image\":\"wp-content\\\/uploads\\\/OYL-cd-oil-icon-Endocannabinoid-001.jpg\",\"image_svg_color\":\"emphasis\",\"image_width\":\"250\",\"margin\":\"default\"}}]},{\"type\":\"column\",\"props\":{\"image_position\":\"center-center\",\"position_sticky_breakpoint\":\"m\",\"vertical_align\":\"middle\",\"width_medium\":\"2-3\"},\"children\":[{\"type\":\"headline\",\"props\":{\"content\":\"Qu'est-ce que le syst\\u00e8me endocannabino\\u00efde ?\",\"title_element\":\"h1\",\"title_style\":\"h3\"}},{\"type\":\"text\",\"props\":{\"column_breakpoint\":\"m\",\"content\":\"\n\n<p>Le syst\\u00e8me endocannabino\\u00efde agit comme un syst\\u00e8me de messagerie propre \\u00e0 l'organisme, supervisant des processus importants et maintenant l'\\u00e9quilibre. Il doit son nom au fait que les chercheurs l'ont d\\u00e9couvert en \\u00e9tudiant les effets du cannabis. Ce syst\\u00e8me permet de s'assurer que tout ce qui se trouve dans votre corps fonctionne bien et reste en harmonie.<\\\/p>\",\"margin\":\"default\",\"text_style\":\"lead\"}}]}]},{\"type\":\"row\",\"props\":{\"column_gap\":\"large\",\"layout\":\"1-3,2-3\",\"margin\":\"xlarge\",\"margin_remove_top\":true},\"children\":[{\"type\":\"column\",\"props\":{\"image_position\":\"center-center\",\"position_sticky_breakpoint\":\"m\",\"vertical_align\":\"middle\",\"width_medium\":\"1-3\"},\"children\":[{\"type\":\"image\",\"props\":{\"image\":\"wp-content\\\/uploads\\\/OYL-cd-oil-icon-Endocannabinoid-001.jpg\",\"image_svg_color\":\"emphasis\",\"image_width\":\"250\",\"margin\":\"default\"}}]},{\"type\":\"column\",\"props\":{\"image_position\":\"center-center\",\"order_first\":\"m\",\"position_sticky_breakpoint\":\"m\",\"vertical_align\":\"middle\",\"width_medium\":\"2-3\"},\"children\":[{\"type\":\"headline\",\"props\":{\"content\":\"Que sont les endocannabino\\u00efdes ?\",\"title_element\":\"h1\",\"title_style\":\"h3\"}},{\"type\":\"text\",\"props\":{\"column_breakpoint\":\"m\",\"content\":\"\n\n<p>Les principaux endocannabino\\u00efdes que nous connaissons sont l'anandamine et le 2-arachidonoylglyc\\u00e9rol (appel\\u00e9 2-AG). Ces mol\\u00e9cules messag\\u00e8res sont produites \\u00e0 la demande et agissent comme des signaux qui se lient aux r\\u00e9cepteurs des cannabino\\u00efdes dans votre corps. Il s'agit d'un syst\\u00e8me de communication interne sophistiqu\\u00e9 qui facilite le dialogue entre les diff\\u00e9rentes parties de l'organisme.<\\\/p>\",\"margin\":\"default\",\"text_style\":\"lead\"}}]}]},{\"type\":\"row\",\"props\":{\"column_gap\":\"large\",\"layout\":\"1-3,2-3\",\"margin\":\"xlarge\",\"margin_remove_top\":true},\"children\":[{\"type\":\"column\",\"props\":{\"image_position\":\"center-center\",\"position_sticky_breakpoint\":\"m\",\"vertical_align\":\"middle\",\"width_medium\":\"1-3\"},\"children\":[{\"type\":\"image\",\"props\":{\"image\":\"wp-content\\\/uploads\\\/OYL-cd-oil-icon-Endocannabinoid-001.jpg\",\"image_svg_color\":\"emphasis\",\"image_width\":\"250\",\"margin\":\"default\"}}]},{\"type\":\"column\",\"props\":{\"image_position\":\"center-center\",\"position_sticky_breakpoint\":\"m\",\"vertical_align\":\"middle\",\"width_medium\":\"2-3\"},\"children\":[{\"type\":\"headline\",\"props\":{\"content\":\"Les endocannabino\\u00efdes et les r\\u00e9cepteurs cannabino\\u00efdes\",\"title_element\":\"h1\",\"title_style\":\"h3\"}},{\"type\":\"text\",\"props\":{\"column_breakpoint\":\"m\",\"content\":\"\n\n<p>Ils se trouvent \\u00e0 la surface des cellules de l'ensemble du corps et sont divis\\u00e9s en deux types principaux : Les r\\u00e9cepteurs CB1 et les r\\u00e9cepteurs CB2. Les r\\u00e9cepteurs CB1 sont principalement situ\\u00e9s dans le syst\\u00e8me nerveux central, y compris le cerveau, tandis que les r\\u00e9cepteurs CB2 se trouvent principalement dans les tissus p\\u00e9riph\\u00e9riques, en particulier dans les cellules immunitaires.<\\\/p>\\n\n\n<p>Ces r\\u00e9cepteurs agissent comme des trous de serrure, attendant que les bonnes cl\\u00e9s (endocannabino\\u00efdes ou cannabino\\u00efdes externes) arrivent et d\\u00e9verrouillent certaines r\\u00e9ponses dans votre corps. C'est un peu comme si vous aviez des \\u00e9quipes sp\\u00e9cialis\\u00e9es dans diff\\u00e9rentes zones de votre cerveau, chacune r\\u00e9pondant \\u00e0 des signaux sp\\u00e9cifiques pour maintenir l'ordre.<\\\/p>\",\"margin\":\"default\",\"text_style\":\"lead\"}}]}]},{\"type\":\"row\",\"props\":{\"column_gap\":\"large\",\"layout\":\"1-3,2-3\",\"margin\":\"xlarge\",\"margin_remove_top\":true},\"children\":[{\"type\":\"column\",\"props\":{\"image_position\":\"center-center\",\"position_sticky_breakpoint\":\"m\",\"vertical_align\":\"middle\",\"width_medium\":\"1-3\"},\"children\":[{\"type\":\"image\",\"props\":{\"image\":\"wp-content\\\/uploads\\\/OYL-cd-oil-icon-Endocannabinoid-001.jpg\",\"image_svg_color\":\"emphasis\",\"image_width\":\"250\",\"margin\":\"default\"}}]},{\"type\":\"column\",\"props\":{\"image_position\":\"center-center\",\"order_first\":\"m\",\"position_sticky_breakpoint\":\"m\",\"vertical_align\":\"middle\",\"width_medium\":\"2-3\"},\"children\":[{\"type\":\"headline\",\"props\":{\"content\":\"Que sont les cannabino\\u00efdes ?\",\"title_element\":\"h1\",\"title_style\":\"h3\"}},{\"type\":\"text\",\"props\":{\"column_breakpoint\":\"m\",\"content\":\"\n\n<p>Il s'agit de compos\\u00e9s d\\u00e9riv\\u00e9s de plantes qui interagissent avec notre corps par l'interm\\u00e9diaire du syst\\u00e8me endocannabino\\u00efde. La recherche sugg\\u00e8re qu'ils peuvent avoir des effets m\\u00e9dicaux et r\\u00e9cr\\u00e9atifs, comme le soulagement de la douleur et du stress ou la cr\\u00e9ation d'un sentiment de bonheur.<\\\/p>\\n\n\n<p>Les principaux sont similaires au THC, le cannabino\\u00efde psychoactif, et au CBD, le cannabino\\u00efde non psychoactif, connu pour ses divers bienfaits potentiels pour la sant\\u00e9, et d'autres comme le cannabichrom\\u00e8ne, le cannabig\\u00e9rol, le cannabinol, le cannabicyclol, la cannabielso\\u00efne et le cannabitriol. Chacune de ces substances pr\\u00e9sente des caract\\u00e9ristiques et des effets potentiels qui lui sont propres.<\\\/p>\",\"margin\":\"default\",\"text_style\":\"lead\"}}]}]}]},{\"type\":\"section\",\"props\":{\"image_position\":\"center-center\",\"style\":\"default\",\"title_breakpoint\":\"xl\",\"title_position\":\"top-left\",\"title_rotation\":\"left\",\"vertical_align\":\"\",\"width\":\"default\"},\"children\":[{\"type\":\"row\",\"children\":[{\"type\":\"column\",\"props\":{\"image_position\":\"center-center\",\"position_sticky_breakpoint\":\"m\"},\"children\":[{\"type\":\"button\",\"props\":{\"button_size\":\"large\",\"grid_column_gap\":\"large\",\"grid_row_gap\":\"small\",\"margin\":\"default\",\"text_align\":\"center\"},\"children\":[{\"type\":\"button_item\",\"props\":{\"button_style\":\"text\",\"content\":\"En Savoir + sur les Canabino\\u00efdes\",\"icon\":\"arrow-right\",\"icon_align\":\"left\",\"link\":\"fr\\\/les-cannabinoides\\\/\"}},{\"type\":\"button_item\",\"props\":{\"button_style\":\"text\",\"content\":\"Quelles sont les diff\\u00e9rentes formulations du CBD ?\",\"icon\":\"arrow-right\",\"icon_align\":\"left\",\"link\":\"fr\\\/les-formulations-de-cbd\\\/\"}}]}]}]}],\"name\":\"LEARN BTNS\"},{\"type\":\"section\",\"props\":{\"image_position\":\"center-center\",\"style\":\"muted\",\"title_breakpoint\":\"xl\",\"title_position\":\"top-left\",\"title_rotation\":\"left\",\"vertical_align\":\"\",\"width\":\"default\"},\"children\":[{\"type\":\"row\",\"children\":[{\"type\":\"column\",\"props\":{\"image_position\":\"center-center\",\"position_sticky_breakpoint\":\"m\"},\"children\":[{\"type\":\"headline\",\"props\":{\"content\":\"Vous voulez essayer \\u00d8YL?\",\"text_align\":\"center\",\"title_element\":\"h1\",\"title_style\":\"h2\"}},{\"type\":\"text\",\"props\":{\"column_breakpoint\":\"m\",\"content\":\"\n\n<p>Votre gamme bien-\\u00eatre de produits naturels au CBD<\\\/p>\",\"margin\":\"default\",\"text_align\":\"center\",\"text_style\":\"lead\"}},{\"type\":\"button\",\"props\":{\"grid_column_gap\":\"small\",\"grid_row_gap\":\"small\",\"margin\":\"default\",\"margin_remove_bottom\":false,\"text_align\":\"center\"},\"children\":[{\"type\":\"button_item\",\"props\":{\"button_style\":\"default\",\"content\":\"\\u2192 D\\u00e9couvrez nos produits\",\"icon_align\":\"left\",\"link\":\"fr\\\/shop\\\/\"}}]}]}]}],\"name\":\"**CTA FR\"}],\"version\":\"4.4.16\"} --><\/p>\n","protected":false},"excerpt":{"rendered":"<p>Le syst\u00e8me endocannabino\u00efde et notre corps D\u00e9couvrez nos huiles de CBD Qu&rsquo;est-ce que le syst\u00e8me endocannabino\u00efde ? Le syst\u00e8me endocannabino\u00efde agit comme un syst\u00e8me de messagerie propre \u00e0 l&rsquo;organisme, supervisant des processus importants et maintenant l&rsquo;\u00e9quilibre. Il doit son nom au fait que les chercheurs l&rsquo;ont d\u00e9couvert en \u00e9tudiant les effets du cannabis. Ce syst\u00e8me [&hellip;]<\/p>\n","protected":false},"author":1,"featured_media":0,"parent":0,"menu_order":0,"comment_status":"closed","ping_status":"open","template":"","meta":{"_acf_changed":false,"footnotes":""},"class_list":["post-5068","page","type-page","status-publish","hentry"],"acf":[],"yoast_head":"<!-- This site is optimized with the Yoast SEO plugin v27.5 - https:\/\/yoast.com\/product\/yoast-seo-wordpress\/ -->\n<title>Le syst\u00e8me Endocannabino\u00efde - \u00d8YL<\/title>\n<meta name=\"robots\" content=\"index, follow, max-snippet:-1, max-image-preview:large, max-video-preview:-1\" \/>\n<link rel=\"canonical\" href=\"https:\/\/oyl-cbd.com\/fr\/le-systeme-endocannabinoide\/\" \/>\n<meta property=\"og:locale\" content=\"fr_FR\" \/>\n<meta property=\"og:type\" content=\"article\" \/>\n<meta property=\"og:title\" content=\"Le syst\u00e8me Endocannabino\u00efde - \u00d8YL\" \/>\n<meta property=\"og:description\" content=\"Le syst\u00e8me endocannabino\u00efde et notre corps D\u00e9couvrez nos huiles de CBD Qu&rsquo;est-ce que le syst\u00e8me endocannabino\u00efde ? Le syst\u00e8me endocannabino\u00efde agit comme un syst\u00e8me de messagerie propre \u00e0 l&rsquo;organisme, supervisant des processus importants et maintenant l&rsquo;\u00e9quilibre. Il doit son nom au fait que les chercheurs l&rsquo;ont d\u00e9couvert en \u00e9tudiant les effets du cannabis. Ce syst\u00e8me [&hellip;]\" \/>\n<meta property=\"og:url\" content=\"https:\/\/oyl-cbd.com\/fr\/le-systeme-endocannabinoide\/\" \/>\n<meta property=\"og:site_name\" content=\"\u00d8YL\" \/>\n<meta property=\"article:modified_time\" content=\"2025-01-09T13:04:04+00:00\" \/>\n<meta name=\"twitter:card\" content=\"summary_large_image\" \/>\n<meta name=\"twitter:label1\" content=\"Dur\u00e9e de lecture estim\u00e9e\" \/>\n\t<meta name=\"twitter:data1\" content=\"2 minutes\" \/>\n<script type=\"application\/ld+json\" class=\"yoast-schema-graph\">{\"@context\":\"https:\\\/\\\/schema.org\",\"@graph\":[{\"@type\":\"WebPage\",\"@id\":\"https:\\\/\\\/oyl-cbd.com\\\/fr\\\/le-systeme-endocannabinoide\\\/\",\"url\":\"https:\\\/\\\/oyl-cbd.com\\\/fr\\\/le-systeme-endocannabinoide\\\/\",\"name\":\"Le syst\u00e8me Endocannabino\u00efde - \u00d8YL\",\"isPartOf\":{\"@id\":\"https:\\\/\\\/oyl-cbd.com\\\/fr\\\/#website\"},\"datePublished\":\"2023-07-21T18:06:48+00:00\",\"dateModified\":\"2025-01-09T13:04:04+00:00\",\"breadcrumb\":{\"@id\":\"https:\\\/\\\/oyl-cbd.com\\\/fr\\\/le-systeme-endocannabinoide\\\/#breadcrumb\"},\"inLanguage\":\"fr-FR\",\"potentialAction\":[{\"@type\":\"ReadAction\",\"target\":[\"https:\\\/\\\/oyl-cbd.com\\\/fr\\\/le-systeme-endocannabinoide\\\/\"]}]},{\"@type\":\"BreadcrumbList\",\"@id\":\"https:\\\/\\\/oyl-cbd.com\\\/fr\\\/le-systeme-endocannabinoide\\\/#breadcrumb\",\"itemListElement\":[{\"@type\":\"ListItem\",\"position\":1,\"name\":\"Accueil\",\"item\":\"https:\\\/\\\/oyl-cbd.com\\\/fr\\\/\"},{\"@type\":\"ListItem\",\"position\":2,\"name\":\"Le syst\u00e8me Endocannabino\u00efde\"}]},{\"@type\":\"WebSite\",\"@id\":\"https:\\\/\\\/oyl-cbd.com\\\/fr\\\/#website\",\"url\":\"https:\\\/\\\/oyl-cbd.com\\\/fr\\\/\",\"name\":\"\u00d8YL\",\"description\":\"soins \u00e0 base de CBD\",\"publisher\":{\"@id\":\"https:\\\/\\\/oyl-cbd.com\\\/fr\\\/#organization\"},\"potentialAction\":[{\"@type\":\"SearchAction\",\"target\":{\"@type\":\"EntryPoint\",\"urlTemplate\":\"https:\\\/\\\/oyl-cbd.com\\\/fr\\\/?s={search_term_string}\"},\"query-input\":{\"@type\":\"PropertyValueSpecification\",\"valueRequired\":true,\"valueName\":\"search_term_string\"}}],\"inLanguage\":\"fr-FR\"},{\"@type\":\"Organization\",\"@id\":\"https:\\\/\\\/oyl-cbd.com\\\/fr\\\/#organization\",\"name\":\"\u00d8YL\",\"url\":\"https:\\\/\\\/oyl-cbd.com\\\/fr\\\/\",\"logo\":{\"@type\":\"ImageObject\",\"inLanguage\":\"fr-FR\",\"@id\":\"https:\\\/\\\/oyl-cbd.com\\\/fr\\\/#\\\/schema\\\/logo\\\/image\\\/\",\"url\":\"https:\\\/\\\/oyl-cbd.com\\\/wp-content\\\/uploads\\\/PHOTO-2023-01-03-09-25-37-1.jpg\",\"contentUrl\":\"https:\\\/\\\/oyl-cbd.com\\\/wp-content\\\/uploads\\\/PHOTO-2023-01-03-09-25-37-1.jpg\",\"width\":1600,\"height\":1600,\"caption\":\"\u00d8YL\"},\"image\":{\"@id\":\"https:\\\/\\\/oyl-cbd.com\\\/fr\\\/#\\\/schema\\\/logo\\\/image\\\/\"}}]}<\/script>\n<!-- \/ Yoast SEO plugin. -->","yoast_head_json":{"title":"Le syst\u00e8me Endocannabino\u00efde - \u00d8YL","robots":{"index":"index","follow":"follow","max-snippet":"max-snippet:-1","max-image-preview":"max-image-preview:large","max-video-preview":"max-video-preview:-1"},"canonical":"https:\/\/oyl-cbd.com\/fr\/le-systeme-endocannabinoide\/","og_locale":"fr_FR","og_type":"article","og_title":"Le syst\u00e8me Endocannabino\u00efde - \u00d8YL","og_description":"Le syst\u00e8me endocannabino\u00efde et notre corps D\u00e9couvrez nos huiles de CBD Qu&rsquo;est-ce que le syst\u00e8me endocannabino\u00efde ? Le syst\u00e8me endocannabino\u00efde agit comme un syst\u00e8me de messagerie propre \u00e0 l&rsquo;organisme, supervisant des processus importants et maintenant l&rsquo;\u00e9quilibre. Il doit son nom au fait que les chercheurs l&rsquo;ont d\u00e9couvert en \u00e9tudiant les effets du cannabis. Ce syst\u00e8me [&hellip;]","og_url":"https:\/\/oyl-cbd.com\/fr\/le-systeme-endocannabinoide\/","og_site_name":"\u00d8YL","article_modified_time":"2025-01-09T13:04:04+00:00","twitter_card":"summary_large_image","twitter_misc":{"Dur\u00e9e de lecture estim\u00e9e":"2 minutes"},"schema":{"@context":"https:\/\/schema.org","@graph":[{"@type":"WebPage","@id":"https:\/\/oyl-cbd.com\/fr\/le-systeme-endocannabinoide\/","url":"https:\/\/oyl-cbd.com\/fr\/le-systeme-endocannabinoide\/","name":"Le syst\u00e8me Endocannabino\u00efde - \u00d8YL","isPartOf":{"@id":"https:\/\/oyl-cbd.com\/fr\/#website"},"datePublished":"2023-07-21T18:06:48+00:00","dateModified":"2025-01-09T13:04:04+00:00","breadcrumb":{"@id":"https:\/\/oyl-cbd.com\/fr\/le-systeme-endocannabinoide\/#breadcrumb"},"inLanguage":"fr-FR","potentialAction":[{"@type":"ReadAction","target":["https:\/\/oyl-cbd.com\/fr\/le-systeme-endocannabinoide\/"]}]},{"@type":"BreadcrumbList","@id":"https:\/\/oyl-cbd.com\/fr\/le-systeme-endocannabinoide\/#breadcrumb","itemListElement":[{"@type":"ListItem","position":1,"name":"Accueil","item":"https:\/\/oyl-cbd.com\/fr\/"},{"@type":"ListItem","position":2,"name":"Le syst\u00e8me Endocannabino\u00efde"}]},{"@type":"WebSite","@id":"https:\/\/oyl-cbd.com\/fr\/#website","url":"https:\/\/oyl-cbd.com\/fr\/","name":"\u00d8YL","description":"soins \u00e0 base de CBD","publisher":{"@id":"https:\/\/oyl-cbd.com\/fr\/#organization"},"potentialAction":[{"@type":"SearchAction","target":{"@type":"EntryPoint","urlTemplate":"https:\/\/oyl-cbd.com\/fr\/?s={search_term_string}"},"query-input":{"@type":"PropertyValueSpecification","valueRequired":true,"valueName":"search_term_string"}}],"inLanguage":"fr-FR"},{"@type":"Organization","@id":"https:\/\/oyl-cbd.com\/fr\/#organization","name":"\u00d8YL","url":"https:\/\/oyl-cbd.com\/fr\/","logo":{"@type":"ImageObject","inLanguage":"fr-FR","@id":"https:\/\/oyl-cbd.com\/fr\/#\/schema\/logo\/image\/","url":"https:\/\/oyl-cbd.com\/wp-content\/uploads\/PHOTO-2023-01-03-09-25-37-1.jpg","contentUrl":"https:\/\/oyl-cbd.com\/wp-content\/uploads\/PHOTO-2023-01-03-09-25-37-1.jpg","width":1600,"height":1600,"caption":"\u00d8YL"},"image":{"@id":"https:\/\/oyl-cbd.com\/fr\/#\/schema\/logo\/image\/"}}]}},"_links":{"self":[{"href":"https:\/\/oyl-cbd.com\/fr\/wp-json\/wp\/v2\/pages\/5068","targetHints":{"allow":["GET"]}}],"collection":[{"href":"https:\/\/oyl-cbd.com\/fr\/wp-json\/wp\/v2\/pages"}],"about":[{"href":"https:\/\/oyl-cbd.com\/fr\/wp-json\/wp\/v2\/types\/page"}],"author":[{"embeddable":true,"href":"https:\/\/oyl-cbd.com\/fr\/wp-json\/wp\/v2\/users\/1"}],"replies":[{"embeddable":true,"href":"https:\/\/oyl-cbd.com\/fr\/wp-json\/wp\/v2\/comments?post=5068"}],"version-history":[{"count":14,"href":"https:\/\/oyl-cbd.com\/fr\/wp-json\/wp\/v2\/pages\/5068\/revisions"}],"predecessor-version":[{"id":5524,"href":"https:\/\/oyl-cbd.com\/fr\/wp-json\/wp\/v2\/pages\/5068\/revisions\/5524"}],"wp:attachment":[{"href":"https:\/\/oyl-cbd.com\/fr\/wp-json\/wp\/v2\/media?parent=5068"}],"curies":[{"name":"wp","href":"https:\/\/api.w.org\/{rel}","templated":true}]}}