{"id":5071,"date":"2023-07-22T08:23:34","date_gmt":"2023-07-22T08:23:34","guid":{"rendered":"https:\/\/oyl-cbd.com\/?page_id=5071"},"modified":"2025-07-02T08:29:49","modified_gmt":"2025-07-02T08:29:49","slug":"faq","status":"publish","type":"page","link":"https:\/\/oyl-cbd.com\/fr\/faq\/","title":{"rendered":"FAQ"},"content":{"rendered":"<h1>FAQs<\/h1>\n<ul>\n<li>\n<h3>Qu&rsquo;est-ce que le CBD ? <\/h3>\n<div>\n<p>Le CBD, ou cannabidiol, est l&rsquo;un des centaines de compos\u00e9s naturels pr\u00e9sents dans la plante de cannabis.<\/p>\n<\/p>\n<\/div>\n<\/li>\n<li>\n<h3>Quels sont les effets th\u00e9rapeutiques potentiels du CBD ?<\/h3>\n<div>\n<p>Les \u00e9tudes sur les effets th\u00e9rapeutiques potentiels du CBD indiquent, entre autres, des propri\u00e9t\u00e9s anti-inflammatoires, analg\u00e9siques (soulagement de la douleur), anxiolytiques (gestion de l&rsquo;anxi\u00e9t\u00e9), ainsi que des propri\u00e9t\u00e9s anticonvulsives.<\/p>\n<\/div>\n<\/li>\n<li>\n<h3>Comment fonctionne le CBD ? <\/h3>\n<div>\n<p>Le CBD interagit avec le syst\u00e8me endocannabino\u00efde (ECS) dans le corps qui joue un r\u00f4le dans la r\u00e9gulation de divers processus physiologiques. <\/p>\n<\/div>\n<\/li>\n<li>\n<h3>Combien de temps faut-il pour que le CBD fasse sentir ses effets ? <\/h3>\n<div>\n<p>L&rsquo;apparition des effets du CBD peut varier, de quelques instants \u00e0 quelques heures, en fonction de plusieurs facteurs, notamment la m\u00e9thode de consommation, le m\u00e9tabolisme individuel, le produit sp\u00e9cifique utilis\u00e9 ainsi que sa concentration et son profil en cannabino\u00efdes.<\/p>\n<\/div>\n<\/li>\n<li>\n<h3>Le CBD est-il l\u00e9gal? <\/h3>\n<div>\n<p>Les produits CBD \u00e0 faible teneur en THC peuvent \u00eatre commercialis\u00e9s l\u00e9galement en Belgique et dans la plupart des pays europ\u00e9ens.<\/p>\n<\/div>\n<\/li>\n<li>\n<h3>Le CBD provoque-t-il un \u00ab\u00a0high\u00a0\u00bb ou une intoxication ? <\/h3>\n<div>\n<p>Non, le CBD ne provoque pas de \u00ab\u00a0high\u00a0\u00bb et n&rsquo;est pas un \u00e9l\u00e9ment intoxicant. Le THC est le compos\u00e9 psychoactif du Cannabis Sativa L., responsable de la sensation d&rsquo;euphorie.<\/p>\n<\/div>\n<\/li>\n<li>\n<h3>Quelle est la concentration l\u00e9gale de THC dans les produits CBD ?<\/h3>\n<div>\n<p>La plupart des pays europ\u00e9ens ont une limite l\u00e9gale de 0,2 % de THC dans leurs produits \u00e0 base de CBD. <\/p>\n<\/div>\n<\/li>\n<li>\n<h3>Quels sont les effets secondaires possibles du CBD ?<\/h3>\n<div>\n<p>Le CBD est g\u00e9n\u00e9ralement bien tol\u00e9r\u00e9 par la plupart des gens et les effets secondaires graves sont rares. Il est essentiel de savoir que les r\u00e9actions individuelles au CBD peuvent varier et que des recherches sont encore en cours pour comprendre pleinement ses effets.<\/p>\n<p>Les effets secondaires potentiels du CBD sont les suivants : vertiges, diarrh\u00e9e, fluctuation de l&rsquo;app\u00e9tit, changement d&rsquo;humeur, s\u00e9cheresse de la bouche, somnolence, vomissements et naus\u00e9es.<\/p>\n<\/div>\n<\/li>\n<li>\n<h3>Les femmes enceintes peuvent-elles consommer du CBD ?<\/h3>\n<div>\n<p>En particulier, les femmes qui allaitent ou qui sont enceintes devraient \u00e9viter de prendre de l&rsquo;huile de cannabidiol. Bien que les effets ne soient pas suffisamment compris, les produits passent \u00e0 travers le placenta humain. Veuillez consulter un m\u00e9decin si vous souffrez d&rsquo;une maladie n\u00e9cessitant des produits \u00e0 base de cannabidiol.<\/p>\n<\/div>\n<\/li>\n<li>\n<h3>Le CBD cr\u00e9e-t-il une d\u00e9pendance ? <\/h3>\n<div>\n<p>L&rsquo;Organisation mondiale de la sant\u00e9 (OMS) a d\u00e9clar\u00e9 que le CBD ne pr\u00e9sente aucun effet indiquant un potentiel d&rsquo;abus ou de d\u00e9pendance chez l&rsquo;homme. Des \u00e9tudes cliniques et des examens ont confirm\u00e9 l&rsquo;id\u00e9e que le CBD est bien tol\u00e9r\u00e9 et pr\u00e9sente un bon profil de s\u00e9curit\u00e9.<\/p>\n<\/div>\n<\/li>\n<li>\n<h3>Existe-t-il d&rsquo;autres formes de consommation de CBD ? <\/h3>\n<div>\n<p>Le CBD est disponible sous diff\u00e9rentes formes en Belgique, notamment sous forme d&rsquo;huiles, de capsules, de produits comestibles, de produits topiques et de produits \u00e0 fumer.<\/p>\n<\/div>\n<\/li>\n<li>\n<h3>Existe-t-il une r\u00e9glementation du march\u00e9 pour les produits \u00e0 base de CBD ? <\/h3>\n<div>\n<p>Oui, dans l&rsquo;UE et dans le monde entier, il existe des r\u00e9glementations concernant les produits \u00e0 base de CBD. Ces r\u00e9glementations couvrent des aspects tels que l&rsquo;\u00e9tiquetage, les tests, les normes de qualit\u00e9 et les all\u00e9gations th\u00e9rapeutiques.<\/p>\n<\/div>\n<\/li>\n<li>\n<h3>Puis-je conduire ou utiliser des machines lourdes apr\u00e8s avoir pris du CBD ? <\/h3>\n<div>\n<p>Le CBD n&rsquo;alt\u00e8re g\u00e9n\u00e9ralement pas les fonctions cognitives, mais il convient d&rsquo;\u00eatre prudent. Il est conseill\u00e9 de s&rsquo;abstenir de conduire jusqu&rsquo;\u00e0 ce que vous compreniez comment le CBD vous affecte.<\/p>\n<\/div>\n<\/li>\n<li>\n<h3>Le CBD appara\u00eetra-t-il lors d&rsquo;un test de d\u00e9pistage ? <\/h3>\n<div>\n<p>En r\u00e8gle g\u00e9n\u00e9rale, les tests de d\u00e9pistage de drogues classiques sont con\u00e7us pour identifier le THC, l&rsquo;\u00e9l\u00e9ment psychoactif du Cannabis Sativa L. La consommation de CBD pur ne devrait pas donner lieu \u00e0 un test de d\u00e9pistage de drogues positif pour le THC.N\u00e9anmoins, certains produits \u00e0 base de CBD peuvent contenir des traces minimes, cr\u00e9ant un risque potentiel de r\u00e9sultat positif dans les tests de d\u00e9pistage de drogues.<\/p>\n<\/div>\n<\/li>\n<\/ul>\n<h1>Vous voulez essayer \u00d8YL?<\/h1>\n<div>\n<p>Votre gamme bien-\u00eatre de produits naturels au CBD<\/p>\n<\/div>\n<p><p>\n        <a href=\"\/fr\/shop\/\">\u2192 D\u00e9couvrez nos produits<\/a>\n    <\/p>\n<\/p>\n<p><!--more--><br \/>\n<!-- {\"type\":\"layout\",\"children\":[{\"name\":\"Hero Home\",\"type\":\"section\",\"props\":{\"image_effect\":\"parallax\",\"image_parallax_bgy\":\"-50,50\",\"image_parallax_easing\":\"1\",\"image_position\":\"center-center\",\"image_size\":\"cover\",\"media_focal_point\":\"center-left\",\"padding\":\"small\",\"style\":\"default\",\"text_color\":\"dark\",\"title_breakpoint\":\"xl\",\"title_position\":\"top-left\",\"title_rotation\":\"left\",\"vertical_align\":\"\",\"width\":\"\"},\"children\":[{\"type\":\"row\",\"children\":[{\"type\":\"column\",\"props\":{\"image_effect\":\"parallax\",\"image_parallax_bgy\":\"-110,50\",\"image_parallax_easing\":\"1\",\"image_position\":\"center-center\",\"image_width\":\"400\",\"position_sticky_breakpoint\":\"m\",\"vertical_align\":\"middle\"},\"children\":[{\"type\":\"headline\",\"props\":{\"block_align\":\"center\",\"content\":\"FAQs\",\"title_element\":\"h1\",\"title_style\":\"h1\"}}]}],\"props\":{\"alignment\":\"center\",\"padding_remove_horizontal\":false,\"width\":\"default\"}}]},{\"type\":\"section\",\"props\":{\"css\":\"img {\\n    \\\/* filter: url(filters.svg#grayscale); Firefox 3.5+ *\\\/\\n      filter: gray;\\n        -webkit-filter: grayscale(1);  \\n    \\t-webkit-transition: all .8s ease-in-out; \\n    }\\n\\nimg:hover {\\n    filter: none;\\n      -webkit-filter: grayscale(0);\\n      -webkit-transition: all .8s ease-in-out;   \\n    }\\n\\n\",\"image_position\":\"center-center\",\"padding\":\"xlarge\",\"padding_remove_top\":true,\"style\":\"default\",\"title_breakpoint\":\"xl\",\"title_position\":\"top-left\",\"title_rotation\":\"left\",\"vertical_align\":\"\",\"width\":\"default\"},\"children\":[{\"type\":\"row\",\"children\":[{\"type\":\"column\",\"props\":{\"image_position\":\"center-center\",\"position_sticky_breakpoint\":\"m\"},\"children\":[{\"type\":\"accordion\",\"props\":{\"collapsible\":true,\"content_column_breakpoint\":\"m\",\"content_style\":\"lead\",\"css\":\".el-content {\\n    max-width:800px;\\n}\",\"image_align\":\"top\",\"image_grid_breakpoint\":\"m\",\"image_grid_width\":\"1-2\",\"image_svg_color\":\"emphasis\",\"link_style\":\"default\",\"link_text\":\"Read more\",\"show_image\":true,\"show_link\":true},\"children\":[{\"type\":\"accordion_item\",\"props\":{\"content\":\"\n\n<p>Le CBD, ou cannabidiol, est l'un des centaines de compos\\u00e9s naturels pr\\u00e9sents dans la plante de cannabis.<\\\/p>\\n\n\n<p><\\\/p>\",\"title\":\"Qu'est-ce que le CBD ? \"}},{\"type\":\"accordion_item\",\"props\":{\"content\":\"\n\n<p>Les \\u00e9tudes sur les effets th\\u00e9rapeutiques potentiels du CBD indiquent, entre autres, des propri\\u00e9t\\u00e9s anti-inflammatoires, analg\\u00e9siques (soulagement de la douleur), anxiolytiques (gestion de l'anxi\\u00e9t\\u00e9), ainsi que des propri\\u00e9t\\u00e9s anticonvulsives.<\\\/p>\",\"title\":\"Quels sont les effets th\\u00e9rapeutiques potentiels du CBD ?\"}},{\"type\":\"accordion_item\",\"props\":{\"content\":\"\n\n<p>Le CBD interagit avec le syst\\u00e8me endocannabino\\u00efde (ECS) dans le corps qui joue un r\\u00f4le dans la r\\u00e9gulation de divers processus physiologiques. <\\\/p>\",\"title\":\"Comment fonctionne le CBD ? \"}},{\"type\":\"accordion_item\",\"props\":{\"content\":\"\n\n<p>L'apparition des effets du CBD peut varier, de quelques instants \\u00e0 quelques heures, en fonction de plusieurs facteurs, notamment la m\\u00e9thode de consommation, le m\\u00e9tabolisme individuel, le produit sp\\u00e9cifique utilis\\u00e9 ainsi que sa concentration et son profil en cannabino\\u00efdes.<\\\/p>\",\"title\":\"Combien de temps faut-il pour que le CBD fasse sentir ses effets ? \"}},{\"type\":\"accordion_item\",\"props\":{\"content\":\"\n\n<p>Les produits CBD \\u00e0 faible teneur en THC peuvent \\u00eatre commercialis\\u00e9s l\\u00e9galement en Belgique et dans la plupart des pays europ\\u00e9ens.<\\\/p>\",\"title\":\"Le CBD est-il l\\u00e9gal? \"}},{\"type\":\"accordion_item\",\"props\":{\"content\":\"\n\n<p>Non, le CBD ne provoque pas de \\\"high\\\" et n'est pas un \\u00e9l\\u00e9ment intoxicant. Le THC est le compos\\u00e9 psychoactif du Cannabis Sativa L., responsable de la sensation d'euphorie.<\\\/p>\",\"title\":\"Le CBD provoque-t-il un \\\"high\\\" ou une intoxication ? \"}},{\"type\":\"accordion_item\",\"props\":{\"content\":\"\n\n<p>La plupart des pays europ\\u00e9ens ont une limite l\\u00e9gale de 0,2 % de THC dans leurs produits \\u00e0 base de CBD. <\\\/p>\",\"title\":\"Quelle est la concentration l\\u00e9gale de THC dans les produits CBD ?\"}},{\"type\":\"accordion_item\",\"props\":{\"content\":\"\n\n<p>Le CBD est g\\u00e9n\\u00e9ralement bien tol\\u00e9r\\u00e9 par la plupart des gens et les effets secondaires graves sont rares. Il est essentiel de savoir que les r\\u00e9actions individuelles au CBD peuvent varier et que des recherches sont encore en cours pour comprendre pleinement ses effets.<\\\/p>\\n\n\n<p>Les effets secondaires potentiels du CBD sont les suivants : vertiges, diarrh\\u00e9e, fluctuation de l'app\\u00e9tit, changement d'humeur, s\\u00e9cheresse de la bouche, somnolence, vomissements et naus\\u00e9es.<\\\/p>\",\"title\":\"Quels sont les effets secondaires possibles du CBD ?\"}},{\"type\":\"accordion_item\",\"props\":{\"content\":\"\n\n<p>En particulier, les femmes qui allaitent ou qui sont enceintes devraient \\u00e9viter de prendre de l'huile de cannabidiol. Bien que les effets ne soient pas suffisamment compris, les produits passent \\u00e0 travers le placenta humain. Veuillez consulter un m\\u00e9decin si vous souffrez d'une maladie n\\u00e9cessitant des produits \\u00e0 base de cannabidiol.<\\\/p>\",\"title\":\"Les femmes enceintes peuvent-elles consommer du CBD ?\"}},{\"type\":\"accordion_item\",\"props\":{\"content\":\"\n\n<p>L'Organisation mondiale de la sant\\u00e9 (OMS) a d\\u00e9clar\\u00e9 que le CBD ne pr\\u00e9sente aucun effet indiquant un potentiel d'abus ou de d\\u00e9pendance chez l'homme. Des \\u00e9tudes cliniques et des examens ont confirm\\u00e9 l'id\\u00e9e que le CBD est bien tol\\u00e9r\\u00e9 et pr\\u00e9sente un bon profil de s\\u00e9curit\\u00e9.<\\\/p>\",\"title\":\"Le CBD cr\\u00e9e-t-il une d\\u00e9pendance ? \"}},{\"type\":\"accordion_item\",\"props\":{\"content\":\"\n\n<p>Le CBD est disponible sous diff\\u00e9rentes formes en Belgique, notamment sous forme d'huiles, de capsules, de produits comestibles, de produits topiques et de produits \\u00e0 fumer.<\\\/p>\",\"title\":\"Existe-t-il d'autres formes de consommation de CBD ? \"}},{\"type\":\"accordion_item\",\"props\":{\"content\":\"\n\n<p>Oui, dans l'UE et dans le monde entier, il existe des r\\u00e9glementations concernant les produits \\u00e0 base de CBD. Ces r\\u00e9glementations couvrent des aspects tels que l'\\u00e9tiquetage, les tests, les normes de qualit\\u00e9 et les all\\u00e9gations th\\u00e9rapeutiques.<\\\/p>\",\"title\":\"Existe-t-il une r\\u00e9glementation du march\\u00e9 pour les produits \\u00e0 base de CBD ? \"}},{\"type\":\"accordion_item\",\"props\":{\"content\":\"\n\n<p>Le CBD n'alt\\u00e8re g\\u00e9n\\u00e9ralement pas les fonctions cognitives, mais il convient d'\\u00eatre prudent. Il est conseill\\u00e9 de s'abstenir de conduire jusqu'\\u00e0 ce que vous compreniez comment le CBD vous affecte.<\\\/p>\",\"title\":\"Puis-je conduire ou utiliser des machines lourdes apr\\u00e8s avoir pris du CBD ? \"}},{\"type\":\"accordion_item\",\"props\":{\"content\":\"\n\n<p>En r\\u00e8gle g\\u00e9n\\u00e9rale, les tests de d\\u00e9pistage de drogues classiques sont con\\u00e7us pour identifier le THC, l'\\u00e9l\\u00e9ment psychoactif du Cannabis Sativa L. La consommation de CBD pur ne devrait pas donner lieu \\u00e0 un test de d\\u00e9pistage de drogues positif pour le THC.N\\u00e9anmoins, certains produits \\u00e0 base de CBD peuvent contenir des traces minimes, cr\\u00e9ant un risque potentiel de r\\u00e9sultat positif dans les tests de d\\u00e9pistage de drogues.<\\\/p>\",\"title\":\"Le CBD appara\\u00eetra-t-il lors d'un test de d\\u00e9pistage ? \"}}]}]}]}]},{\"type\":\"section\",\"props\":{\"image_position\":\"center-center\",\"style\":\"muted\",\"title_breakpoint\":\"xl\",\"title_position\":\"top-left\",\"title_rotation\":\"left\",\"vertical_align\":\"\",\"width\":\"default\"},\"children\":[{\"type\":\"row\",\"children\":[{\"type\":\"column\",\"props\":{\"image_position\":\"center-center\",\"position_sticky_breakpoint\":\"m\"},\"children\":[{\"type\":\"headline\",\"props\":{\"content\":\"Vous voulez essayer \\u00d8YL?\",\"text_align\":\"center\",\"title_element\":\"h1\",\"title_style\":\"h2\"}},{\"type\":\"text\",\"props\":{\"column_breakpoint\":\"m\",\"content\":\"\n\n<p>Votre gamme bien-\\u00eatre de produits naturels au CBD<\\\/p>\",\"margin\":\"default\",\"text_align\":\"center\",\"text_style\":\"lead\"}},{\"type\":\"button\",\"props\":{\"grid_column_gap\":\"small\",\"grid_row_gap\":\"small\",\"margin\":\"default\",\"margin_remove_bottom\":false,\"text_align\":\"center\"},\"children\":[{\"type\":\"button_item\",\"props\":{\"button_style\":\"default\",\"content\":\"\\u2192 D\\u00e9couvrez nos produits\",\"dialog_layout\":\"modal\",\"dialog_offcanvas_flip\":true,\"icon_align\":\"left\",\"link\":\"fr\\\/shop\\\/\"}}]}]}]}],\"name\":\"**CTA FR\"}],\"version\":\"4.5.19\"} --><\/p>\n","protected":false},"excerpt":{"rendered":"<p>FAQs Qu&rsquo;est-ce que le CBD ? Le CBD, ou cannabidiol, est l&rsquo;un des centaines de compos\u00e9s naturels pr\u00e9sents dans la plante de cannabis. Quels sont les effets th\u00e9rapeutiques potentiels du CBD ? Les \u00e9tudes sur les effets th\u00e9rapeutiques potentiels du CBD indiquent, entre autres, des propri\u00e9t\u00e9s anti-inflammatoires, analg\u00e9siques (soulagement de la douleur), anxiolytiques (gestion de [&hellip;]<\/p>\n","protected":false},"author":1,"featured_media":0,"parent":0,"menu_order":0,"comment_status":"closed","ping_status":"closed","template":"","meta":{"_acf_changed":false,"footnotes":""},"class_list":["post-5071","page","type-page","status-publish","hentry"],"acf":[],"yoast_head":"<!-- This site is optimized with the Yoast SEO plugin v27.4 - https:\/\/yoast.com\/product\/yoast-seo-wordpress\/ -->\n<title>FAQ - \u00d8YL<\/title>\n<meta name=\"robots\" content=\"index, follow, max-snippet:-1, max-image-preview:large, max-video-preview:-1\" \/>\n<link rel=\"canonical\" href=\"https:\/\/oyl-cbd.com\/fr\/faq\/\" \/>\n<meta property=\"og:locale\" content=\"fr_FR\" \/>\n<meta property=\"og:type\" content=\"article\" \/>\n<meta property=\"og:title\" content=\"FAQ - \u00d8YL\" \/>\n<meta property=\"og:description\" content=\"FAQs Qu&rsquo;est-ce que le CBD ? Le CBD, ou cannabidiol, est l&rsquo;un des centaines de compos\u00e9s naturels pr\u00e9sents dans la plante de cannabis. Quels sont les effets th\u00e9rapeutiques potentiels du CBD ? Les \u00e9tudes sur les effets th\u00e9rapeutiques potentiels du CBD indiquent, entre autres, des propri\u00e9t\u00e9s anti-inflammatoires, analg\u00e9siques (soulagement de la douleur), anxiolytiques (gestion de [&hellip;]\" \/>\n<meta property=\"og:url\" content=\"https:\/\/oyl-cbd.com\/fr\/faq\/\" \/>\n<meta property=\"og:site_name\" content=\"\u00d8YL\" \/>\n<meta property=\"article:modified_time\" content=\"2025-07-02T08:29:49+00:00\" \/>\n<meta name=\"twitter:card\" content=\"summary_large_image\" \/>\n<meta name=\"twitter:label1\" content=\"Dur\u00e9e de lecture estim\u00e9e\" \/>\n\t<meta name=\"twitter:data1\" content=\"3 minutes\" \/>\n<script type=\"application\/ld+json\" class=\"yoast-schema-graph\">{\"@context\":\"https:\\\/\\\/schema.org\",\"@graph\":[{\"@type\":\"WebPage\",\"@id\":\"https:\\\/\\\/oyl-cbd.com\\\/fr\\\/faq\\\/\",\"url\":\"https:\\\/\\\/oyl-cbd.com\\\/fr\\\/faq\\\/\",\"name\":\"FAQ - \u00d8YL\",\"isPartOf\":{\"@id\":\"https:\\\/\\\/oyl-cbd.com\\\/fr\\\/#website\"},\"datePublished\":\"2023-07-22T08:23:34+00:00\",\"dateModified\":\"2025-07-02T08:29:49+00:00\",\"breadcrumb\":{\"@id\":\"https:\\\/\\\/oyl-cbd.com\\\/fr\\\/faq\\\/#breadcrumb\"},\"inLanguage\":\"fr-FR\",\"potentialAction\":[{\"@type\":\"ReadAction\",\"target\":[\"https:\\\/\\\/oyl-cbd.com\\\/fr\\\/faq\\\/\"]}]},{\"@type\":\"BreadcrumbList\",\"@id\":\"https:\\\/\\\/oyl-cbd.com\\\/fr\\\/faq\\\/#breadcrumb\",\"itemListElement\":[{\"@type\":\"ListItem\",\"position\":1,\"name\":\"Accueil\",\"item\":\"https:\\\/\\\/oyl-cbd.com\\\/fr\\\/\"},{\"@type\":\"ListItem\",\"position\":2,\"name\":\"FAQ\"}]},{\"@type\":\"WebSite\",\"@id\":\"https:\\\/\\\/oyl-cbd.com\\\/fr\\\/#website\",\"url\":\"https:\\\/\\\/oyl-cbd.com\\\/fr\\\/\",\"name\":\"\u00d8YL\",\"description\":\"soins \u00e0 base de CBD\",\"publisher\":{\"@id\":\"https:\\\/\\\/oyl-cbd.com\\\/fr\\\/#organization\"},\"potentialAction\":[{\"@type\":\"SearchAction\",\"target\":{\"@type\":\"EntryPoint\",\"urlTemplate\":\"https:\\\/\\\/oyl-cbd.com\\\/fr\\\/?s={search_term_string}\"},\"query-input\":{\"@type\":\"PropertyValueSpecification\",\"valueRequired\":true,\"valueName\":\"search_term_string\"}}],\"inLanguage\":\"fr-FR\"},{\"@type\":\"Organization\",\"@id\":\"https:\\\/\\\/oyl-cbd.com\\\/fr\\\/#organization\",\"name\":\"\u00d8YL\",\"url\":\"https:\\\/\\\/oyl-cbd.com\\\/fr\\\/\",\"logo\":{\"@type\":\"ImageObject\",\"inLanguage\":\"fr-FR\",\"@id\":\"https:\\\/\\\/oyl-cbd.com\\\/fr\\\/#\\\/schema\\\/logo\\\/image\\\/\",\"url\":\"https:\\\/\\\/oyl-cbd.com\\\/wp-content\\\/uploads\\\/PHOTO-2023-01-03-09-25-37-1.jpg\",\"contentUrl\":\"https:\\\/\\\/oyl-cbd.com\\\/wp-content\\\/uploads\\\/PHOTO-2023-01-03-09-25-37-1.jpg\",\"width\":1600,\"height\":1600,\"caption\":\"\u00d8YL\"},\"image\":{\"@id\":\"https:\\\/\\\/oyl-cbd.com\\\/fr\\\/#\\\/schema\\\/logo\\\/image\\\/\"}}]}<\/script>\n<!-- \/ Yoast SEO plugin. -->","yoast_head_json":{"title":"FAQ - \u00d8YL","robots":{"index":"index","follow":"follow","max-snippet":"max-snippet:-1","max-image-preview":"max-image-preview:large","max-video-preview":"max-video-preview:-1"},"canonical":"https:\/\/oyl-cbd.com\/fr\/faq\/","og_locale":"fr_FR","og_type":"article","og_title":"FAQ - \u00d8YL","og_description":"FAQs Qu&rsquo;est-ce que le CBD ? Le CBD, ou cannabidiol, est l&rsquo;un des centaines de compos\u00e9s naturels pr\u00e9sents dans la plante de cannabis. Quels sont les effets th\u00e9rapeutiques potentiels du CBD ? Les \u00e9tudes sur les effets th\u00e9rapeutiques potentiels du CBD indiquent, entre autres, des propri\u00e9t\u00e9s anti-inflammatoires, analg\u00e9siques (soulagement de la douleur), anxiolytiques (gestion de [&hellip;]","og_url":"https:\/\/oyl-cbd.com\/fr\/faq\/","og_site_name":"\u00d8YL","article_modified_time":"2025-07-02T08:29:49+00:00","twitter_card":"summary_large_image","twitter_misc":{"Dur\u00e9e de lecture estim\u00e9e":"3 minutes"},"schema":{"@context":"https:\/\/schema.org","@graph":[{"@type":"WebPage","@id":"https:\/\/oyl-cbd.com\/fr\/faq\/","url":"https:\/\/oyl-cbd.com\/fr\/faq\/","name":"FAQ - \u00d8YL","isPartOf":{"@id":"https:\/\/oyl-cbd.com\/fr\/#website"},"datePublished":"2023-07-22T08:23:34+00:00","dateModified":"2025-07-02T08:29:49+00:00","breadcrumb":{"@id":"https:\/\/oyl-cbd.com\/fr\/faq\/#breadcrumb"},"inLanguage":"fr-FR","potentialAction":[{"@type":"ReadAction","target":["https:\/\/oyl-cbd.com\/fr\/faq\/"]}]},{"@type":"BreadcrumbList","@id":"https:\/\/oyl-cbd.com\/fr\/faq\/#breadcrumb","itemListElement":[{"@type":"ListItem","position":1,"name":"Accueil","item":"https:\/\/oyl-cbd.com\/fr\/"},{"@type":"ListItem","position":2,"name":"FAQ"}]},{"@type":"WebSite","@id":"https:\/\/oyl-cbd.com\/fr\/#website","url":"https:\/\/oyl-cbd.com\/fr\/","name":"\u00d8YL","description":"soins \u00e0 base de CBD","publisher":{"@id":"https:\/\/oyl-cbd.com\/fr\/#organization"},"potentialAction":[{"@type":"SearchAction","target":{"@type":"EntryPoint","urlTemplate":"https:\/\/oyl-cbd.com\/fr\/?s={search_term_string}"},"query-input":{"@type":"PropertyValueSpecification","valueRequired":true,"valueName":"search_term_string"}}],"inLanguage":"fr-FR"},{"@type":"Organization","@id":"https:\/\/oyl-cbd.com\/fr\/#organization","name":"\u00d8YL","url":"https:\/\/oyl-cbd.com\/fr\/","logo":{"@type":"ImageObject","inLanguage":"fr-FR","@id":"https:\/\/oyl-cbd.com\/fr\/#\/schema\/logo\/image\/","url":"https:\/\/oyl-cbd.com\/wp-content\/uploads\/PHOTO-2023-01-03-09-25-37-1.jpg","contentUrl":"https:\/\/oyl-cbd.com\/wp-content\/uploads\/PHOTO-2023-01-03-09-25-37-1.jpg","width":1600,"height":1600,"caption":"\u00d8YL"},"image":{"@id":"https:\/\/oyl-cbd.com\/fr\/#\/schema\/logo\/image\/"}}]}},"_links":{"self":[{"href":"https:\/\/oyl-cbd.com\/fr\/wp-json\/wp\/v2\/pages\/5071","targetHints":{"allow":["GET"]}}],"collection":[{"href":"https:\/\/oyl-cbd.com\/fr\/wp-json\/wp\/v2\/pages"}],"about":[{"href":"https:\/\/oyl-cbd.com\/fr\/wp-json\/wp\/v2\/types\/page"}],"author":[{"embeddable":true,"href":"https:\/\/oyl-cbd.com\/fr\/wp-json\/wp\/v2\/users\/1"}],"replies":[{"embeddable":true,"href":"https:\/\/oyl-cbd.com\/fr\/wp-json\/wp\/v2\/comments?post=5071"}],"version-history":[{"count":15,"href":"https:\/\/oyl-cbd.com\/fr\/wp-json\/wp\/v2\/pages\/5071\/revisions"}],"predecessor-version":[{"id":6361,"href":"https:\/\/oyl-cbd.com\/fr\/wp-json\/wp\/v2\/pages\/5071\/revisions\/6361"}],"wp:attachment":[{"href":"https:\/\/oyl-cbd.com\/fr\/wp-json\/wp\/v2\/media?parent=5071"}],"curies":[{"name":"wp","href":"https:\/\/api.w.org\/{rel}","templated":true}]}}