{"id":6244,"date":"2025-06-10T15:22:05","date_gmt":"2025-06-10T15:22:05","guid":{"rendered":"https:\/\/oyl-cbd.com\/?page_id=6244"},"modified":"2025-06-10T15:32:10","modified_gmt":"2025-06-10T15:32:10","slug":"points-de-vente","status":"publish","type":"page","link":"https:\/\/oyl-cbd.com\/fr\/points-de-vente\/","title":{"rendered":"Points de Vente"},"content":{"rendered":"<h1>\n<p>O\u00f9 nous trouver<\/p>\n<\/h1>\n<div>\n<p>\u00d8YL, c\u2019est l\u2019envie de replacer le bien-\u00eatre au c\u0153ur du quotidien. Pour celles et ceux qui souhaitent d\u00e9couvrir nos produits autrement, nous sommes pr\u00e9sents dans une s\u00e9lection de boutiques partenaires partageant nos valeurs d\u2019authenticit\u00e9, de qualit\u00e9 et de respect du vivant. Retrouvez ci-dessous la liste des points de vente o\u00f9 l\u2019univers \u00d8YL prend vie, pr\u00e8s de chez vous.<\/p>\n<\/div>\n<p><p>\n        <a href=\"\/fr\/shop\/\">D\u00e9couvrez nos produits<\/a>\n    <\/p>\n<\/p>\n<div>\n<p>    <iframe loading=\"lazy\" src=\"https:\/\/www.google.com\/maps\/d\/u\/0\/embed?mid=1-qQnDgRDbfoGht5wLYdwoad12_iB3Lg&#038;ehbc=2E312F&#038;noprof=1\" width=\"100%\" height=\"480\" class=\"oyl-stores\"><\/iframe>\n<\/div>\n<h1>Contact<\/h1>\n<div>\n<p>Vous avez une question ou besoin d&rsquo;informations sur l&rsquo;un de nos produits ? <br \/>\u00d8YL est disponible 7 jours sur 7 pour r\u00e9pondre \u00e0 toutes vos questions. <br \/>Utilisez notre formulaire de contact et l&rsquo;un de nos membres se fera un plaisir de vous r\u00e9pondre dans les 24 heures.<\/p>\n<\/div>\n<div>\n<div class=\"wpforms-container wpforms-container-full\" id=\"wpforms-1056\"><form id=\"wpforms-form-1056\" class=\"wpforms-validate wpforms-form\" data-formid=\"1056\" method=\"post\" enctype=\"multipart\/form-data\" action=\"\/fr\/wp-json\/wp\/v2\/pages\/6244\" data-token=\"c75f6cf13199ae0e64f729fb83a439a2\" data-token-time=\"1777045499\"><noscript class=\"wpforms-error-noscript\">Veuillez activer JavaScript dans votre navigateur pour remplir ce formulaire.<\/noscript><div class=\"wpforms-field-container\"><div id=\"wpforms-1056-field_0-container\" class=\"wpforms-field wpforms-field-name\" data-field-id=\"0\"><label class=\"wpforms-field-label\">Name <span class=\"wpforms-required-label\">*<\/span><\/label><div class=\"wpforms-field-row wpforms-field-large\"><div class=\"wpforms-field-row-block wpforms-first wpforms-one-half\"><input type=\"text\" id=\"wpforms-1056-field_0\" class=\"wpforms-field-name-first wpforms-field-required\" name=\"wpforms[fields][0][first]\" required><label for=\"wpforms-1056-field_0\" class=\"wpforms-field-sublabel after\">Pr\u00e9nom<\/label><\/div><div class=\"wpforms-field-row-block wpforms-one-half\"><input type=\"text\" id=\"wpforms-1056-field_0-last\" class=\"wpforms-field-name-last wpforms-field-required\" name=\"wpforms[fields][0][last]\" required><label for=\"wpforms-1056-field_0-last\" class=\"wpforms-field-sublabel after\">Nom<\/label><\/div><\/div><\/div>\t\t<div id=\"wpforms-1056-field_3-container\"\n\t\t\tclass=\"wpforms-field wpforms-field-text\"\n\t\t\tdata-field-type=\"text\"\n\t\t\tdata-field-id=\"3\"\n\t\t\t>\n\t\t\t<label class=\"wpforms-field-label\" for=\"wpforms-1056-field_3\" >E-mail Name Message<\/label>\n\t\t\t<input type=\"text\" id=\"wpforms-1056-field_3\" class=\"wpforms-field-medium\" name=\"wpforms[fields][3]\" >\n\t\t<\/div>\n\t\t<div id=\"wpforms-1056-field_1-container\" class=\"wpforms-field wpforms-field-email\" data-field-id=\"1\"><label class=\"wpforms-field-label\" for=\"wpforms-1056-field_1\">E-mail <span class=\"wpforms-required-label\">*<\/span><\/label><input type=\"email\" id=\"wpforms-1056-field_1\" class=\"wpforms-field-large wpforms-field-required\" name=\"wpforms[fields][1]\" spellcheck=\"false\" required><\/div><div id=\"wpforms-1056-field_2-container\" class=\"wpforms-field wpforms-field-textarea\" data-field-id=\"2\"><label class=\"wpforms-field-label\" for=\"wpforms-1056-field_2\">Message <span class=\"wpforms-required-label\">*<\/span><\/label><textarea id=\"wpforms-1056-field_2\" class=\"wpforms-field-medium wpforms-field-required\" name=\"wpforms[fields][2]\" required><\/textarea><\/div><script>\n\t\t\t\t( function() {\n\t\t\t\t\tconst style = document.createElement( 'style' );\n\t\t\t\t\tstyle.appendChild( document.createTextNode( '#wpforms-1056-field_3-container { position: absolute !important; overflow: hidden !important; display: inline !important; height: 1px !important; width: 1px !important; z-index: -1000 !important; padding: 0 !important; } #wpforms-1056-field_3-container input { visibility: hidden; } #wpforms-conversational-form-page #wpforms-1056-field_3-container label { counter-increment: none; }' ) );\n\t\t\t\t\tdocument.head.appendChild( style );\n\t\t\t\t\tdocument.currentScript?.remove();\n\t\t\t\t} )();\n\t\t\t<\/script><\/div><!-- .wpforms-field-container --><div class=\"wpforms-recaptcha-container wpforms-is-recaptcha wpforms-is-recaptcha-type-v3\" ><input type=\"hidden\" name=\"wpforms[recaptcha]\" value=\"\"><\/div><div class=\"wpforms-submit-container\" ><input type=\"hidden\" name=\"wpforms[id]\" value=\"1056\"><input type=\"hidden\" name=\"page_title\" value=\"\"><input type=\"hidden\" name=\"page_url\" value=\"https:\/\/oyl-cbd.com\/fr\/wp-json\/wp\/v2\/pages\/6244\"><input type=\"hidden\" name=\"url_referer\" value=\"\"><button type=\"submit\" name=\"wpforms[submit]\" id=\"wpforms-submit-1056\" class=\"wpforms-submit\" data-alt-text=\"Envoi en cours...\" data-submit-text=\"Send\" aria-live=\"assertive\" value=\"wpforms-submit\">Send<\/button><\/div><\/form><\/div>  <!-- .wpforms-container --><\/div>\n<h1>STPharma SRL<\/h1>\n<ul>\n<li>\n<p><a href=\"#\"><\/p>\n<p>Rue Van Soust 262A, <br \/>1070 Brussels<\/p>\n<p><\/a><\/p>\n<\/li>\n<li>\n<p><a href=\"tel:+32490511483\"><\/p>\n<p>+32 490 511 483<\/p>\n<p><\/a><\/p>\n<\/li>\n<li>\n<p><a href=\"mailto:info@oyl-cbd.com\"><\/p>\n<p>info@oyl-cbd.com<\/p>\n<p><\/a><\/p>\n<\/li>\n<li>\n<p><a href=\"https:\/\/www.instagram.com\/oylcbd\"><\/p>\n<div><span lang=\"EN\">@oylcbd<\/span><\/div>\n<p><\/a><\/p>\n<\/li>\n<li>\n<div>\n<div><span lang=\"EN\">VAT: <span>BE712843991\u00a0<\/span><\/span><\/div>\n<\/div>\n<\/li>\n<\/ul>\n<h1>Restez inform\u00e9s!<\/h1>\n<div>\n<p><span>Inscrivez-vous \u00e0 la lettre d&rsquo;information et b\u00e9n\u00e9ficiez d&rsquo;une r\u00e9duction de 10 % sur votre premier achat.<\/span><\/p>\n<\/div>\n<h1>Vous voulez essayer \u00d8YL?<\/h1>\n<div>\n<p>Votre gamme bien-\u00eatre de produits naturels au CBD<\/p>\n<\/div>\n<p><p>\n        <a href=\"\/fr\/shop\/\">\u2192 D\u00e9couvrez nos produits<\/a>\n    <\/p>\n<\/p>\n<p><!--more--><br \/>\n<!-- {\"type\":\"layout\",\"children\":[{\"name\":\"Hero Home\",\"type\":\"section\",\"props\":{\"image_parallax_bgy\":\"-50,50\",\"image_parallax_easing\":\"1\",\"image_position\":\"center-center\",\"image_size\":\"cover\",\"media_overlay\":\"rgba(255, 255, 255, 0.2)\",\"media_visibility\":\"m\",\"padding\":\"large\",\"sticky\":\"cover\",\"style\":\"muted\",\"text_color\":\"dark\",\"title_breakpoint\":\"xl\",\"title_position\":\"top-left\",\"title_rotation\":\"left\",\"vertical_align\":\"\",\"width\":\"large\"},\"children\":[{\"type\":\"row\",\"children\":[{\"type\":\"column\",\"props\":{\"image_effect\":\"parallax\",\"image_parallax_bgy\":\"-110,50\",\"image_parallax_easing\":\"1\",\"image_position\":\"center-center\",\"image_width\":\"400\",\"position_sticky_breakpoint\":\"m\",\"vertical_align\":\"middle\",\"width_medium\":\"1-2\"}},{\"type\":\"column\",\"props\":{\"image_position\":\"center-center\",\"position_sticky_breakpoint\":\"m\",\"width_medium\":\"1-2\"},\"children\":[{\"type\":\"headline\",\"props\":{\"block_align\":\"center\",\"content\":\"\n\n<p>O\\u00f9 nous trouver<\\\/p>\",\"title_element\":\"h1\",\"title_style\":\"h3\"}},{\"type\":\"text\",\"props\":{\"column_breakpoint\":\"m\",\"content\":\"\n\n<p>\\u00d8YL, c\\u2019est l\\u2019envie de replacer le bien-\\u00eatre au c\\u0153ur du quotidien. Pour celles et ceux qui souhaitent d\\u00e9couvrir nos produits autrement, nous sommes pr\\u00e9sents dans une s\\u00e9lection de boutiques partenaires partageant nos valeurs d\\u2019authenticit\\u00e9, de qualit\\u00e9 et de respect du vivant. Retrouvez ci-dessous la liste des points de vente o\\u00f9 l\\u2019univers \\u00d8YL prend vie, pr\\u00e8s de chez vous.<\\\/p>\",\"margin\":\"default\",\"maxwidth\":\"xlarge\"}},{\"type\":\"button\",\"props\":{\"button_size\":\"small\",\"grid_column_gap\":\"small\",\"grid_row_gap\":\"small\",\"margin\":\"large\",\"margin_remove_bottom\":true,\"text_align\":\"left\"},\"children\":[{\"type\":\"button_item\",\"props\":{\"button_style\":\"primary\",\"content\":\"D\\u00e9couvrez nos produits\",\"dialog_layout\":\"modal\",\"dialog_offcanvas_flip\":true,\"icon\":\"arrow-right\",\"icon_align\":\"left\",\"link\":\"fr\\\/shop\\\/\"}}]}]}],\"props\":{\"alignment\":\"center\",\"layout\":\"1-2,1-2\",\"padding_remove_horizontal\":false}}]},{\"type\":\"section\",\"props\":{\"css\":\"img {border-radius: 15px;}\\nimg {\\n    \\\/* filter: url(filters.svg#grayscale); Firefox 3.5+ *\\\/\\n      filter: gray;\\n        -webkit-filter: grayscale(1);  \\n    \\t-webkit-transition: all .8s ease-in-out; \\n    }\\n\\nimg:hover {\\n    filter: none;\\n      -webkit-filter: grayscale(0);\\n      -webkit-transition: all .8s ease-in-out;   \\n    }\\n\",\"image_position\":\"center-center\",\"padding_remove_top\":false,\"style\":\"default\",\"title_breakpoint\":\"xl\",\"title_position\":\"top-left\",\"title_rotation\":\"left\",\"vertical_align\":\"\",\"width\":\"default\"},\"children\":[{\"type\":\"row\",\"children\":[{\"type\":\"column\",\"props\":{\"image_position\":\"center-center\",\"position_sticky_breakpoint\":\"m\"},\"children\":[{\"type\":\"html\",\"props\":{\"content\":\"<iframe src=\\\"https:\\\/\\\/www.google.com\\\/maps\\\/d\\\/u\\\/0\\\/embed?mid=1-qQnDgRDbfoGht5wLYdwoad12_iB3Lg&ehbc=2E312F&noprof=1\\\" width=\\\"100%\\\" height=\\\"480\\\" class=\\\"oyl-stores\\\"><\\\/iframe>\",\"css\":\".oyl-stores {\\n    border-radius:15px;\\n\\t-webkit-filter: grayscale(100%);\\n \\t-moz-filter: grayscale(100%);\\n\\t -ms-filter: grayscale(100%);\\n \\t-o-filter: grayscale(100%);\\n \\tfilter: grayscale(100%);\\n}\"}}]}]}]},{\"type\":\"section\",\"props\":{\"css\":\"img {\\n    \\\/* filter: url(filters.svg#grayscale); Firefox 3.5+ *\\\/\\n      filter: gray;\\n        -webkit-filter: grayscale(1);  \\n    \\t-webkit-transition: all .8s ease-in-out; \\n    }\\n\\nimg:hover {\\n    filter: none;\\n      -webkit-filter: grayscale(0);\\n      -webkit-transition: all .8s ease-in-out;   \\n    }\\n\\n\",\"image_position\":\"center-center\",\"style\":\"default\",\"title_breakpoint\":\"xl\",\"title_position\":\"top-left\",\"title_rotation\":\"left\",\"vertical_align\":\"\",\"width\":\"default\"},\"children\":[{\"type\":\"row\",\"props\":{\"column_gap\":\"large\",\"layout\":\"2-3,1-3\",\"margin\":\"large\"},\"children\":[{\"type\":\"column\",\"props\":{\"image_position\":\"center-center\",\"position_sticky_breakpoint\":\"m\",\"vertical_align\":\"middle\",\"width_medium\":\"2-3\"},\"children\":[{\"type\":\"headline\",\"props\":{\"block_align\":\"center\",\"content\":\"Contact\",\"title_element\":\"h1\",\"title_style\":\"h4\"}},{\"type\":\"text\",\"props\":{\"column_breakpoint\":\"m\",\"content\":\"\n\n<p>Vous avez une question ou besoin d'informations sur l'un de nos produits ? <br \\\/>\\u00d8YL est disponible 7 jours sur 7 pour r\\u00e9pondre \\u00e0 toutes vos questions. <br \\\/>Utilisez notre formulaire de contact et l'un de nos membres se fera un plaisir de vous r\\u00e9pondre dans les 24 heures.<\\\/p>\",\"margin\":\"default\"}},{\"type\":\"html\",\"props\":{\"content\":\"[wpforms id=\\\"1056\\\"]\"}}]},{\"type\":\"column\",\"props\":{\"image_position\":\"center-center\",\"position_sticky_breakpoint\":\"m\",\"width_medium\":\"1-3\"},\"children\":[{\"type\":\"headline\",\"props\":{\"block_align\":\"center\",\"content\":\"STPharma SRL\",\"margin_remove_bottom\":true,\"title_element\":\"h1\",\"title_style\":\"h5\"}},{\"type\":\"list\",\"props\":{\"column_breakpoint\":\"m\",\"css\":\".el-item {\\n    margin:0;\\n}\",\"image_align\":\"left\",\"image_svg_color\":\"emphasis\",\"image_vertical_align\":true,\"list_element\":\"ul\",\"list_horizontal_separator\":\", \",\"list_type\":\"vertical\",\"margin\":\"small\",\"margin_remove_top\":false,\"show_image\":true,\"show_link\":true},\"children\":[{\"type\":\"list_item\",\"props\":{\"content\":\"\n\n<p>Rue Van Soust 262A, <br \\\/>1070 Brussels<\\\/p>\",\"icon\":\"home\",\"link\":\"#\"}},{\"type\":\"list_item\",\"props\":{\"content\":\"\n\n<p>+32 490 511 483<\\\/p>\",\"icon\":\"whatsapp\",\"link\":\"tel:+32490511483\"}},{\"type\":\"list_item\",\"props\":{\"content\":\"\n\n<p>info@oyl-cbd.com<\\\/p>\",\"icon\":\"mail\",\"link\":\"mailto:info@oyl-cbd.com\"}},{\"type\":\"list_item\",\"props\":{\"content\":\"\n\n<div><span lang=\\\"EN\\\">@oylcbd<\\\/span><\\\/div>\",\"icon\":\"instagram\",\"link\":\"https:\\\/\\\/www.instagram.com\\\/oylcbd\",\"link_target\":true}},{\"type\":\"list_item\",\"props\":{\"content\":\"\n\n<div><span lang=\\\"EN\\\">VAT: <span>BE712843991\\u00a0<\\\/span><\\\/span><\\\/div>\",\"icon\":\"\",\"link_target\":true}}],\"name\":\"Contact Block\"},{\"type\":\"headline\",\"props\":{\"block_align\":\"center\",\"content\":\"Restez inform\\u00e9s!\",\"margin\":\"medium\",\"margin_remove_bottom\":true,\"title_element\":\"h1\",\"title_style\":\"h5\"}},{\"type\":\"text\",\"props\":{\"column_breakpoint\":\"m\",\"content\":\"\n\n<p><span>Inscrivez-vous \\u00e0 la lettre d'information et b\\u00e9n\\u00e9ficiez d'une r\\u00e9duction de 10 % sur votre premier achat.<\\\/span><\\\/p>\",\"margin\":\"small\"}},{\"type\":\"newsletter\",\"props\":{\"button_icon\":\"mail\",\"button_mode\":\"button\",\"button_style\":\"default\",\"cmonitor\":{\"client_id\":\"\",\"list_id\":\"\"},\"gap\":\"small\",\"label_button\":\"Subscribe\",\"label_email\":\"Email Address\",\"label_first_name\":\"\",\"label_last_name\":\"\",\"layout\":\"grid\",\"mailchimp\":{\"client_id\":\"\",\"list_id\":\"b99f6909fb\",\"double_optin\":false},\"margin\":\"default\",\"provider\":{\"name\":\"mailchimp\",\"after_submit\":\"message\",\"message\":\"You've been subscribed successfully.\",\"redirect\":\"\"},\"show_name\":false},\"name\":\"Newsletter\"}]}]}]},{\"type\":\"section\",\"props\":{\"image_position\":\"center-center\",\"style\":\"muted\",\"title_breakpoint\":\"xl\",\"title_position\":\"top-left\",\"title_rotation\":\"left\",\"vertical_align\":\"\",\"width\":\"default\"},\"children\":[{\"type\":\"row\",\"children\":[{\"type\":\"column\",\"props\":{\"image_position\":\"center-center\",\"position_sticky_breakpoint\":\"m\"},\"children\":[{\"type\":\"headline\",\"props\":{\"content\":\"Vous voulez essayer \\u00d8YL?\",\"text_align\":\"center\",\"title_element\":\"h1\",\"title_style\":\"h3\"}},{\"type\":\"text\",\"props\":{\"column_breakpoint\":\"m\",\"content\":\"\n\n<p>Votre gamme bien-\\u00eatre de produits naturels au CBD<\\\/p>\",\"margin\":\"default\",\"text_align\":\"center\"}},{\"type\":\"button\",\"props\":{\"button_size\":\"small\",\"grid_column_gap\":\"small\",\"grid_row_gap\":\"small\",\"margin\":\"default\",\"margin_remove_bottom\":false,\"text_align\":\"center\"},\"children\":[{\"type\":\"button_item\",\"props\":{\"button_style\":\"default\",\"content\":\"\\u2192 D\\u00e9couvrez nos produits\",\"dialog_layout\":\"modal\",\"dialog_offcanvas_flip\":true,\"icon_align\":\"left\",\"link\":\"fr\\\/shop\\\/\"}}]}]}]}],\"name\":\"**CTA FR\"}],\"version\":\"4.5.19\"} --><\/p>\n","protected":false},"excerpt":{"rendered":"<p>O\u00f9 nous trouver \u00d8YL, c\u2019est l\u2019envie de replacer le bien-\u00eatre au c\u0153ur du quotidien. Pour celles et ceux qui souhaitent d\u00e9couvrir nos produits autrement, nous sommes pr\u00e9sents dans une s\u00e9lection de boutiques partenaires partageant nos valeurs d\u2019authenticit\u00e9, de qualit\u00e9 et de respect du vivant. Retrouvez ci-dessous la liste des points de vente o\u00f9 l\u2019univers \u00d8YL [&hellip;]<\/p>\n","protected":false},"author":14,"featured_media":0,"parent":0,"menu_order":0,"comment_status":"closed","ping_status":"closed","template":"","meta":{"_acf_changed":false,"footnotes":""},"class_list":["post-6244","page","type-page","status-publish","hentry"],"acf":[],"yoast_head":"<!-- This site is optimized with the Yoast SEO plugin v27.4 - https:\/\/yoast.com\/product\/yoast-seo-wordpress\/ -->\n<title>Points de Vente - \u00d8YL<\/title>\n<meta name=\"robots\" content=\"index, follow, max-snippet:-1, max-image-preview:large, max-video-preview:-1\" \/>\n<link rel=\"canonical\" href=\"https:\/\/oyl-cbd.com\/fr\/points-de-vente\/\" \/>\n<meta property=\"og:locale\" content=\"fr_FR\" \/>\n<meta property=\"og:type\" content=\"article\" \/>\n<meta property=\"og:title\" content=\"Points de Vente - \u00d8YL\" \/>\n<meta property=\"og:description\" content=\"O\u00f9 nous trouver \u00d8YL, c\u2019est l\u2019envie de replacer le bien-\u00eatre au c\u0153ur du quotidien. Pour celles et ceux qui souhaitent d\u00e9couvrir nos produits autrement, nous sommes pr\u00e9sents dans une s\u00e9lection de boutiques partenaires partageant nos valeurs d\u2019authenticit\u00e9, de qualit\u00e9 et de respect du vivant. Retrouvez ci-dessous la liste des points de vente o\u00f9 l\u2019univers \u00d8YL [&hellip;]\" \/>\n<meta property=\"og:url\" content=\"https:\/\/oyl-cbd.com\/fr\/points-de-vente\/\" \/>\n<meta property=\"og:site_name\" content=\"\u00d8YL\" \/>\n<meta property=\"article:modified_time\" content=\"2025-06-10T15:32:10+00:00\" \/>\n<meta name=\"twitter:card\" content=\"summary_large_image\" \/>\n<meta name=\"twitter:label1\" content=\"Dur\u00e9e de lecture estim\u00e9e\" \/>\n\t<meta name=\"twitter:data1\" content=\"1 minute\" \/>\n<script type=\"application\/ld+json\" class=\"yoast-schema-graph\">{\"@context\":\"https:\\\/\\\/schema.org\",\"@graph\":[{\"@type\":\"WebPage\",\"@id\":\"https:\\\/\\\/oyl-cbd.com\\\/fr\\\/points-de-vente\\\/\",\"url\":\"https:\\\/\\\/oyl-cbd.com\\\/fr\\\/points-de-vente\\\/\",\"name\":\"Points de Vente - \u00d8YL\",\"isPartOf\":{\"@id\":\"https:\\\/\\\/oyl-cbd.com\\\/fr\\\/#website\"},\"datePublished\":\"2025-06-10T15:22:05+00:00\",\"dateModified\":\"2025-06-10T15:32:10+00:00\",\"breadcrumb\":{\"@id\":\"https:\\\/\\\/oyl-cbd.com\\\/fr\\\/points-de-vente\\\/#breadcrumb\"},\"inLanguage\":\"fr-FR\",\"potentialAction\":[{\"@type\":\"ReadAction\",\"target\":[\"https:\\\/\\\/oyl-cbd.com\\\/fr\\\/points-de-vente\\\/\"]}]},{\"@type\":\"BreadcrumbList\",\"@id\":\"https:\\\/\\\/oyl-cbd.com\\\/fr\\\/points-de-vente\\\/#breadcrumb\",\"itemListElement\":[{\"@type\":\"ListItem\",\"position\":1,\"name\":\"Accueil\",\"item\":\"https:\\\/\\\/oyl-cbd.com\\\/fr\\\/\"},{\"@type\":\"ListItem\",\"position\":2,\"name\":\"Points de Vente\"}]},{\"@type\":\"WebSite\",\"@id\":\"https:\\\/\\\/oyl-cbd.com\\\/fr\\\/#website\",\"url\":\"https:\\\/\\\/oyl-cbd.com\\\/fr\\\/\",\"name\":\"\u00d8YL\",\"description\":\"soins \u00e0 base de CBD\",\"publisher\":{\"@id\":\"https:\\\/\\\/oyl-cbd.com\\\/fr\\\/#organization\"},\"potentialAction\":[{\"@type\":\"SearchAction\",\"target\":{\"@type\":\"EntryPoint\",\"urlTemplate\":\"https:\\\/\\\/oyl-cbd.com\\\/fr\\\/?s={search_term_string}\"},\"query-input\":{\"@type\":\"PropertyValueSpecification\",\"valueRequired\":true,\"valueName\":\"search_term_string\"}}],\"inLanguage\":\"fr-FR\"},{\"@type\":\"Organization\",\"@id\":\"https:\\\/\\\/oyl-cbd.com\\\/fr\\\/#organization\",\"name\":\"\u00d8YL\",\"url\":\"https:\\\/\\\/oyl-cbd.com\\\/fr\\\/\",\"logo\":{\"@type\":\"ImageObject\",\"inLanguage\":\"fr-FR\",\"@id\":\"https:\\\/\\\/oyl-cbd.com\\\/fr\\\/#\\\/schema\\\/logo\\\/image\\\/\",\"url\":\"https:\\\/\\\/oyl-cbd.com\\\/wp-content\\\/uploads\\\/PHOTO-2023-01-03-09-25-37-1.jpg\",\"contentUrl\":\"https:\\\/\\\/oyl-cbd.com\\\/wp-content\\\/uploads\\\/PHOTO-2023-01-03-09-25-37-1.jpg\",\"width\":1600,\"height\":1600,\"caption\":\"\u00d8YL\"},\"image\":{\"@id\":\"https:\\\/\\\/oyl-cbd.com\\\/fr\\\/#\\\/schema\\\/logo\\\/image\\\/\"}}]}<\/script>\n<!-- \/ Yoast SEO plugin. -->","yoast_head_json":{"title":"Points de Vente - \u00d8YL","robots":{"index":"index","follow":"follow","max-snippet":"max-snippet:-1","max-image-preview":"max-image-preview:large","max-video-preview":"max-video-preview:-1"},"canonical":"https:\/\/oyl-cbd.com\/fr\/points-de-vente\/","og_locale":"fr_FR","og_type":"article","og_title":"Points de Vente - \u00d8YL","og_description":"O\u00f9 nous trouver \u00d8YL, c\u2019est l\u2019envie de replacer le bien-\u00eatre au c\u0153ur du quotidien. Pour celles et ceux qui souhaitent d\u00e9couvrir nos produits autrement, nous sommes pr\u00e9sents dans une s\u00e9lection de boutiques partenaires partageant nos valeurs d\u2019authenticit\u00e9, de qualit\u00e9 et de respect du vivant. Retrouvez ci-dessous la liste des points de vente o\u00f9 l\u2019univers \u00d8YL [&hellip;]","og_url":"https:\/\/oyl-cbd.com\/fr\/points-de-vente\/","og_site_name":"\u00d8YL","article_modified_time":"2025-06-10T15:32:10+00:00","twitter_card":"summary_large_image","twitter_misc":{"Dur\u00e9e de lecture estim\u00e9e":"1 minute"},"schema":{"@context":"https:\/\/schema.org","@graph":[{"@type":"WebPage","@id":"https:\/\/oyl-cbd.com\/fr\/points-de-vente\/","url":"https:\/\/oyl-cbd.com\/fr\/points-de-vente\/","name":"Points de Vente - \u00d8YL","isPartOf":{"@id":"https:\/\/oyl-cbd.com\/fr\/#website"},"datePublished":"2025-06-10T15:22:05+00:00","dateModified":"2025-06-10T15:32:10+00:00","breadcrumb":{"@id":"https:\/\/oyl-cbd.com\/fr\/points-de-vente\/#breadcrumb"},"inLanguage":"fr-FR","potentialAction":[{"@type":"ReadAction","target":["https:\/\/oyl-cbd.com\/fr\/points-de-vente\/"]}]},{"@type":"BreadcrumbList","@id":"https:\/\/oyl-cbd.com\/fr\/points-de-vente\/#breadcrumb","itemListElement":[{"@type":"ListItem","position":1,"name":"Accueil","item":"https:\/\/oyl-cbd.com\/fr\/"},{"@type":"ListItem","position":2,"name":"Points de Vente"}]},{"@type":"WebSite","@id":"https:\/\/oyl-cbd.com\/fr\/#website","url":"https:\/\/oyl-cbd.com\/fr\/","name":"\u00d8YL","description":"soins \u00e0 base de CBD","publisher":{"@id":"https:\/\/oyl-cbd.com\/fr\/#organization"},"potentialAction":[{"@type":"SearchAction","target":{"@type":"EntryPoint","urlTemplate":"https:\/\/oyl-cbd.com\/fr\/?s={search_term_string}"},"query-input":{"@type":"PropertyValueSpecification","valueRequired":true,"valueName":"search_term_string"}}],"inLanguage":"fr-FR"},{"@type":"Organization","@id":"https:\/\/oyl-cbd.com\/fr\/#organization","name":"\u00d8YL","url":"https:\/\/oyl-cbd.com\/fr\/","logo":{"@type":"ImageObject","inLanguage":"fr-FR","@id":"https:\/\/oyl-cbd.com\/fr\/#\/schema\/logo\/image\/","url":"https:\/\/oyl-cbd.com\/wp-content\/uploads\/PHOTO-2023-01-03-09-25-37-1.jpg","contentUrl":"https:\/\/oyl-cbd.com\/wp-content\/uploads\/PHOTO-2023-01-03-09-25-37-1.jpg","width":1600,"height":1600,"caption":"\u00d8YL"},"image":{"@id":"https:\/\/oyl-cbd.com\/fr\/#\/schema\/logo\/image\/"}}]}},"_links":{"self":[{"href":"https:\/\/oyl-cbd.com\/fr\/wp-json\/wp\/v2\/pages\/6244","targetHints":{"allow":["GET"]}}],"collection":[{"href":"https:\/\/oyl-cbd.com\/fr\/wp-json\/wp\/v2\/pages"}],"about":[{"href":"https:\/\/oyl-cbd.com\/fr\/wp-json\/wp\/v2\/types\/page"}],"author":[{"embeddable":true,"href":"https:\/\/oyl-cbd.com\/fr\/wp-json\/wp\/v2\/users\/14"}],"replies":[{"embeddable":true,"href":"https:\/\/oyl-cbd.com\/fr\/wp-json\/wp\/v2\/comments?post=6244"}],"version-history":[{"count":5,"href":"https:\/\/oyl-cbd.com\/fr\/wp-json\/wp\/v2\/pages\/6244\/revisions"}],"predecessor-version":[{"id":6253,"href":"https:\/\/oyl-cbd.com\/fr\/wp-json\/wp\/v2\/pages\/6244\/revisions\/6253"}],"wp:attachment":[{"href":"https:\/\/oyl-cbd.com\/fr\/wp-json\/wp\/v2\/media?parent=6244"}],"curies":[{"name":"wp","href":"https:\/\/api.w.org\/{rel}","templated":true}]}}