{"id":4924,"date":"2023-07-23T06:40:28","date_gmt":"2023-07-23T06:40:28","guid":{"rendered":"https:\/\/oyl-cbd.com\/produit\/full-spectrum-huile-de-cbd-biologique-10ml\/"},"modified":"2025-07-11T14:48:20","modified_gmt":"2025-07-11T14:48:20","slug":"full-spectrum-huile-de-cbd-biologique-10ml","status":"publish","type":"product","link":"https:\/\/oyl-cbd.com\/fr\/produit\/full-spectrum-huile-de-cbd-biologique-10ml\/","title":{"rendered":"Full Spectrum <br>Huile de CBD biologique 10ml"},"content":{"rendered":"<p dir=\"ltr\">Nos gouttes de bien-\u00eatre Full Spectrum sont une fusion nourrissante d&rsquo;huile MCT biologique, d&rsquo;huile de graines de chanvre, d&rsquo;extrait de CBD Full Spectrum et de terp\u00e8nes naturels.<\/p>\n<p dir=\"ltr\">Les produits Full Spectrum cannabis Stiva L. sont appr\u00e9ci\u00e9s pour leur \u00ab\u00a0effet entourage\u00a0\u00bb &#8211; une th\u00e9orie qui indique que les composants pr\u00e9sents dans la plante Cannabis S. sont plus efficaces lorsqu&rsquo;ils sont pris ensemble que lorsqu&rsquo;ils sont isol\u00e9s.<\/p>\n<p dir=\"ltr\">Les gouttes Full Spectrum sont donc indiqu\u00e9es pour ceux qui cherchent \u00e0 profiter des bienfaits de la plante enti\u00e8re. Tous nos produits sont conformes aux r\u00e8glements de l&rsquo;UE, contiennent moins de 0,3 % de THC et ne provoquent pas d&rsquo;effets psychologiques.<\/p>\n","protected":false},"excerpt":{"rendered":"<p data-start=\"172\" data-end=\"406\">Retrouvez \u00e9quilibre et bien-\u00eatre gr\u00e2ce \u00e0 la force de la nature.<br data-start=\"239\" data-end=\"242\" \/>Douleurs r\u00e9currentes, tensions musculaires, crampes, inconfort apr\u00e8s le sport ou r\u00e8gles difficiles\u2026 Quand le corps dit stop, il m\u00e9rite une attention particuli\u00e8re.<\/p>\n<p data-start=\"342\" data-end=\"601\">Notre huile de CBD \u00e0 spectre complet (&lt;0,3 % de THC) agit en douceur pour vous accompagner dans ces moments d\u2019inconfort. Gr\u00e2ce \u00e0 sa richesse en cannabino\u00efdes et compos\u00e9s naturels, elle aide \u00e0 rel\u00e2cher le corps et \u00e0 apaiser l\u2019esprit, sans effet d\u2019accoutumance.<\/p>\n<p data-start=\"603\" data-end=\"692\">Une solution naturelle pour retrouver \u00e9quilibre, l\u00e9g\u00e8ret\u00e9 et mieux-\u00eatre, jour apr\u00e8s jour.<\/p>\n","protected":false},"featured_media":4604,"template":"","meta":{"_acf_changed":false},"product_brand":[],"product_cat":[111],"product_tag":[158,152,189,190,188,153,150],"class_list":{"0":"post-4924","1":"product","2":"type-product","3":"status-publish","4":"has-post-thumbnail","6":"product_cat-huiles-de-cbd","7":"product_tag-cbd-fr","8":"product_tag-douleur","9":"product_tag-niet-beschikbaar-voor-de-franse-markt","10":"product_tag-ontspanning-2","11":"product_tag-pijn-2","12":"product_tag-relaxation","13":"product_tag-stress","15":"first","16":"instock","17":"taxable","18":"shipping-taxable","19":"purchasable","20":"product-type-variable"},"acf":[],"yoast_head":"<!-- This site is optimized with the Yoast SEO plugin v27.4 - https:\/\/yoast.com\/product\/yoast-seo-wordpress\/ -->\n<title>Full Spectrum Huile de CBD biologique 10ml - \u00d8YL<\/title>\n<meta name=\"robots\" content=\"index, follow, max-snippet:-1, max-image-preview:large, max-video-preview:-1\" \/>\n<link rel=\"canonical\" href=\"https:\/\/oyl-cbd.com\/fr\/produit\/full-spectrum-huile-de-cbd-biologique-10ml\/\" \/>\n<meta property=\"og:locale\" content=\"fr_FR\" \/>\n<meta property=\"og:type\" content=\"article\" \/>\n<meta property=\"og:title\" content=\"Full Spectrum Huile de CBD biologique 10ml - \u00d8YL\" \/>\n<meta property=\"og:description\" content=\"Retrouvez \u00e9quilibre et bien-\u00eatre gr\u00e2ce \u00e0 la force de la nature.Douleurs r\u00e9currentes, tensions musculaires, crampes, inconfort apr\u00e8s le sport ou r\u00e8gles difficiles\u2026 Quand le corps dit stop, il m\u00e9rite une attention particuli\u00e8re. Notre huile de CBD \u00e0 spectre complet (&lt;0,3 % de THC) agit en douceur pour vous accompagner dans ces moments d\u2019inconfort. Gr\u00e2ce \u00e0 sa richesse en cannabino\u00efdes et compos\u00e9s naturels, elle aide \u00e0 rel\u00e2cher le corps et \u00e0 apaiser l\u2019esprit, sans effet d\u2019accoutumance. Une solution naturelle pour retrouver \u00e9quilibre, l\u00e9g\u00e8ret\u00e9 et mieux-\u00eatre, jour apr\u00e8s jour.\" \/>\n<meta property=\"og:url\" content=\"https:\/\/oyl-cbd.com\/fr\/produit\/full-spectrum-huile-de-cbd-biologique-10ml\/\" \/>\n<meta property=\"og:site_name\" content=\"\u00d8YL\" \/>\n<meta property=\"article:modified_time\" content=\"2025-07-11T14:48:20+00:00\" \/>\n<meta property=\"og:image\" content=\"https:\/\/oyl-cbd.com\/wp-content\/uploads\/OYL-Mockup-V2-FullSpectrum-5.png\" \/>\n\t<meta property=\"og:image:width\" content=\"1000\" \/>\n\t<meta property=\"og:image:height\" content=\"1000\" \/>\n\t<meta property=\"og:image:type\" content=\"image\/png\" \/>\n<meta name=\"twitter:card\" content=\"summary_large_image\" \/>\n<meta name=\"twitter:label1\" content=\"Dur\u00e9e de lecture estim\u00e9e\" \/>\n\t<meta name=\"twitter:data1\" content=\"1 minute\" \/>\n<script type=\"application\/ld+json\" class=\"yoast-schema-graph\">{\"@context\":\"https:\\\/\\\/schema.org\",\"@graph\":[{\"@type\":\"WebPage\",\"@id\":\"https:\\\/\\\/oyl-cbd.com\\\/fr\\\/produit\\\/full-spectrum-huile-de-cbd-biologique-10ml\\\/\",\"url\":\"https:\\\/\\\/oyl-cbd.com\\\/fr\\\/produit\\\/full-spectrum-huile-de-cbd-biologique-10ml\\\/\",\"name\":\"Full Spectrum Huile de CBD biologique 10ml - \u00d8YL\",\"isPartOf\":{\"@id\":\"https:\\\/\\\/oyl-cbd.com\\\/fr\\\/#website\"},\"primaryImageOfPage\":{\"@id\":\"https:\\\/\\\/oyl-cbd.com\\\/fr\\\/produit\\\/full-spectrum-huile-de-cbd-biologique-10ml\\\/#primaryimage\"},\"image\":{\"@id\":\"https:\\\/\\\/oyl-cbd.com\\\/fr\\\/produit\\\/full-spectrum-huile-de-cbd-biologique-10ml\\\/#primaryimage\"},\"thumbnailUrl\":\"https:\\\/\\\/oyl-cbd.com\\\/wp-content\\\/uploads\\\/OYL-Mockup-V2-FullSpectrum-5.png\",\"datePublished\":\"2023-07-23T06:40:28+00:00\",\"dateModified\":\"2025-07-11T14:48:20+00:00\",\"breadcrumb\":{\"@id\":\"https:\\\/\\\/oyl-cbd.com\\\/fr\\\/produit\\\/full-spectrum-huile-de-cbd-biologique-10ml\\\/#breadcrumb\"},\"inLanguage\":\"fr-FR\",\"potentialAction\":[{\"@type\":\"ReadAction\",\"target\":[\"https:\\\/\\\/oyl-cbd.com\\\/fr\\\/produit\\\/full-spectrum-huile-de-cbd-biologique-10ml\\\/\"]}]},{\"@type\":\"ImageObject\",\"inLanguage\":\"fr-FR\",\"@id\":\"https:\\\/\\\/oyl-cbd.com\\\/fr\\\/produit\\\/full-spectrum-huile-de-cbd-biologique-10ml\\\/#primaryimage\",\"url\":\"https:\\\/\\\/oyl-cbd.com\\\/wp-content\\\/uploads\\\/OYL-Mockup-V2-FullSpectrum-5.png\",\"contentUrl\":\"https:\\\/\\\/oyl-cbd.com\\\/wp-content\\\/uploads\\\/OYL-Mockup-V2-FullSpectrum-5.png\",\"width\":1000,\"height\":1000},{\"@type\":\"BreadcrumbList\",\"@id\":\"https:\\\/\\\/oyl-cbd.com\\\/fr\\\/produit\\\/full-spectrum-huile-de-cbd-biologique-10ml\\\/#breadcrumb\",\"itemListElement\":[{\"@type\":\"ListItem\",\"position\":1,\"name\":\"Accueil\",\"item\":\"https:\\\/\\\/oyl-cbd.com\\\/fr\\\/\"},{\"@type\":\"ListItem\",\"position\":2,\"name\":\"Shop\",\"item\":\"https:\\\/\\\/oyl-cbd.com\\\/fr\\\/shop\\\/\"},{\"@type\":\"ListItem\",\"position\":3,\"name\":\"Full Spectrum Huile de CBD biologique 10ml\"}]},{\"@type\":\"WebSite\",\"@id\":\"https:\\\/\\\/oyl-cbd.com\\\/fr\\\/#website\",\"url\":\"https:\\\/\\\/oyl-cbd.com\\\/fr\\\/\",\"name\":\"\u00d8YL\",\"description\":\"soins \u00e0 base de CBD\",\"publisher\":{\"@id\":\"https:\\\/\\\/oyl-cbd.com\\\/fr\\\/#organization\"},\"potentialAction\":[{\"@type\":\"SearchAction\",\"target\":{\"@type\":\"EntryPoint\",\"urlTemplate\":\"https:\\\/\\\/oyl-cbd.com\\\/fr\\\/?s={search_term_string}\"},\"query-input\":{\"@type\":\"PropertyValueSpecification\",\"valueRequired\":true,\"valueName\":\"search_term_string\"}}],\"inLanguage\":\"fr-FR\"},{\"@type\":\"Organization\",\"@id\":\"https:\\\/\\\/oyl-cbd.com\\\/fr\\\/#organization\",\"name\":\"\u00d8YL\",\"url\":\"https:\\\/\\\/oyl-cbd.com\\\/fr\\\/\",\"logo\":{\"@type\":\"ImageObject\",\"inLanguage\":\"fr-FR\",\"@id\":\"https:\\\/\\\/oyl-cbd.com\\\/fr\\\/#\\\/schema\\\/logo\\\/image\\\/\",\"url\":\"https:\\\/\\\/oyl-cbd.com\\\/wp-content\\\/uploads\\\/PHOTO-2023-01-03-09-25-37-1.jpg\",\"contentUrl\":\"https:\\\/\\\/oyl-cbd.com\\\/wp-content\\\/uploads\\\/PHOTO-2023-01-03-09-25-37-1.jpg\",\"width\":1600,\"height\":1600,\"caption\":\"\u00d8YL\"},\"image\":{\"@id\":\"https:\\\/\\\/oyl-cbd.com\\\/fr\\\/#\\\/schema\\\/logo\\\/image\\\/\"}}]}<\/script>\n<!-- \/ Yoast SEO plugin. -->","yoast_head_json":{"title":"Full Spectrum Huile de CBD biologique 10ml - \u00d8YL","robots":{"index":"index","follow":"follow","max-snippet":"max-snippet:-1","max-image-preview":"max-image-preview:large","max-video-preview":"max-video-preview:-1"},"canonical":"https:\/\/oyl-cbd.com\/fr\/produit\/full-spectrum-huile-de-cbd-biologique-10ml\/","og_locale":"fr_FR","og_type":"article","og_title":"Full Spectrum Huile de CBD biologique 10ml - \u00d8YL","og_description":"Retrouvez \u00e9quilibre et bien-\u00eatre gr\u00e2ce \u00e0 la force de la nature.Douleurs r\u00e9currentes, tensions musculaires, crampes, inconfort apr\u00e8s le sport ou r\u00e8gles difficiles\u2026 Quand le corps dit stop, il m\u00e9rite une attention particuli\u00e8re. Notre huile de CBD \u00e0 spectre complet (&lt;0,3 % de THC) agit en douceur pour vous accompagner dans ces moments d\u2019inconfort. Gr\u00e2ce \u00e0 sa richesse en cannabino\u00efdes et compos\u00e9s naturels, elle aide \u00e0 rel\u00e2cher le corps et \u00e0 apaiser l\u2019esprit, sans effet d\u2019accoutumance. Une solution naturelle pour retrouver \u00e9quilibre, l\u00e9g\u00e8ret\u00e9 et mieux-\u00eatre, jour apr\u00e8s jour.","og_url":"https:\/\/oyl-cbd.com\/fr\/produit\/full-spectrum-huile-de-cbd-biologique-10ml\/","og_site_name":"\u00d8YL","article_modified_time":"2025-07-11T14:48:20+00:00","og_image":[{"width":1000,"height":1000,"url":"https:\/\/oyl-cbd.com\/wp-content\/uploads\/OYL-Mockup-V2-FullSpectrum-5.png","type":"image\/png"}],"twitter_card":"summary_large_image","twitter_misc":{"Dur\u00e9e de lecture estim\u00e9e":"1 minute"},"schema":{"@context":"https:\/\/schema.org","@graph":[{"@type":"WebPage","@id":"https:\/\/oyl-cbd.com\/fr\/produit\/full-spectrum-huile-de-cbd-biologique-10ml\/","url":"https:\/\/oyl-cbd.com\/fr\/produit\/full-spectrum-huile-de-cbd-biologique-10ml\/","name":"Full Spectrum Huile de CBD biologique 10ml - \u00d8YL","isPartOf":{"@id":"https:\/\/oyl-cbd.com\/fr\/#website"},"primaryImageOfPage":{"@id":"https:\/\/oyl-cbd.com\/fr\/produit\/full-spectrum-huile-de-cbd-biologique-10ml\/#primaryimage"},"image":{"@id":"https:\/\/oyl-cbd.com\/fr\/produit\/full-spectrum-huile-de-cbd-biologique-10ml\/#primaryimage"},"thumbnailUrl":"https:\/\/oyl-cbd.com\/wp-content\/uploads\/OYL-Mockup-V2-FullSpectrum-5.png","datePublished":"2023-07-23T06:40:28+00:00","dateModified":"2025-07-11T14:48:20+00:00","breadcrumb":{"@id":"https:\/\/oyl-cbd.com\/fr\/produit\/full-spectrum-huile-de-cbd-biologique-10ml\/#breadcrumb"},"inLanguage":"fr-FR","potentialAction":[{"@type":"ReadAction","target":["https:\/\/oyl-cbd.com\/fr\/produit\/full-spectrum-huile-de-cbd-biologique-10ml\/"]}]},{"@type":"ImageObject","inLanguage":"fr-FR","@id":"https:\/\/oyl-cbd.com\/fr\/produit\/full-spectrum-huile-de-cbd-biologique-10ml\/#primaryimage","url":"https:\/\/oyl-cbd.com\/wp-content\/uploads\/OYL-Mockup-V2-FullSpectrum-5.png","contentUrl":"https:\/\/oyl-cbd.com\/wp-content\/uploads\/OYL-Mockup-V2-FullSpectrum-5.png","width":1000,"height":1000},{"@type":"BreadcrumbList","@id":"https:\/\/oyl-cbd.com\/fr\/produit\/full-spectrum-huile-de-cbd-biologique-10ml\/#breadcrumb","itemListElement":[{"@type":"ListItem","position":1,"name":"Accueil","item":"https:\/\/oyl-cbd.com\/fr\/"},{"@type":"ListItem","position":2,"name":"Shop","item":"https:\/\/oyl-cbd.com\/fr\/shop\/"},{"@type":"ListItem","position":3,"name":"Full Spectrum Huile de CBD biologique 10ml"}]},{"@type":"WebSite","@id":"https:\/\/oyl-cbd.com\/fr\/#website","url":"https:\/\/oyl-cbd.com\/fr\/","name":"\u00d8YL","description":"soins \u00e0 base de CBD","publisher":{"@id":"https:\/\/oyl-cbd.com\/fr\/#organization"},"potentialAction":[{"@type":"SearchAction","target":{"@type":"EntryPoint","urlTemplate":"https:\/\/oyl-cbd.com\/fr\/?s={search_term_string}"},"query-input":{"@type":"PropertyValueSpecification","valueRequired":true,"valueName":"search_term_string"}}],"inLanguage":"fr-FR"},{"@type":"Organization","@id":"https:\/\/oyl-cbd.com\/fr\/#organization","name":"\u00d8YL","url":"https:\/\/oyl-cbd.com\/fr\/","logo":{"@type":"ImageObject","inLanguage":"fr-FR","@id":"https:\/\/oyl-cbd.com\/fr\/#\/schema\/logo\/image\/","url":"https:\/\/oyl-cbd.com\/wp-content\/uploads\/PHOTO-2023-01-03-09-25-37-1.jpg","contentUrl":"https:\/\/oyl-cbd.com\/wp-content\/uploads\/PHOTO-2023-01-03-09-25-37-1.jpg","width":1600,"height":1600,"caption":"\u00d8YL"},"image":{"@id":"https:\/\/oyl-cbd.com\/fr\/#\/schema\/logo\/image\/"}}]}},"_links":{"self":[{"href":"https:\/\/oyl-cbd.com\/fr\/wp-json\/wp\/v2\/product\/4924","targetHints":{"allow":["GET"]}}],"collection":[{"href":"https:\/\/oyl-cbd.com\/fr\/wp-json\/wp\/v2\/product"}],"about":[{"href":"https:\/\/oyl-cbd.com\/fr\/wp-json\/wp\/v2\/types\/product"}],"wp:featuredmedia":[{"embeddable":true,"href":"https:\/\/oyl-cbd.com\/fr\/wp-json\/wp\/v2\/media\/4604"}],"wp:attachment":[{"href":"https:\/\/oyl-cbd.com\/fr\/wp-json\/wp\/v2\/media?parent=4924"}],"wp:term":[{"taxonomy":"product_brand","embeddable":true,"href":"https:\/\/oyl-cbd.com\/fr\/wp-json\/wp\/v2\/product_brand?post=4924"},{"taxonomy":"product_cat","embeddable":true,"href":"https:\/\/oyl-cbd.com\/fr\/wp-json\/wp\/v2\/product_cat?post=4924"},{"taxonomy":"product_tag","embeddable":true,"href":"https:\/\/oyl-cbd.com\/fr\/wp-json\/wp\/v2\/product_tag?post=4924"}],"curies":[{"name":"wp","href":"https:\/\/api.w.org\/{rel}","templated":true}]}}