{"id":4930,"date":"2023-07-23T06:42:16","date_gmt":"2023-07-23T06:42:16","guid":{"rendered":"https:\/\/oyl-cbd.com\/produit\/sleep-huile-de-cbd-biologique-10ml\/"},"modified":"2025-11-20T11:39:24","modified_gmt":"2025-11-20T11:39:24","slug":"sleep-huile-de-cbd-biologique-10ml","status":"publish","type":"product","link":"https:\/\/oyl-cbd.com\/fr\/produit\/sleep-huile-de-cbd-biologique-10ml\/","title":{"rendered":"Sleep <br>Huile de CBD biologique 10ml"},"content":{"rendered":"<p>Nos gouttes Sleep sont une fusion relaxante d&rsquo;huile MCT biologique, d&rsquo;huile de graines de chanvre, d&rsquo;extrait de CBD \u00e0 large spectre, d&rsquo;extrait de CBN et de terp\u00e8nes naturels.<\/p>\n<p>En particulier lorsqu&rsquo;ils sont associ\u00e9s au CBD, les consommateurs se tournent souvent vers les produits \u00e0 base de CBN pour faciliter le sommeil et la relaxation.<\/p>\n<p>Tous nos produits sont conformes aux r\u00e8glements de l&rsquo;UE, contiennent moins de 0,2 % de THC et ne provoquent pas d&rsquo;effets psychologiques.<\/p>\n<p>Concentration de CBD : 5mg \/ goutte<\/p>\n<p>Concentration en CBN : 2,5mg \/ goutte<\/p>\n<p>&nbsp;<\/p>\n","protected":false},"excerpt":{"rendered":"<p data-start=\"155\" data-end=\"456\">L\u00e2cher prise, naturellement.<\/p>\n<p data-start=\"155\" data-end=\"456\">Quand la journ\u00e9e s&rsquo;\u00e9tire jusque dans vos pens\u00e9es, quand le mental refuse de se mettre en veille\u2026<br data-start=\"286\" data-end=\"289\" \/>Nos gouttes \u00e0 base de CBD \u00e0 spectre large (sans THC) et de CBN vous accompagnent avec douceur pour ralentir le rythme, apaiser les tensions et pr\u00e9parer le corps au repos.<\/p>\n<p data-start=\"458\" data-end=\"630\">Sans accoutumance ni psychotrope \u2014 juste la force des plantes, au service de votre sommeil.<\/p>\n<p data-start=\"458\" data-end=\"630\">Disponible avec m\u00e9latonine dans la r\u00e9f\u00e9rence Sleep+.<\/p>\n","protected":false},"featured_media":4598,"template":"","meta":{"_acf_changed":false},"product_brand":[],"product_cat":[111],"product_tag":[158,119,153,151],"class_list":{"0":"post-4930","1":"product","2":"type-product","3":"status-publish","4":"has-post-thumbnail","6":"product_cat-huiles-de-cbd","7":"product_tag-cbd-fr","8":"product_tag-night-line-fr","9":"product_tag-relaxation","10":"product_tag-sommeil","12":"first","13":"instock","14":"taxable","15":"shipping-taxable","16":"purchasable","17":"product-type-simple"},"acf":[],"yoast_head":"<!-- This site is optimized with the Yoast SEO plugin v27.3 - https:\/\/yoast.com\/product\/yoast-seo-wordpress\/ -->\n<title>Sleep Huile de CBD Biologique 10ml \u2013 D\u00e9tente &amp; Sommeil Naturel - \u00d8YL CBD<\/title>\n<meta name=\"description\" content=\"D\u00e9couvrez l\u2019Huile de CBD Sleep 10ml, une solution naturelle qui aide \u00e0 combattre les troubles du sommeil. Favorise la d\u00e9tente et des nuits paisibles, naturellement.\" \/>\n<meta name=\"robots\" content=\"index, follow, max-snippet:-1, max-image-preview:large, max-video-preview:-1\" \/>\n<link rel=\"canonical\" href=\"https:\/\/oyl-cbd.com\/fr\/produit\/sleep-huile-de-cbd-biologique-10ml\/\" \/>\n<meta property=\"og:locale\" content=\"fr_FR\" \/>\n<meta property=\"og:type\" content=\"article\" \/>\n<meta property=\"og:title\" content=\"Sleep Huile de CBD Biologique 10ml \u2013 D\u00e9tente &amp; Sommeil Naturel - \u00d8YL CBD\" \/>\n<meta property=\"og:description\" content=\"D\u00e9couvrez l\u2019Huile de CBD Sleep 10ml, une solution naturelle qui aide \u00e0 combattre les troubles du sommeil. Favorise la d\u00e9tente et des nuits paisibles, naturellement.\" \/>\n<meta property=\"og:url\" content=\"https:\/\/oyl-cbd.com\/fr\/produit\/sleep-huile-de-cbd-biologique-10ml\/\" \/>\n<meta property=\"og:site_name\" content=\"\u00d8YL\" \/>\n<meta property=\"article:modified_time\" content=\"2025-11-20T11:39:24+00:00\" \/>\n<meta property=\"og:image\" content=\"https:\/\/oyl-cbd.com\/wp-content\/uploads\/OYL-Mockup-V2-Sleep-03.png\" \/>\n\t<meta property=\"og:image:width\" content=\"1000\" \/>\n\t<meta property=\"og:image:height\" content=\"1000\" \/>\n\t<meta property=\"og:image:type\" content=\"image\/png\" \/>\n<meta name=\"twitter:card\" content=\"summary_large_image\" \/>\n<meta name=\"twitter:label1\" content=\"Dur\u00e9e de lecture estim\u00e9e\" \/>\n\t<meta name=\"twitter:data1\" content=\"1 minute\" \/>\n<script type=\"application\/ld+json\" class=\"yoast-schema-graph\">{\"@context\":\"https:\\\/\\\/schema.org\",\"@graph\":[{\"@type\":\"WebPage\",\"@id\":\"https:\\\/\\\/oyl-cbd.com\\\/fr\\\/produit\\\/sleep-huile-de-cbd-biologique-10ml\\\/\",\"url\":\"https:\\\/\\\/oyl-cbd.com\\\/fr\\\/produit\\\/sleep-huile-de-cbd-biologique-10ml\\\/\",\"name\":\"Sleep Huile de CBD Biologique 10ml \u2013 D\u00e9tente & Sommeil Naturel - \u00d8YL CBD\",\"isPartOf\":{\"@id\":\"https:\\\/\\\/oyl-cbd.com\\\/fr\\\/#website\"},\"primaryImageOfPage\":{\"@id\":\"https:\\\/\\\/oyl-cbd.com\\\/fr\\\/produit\\\/sleep-huile-de-cbd-biologique-10ml\\\/#primaryimage\"},\"image\":{\"@id\":\"https:\\\/\\\/oyl-cbd.com\\\/fr\\\/produit\\\/sleep-huile-de-cbd-biologique-10ml\\\/#primaryimage\"},\"thumbnailUrl\":\"https:\\\/\\\/oyl-cbd.com\\\/wp-content\\\/uploads\\\/OYL-Mockup-V2-Sleep-03.png\",\"datePublished\":\"2023-07-23T06:42:16+00:00\",\"dateModified\":\"2025-11-20T11:39:24+00:00\",\"description\":\"D\u00e9couvrez l\u2019Huile de CBD Sleep 10ml, une solution naturelle qui aide \u00e0 combattre les troubles du sommeil. Favorise la d\u00e9tente et des nuits paisibles, naturellement.\",\"breadcrumb\":{\"@id\":\"https:\\\/\\\/oyl-cbd.com\\\/fr\\\/produit\\\/sleep-huile-de-cbd-biologique-10ml\\\/#breadcrumb\"},\"inLanguage\":\"fr-FR\",\"potentialAction\":[{\"@type\":\"ReadAction\",\"target\":[\"https:\\\/\\\/oyl-cbd.com\\\/fr\\\/produit\\\/sleep-huile-de-cbd-biologique-10ml\\\/\"]}]},{\"@type\":\"ImageObject\",\"inLanguage\":\"fr-FR\",\"@id\":\"https:\\\/\\\/oyl-cbd.com\\\/fr\\\/produit\\\/sleep-huile-de-cbd-biologique-10ml\\\/#primaryimage\",\"url\":\"https:\\\/\\\/oyl-cbd.com\\\/wp-content\\\/uploads\\\/OYL-Mockup-V2-Sleep-03.png\",\"contentUrl\":\"https:\\\/\\\/oyl-cbd.com\\\/wp-content\\\/uploads\\\/OYL-Mockup-V2-Sleep-03.png\",\"width\":1000,\"height\":1000},{\"@type\":\"BreadcrumbList\",\"@id\":\"https:\\\/\\\/oyl-cbd.com\\\/fr\\\/produit\\\/sleep-huile-de-cbd-biologique-10ml\\\/#breadcrumb\",\"itemListElement\":[{\"@type\":\"ListItem\",\"position\":1,\"name\":\"Accueil\",\"item\":\"https:\\\/\\\/oyl-cbd.com\\\/fr\\\/\"},{\"@type\":\"ListItem\",\"position\":2,\"name\":\"Shop\",\"item\":\"https:\\\/\\\/oyl-cbd.com\\\/fr\\\/shop\\\/\"},{\"@type\":\"ListItem\",\"position\":3,\"name\":\"Sleep Huile de CBD biologique 10ml\"}]},{\"@type\":\"WebSite\",\"@id\":\"https:\\\/\\\/oyl-cbd.com\\\/fr\\\/#website\",\"url\":\"https:\\\/\\\/oyl-cbd.com\\\/fr\\\/\",\"name\":\"\u00d8YL\",\"description\":\"soins \u00e0 base de CBD\",\"publisher\":{\"@id\":\"https:\\\/\\\/oyl-cbd.com\\\/fr\\\/#organization\"},\"potentialAction\":[{\"@type\":\"SearchAction\",\"target\":{\"@type\":\"EntryPoint\",\"urlTemplate\":\"https:\\\/\\\/oyl-cbd.com\\\/fr\\\/?s={search_term_string}\"},\"query-input\":{\"@type\":\"PropertyValueSpecification\",\"valueRequired\":true,\"valueName\":\"search_term_string\"}}],\"inLanguage\":\"fr-FR\"},{\"@type\":\"Organization\",\"@id\":\"https:\\\/\\\/oyl-cbd.com\\\/fr\\\/#organization\",\"name\":\"\u00d8YL\",\"url\":\"https:\\\/\\\/oyl-cbd.com\\\/fr\\\/\",\"logo\":{\"@type\":\"ImageObject\",\"inLanguage\":\"fr-FR\",\"@id\":\"https:\\\/\\\/oyl-cbd.com\\\/fr\\\/#\\\/schema\\\/logo\\\/image\\\/\",\"url\":\"https:\\\/\\\/oyl-cbd.com\\\/wp-content\\\/uploads\\\/PHOTO-2023-01-03-09-25-37-1.jpg\",\"contentUrl\":\"https:\\\/\\\/oyl-cbd.com\\\/wp-content\\\/uploads\\\/PHOTO-2023-01-03-09-25-37-1.jpg\",\"width\":1600,\"height\":1600,\"caption\":\"\u00d8YL\"},\"image\":{\"@id\":\"https:\\\/\\\/oyl-cbd.com\\\/fr\\\/#\\\/schema\\\/logo\\\/image\\\/\"}}]}<\/script>\n<!-- \/ Yoast SEO plugin. -->","yoast_head_json":{"title":"Sleep Huile de CBD Biologique 10ml \u2013 D\u00e9tente & Sommeil Naturel - \u00d8YL CBD","description":"D\u00e9couvrez l\u2019Huile de CBD Sleep 10ml, une solution naturelle qui aide \u00e0 combattre les troubles du sommeil. Favorise la d\u00e9tente et des nuits paisibles, naturellement.","robots":{"index":"index","follow":"follow","max-snippet":"max-snippet:-1","max-image-preview":"max-image-preview:large","max-video-preview":"max-video-preview:-1"},"canonical":"https:\/\/oyl-cbd.com\/fr\/produit\/sleep-huile-de-cbd-biologique-10ml\/","og_locale":"fr_FR","og_type":"article","og_title":"Sleep Huile de CBD Biologique 10ml \u2013 D\u00e9tente & Sommeil Naturel - \u00d8YL CBD","og_description":"D\u00e9couvrez l\u2019Huile de CBD Sleep 10ml, une solution naturelle qui aide \u00e0 combattre les troubles du sommeil. Favorise la d\u00e9tente et des nuits paisibles, naturellement.","og_url":"https:\/\/oyl-cbd.com\/fr\/produit\/sleep-huile-de-cbd-biologique-10ml\/","og_site_name":"\u00d8YL","article_modified_time":"2025-11-20T11:39:24+00:00","og_image":[{"width":1000,"height":1000,"url":"https:\/\/oyl-cbd.com\/wp-content\/uploads\/OYL-Mockup-V2-Sleep-03.png","type":"image\/png"}],"twitter_card":"summary_large_image","twitter_misc":{"Dur\u00e9e de lecture estim\u00e9e":"1 minute"},"schema":{"@context":"https:\/\/schema.org","@graph":[{"@type":"WebPage","@id":"https:\/\/oyl-cbd.com\/fr\/produit\/sleep-huile-de-cbd-biologique-10ml\/","url":"https:\/\/oyl-cbd.com\/fr\/produit\/sleep-huile-de-cbd-biologique-10ml\/","name":"Sleep Huile de CBD Biologique 10ml \u2013 D\u00e9tente & Sommeil Naturel - \u00d8YL CBD","isPartOf":{"@id":"https:\/\/oyl-cbd.com\/fr\/#website"},"primaryImageOfPage":{"@id":"https:\/\/oyl-cbd.com\/fr\/produit\/sleep-huile-de-cbd-biologique-10ml\/#primaryimage"},"image":{"@id":"https:\/\/oyl-cbd.com\/fr\/produit\/sleep-huile-de-cbd-biologique-10ml\/#primaryimage"},"thumbnailUrl":"https:\/\/oyl-cbd.com\/wp-content\/uploads\/OYL-Mockup-V2-Sleep-03.png","datePublished":"2023-07-23T06:42:16+00:00","dateModified":"2025-11-20T11:39:24+00:00","description":"D\u00e9couvrez l\u2019Huile de CBD Sleep 10ml, une solution naturelle qui aide \u00e0 combattre les troubles du sommeil. Favorise la d\u00e9tente et des nuits paisibles, naturellement.","breadcrumb":{"@id":"https:\/\/oyl-cbd.com\/fr\/produit\/sleep-huile-de-cbd-biologique-10ml\/#breadcrumb"},"inLanguage":"fr-FR","potentialAction":[{"@type":"ReadAction","target":["https:\/\/oyl-cbd.com\/fr\/produit\/sleep-huile-de-cbd-biologique-10ml\/"]}]},{"@type":"ImageObject","inLanguage":"fr-FR","@id":"https:\/\/oyl-cbd.com\/fr\/produit\/sleep-huile-de-cbd-biologique-10ml\/#primaryimage","url":"https:\/\/oyl-cbd.com\/wp-content\/uploads\/OYL-Mockup-V2-Sleep-03.png","contentUrl":"https:\/\/oyl-cbd.com\/wp-content\/uploads\/OYL-Mockup-V2-Sleep-03.png","width":1000,"height":1000},{"@type":"BreadcrumbList","@id":"https:\/\/oyl-cbd.com\/fr\/produit\/sleep-huile-de-cbd-biologique-10ml\/#breadcrumb","itemListElement":[{"@type":"ListItem","position":1,"name":"Accueil","item":"https:\/\/oyl-cbd.com\/fr\/"},{"@type":"ListItem","position":2,"name":"Shop","item":"https:\/\/oyl-cbd.com\/fr\/shop\/"},{"@type":"ListItem","position":3,"name":"Sleep Huile de CBD biologique 10ml"}]},{"@type":"WebSite","@id":"https:\/\/oyl-cbd.com\/fr\/#website","url":"https:\/\/oyl-cbd.com\/fr\/","name":"\u00d8YL","description":"soins \u00e0 base de CBD","publisher":{"@id":"https:\/\/oyl-cbd.com\/fr\/#organization"},"potentialAction":[{"@type":"SearchAction","target":{"@type":"EntryPoint","urlTemplate":"https:\/\/oyl-cbd.com\/fr\/?s={search_term_string}"},"query-input":{"@type":"PropertyValueSpecification","valueRequired":true,"valueName":"search_term_string"}}],"inLanguage":"fr-FR"},{"@type":"Organization","@id":"https:\/\/oyl-cbd.com\/fr\/#organization","name":"\u00d8YL","url":"https:\/\/oyl-cbd.com\/fr\/","logo":{"@type":"ImageObject","inLanguage":"fr-FR","@id":"https:\/\/oyl-cbd.com\/fr\/#\/schema\/logo\/image\/","url":"https:\/\/oyl-cbd.com\/wp-content\/uploads\/PHOTO-2023-01-03-09-25-37-1.jpg","contentUrl":"https:\/\/oyl-cbd.com\/wp-content\/uploads\/PHOTO-2023-01-03-09-25-37-1.jpg","width":1600,"height":1600,"caption":"\u00d8YL"},"image":{"@id":"https:\/\/oyl-cbd.com\/fr\/#\/schema\/logo\/image\/"}}]}},"_links":{"self":[{"href":"https:\/\/oyl-cbd.com\/fr\/wp-json\/wp\/v2\/product\/4930","targetHints":{"allow":["GET"]}}],"collection":[{"href":"https:\/\/oyl-cbd.com\/fr\/wp-json\/wp\/v2\/product"}],"about":[{"href":"https:\/\/oyl-cbd.com\/fr\/wp-json\/wp\/v2\/types\/product"}],"wp:featuredmedia":[{"embeddable":true,"href":"https:\/\/oyl-cbd.com\/fr\/wp-json\/wp\/v2\/media\/4598"}],"wp:attachment":[{"href":"https:\/\/oyl-cbd.com\/fr\/wp-json\/wp\/v2\/media?parent=4930"}],"wp:term":[{"taxonomy":"product_brand","embeddable":true,"href":"https:\/\/oyl-cbd.com\/fr\/wp-json\/wp\/v2\/product_brand?post=4930"},{"taxonomy":"product_cat","embeddable":true,"href":"https:\/\/oyl-cbd.com\/fr\/wp-json\/wp\/v2\/product_cat?post=4930"},{"taxonomy":"product_tag","embeddable":true,"href":"https:\/\/oyl-cbd.com\/fr\/wp-json\/wp\/v2\/product_tag?post=4930"}],"curies":[{"name":"wp","href":"https:\/\/api.w.org\/{rel}","templated":true}]}}