{"id":4931,"date":"2023-07-23T06:48:34","date_gmt":"2023-07-23T06:48:34","guid":{"rendered":"https:\/\/oyl-cbd.com\/produit\/sleep-huile-de-cbd-biologique-10ml-2\/"},"modified":"2026-02-25T10:10:26","modified_gmt":"2026-02-25T10:10:26","slug":"sleep-huile-de-cbd-biologique-10ml-2","status":"publish","type":"product","link":"https:\/\/oyl-cbd.com\/fr\/produit\/sleep-huile-de-cbd-biologique-10ml-2\/","title":{"rendered":"Sleep + <br>Huile de CBD biologique 10ml"},"content":{"rendered":"<p>Nos gouttes de sommeil sont une fusion relaxante d&rsquo;huile MCT biologique, d&rsquo;huile de graines de chanvre, d&rsquo;extrait de CBD \u00e0 large spectre, d&rsquo;extrait de CBN, de terp\u00e8nes naturels et de m\u00e9latonine.<\/p>\n<p>En particulier lorsqu&rsquo;ils sont associ\u00e9s au CBD, les consommateurs se tournent souvent vers les produits \u00e0 base de CBN pour faciliter le sommeil et la relaxation. Notre ligne Sleep + contient, outre le CBD et le CBN, de la m\u00e9latonine &#8211; une hormone naturelle connue pour son aide \u00e0 l&rsquo;am\u00e9lioration de la qualit\u00e9 du sommeil.<\/p>\n<p>Tous nos produits sont conformes aux r\u00e8glements de l&rsquo;UE, contiennent moins de 0,2 % de THC et ne provoquent pas d&rsquo;effets psychologiques.<\/p>\n<p>Concentration de CBD : 10mg \/ goutte<\/p>\n<p>Concentration en CBN : 2,5mg \/ goutte<\/p>\n","protected":false},"excerpt":{"rendered":"<p>Vous r\u00eavez de nuits r\u00e9paratrices pour des journ\u00e9es pleines d\u2019\u00e9nergie ?<\/p>\n<p>Quand les pens\u00e9es tournent en boucle avant de dormir,\u00a0quand le stress de la journ\u00e9e refuse de d\u00e9crocher\u2026Nos gouttes de CBD \u00e0 spectre large (sans THC) sont enrichies en CBN et en m\u00e9latonine, pour vous accompagner dans les moments o\u00f9 l\u2019esprit ne veut pas se taire. Une synergie naturelle pour vous aider \u00e0 rel\u00e2cher, d\u00e9connecter et plonger dans un sommeil profond, sans accoutumance.<\/p>\n<p>Prenez soin de vos nuits comme de vos jours.<\/p>\n","protected":false},"featured_media":7084,"template":"","meta":{"_acf_changed":false},"product_brand":[],"product_cat":[111],"product_tag":[158,119,153,151],"class_list":{"0":"post-4931","1":"product","2":"type-product","3":"status-publish","4":"has-post-thumbnail","6":"product_cat-huiles-de-cbd","7":"product_tag-cbd-fr","8":"product_tag-night-line-fr","9":"product_tag-relaxation","10":"product_tag-sommeil","12":"first","13":"instock","14":"taxable","15":"shipping-taxable","16":"purchasable","17":"product-type-simple"},"acf":[],"yoast_head":"<!-- This site is optimized with the Yoast SEO plugin v27.4 - https:\/\/yoast.com\/product\/yoast-seo-wordpress\/ -->\n<title>Sleep + Huile de CBD biologique 10ml - \u00d8YL<\/title>\n<meta name=\"robots\" content=\"index, follow, max-snippet:-1, max-image-preview:large, max-video-preview:-1\" \/>\n<link rel=\"canonical\" href=\"https:\/\/oyl-cbd.com\/fr\/produit\/sleep-huile-de-cbd-biologique-10ml-2\/\" \/>\n<meta property=\"og:locale\" content=\"fr_FR\" \/>\n<meta property=\"og:type\" content=\"article\" \/>\n<meta property=\"og:title\" content=\"Sleep + Huile de CBD biologique 10ml - \u00d8YL\" \/>\n<meta property=\"og:description\" content=\"Vous r\u00eavez de nuits r\u00e9paratrices pour des journ\u00e9es pleines d\u2019\u00e9nergie ?  Quand les pens\u00e9es tournent en boucle avant de dormir,\u00a0quand le stress de la journ\u00e9e refuse de d\u00e9crocher\u2026Nos gouttes de CBD \u00e0 spectre large (sans THC) sont enrichies en CBN et en m\u00e9latonine, pour vous accompagner dans les moments o\u00f9 l\u2019esprit ne veut pas se taire. Une synergie naturelle pour vous aider \u00e0 rel\u00e2cher, d\u00e9connecter et plonger dans un sommeil profond, sans accoutumance.  Prenez soin de vos nuits comme de vos jours.\" \/>\n<meta property=\"og:url\" content=\"https:\/\/oyl-cbd.com\/fr\/produit\/sleep-huile-de-cbd-biologique-10ml-2\/\" \/>\n<meta property=\"og:site_name\" content=\"\u00d8YL\" \/>\n<meta property=\"article:modified_time\" content=\"2026-02-25T10:10:26+00:00\" \/>\n<meta property=\"og:image\" content=\"https:\/\/oyl-cbd.com\/wp-content\/uploads\/OYL-Mockup-BE-Sleep-1024x1024.png\" \/>\n\t<meta property=\"og:image:width\" content=\"1024\" \/>\n\t<meta property=\"og:image:height\" content=\"1024\" \/>\n\t<meta property=\"og:image:type\" content=\"image\/png\" \/>\n<meta name=\"twitter:card\" content=\"summary_large_image\" \/>\n<meta name=\"twitter:label1\" content=\"Dur\u00e9e de lecture estim\u00e9e\" \/>\n\t<meta name=\"twitter:data1\" content=\"1 minute\" \/>\n<script type=\"application\/ld+json\" class=\"yoast-schema-graph\">{\"@context\":\"https:\\\/\\\/schema.org\",\"@graph\":[{\"@type\":\"WebPage\",\"@id\":\"https:\\\/\\\/oyl-cbd.com\\\/fr\\\/produit\\\/sleep-huile-de-cbd-biologique-10ml-2\\\/\",\"url\":\"https:\\\/\\\/oyl-cbd.com\\\/fr\\\/produit\\\/sleep-huile-de-cbd-biologique-10ml-2\\\/\",\"name\":\"Sleep + Huile de CBD biologique 10ml - \u00d8YL\",\"isPartOf\":{\"@id\":\"https:\\\/\\\/oyl-cbd.com\\\/fr\\\/#website\"},\"primaryImageOfPage\":{\"@id\":\"https:\\\/\\\/oyl-cbd.com\\\/fr\\\/produit\\\/sleep-huile-de-cbd-biologique-10ml-2\\\/#primaryimage\"},\"image\":{\"@id\":\"https:\\\/\\\/oyl-cbd.com\\\/fr\\\/produit\\\/sleep-huile-de-cbd-biologique-10ml-2\\\/#primaryimage\"},\"thumbnailUrl\":\"https:\\\/\\\/oyl-cbd.com\\\/wp-content\\\/uploads\\\/OYL-Mockup-BE-Sleep.png\",\"datePublished\":\"2023-07-23T06:48:34+00:00\",\"dateModified\":\"2026-02-25T10:10:26+00:00\",\"breadcrumb\":{\"@id\":\"https:\\\/\\\/oyl-cbd.com\\\/fr\\\/produit\\\/sleep-huile-de-cbd-biologique-10ml-2\\\/#breadcrumb\"},\"inLanguage\":\"fr-FR\",\"potentialAction\":[{\"@type\":\"ReadAction\",\"target\":[\"https:\\\/\\\/oyl-cbd.com\\\/fr\\\/produit\\\/sleep-huile-de-cbd-biologique-10ml-2\\\/\"]}]},{\"@type\":\"ImageObject\",\"inLanguage\":\"fr-FR\",\"@id\":\"https:\\\/\\\/oyl-cbd.com\\\/fr\\\/produit\\\/sleep-huile-de-cbd-biologique-10ml-2\\\/#primaryimage\",\"url\":\"https:\\\/\\\/oyl-cbd.com\\\/wp-content\\\/uploads\\\/OYL-Mockup-BE-Sleep.png\",\"contentUrl\":\"https:\\\/\\\/oyl-cbd.com\\\/wp-content\\\/uploads\\\/OYL-Mockup-BE-Sleep.png\",\"width\":2359,\"height\":2360},{\"@type\":\"BreadcrumbList\",\"@id\":\"https:\\\/\\\/oyl-cbd.com\\\/fr\\\/produit\\\/sleep-huile-de-cbd-biologique-10ml-2\\\/#breadcrumb\",\"itemListElement\":[{\"@type\":\"ListItem\",\"position\":1,\"name\":\"Accueil\",\"item\":\"https:\\\/\\\/oyl-cbd.com\\\/fr\\\/\"},{\"@type\":\"ListItem\",\"position\":2,\"name\":\"Shop\",\"item\":\"https:\\\/\\\/oyl-cbd.com\\\/fr\\\/shop\\\/\"},{\"@type\":\"ListItem\",\"position\":3,\"name\":\"Sleep + Huile de CBD biologique 10ml\"}]},{\"@type\":\"WebSite\",\"@id\":\"https:\\\/\\\/oyl-cbd.com\\\/fr\\\/#website\",\"url\":\"https:\\\/\\\/oyl-cbd.com\\\/fr\\\/\",\"name\":\"\u00d8YL\",\"description\":\"soins \u00e0 base de CBD\",\"publisher\":{\"@id\":\"https:\\\/\\\/oyl-cbd.com\\\/fr\\\/#organization\"},\"potentialAction\":[{\"@type\":\"SearchAction\",\"target\":{\"@type\":\"EntryPoint\",\"urlTemplate\":\"https:\\\/\\\/oyl-cbd.com\\\/fr\\\/?s={search_term_string}\"},\"query-input\":{\"@type\":\"PropertyValueSpecification\",\"valueRequired\":true,\"valueName\":\"search_term_string\"}}],\"inLanguage\":\"fr-FR\"},{\"@type\":\"Organization\",\"@id\":\"https:\\\/\\\/oyl-cbd.com\\\/fr\\\/#organization\",\"name\":\"\u00d8YL\",\"url\":\"https:\\\/\\\/oyl-cbd.com\\\/fr\\\/\",\"logo\":{\"@type\":\"ImageObject\",\"inLanguage\":\"fr-FR\",\"@id\":\"https:\\\/\\\/oyl-cbd.com\\\/fr\\\/#\\\/schema\\\/logo\\\/image\\\/\",\"url\":\"https:\\\/\\\/oyl-cbd.com\\\/wp-content\\\/uploads\\\/PHOTO-2023-01-03-09-25-37-1.jpg\",\"contentUrl\":\"https:\\\/\\\/oyl-cbd.com\\\/wp-content\\\/uploads\\\/PHOTO-2023-01-03-09-25-37-1.jpg\",\"width\":1600,\"height\":1600,\"caption\":\"\u00d8YL\"},\"image\":{\"@id\":\"https:\\\/\\\/oyl-cbd.com\\\/fr\\\/#\\\/schema\\\/logo\\\/image\\\/\"}}]}<\/script>\n<!-- \/ Yoast SEO plugin. -->","yoast_head_json":{"title":"Sleep + Huile de CBD biologique 10ml - \u00d8YL","robots":{"index":"index","follow":"follow","max-snippet":"max-snippet:-1","max-image-preview":"max-image-preview:large","max-video-preview":"max-video-preview:-1"},"canonical":"https:\/\/oyl-cbd.com\/fr\/produit\/sleep-huile-de-cbd-biologique-10ml-2\/","og_locale":"fr_FR","og_type":"article","og_title":"Sleep + Huile de CBD biologique 10ml - \u00d8YL","og_description":"Vous r\u00eavez de nuits r\u00e9paratrices pour des journ\u00e9es pleines d\u2019\u00e9nergie ?  Quand les pens\u00e9es tournent en boucle avant de dormir,\u00a0quand le stress de la journ\u00e9e refuse de d\u00e9crocher\u2026Nos gouttes de CBD \u00e0 spectre large (sans THC) sont enrichies en CBN et en m\u00e9latonine, pour vous accompagner dans les moments o\u00f9 l\u2019esprit ne veut pas se taire. Une synergie naturelle pour vous aider \u00e0 rel\u00e2cher, d\u00e9connecter et plonger dans un sommeil profond, sans accoutumance.  Prenez soin de vos nuits comme de vos jours.","og_url":"https:\/\/oyl-cbd.com\/fr\/produit\/sleep-huile-de-cbd-biologique-10ml-2\/","og_site_name":"\u00d8YL","article_modified_time":"2026-02-25T10:10:26+00:00","og_image":[{"width":1024,"height":1024,"url":"https:\/\/oyl-cbd.com\/wp-content\/uploads\/OYL-Mockup-BE-Sleep-1024x1024.png","type":"image\/png"}],"twitter_card":"summary_large_image","twitter_misc":{"Dur\u00e9e de lecture estim\u00e9e":"1 minute"},"schema":{"@context":"https:\/\/schema.org","@graph":[{"@type":"WebPage","@id":"https:\/\/oyl-cbd.com\/fr\/produit\/sleep-huile-de-cbd-biologique-10ml-2\/","url":"https:\/\/oyl-cbd.com\/fr\/produit\/sleep-huile-de-cbd-biologique-10ml-2\/","name":"Sleep + Huile de CBD biologique 10ml - \u00d8YL","isPartOf":{"@id":"https:\/\/oyl-cbd.com\/fr\/#website"},"primaryImageOfPage":{"@id":"https:\/\/oyl-cbd.com\/fr\/produit\/sleep-huile-de-cbd-biologique-10ml-2\/#primaryimage"},"image":{"@id":"https:\/\/oyl-cbd.com\/fr\/produit\/sleep-huile-de-cbd-biologique-10ml-2\/#primaryimage"},"thumbnailUrl":"https:\/\/oyl-cbd.com\/wp-content\/uploads\/OYL-Mockup-BE-Sleep.png","datePublished":"2023-07-23T06:48:34+00:00","dateModified":"2026-02-25T10:10:26+00:00","breadcrumb":{"@id":"https:\/\/oyl-cbd.com\/fr\/produit\/sleep-huile-de-cbd-biologique-10ml-2\/#breadcrumb"},"inLanguage":"fr-FR","potentialAction":[{"@type":"ReadAction","target":["https:\/\/oyl-cbd.com\/fr\/produit\/sleep-huile-de-cbd-biologique-10ml-2\/"]}]},{"@type":"ImageObject","inLanguage":"fr-FR","@id":"https:\/\/oyl-cbd.com\/fr\/produit\/sleep-huile-de-cbd-biologique-10ml-2\/#primaryimage","url":"https:\/\/oyl-cbd.com\/wp-content\/uploads\/OYL-Mockup-BE-Sleep.png","contentUrl":"https:\/\/oyl-cbd.com\/wp-content\/uploads\/OYL-Mockup-BE-Sleep.png","width":2359,"height":2360},{"@type":"BreadcrumbList","@id":"https:\/\/oyl-cbd.com\/fr\/produit\/sleep-huile-de-cbd-biologique-10ml-2\/#breadcrumb","itemListElement":[{"@type":"ListItem","position":1,"name":"Accueil","item":"https:\/\/oyl-cbd.com\/fr\/"},{"@type":"ListItem","position":2,"name":"Shop","item":"https:\/\/oyl-cbd.com\/fr\/shop\/"},{"@type":"ListItem","position":3,"name":"Sleep + Huile de CBD biologique 10ml"}]},{"@type":"WebSite","@id":"https:\/\/oyl-cbd.com\/fr\/#website","url":"https:\/\/oyl-cbd.com\/fr\/","name":"\u00d8YL","description":"soins \u00e0 base de CBD","publisher":{"@id":"https:\/\/oyl-cbd.com\/fr\/#organization"},"potentialAction":[{"@type":"SearchAction","target":{"@type":"EntryPoint","urlTemplate":"https:\/\/oyl-cbd.com\/fr\/?s={search_term_string}"},"query-input":{"@type":"PropertyValueSpecification","valueRequired":true,"valueName":"search_term_string"}}],"inLanguage":"fr-FR"},{"@type":"Organization","@id":"https:\/\/oyl-cbd.com\/fr\/#organization","name":"\u00d8YL","url":"https:\/\/oyl-cbd.com\/fr\/","logo":{"@type":"ImageObject","inLanguage":"fr-FR","@id":"https:\/\/oyl-cbd.com\/fr\/#\/schema\/logo\/image\/","url":"https:\/\/oyl-cbd.com\/wp-content\/uploads\/PHOTO-2023-01-03-09-25-37-1.jpg","contentUrl":"https:\/\/oyl-cbd.com\/wp-content\/uploads\/PHOTO-2023-01-03-09-25-37-1.jpg","width":1600,"height":1600,"caption":"\u00d8YL"},"image":{"@id":"https:\/\/oyl-cbd.com\/fr\/#\/schema\/logo\/image\/"}}]}},"_links":{"self":[{"href":"https:\/\/oyl-cbd.com\/fr\/wp-json\/wp\/v2\/product\/4931","targetHints":{"allow":["GET"]}}],"collection":[{"href":"https:\/\/oyl-cbd.com\/fr\/wp-json\/wp\/v2\/product"}],"about":[{"href":"https:\/\/oyl-cbd.com\/fr\/wp-json\/wp\/v2\/types\/product"}],"wp:featuredmedia":[{"embeddable":true,"href":"https:\/\/oyl-cbd.com\/fr\/wp-json\/wp\/v2\/media\/7084"}],"wp:attachment":[{"href":"https:\/\/oyl-cbd.com\/fr\/wp-json\/wp\/v2\/media?parent=4931"}],"wp:term":[{"taxonomy":"product_brand","embeddable":true,"href":"https:\/\/oyl-cbd.com\/fr\/wp-json\/wp\/v2\/product_brand?post=4931"},{"taxonomy":"product_cat","embeddable":true,"href":"https:\/\/oyl-cbd.com\/fr\/wp-json\/wp\/v2\/product_cat?post=4931"},{"taxonomy":"product_tag","embeddable":true,"href":"https:\/\/oyl-cbd.com\/fr\/wp-json\/wp\/v2\/product_tag?post=4931"}],"curies":[{"name":"wp","href":"https:\/\/api.w.org\/{rel}","templated":true}]}}