{"id":6129,"date":"2025-06-09T14:40:04","date_gmt":"2025-06-09T14:40:04","guid":{"rendered":"https:\/\/oyl-cbd.com\/?post_type=product&#038;p=6129"},"modified":"2025-11-20T11:36:38","modified_gmt":"2025-11-20T11:36:38","slug":"savon-visage-et-corps","status":"publish","type":"product","link":"https:\/\/oyl-cbd.com\/fr\/produit\/savon-visage-et-corps\/","title":{"rendered":"Savon visage et corps <br>Peaux s\u00e8ches et sensibles"},"content":{"rendered":"<p data-start=\"172\" data-end=\"748\">Offrez \u00e0 votre peau le meilleur de la nature avec notre savon enrichi en huiles v\u00e9g\u00e9tales bio et extraits botaniques. Formul\u00e9 \u00e0 base d\u2019huile d\u2019olive, d\u2019argan et de chanvre, il nettoie efficacement tout en nourrissant la peau en profondeur. La poudre de riz affine le grain de peau, tandis que l\u2019extrait de rose musqu\u00e9e lui redonne \u00e9clat et souplesse. L\u2019huile essentielle de lavandin procure une agr\u00e9able sensation de fra\u00eecheur et de d\u00e9tente \u00e0 chaque utilisation. Adapt\u00e9 \u00e0 tous les types de peau, m\u00eame les plus sensibles, ce savon associe efficacit\u00e9, douceur et parfum naturel.<\/p>\n<p data-start=\"750\" data-end=\"814\">Un geste simple pour sublimer votre quotidien \u2014 naturellement.<\/p>\n","protected":false},"excerpt":{"rendered":"<p style=\"font-weight: 400;\">Notre savon pr\u00e9cieux aux huiles v\u00e9g\u00e9tales biologiques d\u2019argan, d\u2019olive, de chanvre et aux extraits de rose et de zinc est id\u00e9al pour nettoyer et hydrater en douceur les peaux les plus s\u00e8ches et les plus sensibles.<\/p>\n","protected":false},"featured_media":6385,"template":"","meta":{"_acf_changed":false},"product_brand":[],"product_cat":[149,147],"product_tag":[158,154],"class_list":{"0":"post-6129","1":"product","2":"type-product","3":"status-publish","4":"has-post-thumbnail","6":"product_cat-bain","7":"product_cat-savons","8":"product_tag-cbd-fr","9":"product_tag-soin-de-la-peau","11":"first","12":"instock","13":"taxable","14":"shipping-taxable","15":"purchasable","16":"product-type-simple"},"acf":[],"yoast_head":"<!-- This site is optimized with the Yoast SEO plugin v27.4 - https:\/\/yoast.com\/product\/yoast-seo-wordpress\/ -->\n<title>Savon Visage et Corps au CBD - \u00d8YL CBD<\/title>\n<meta name=\"description\" content=\"D\u00e9couvrez le savon visage et corps \u00e0 l\u2019huile de chanvre, argan et extrait de rose de OYL CBD, formul\u00e9 pour nettoyer, hydrater et apaiser la peau en douceur. Offrez \u00e0 votre peau une routine naturelle d\u00e8s aujourd\u2019hui !\" \/>\n<meta name=\"robots\" content=\"index, follow, max-snippet:-1, max-image-preview:large, max-video-preview:-1\" \/>\n<link rel=\"canonical\" href=\"https:\/\/oyl-cbd.com\/fr\/produit\/savon-visage-et-corps\/\" \/>\n<meta property=\"og:locale\" content=\"fr_FR\" \/>\n<meta property=\"og:type\" content=\"article\" \/>\n<meta property=\"og:title\" content=\"Savon Visage et Corps au CBD - \u00d8YL CBD\" \/>\n<meta property=\"og:description\" content=\"D\u00e9couvrez le savon visage et corps \u00e0 l\u2019huile de chanvre, argan et extrait de rose de OYL CBD, formul\u00e9 pour nettoyer, hydrater et apaiser la peau en douceur. Offrez \u00e0 votre peau une routine naturelle d\u00e8s aujourd\u2019hui !\" \/>\n<meta property=\"og:url\" content=\"https:\/\/oyl-cbd.com\/fr\/produit\/savon-visage-et-corps\/\" \/>\n<meta property=\"og:site_name\" content=\"\u00d8YL\" \/>\n<meta property=\"article:modified_time\" content=\"2025-11-20T11:36:38+00:00\" \/>\n<meta property=\"og:image\" content=\"https:\/\/oyl-cbd.com\/wp-content\/uploads\/\u251cyYL-Mockup-FacialSoap-V21.png\" \/>\n\t<meta property=\"og:image:width\" content=\"2302\" \/>\n\t<meta property=\"og:image:height\" content=\"2303\" \/>\n\t<meta property=\"og:image:type\" content=\"image\/png\" \/>\n<meta name=\"twitter:card\" content=\"summary_large_image\" \/>\n<meta name=\"twitter:label1\" content=\"Dur\u00e9e de lecture estim\u00e9e\" \/>\n\t<meta name=\"twitter:data1\" content=\"1 minute\" \/>\n<script type=\"application\/ld+json\" class=\"yoast-schema-graph\">{\"@context\":\"https:\\\/\\\/schema.org\",\"@graph\":[{\"@type\":\"WebPage\",\"@id\":\"https:\\\/\\\/oyl-cbd.com\\\/fr\\\/produit\\\/savon-visage-et-corps\\\/\",\"url\":\"https:\\\/\\\/oyl-cbd.com\\\/fr\\\/produit\\\/savon-visage-et-corps\\\/\",\"name\":\"Savon Visage et Corps au CBD - \u00d8YL CBD\",\"isPartOf\":{\"@id\":\"https:\\\/\\\/oyl-cbd.com\\\/fr\\\/#website\"},\"primaryImageOfPage\":{\"@id\":\"https:\\\/\\\/oyl-cbd.com\\\/fr\\\/produit\\\/savon-visage-et-corps\\\/#primaryimage\"},\"image\":{\"@id\":\"https:\\\/\\\/oyl-cbd.com\\\/fr\\\/produit\\\/savon-visage-et-corps\\\/#primaryimage\"},\"thumbnailUrl\":\"https:\\\/\\\/oyl-cbd.com\\\/wp-content\\\/uploads\\\/\u251cyYL-Mockup-FacialSoap-V21.png\",\"datePublished\":\"2025-06-09T14:40:04+00:00\",\"dateModified\":\"2025-11-20T11:36:38+00:00\",\"description\":\"D\u00e9couvrez le savon visage et corps \u00e0 l\u2019huile de chanvre, argan et extrait de rose de OYL CBD, formul\u00e9 pour nettoyer, hydrater et apaiser la peau en douceur. Offrez \u00e0 votre peau une routine naturelle d\u00e8s aujourd\u2019hui !\",\"breadcrumb\":{\"@id\":\"https:\\\/\\\/oyl-cbd.com\\\/fr\\\/produit\\\/savon-visage-et-corps\\\/#breadcrumb\"},\"inLanguage\":\"fr-FR\",\"potentialAction\":[{\"@type\":\"ReadAction\",\"target\":[\"https:\\\/\\\/oyl-cbd.com\\\/fr\\\/produit\\\/savon-visage-et-corps\\\/\"]}]},{\"@type\":\"ImageObject\",\"inLanguage\":\"fr-FR\",\"@id\":\"https:\\\/\\\/oyl-cbd.com\\\/fr\\\/produit\\\/savon-visage-et-corps\\\/#primaryimage\",\"url\":\"https:\\\/\\\/oyl-cbd.com\\\/wp-content\\\/uploads\\\/\u251cyYL-Mockup-FacialSoap-V21.png\",\"contentUrl\":\"https:\\\/\\\/oyl-cbd.com\\\/wp-content\\\/uploads\\\/\u251cyYL-Mockup-FacialSoap-V21.png\",\"width\":2302,\"height\":2303},{\"@type\":\"BreadcrumbList\",\"@id\":\"https:\\\/\\\/oyl-cbd.com\\\/fr\\\/produit\\\/savon-visage-et-corps\\\/#breadcrumb\",\"itemListElement\":[{\"@type\":\"ListItem\",\"position\":1,\"name\":\"Accueil\",\"item\":\"https:\\\/\\\/oyl-cbd.com\\\/fr\\\/\"},{\"@type\":\"ListItem\",\"position\":2,\"name\":\"Shop\",\"item\":\"https:\\\/\\\/oyl-cbd.com\\\/fr\\\/shop\\\/\"},{\"@type\":\"ListItem\",\"position\":3,\"name\":\"Savon visage et corps Peaux s\u00e8ches et sensibles\"}]},{\"@type\":\"WebSite\",\"@id\":\"https:\\\/\\\/oyl-cbd.com\\\/fr\\\/#website\",\"url\":\"https:\\\/\\\/oyl-cbd.com\\\/fr\\\/\",\"name\":\"\u00d8YL\",\"description\":\"soins \u00e0 base de CBD\",\"publisher\":{\"@id\":\"https:\\\/\\\/oyl-cbd.com\\\/fr\\\/#organization\"},\"potentialAction\":[{\"@type\":\"SearchAction\",\"target\":{\"@type\":\"EntryPoint\",\"urlTemplate\":\"https:\\\/\\\/oyl-cbd.com\\\/fr\\\/?s={search_term_string}\"},\"query-input\":{\"@type\":\"PropertyValueSpecification\",\"valueRequired\":true,\"valueName\":\"search_term_string\"}}],\"inLanguage\":\"fr-FR\"},{\"@type\":\"Organization\",\"@id\":\"https:\\\/\\\/oyl-cbd.com\\\/fr\\\/#organization\",\"name\":\"\u00d8YL\",\"url\":\"https:\\\/\\\/oyl-cbd.com\\\/fr\\\/\",\"logo\":{\"@type\":\"ImageObject\",\"inLanguage\":\"fr-FR\",\"@id\":\"https:\\\/\\\/oyl-cbd.com\\\/fr\\\/#\\\/schema\\\/logo\\\/image\\\/\",\"url\":\"https:\\\/\\\/oyl-cbd.com\\\/wp-content\\\/uploads\\\/PHOTO-2023-01-03-09-25-37-1.jpg\",\"contentUrl\":\"https:\\\/\\\/oyl-cbd.com\\\/wp-content\\\/uploads\\\/PHOTO-2023-01-03-09-25-37-1.jpg\",\"width\":1600,\"height\":1600,\"caption\":\"\u00d8YL\"},\"image\":{\"@id\":\"https:\\\/\\\/oyl-cbd.com\\\/fr\\\/#\\\/schema\\\/logo\\\/image\\\/\"}}]}<\/script>\n<!-- \/ Yoast SEO plugin. -->","yoast_head_json":{"title":"Savon Visage et Corps au CBD - \u00d8YL CBD","description":"D\u00e9couvrez le savon visage et corps \u00e0 l\u2019huile de chanvre, argan et extrait de rose de OYL CBD, formul\u00e9 pour nettoyer, hydrater et apaiser la peau en douceur. Offrez \u00e0 votre peau une routine naturelle d\u00e8s aujourd\u2019hui !","robots":{"index":"index","follow":"follow","max-snippet":"max-snippet:-1","max-image-preview":"max-image-preview:large","max-video-preview":"max-video-preview:-1"},"canonical":"https:\/\/oyl-cbd.com\/fr\/produit\/savon-visage-et-corps\/","og_locale":"fr_FR","og_type":"article","og_title":"Savon Visage et Corps au CBD - \u00d8YL CBD","og_description":"D\u00e9couvrez le savon visage et corps \u00e0 l\u2019huile de chanvre, argan et extrait de rose de OYL CBD, formul\u00e9 pour nettoyer, hydrater et apaiser la peau en douceur. Offrez \u00e0 votre peau une routine naturelle d\u00e8s aujourd\u2019hui !","og_url":"https:\/\/oyl-cbd.com\/fr\/produit\/savon-visage-et-corps\/","og_site_name":"\u00d8YL","article_modified_time":"2025-11-20T11:36:38+00:00","og_image":[{"width":2302,"height":2303,"url":"https:\/\/oyl-cbd.com\/wp-content\/uploads\/\u251cyYL-Mockup-FacialSoap-V21.png","type":"image\/png"}],"twitter_card":"summary_large_image","twitter_misc":{"Dur\u00e9e de lecture estim\u00e9e":"1 minute"},"schema":{"@context":"https:\/\/schema.org","@graph":[{"@type":"WebPage","@id":"https:\/\/oyl-cbd.com\/fr\/produit\/savon-visage-et-corps\/","url":"https:\/\/oyl-cbd.com\/fr\/produit\/savon-visage-et-corps\/","name":"Savon Visage et Corps au CBD - \u00d8YL CBD","isPartOf":{"@id":"https:\/\/oyl-cbd.com\/fr\/#website"},"primaryImageOfPage":{"@id":"https:\/\/oyl-cbd.com\/fr\/produit\/savon-visage-et-corps\/#primaryimage"},"image":{"@id":"https:\/\/oyl-cbd.com\/fr\/produit\/savon-visage-et-corps\/#primaryimage"},"thumbnailUrl":"https:\/\/oyl-cbd.com\/wp-content\/uploads\/\u251cyYL-Mockup-FacialSoap-V21.png","datePublished":"2025-06-09T14:40:04+00:00","dateModified":"2025-11-20T11:36:38+00:00","description":"D\u00e9couvrez le savon visage et corps \u00e0 l\u2019huile de chanvre, argan et extrait de rose de OYL CBD, formul\u00e9 pour nettoyer, hydrater et apaiser la peau en douceur. Offrez \u00e0 votre peau une routine naturelle d\u00e8s aujourd\u2019hui !","breadcrumb":{"@id":"https:\/\/oyl-cbd.com\/fr\/produit\/savon-visage-et-corps\/#breadcrumb"},"inLanguage":"fr-FR","potentialAction":[{"@type":"ReadAction","target":["https:\/\/oyl-cbd.com\/fr\/produit\/savon-visage-et-corps\/"]}]},{"@type":"ImageObject","inLanguage":"fr-FR","@id":"https:\/\/oyl-cbd.com\/fr\/produit\/savon-visage-et-corps\/#primaryimage","url":"https:\/\/oyl-cbd.com\/wp-content\/uploads\/\u251cyYL-Mockup-FacialSoap-V21.png","contentUrl":"https:\/\/oyl-cbd.com\/wp-content\/uploads\/\u251cyYL-Mockup-FacialSoap-V21.png","width":2302,"height":2303},{"@type":"BreadcrumbList","@id":"https:\/\/oyl-cbd.com\/fr\/produit\/savon-visage-et-corps\/#breadcrumb","itemListElement":[{"@type":"ListItem","position":1,"name":"Accueil","item":"https:\/\/oyl-cbd.com\/fr\/"},{"@type":"ListItem","position":2,"name":"Shop","item":"https:\/\/oyl-cbd.com\/fr\/shop\/"},{"@type":"ListItem","position":3,"name":"Savon visage et corps Peaux s\u00e8ches et sensibles"}]},{"@type":"WebSite","@id":"https:\/\/oyl-cbd.com\/fr\/#website","url":"https:\/\/oyl-cbd.com\/fr\/","name":"\u00d8YL","description":"soins \u00e0 base de CBD","publisher":{"@id":"https:\/\/oyl-cbd.com\/fr\/#organization"},"potentialAction":[{"@type":"SearchAction","target":{"@type":"EntryPoint","urlTemplate":"https:\/\/oyl-cbd.com\/fr\/?s={search_term_string}"},"query-input":{"@type":"PropertyValueSpecification","valueRequired":true,"valueName":"search_term_string"}}],"inLanguage":"fr-FR"},{"@type":"Organization","@id":"https:\/\/oyl-cbd.com\/fr\/#organization","name":"\u00d8YL","url":"https:\/\/oyl-cbd.com\/fr\/","logo":{"@type":"ImageObject","inLanguage":"fr-FR","@id":"https:\/\/oyl-cbd.com\/fr\/#\/schema\/logo\/image\/","url":"https:\/\/oyl-cbd.com\/wp-content\/uploads\/PHOTO-2023-01-03-09-25-37-1.jpg","contentUrl":"https:\/\/oyl-cbd.com\/wp-content\/uploads\/PHOTO-2023-01-03-09-25-37-1.jpg","width":1600,"height":1600,"caption":"\u00d8YL"},"image":{"@id":"https:\/\/oyl-cbd.com\/fr\/#\/schema\/logo\/image\/"}}]}},"_links":{"self":[{"href":"https:\/\/oyl-cbd.com\/fr\/wp-json\/wp\/v2\/product\/6129","targetHints":{"allow":["GET"]}}],"collection":[{"href":"https:\/\/oyl-cbd.com\/fr\/wp-json\/wp\/v2\/product"}],"about":[{"href":"https:\/\/oyl-cbd.com\/fr\/wp-json\/wp\/v2\/types\/product"}],"wp:featuredmedia":[{"embeddable":true,"href":"https:\/\/oyl-cbd.com\/fr\/wp-json\/wp\/v2\/media\/6385"}],"wp:attachment":[{"href":"https:\/\/oyl-cbd.com\/fr\/wp-json\/wp\/v2\/media?parent=6129"}],"wp:term":[{"taxonomy":"product_brand","embeddable":true,"href":"https:\/\/oyl-cbd.com\/fr\/wp-json\/wp\/v2\/product_brand?post=6129"},{"taxonomy":"product_cat","embeddable":true,"href":"https:\/\/oyl-cbd.com\/fr\/wp-json\/wp\/v2\/product_cat?post=6129"},{"taxonomy":"product_tag","embeddable":true,"href":"https:\/\/oyl-cbd.com\/fr\/wp-json\/wp\/v2\/product_tag?post=6129"}],"curies":[{"name":"wp","href":"https:\/\/api.w.org\/{rel}","templated":true}]}}