{"id":6130,"date":"2025-06-09T14:51:03","date_gmt":"2025-06-09T14:51:03","guid":{"rendered":"https:\/\/oyl-cbd.com\/?post_type=product&#038;p=6130"},"modified":"2026-03-18T09:54:55","modified_gmt":"2026-03-18T09:54:55","slug":"cooling-gel-cbd","status":"publish","type":"product","link":"https:\/\/oyl-cbd.com\/fr\/produit\/cooling-gel-cbd\/","title":{"rendered":"Cooling Gel CBD <br>Soulage Muscles et Articulations"},"content":{"rendered":"<p>Cette cr\u00e8me, non grasse et \u00e0 la p\u00e9n\u00e9tration rapide, procure une fra\u00eecheur instantan\u00e9e id\u00e9ale pour apaiser le corps et revitaliser les muscles. Sa formule associe des ingr\u00e9dients naturels tels que l&rsquo;arnica, l&rsquo;huile essentielle de menthe poivr\u00e9e, la gaulth\u00e9rie et le CBD, cr\u00e9ant ainsi relaxation et confort imm\u00e9diat. \u00c0 utiliser tout au long de la journ\u00e9e pour soulager la tension et la fatigue musculaire des personnes sportives ou non !<\/p>\n","protected":false},"excerpt":{"rendered":"<p data-start=\"172\" data-end=\"748\">Cette formule soigneusement \u00e9labor\u00e9e pour \u00eatre un gel non gras \u00e0 l&rsquo;absorption rapide, soulage les tensions musculaires et les douleurs articulaires. Son effet rafra\u00eechissant imm\u00e9diat est \u00e9galement tr\u00e8s agr\u00e9able pour calmer la sensation de jambes lourdes. Enfin, elle aide \u00e0 la pr\u00e9paration et \u00e0 la r\u00e9cup\u00e9ration du muscle apr\u00e8s l\u2019effort.<\/p>\n","protected":false},"featured_media":7177,"template":"","meta":{"_acf_changed":false},"product_brand":[],"product_cat":[146],"product_tag":[158,152],"class_list":{"0":"post-6130","1":"product","2":"type-product","3":"status-publish","4":"has-post-thumbnail","6":"product_cat-cremes","7":"product_tag-cbd-fr","8":"product_tag-douleur","10":"first","11":"instock","12":"taxable","13":"shipping-taxable","14":"purchasable","15":"product-type-simple"},"acf":[],"yoast_head":"<!-- This site is optimized with the Yoast SEO plugin v27.4 - https:\/\/yoast.com\/product\/yoast-seo-wordpress\/ -->\n<title>Cooling Gel CBD Soulage Muscles et Articulations - \u00d8YL<\/title>\n<meta name=\"description\" content=\"Sels de bain CBD - Relaxation - D\u00e9tente profonde - Sels d&#039;epsom - P\u00e9tales de rose - Lavande - Jasmin - Huile essentielle Ylang-ylang\" \/>\n<meta name=\"robots\" content=\"index, follow, max-snippet:-1, max-image-preview:large, max-video-preview:-1\" \/>\n<link rel=\"canonical\" href=\"https:\/\/oyl-cbd.com\/fr\/produit\/cooling-gel-cbd\/\" \/>\n<meta property=\"og:locale\" content=\"fr_FR\" \/>\n<meta property=\"og:type\" content=\"article\" \/>\n<meta property=\"og:title\" content=\"Cooling Gel CBD Soulage Muscles et Articulations - \u00d8YL\" \/>\n<meta property=\"og:description\" content=\"Sels de bain CBD - Relaxation - D\u00e9tente profonde - Sels d&#039;epsom - P\u00e9tales de rose - Lavande - Jasmin - Huile essentielle Ylang-ylang\" \/>\n<meta property=\"og:url\" content=\"https:\/\/oyl-cbd.com\/fr\/produit\/cooling-gel-cbd\/\" \/>\n<meta property=\"og:site_name\" content=\"\u00d8YL\" \/>\n<meta property=\"article:modified_time\" content=\"2026-03-18T09:54:55+00:00\" \/>\n<meta property=\"og:image\" content=\"https:\/\/oyl-cbd.com\/wp-content\/uploads\/\u251cyYL-Mockup-CoolingGel-BE-scaled.png\" \/>\n\t<meta property=\"og:image:width\" content=\"2560\" \/>\n\t<meta property=\"og:image:height\" content=\"2560\" \/>\n\t<meta property=\"og:image:type\" content=\"image\/png\" \/>\n<meta name=\"twitter:card\" content=\"summary_large_image\" \/>\n<meta name=\"twitter:label1\" content=\"Dur\u00e9e de lecture estim\u00e9e\" \/>\n\t<meta name=\"twitter:data1\" content=\"1 minute\" \/>\n<script type=\"application\/ld+json\" class=\"yoast-schema-graph\">{\"@context\":\"https:\\\/\\\/schema.org\",\"@graph\":[{\"@type\":\"WebPage\",\"@id\":\"https:\\\/\\\/oyl-cbd.com\\\/fr\\\/produit\\\/cooling-gel-cbd\\\/\",\"url\":\"https:\\\/\\\/oyl-cbd.com\\\/fr\\\/produit\\\/cooling-gel-cbd\\\/\",\"name\":\"Cooling Gel CBD Soulage Muscles et Articulations - \u00d8YL\",\"isPartOf\":{\"@id\":\"https:\\\/\\\/oyl-cbd.com\\\/fr\\\/#website\"},\"primaryImageOfPage\":{\"@id\":\"https:\\\/\\\/oyl-cbd.com\\\/fr\\\/produit\\\/cooling-gel-cbd\\\/#primaryimage\"},\"image\":{\"@id\":\"https:\\\/\\\/oyl-cbd.com\\\/fr\\\/produit\\\/cooling-gel-cbd\\\/#primaryimage\"},\"thumbnailUrl\":\"https:\\\/\\\/oyl-cbd.com\\\/wp-content\\\/uploads\\\/\u251cyYL-Mockup-CoolingGel-BE-scaled.png\",\"datePublished\":\"2025-06-09T14:51:03+00:00\",\"dateModified\":\"2026-03-18T09:54:55+00:00\",\"description\":\"Sels de bain CBD - Relaxation - D\u00e9tente profonde - Sels d'epsom - P\u00e9tales de rose - Lavande - Jasmin - Huile essentielle Ylang-ylang\",\"breadcrumb\":{\"@id\":\"https:\\\/\\\/oyl-cbd.com\\\/fr\\\/produit\\\/cooling-gel-cbd\\\/#breadcrumb\"},\"inLanguage\":\"fr-FR\",\"potentialAction\":[{\"@type\":\"ReadAction\",\"target\":[\"https:\\\/\\\/oyl-cbd.com\\\/fr\\\/produit\\\/cooling-gel-cbd\\\/\"]}]},{\"@type\":\"ImageObject\",\"inLanguage\":\"fr-FR\",\"@id\":\"https:\\\/\\\/oyl-cbd.com\\\/fr\\\/produit\\\/cooling-gel-cbd\\\/#primaryimage\",\"url\":\"https:\\\/\\\/oyl-cbd.com\\\/wp-content\\\/uploads\\\/\u251cyYL-Mockup-CoolingGel-BE-scaled.png\",\"contentUrl\":\"https:\\\/\\\/oyl-cbd.com\\\/wp-content\\\/uploads\\\/\u251cyYL-Mockup-CoolingGel-BE-scaled.png\",\"width\":2560,\"height\":2560},{\"@type\":\"BreadcrumbList\",\"@id\":\"https:\\\/\\\/oyl-cbd.com\\\/fr\\\/produit\\\/cooling-gel-cbd\\\/#breadcrumb\",\"itemListElement\":[{\"@type\":\"ListItem\",\"position\":1,\"name\":\"Accueil\",\"item\":\"https:\\\/\\\/oyl-cbd.com\\\/fr\\\/\"},{\"@type\":\"ListItem\",\"position\":2,\"name\":\"Shop\",\"item\":\"https:\\\/\\\/oyl-cbd.com\\\/fr\\\/shop\\\/\"},{\"@type\":\"ListItem\",\"position\":3,\"name\":\"Cooling Gel CBD Soulage Muscles et Articulations\"}]},{\"@type\":\"WebSite\",\"@id\":\"https:\\\/\\\/oyl-cbd.com\\\/fr\\\/#website\",\"url\":\"https:\\\/\\\/oyl-cbd.com\\\/fr\\\/\",\"name\":\"\u00d8YL\",\"description\":\"soins \u00e0 base de CBD\",\"publisher\":{\"@id\":\"https:\\\/\\\/oyl-cbd.com\\\/fr\\\/#organization\"},\"potentialAction\":[{\"@type\":\"SearchAction\",\"target\":{\"@type\":\"EntryPoint\",\"urlTemplate\":\"https:\\\/\\\/oyl-cbd.com\\\/fr\\\/?s={search_term_string}\"},\"query-input\":{\"@type\":\"PropertyValueSpecification\",\"valueRequired\":true,\"valueName\":\"search_term_string\"}}],\"inLanguage\":\"fr-FR\"},{\"@type\":\"Organization\",\"@id\":\"https:\\\/\\\/oyl-cbd.com\\\/fr\\\/#organization\",\"name\":\"\u00d8YL\",\"url\":\"https:\\\/\\\/oyl-cbd.com\\\/fr\\\/\",\"logo\":{\"@type\":\"ImageObject\",\"inLanguage\":\"fr-FR\",\"@id\":\"https:\\\/\\\/oyl-cbd.com\\\/fr\\\/#\\\/schema\\\/logo\\\/image\\\/\",\"url\":\"https:\\\/\\\/oyl-cbd.com\\\/wp-content\\\/uploads\\\/PHOTO-2023-01-03-09-25-37-1.jpg\",\"contentUrl\":\"https:\\\/\\\/oyl-cbd.com\\\/wp-content\\\/uploads\\\/PHOTO-2023-01-03-09-25-37-1.jpg\",\"width\":1600,\"height\":1600,\"caption\":\"\u00d8YL\"},\"image\":{\"@id\":\"https:\\\/\\\/oyl-cbd.com\\\/fr\\\/#\\\/schema\\\/logo\\\/image\\\/\"}}]}<\/script>\n<!-- \/ Yoast SEO plugin. -->","yoast_head_json":{"title":"Cooling Gel CBD Soulage Muscles et Articulations - \u00d8YL","description":"Sels de bain CBD - Relaxation - D\u00e9tente profonde - Sels d'epsom - P\u00e9tales de rose - Lavande - Jasmin - Huile essentielle Ylang-ylang","robots":{"index":"index","follow":"follow","max-snippet":"max-snippet:-1","max-image-preview":"max-image-preview:large","max-video-preview":"max-video-preview:-1"},"canonical":"https:\/\/oyl-cbd.com\/fr\/produit\/cooling-gel-cbd\/","og_locale":"fr_FR","og_type":"article","og_title":"Cooling Gel CBD Soulage Muscles et Articulations - \u00d8YL","og_description":"Sels de bain CBD - Relaxation - D\u00e9tente profonde - Sels d'epsom - P\u00e9tales de rose - Lavande - Jasmin - Huile essentielle Ylang-ylang","og_url":"https:\/\/oyl-cbd.com\/fr\/produit\/cooling-gel-cbd\/","og_site_name":"\u00d8YL","article_modified_time":"2026-03-18T09:54:55+00:00","og_image":[{"width":2560,"height":2560,"url":"https:\/\/oyl-cbd.com\/wp-content\/uploads\/\u251cyYL-Mockup-CoolingGel-BE-scaled.png","type":"image\/png"}],"twitter_card":"summary_large_image","twitter_misc":{"Dur\u00e9e de lecture estim\u00e9e":"1 minute"},"schema":{"@context":"https:\/\/schema.org","@graph":[{"@type":"WebPage","@id":"https:\/\/oyl-cbd.com\/fr\/produit\/cooling-gel-cbd\/","url":"https:\/\/oyl-cbd.com\/fr\/produit\/cooling-gel-cbd\/","name":"Cooling Gel CBD Soulage Muscles et Articulations - \u00d8YL","isPartOf":{"@id":"https:\/\/oyl-cbd.com\/fr\/#website"},"primaryImageOfPage":{"@id":"https:\/\/oyl-cbd.com\/fr\/produit\/cooling-gel-cbd\/#primaryimage"},"image":{"@id":"https:\/\/oyl-cbd.com\/fr\/produit\/cooling-gel-cbd\/#primaryimage"},"thumbnailUrl":"https:\/\/oyl-cbd.com\/wp-content\/uploads\/\u251cyYL-Mockup-CoolingGel-BE-scaled.png","datePublished":"2025-06-09T14:51:03+00:00","dateModified":"2026-03-18T09:54:55+00:00","description":"Sels de bain CBD - Relaxation - D\u00e9tente profonde - Sels d'epsom - P\u00e9tales de rose - Lavande - Jasmin - Huile essentielle Ylang-ylang","breadcrumb":{"@id":"https:\/\/oyl-cbd.com\/fr\/produit\/cooling-gel-cbd\/#breadcrumb"},"inLanguage":"fr-FR","potentialAction":[{"@type":"ReadAction","target":["https:\/\/oyl-cbd.com\/fr\/produit\/cooling-gel-cbd\/"]}]},{"@type":"ImageObject","inLanguage":"fr-FR","@id":"https:\/\/oyl-cbd.com\/fr\/produit\/cooling-gel-cbd\/#primaryimage","url":"https:\/\/oyl-cbd.com\/wp-content\/uploads\/\u251cyYL-Mockup-CoolingGel-BE-scaled.png","contentUrl":"https:\/\/oyl-cbd.com\/wp-content\/uploads\/\u251cyYL-Mockup-CoolingGel-BE-scaled.png","width":2560,"height":2560},{"@type":"BreadcrumbList","@id":"https:\/\/oyl-cbd.com\/fr\/produit\/cooling-gel-cbd\/#breadcrumb","itemListElement":[{"@type":"ListItem","position":1,"name":"Accueil","item":"https:\/\/oyl-cbd.com\/fr\/"},{"@type":"ListItem","position":2,"name":"Shop","item":"https:\/\/oyl-cbd.com\/fr\/shop\/"},{"@type":"ListItem","position":3,"name":"Cooling Gel CBD Soulage Muscles et Articulations"}]},{"@type":"WebSite","@id":"https:\/\/oyl-cbd.com\/fr\/#website","url":"https:\/\/oyl-cbd.com\/fr\/","name":"\u00d8YL","description":"soins \u00e0 base de CBD","publisher":{"@id":"https:\/\/oyl-cbd.com\/fr\/#organization"},"potentialAction":[{"@type":"SearchAction","target":{"@type":"EntryPoint","urlTemplate":"https:\/\/oyl-cbd.com\/fr\/?s={search_term_string}"},"query-input":{"@type":"PropertyValueSpecification","valueRequired":true,"valueName":"search_term_string"}}],"inLanguage":"fr-FR"},{"@type":"Organization","@id":"https:\/\/oyl-cbd.com\/fr\/#organization","name":"\u00d8YL","url":"https:\/\/oyl-cbd.com\/fr\/","logo":{"@type":"ImageObject","inLanguage":"fr-FR","@id":"https:\/\/oyl-cbd.com\/fr\/#\/schema\/logo\/image\/","url":"https:\/\/oyl-cbd.com\/wp-content\/uploads\/PHOTO-2023-01-03-09-25-37-1.jpg","contentUrl":"https:\/\/oyl-cbd.com\/wp-content\/uploads\/PHOTO-2023-01-03-09-25-37-1.jpg","width":1600,"height":1600,"caption":"\u00d8YL"},"image":{"@id":"https:\/\/oyl-cbd.com\/fr\/#\/schema\/logo\/image\/"}}]}},"_links":{"self":[{"href":"https:\/\/oyl-cbd.com\/fr\/wp-json\/wp\/v2\/product\/6130","targetHints":{"allow":["GET"]}}],"collection":[{"href":"https:\/\/oyl-cbd.com\/fr\/wp-json\/wp\/v2\/product"}],"about":[{"href":"https:\/\/oyl-cbd.com\/fr\/wp-json\/wp\/v2\/types\/product"}],"wp:featuredmedia":[{"embeddable":true,"href":"https:\/\/oyl-cbd.com\/fr\/wp-json\/wp\/v2\/media\/7177"}],"wp:attachment":[{"href":"https:\/\/oyl-cbd.com\/fr\/wp-json\/wp\/v2\/media?parent=6130"}],"wp:term":[{"taxonomy":"product_brand","embeddable":true,"href":"https:\/\/oyl-cbd.com\/fr\/wp-json\/wp\/v2\/product_brand?post=6130"},{"taxonomy":"product_cat","embeddable":true,"href":"https:\/\/oyl-cbd.com\/fr\/wp-json\/wp\/v2\/product_cat?post=6130"},{"taxonomy":"product_tag","embeddable":true,"href":"https:\/\/oyl-cbd.com\/fr\/wp-json\/wp\/v2\/product_tag?post=6130"}],"curies":[{"name":"wp","href":"https:\/\/api.w.org\/{rel}","templated":true}]}}