{"id":7050,"date":"2025-11-07T10:49:02","date_gmt":"2025-11-07T10:49:02","guid":{"rendered":"https:\/\/oyl-cbd.com\/?post_type=product&#038;p=7050"},"modified":"2026-02-25T10:17:44","modified_gmt":"2026-02-25T10:17:44","slug":"bougie-de-massage-cbd-broad-spectrum-100g","status":"publish","type":"product","link":"https:\/\/oyl-cbd.com\/fr\/produit\/bougie-de-massage-cbd-broad-spectrum-100g\/","title":{"rendered":"Bougie de massage Cinnamon Roll<br>CBD Spectre Large 100g"},"content":{"rendered":"<p><span style=\"font-weight: 400;\">D\u00e9couvrez une exp\u00e9rience de bien-\u00eatre in\u00e9dite avec notre bougie de massage au CBD \u00e0 spectre large aux senteurs vanill\u00e9es et \u00e9pic\u00e9es de No\u00ebl, parfaite pour un moment de d\u00e9tente \u00e0 deux ou en solo. Sa lumi\u00e8re douce et apaisante cr\u00e9\u00e9e une ambiance intime et chaleureuse en lib\u00e9rant des huiles pr\u00e9cieuses pour votre corps. <\/span><\/p>\n<p><span style=\"font-weight: 400;\">Formul\u00e9e \u00e0 partir d\u2019ingr\u00e9dients biologiques soigneusement s\u00e9lectionn\u00e9s, elle allie les bienfaits de l\u2019huile de coco, l\u2019effet \u00e9quilibrant de l\u2019huile de graines de chanvre riche en om\u00e9ga 3 et 6, et la douceur du beurre de karit\u00e9. Transformez votre routine bien-\u00eatre en un v\u00e9ritable rituel sensoriel qui apaise l\u2019esprit et sublime le corps.<\/span><\/p>\n<h5>Informations importantes<\/h5>\n<ul>\n<li>Ce produit est uniquement destin\u00e9 \u00e0 un usage externe. Ne pas ing\u00e9rer.<\/li>\n<li>Conserver dans un endroit frais et sec, \u00e0 l\u2019abri de la lumi\u00e8re directe du soleil.<\/li>\n<li>Tenir hors de port\u00e9e des enfants.<\/li>\n<li>Ce produit n&rsquo;est pas un cosm\u00e9tique.<\/li>\n<\/ul>\n<p><span data-sheets-value=\"{\" data-sheets-userformat=\"{\">Ce produit n\u2019est pas destin\u00e9 \u00e0 diagnostiquer, traiter, gu\u00e9rir ou pr\u00e9venir une quelconque maladie.<br \/>\nST Pharma n\u2019est pas responsable de la mauvaise utilisation de ses produits.<\/span><\/p>\n<p>&nbsp;<\/p>\n","protected":false},"excerpt":{"rendered":"<p><span style=\"font-weight: 400;\">Offrez vous un moment sensoriel unique avec notre bougie de massage au CBD \u00e0 spectre large aux senteurs \u00e9pic\u00e9es de <\/span>No\u00ebl<span style=\"font-weight: 400;\">. Elle combine une ambiance chaleureuse et apaisante \u00e0 des bienfaits r\u00e9confortants pour le corps gr\u00e2ce \u00e0 des ingr\u00e9dients biologiques soigneusement s\u00e9lectionn\u00e9s tels que l\u2019huile de coco, l\u2019huile de chanvre riche en om\u00e9ga 3 et 6, le beurre de karit\u00e9 et l&rsquo;extrait de CBD. <\/span>Ce massage soulagera vos muscles et apaisera votre esprit dans un moment de d\u00e9tente \u00e0 deux ou en solo.<\/p>\n<p><span style=\"font-weight: 400;\">Laissez vous enivrer par sa fragrance Cinnamon Roll, vanill\u00e9e et \u00e9pic\u00e9e, sans phtalates ni CMR. Une v\u00e9ritable invitation au bien-\u00eatre et \u00e0 la relaxation.\u00a0<\/span><\/p>\n","protected":false},"featured_media":7093,"template":"","meta":{"_acf_changed":false},"product_brand":[],"product_cat":[148],"product_tag":[158,152,153],"class_list":{"0":"post-7050","1":"product","2":"type-product","3":"status-publish","4":"has-post-thumbnail","6":"product_cat-bougies","7":"product_tag-cbd-fr","8":"product_tag-douleur","9":"product_tag-relaxation","11":"first","12":"instock","13":"taxable","14":"shipping-taxable","15":"purchasable","16":"product-type-simple"},"acf":[],"yoast_head":"<!-- This site is optimized with the Yoast SEO plugin v27.3 - https:\/\/yoast.com\/product\/yoast-seo-wordpress\/ -->\n<title>Bougie de massage Cinnamon RollCBD Spectre Large 100g | Bougies Relaxantes | massagekaars - \u00d8YL<\/title>\n<meta name=\"description\" content=\"Explorez nos bougies de massage (massagekaars) OYL CBD, des produits naturels, nourrissants et parfum\u00e9s pour instaurer un rituel d\u00e9tente unique.\" \/>\n<meta name=\"robots\" content=\"index, follow, max-snippet:-1, max-image-preview:large, max-video-preview:-1\" \/>\n<link rel=\"canonical\" href=\"https:\/\/oyl-cbd.com\/fr\/produit\/bougie-de-massage-cbd-broad-spectrum-100g\/\" \/>\n<meta property=\"og:locale\" content=\"fr_FR\" \/>\n<meta property=\"og:type\" content=\"article\" \/>\n<meta property=\"og:title\" content=\"Bougie de massage Cinnamon RollCBD Spectre Large 100g | Bougies Relaxantes | massagekaars - \u00d8YL\" \/>\n<meta property=\"og:description\" content=\"Explorez nos bougies de massage (massagekaars) OYL CBD, des produits naturels, nourrissants et parfum\u00e9s pour instaurer un rituel d\u00e9tente unique.\" \/>\n<meta property=\"og:url\" content=\"https:\/\/oyl-cbd.com\/fr\/produit\/bougie-de-massage-cbd-broad-spectrum-100g\/\" \/>\n<meta property=\"og:site_name\" content=\"\u00d8YL\" \/>\n<meta property=\"article:modified_time\" content=\"2026-02-25T10:17:44+00:00\" \/>\n<meta property=\"og:image\" content=\"https:\/\/oyl-cbd.com\/wp-content\/uploads\/OYL-Mockup-MassageCandle-BE-CinnamonRoll.png\" \/>\n\t<meta property=\"og:image:width\" content=\"2303\" \/>\n\t<meta property=\"og:image:height\" content=\"2303\" \/>\n\t<meta property=\"og:image:type\" content=\"image\/png\" \/>\n<meta name=\"twitter:card\" content=\"summary_large_image\" \/>\n<meta name=\"twitter:label1\" content=\"Dur\u00e9e de lecture estim\u00e9e\" \/>\n\t<meta name=\"twitter:data1\" content=\"2 minutes\" \/>\n<script type=\"application\/ld+json\" class=\"yoast-schema-graph\">{\"@context\":\"https:\\\/\\\/schema.org\",\"@graph\":[{\"@type\":\"WebPage\",\"@id\":\"https:\\\/\\\/oyl-cbd.com\\\/fr\\\/produit\\\/bougie-de-massage-cbd-broad-spectrum-100g\\\/\",\"url\":\"https:\\\/\\\/oyl-cbd.com\\\/fr\\\/produit\\\/bougie-de-massage-cbd-broad-spectrum-100g\\\/\",\"name\":\"Bougie de massage Cinnamon Roll CBD Spectre Large 100g | Bougies Relaxantes | massagekaars - \u00d8YL\",\"isPartOf\":{\"@id\":\"https:\\\/\\\/oyl-cbd.com\\\/fr\\\/#website\"},\"primaryImageOfPage\":{\"@id\":\"https:\\\/\\\/oyl-cbd.com\\\/fr\\\/produit\\\/bougie-de-massage-cbd-broad-spectrum-100g\\\/#primaryimage\"},\"image\":{\"@id\":\"https:\\\/\\\/oyl-cbd.com\\\/fr\\\/produit\\\/bougie-de-massage-cbd-broad-spectrum-100g\\\/#primaryimage\"},\"thumbnailUrl\":\"https:\\\/\\\/oyl-cbd.com\\\/wp-content\\\/uploads\\\/OYL-Mockup-MassageCandle-BE-CinnamonRoll.png\",\"datePublished\":\"2025-11-07T10:49:02+00:00\",\"dateModified\":\"2026-02-25T10:17:44+00:00\",\"description\":\"Explorez nos bougies de massage (massagekaars) OYL CBD, des produits naturels, nourrissants et parfum\u00e9s pour instaurer un rituel d\u00e9tente unique.\",\"breadcrumb\":{\"@id\":\"https:\\\/\\\/oyl-cbd.com\\\/fr\\\/produit\\\/bougie-de-massage-cbd-broad-spectrum-100g\\\/#breadcrumb\"},\"inLanguage\":\"fr-FR\",\"potentialAction\":[{\"@type\":\"ReadAction\",\"target\":[\"https:\\\/\\\/oyl-cbd.com\\\/fr\\\/produit\\\/bougie-de-massage-cbd-broad-spectrum-100g\\\/\"]}]},{\"@type\":\"ImageObject\",\"inLanguage\":\"fr-FR\",\"@id\":\"https:\\\/\\\/oyl-cbd.com\\\/fr\\\/produit\\\/bougie-de-massage-cbd-broad-spectrum-100g\\\/#primaryimage\",\"url\":\"https:\\\/\\\/oyl-cbd.com\\\/wp-content\\\/uploads\\\/OYL-Mockup-MassageCandle-BE-CinnamonRoll.png\",\"contentUrl\":\"https:\\\/\\\/oyl-cbd.com\\\/wp-content\\\/uploads\\\/OYL-Mockup-MassageCandle-BE-CinnamonRoll.png\",\"width\":2303,\"height\":2303},{\"@type\":\"BreadcrumbList\",\"@id\":\"https:\\\/\\\/oyl-cbd.com\\\/fr\\\/produit\\\/bougie-de-massage-cbd-broad-spectrum-100g\\\/#breadcrumb\",\"itemListElement\":[{\"@type\":\"ListItem\",\"position\":1,\"name\":\"Accueil\",\"item\":\"https:\\\/\\\/oyl-cbd.com\\\/fr\\\/\"},{\"@type\":\"ListItem\",\"position\":2,\"name\":\"Shop\",\"item\":\"https:\\\/\\\/oyl-cbd.com\\\/fr\\\/shop\\\/\"},{\"@type\":\"ListItem\",\"position\":3,\"name\":\"Bougie de massage Cinnamon RollCBD Spectre Large 100g\"}]},{\"@type\":\"WebSite\",\"@id\":\"https:\\\/\\\/oyl-cbd.com\\\/fr\\\/#website\",\"url\":\"https:\\\/\\\/oyl-cbd.com\\\/fr\\\/\",\"name\":\"\u00d8YL\",\"description\":\"soins \u00e0 base de CBD\",\"publisher\":{\"@id\":\"https:\\\/\\\/oyl-cbd.com\\\/fr\\\/#organization\"},\"potentialAction\":[{\"@type\":\"SearchAction\",\"target\":{\"@type\":\"EntryPoint\",\"urlTemplate\":\"https:\\\/\\\/oyl-cbd.com\\\/fr\\\/?s={search_term_string}\"},\"query-input\":{\"@type\":\"PropertyValueSpecification\",\"valueRequired\":true,\"valueName\":\"search_term_string\"}}],\"inLanguage\":\"fr-FR\"},{\"@type\":\"Organization\",\"@id\":\"https:\\\/\\\/oyl-cbd.com\\\/fr\\\/#organization\",\"name\":\"\u00d8YL\",\"url\":\"https:\\\/\\\/oyl-cbd.com\\\/fr\\\/\",\"logo\":{\"@type\":\"ImageObject\",\"inLanguage\":\"fr-FR\",\"@id\":\"https:\\\/\\\/oyl-cbd.com\\\/fr\\\/#\\\/schema\\\/logo\\\/image\\\/\",\"url\":\"https:\\\/\\\/oyl-cbd.com\\\/wp-content\\\/uploads\\\/PHOTO-2023-01-03-09-25-37-1.jpg\",\"contentUrl\":\"https:\\\/\\\/oyl-cbd.com\\\/wp-content\\\/uploads\\\/PHOTO-2023-01-03-09-25-37-1.jpg\",\"width\":1600,\"height\":1600,\"caption\":\"\u00d8YL\"},\"image\":{\"@id\":\"https:\\\/\\\/oyl-cbd.com\\\/fr\\\/#\\\/schema\\\/logo\\\/image\\\/\"}}]}<\/script>\n<!-- \/ Yoast SEO plugin. -->","yoast_head_json":{"title":"Bougie de massage Cinnamon RollCBD Spectre Large 100g | Bougies Relaxantes | massagekaars - \u00d8YL","description":"Explorez nos bougies de massage (massagekaars) OYL CBD, des produits naturels, nourrissants et parfum\u00e9s pour instaurer un rituel d\u00e9tente unique.","robots":{"index":"index","follow":"follow","max-snippet":"max-snippet:-1","max-image-preview":"max-image-preview:large","max-video-preview":"max-video-preview:-1"},"canonical":"https:\/\/oyl-cbd.com\/fr\/produit\/bougie-de-massage-cbd-broad-spectrum-100g\/","og_locale":"fr_FR","og_type":"article","og_title":"Bougie de massage Cinnamon RollCBD Spectre Large 100g | Bougies Relaxantes | massagekaars - \u00d8YL","og_description":"Explorez nos bougies de massage (massagekaars) OYL CBD, des produits naturels, nourrissants et parfum\u00e9s pour instaurer un rituel d\u00e9tente unique.","og_url":"https:\/\/oyl-cbd.com\/fr\/produit\/bougie-de-massage-cbd-broad-spectrum-100g\/","og_site_name":"\u00d8YL","article_modified_time":"2026-02-25T10:17:44+00:00","og_image":[{"width":2303,"height":2303,"url":"https:\/\/oyl-cbd.com\/wp-content\/uploads\/OYL-Mockup-MassageCandle-BE-CinnamonRoll.png","type":"image\/png"}],"twitter_card":"summary_large_image","twitter_misc":{"Dur\u00e9e de lecture estim\u00e9e":"2 minutes"},"schema":{"@context":"https:\/\/schema.org","@graph":[{"@type":"WebPage","@id":"https:\/\/oyl-cbd.com\/fr\/produit\/bougie-de-massage-cbd-broad-spectrum-100g\/","url":"https:\/\/oyl-cbd.com\/fr\/produit\/bougie-de-massage-cbd-broad-spectrum-100g\/","name":"Bougie de massage Cinnamon Roll CBD Spectre Large 100g | Bougies Relaxantes | massagekaars - \u00d8YL","isPartOf":{"@id":"https:\/\/oyl-cbd.com\/fr\/#website"},"primaryImageOfPage":{"@id":"https:\/\/oyl-cbd.com\/fr\/produit\/bougie-de-massage-cbd-broad-spectrum-100g\/#primaryimage"},"image":{"@id":"https:\/\/oyl-cbd.com\/fr\/produit\/bougie-de-massage-cbd-broad-spectrum-100g\/#primaryimage"},"thumbnailUrl":"https:\/\/oyl-cbd.com\/wp-content\/uploads\/OYL-Mockup-MassageCandle-BE-CinnamonRoll.png","datePublished":"2025-11-07T10:49:02+00:00","dateModified":"2026-02-25T10:17:44+00:00","description":"Explorez nos bougies de massage (massagekaars) OYL CBD, des produits naturels, nourrissants et parfum\u00e9s pour instaurer un rituel d\u00e9tente unique.","breadcrumb":{"@id":"https:\/\/oyl-cbd.com\/fr\/produit\/bougie-de-massage-cbd-broad-spectrum-100g\/#breadcrumb"},"inLanguage":"fr-FR","potentialAction":[{"@type":"ReadAction","target":["https:\/\/oyl-cbd.com\/fr\/produit\/bougie-de-massage-cbd-broad-spectrum-100g\/"]}]},{"@type":"ImageObject","inLanguage":"fr-FR","@id":"https:\/\/oyl-cbd.com\/fr\/produit\/bougie-de-massage-cbd-broad-spectrum-100g\/#primaryimage","url":"https:\/\/oyl-cbd.com\/wp-content\/uploads\/OYL-Mockup-MassageCandle-BE-CinnamonRoll.png","contentUrl":"https:\/\/oyl-cbd.com\/wp-content\/uploads\/OYL-Mockup-MassageCandle-BE-CinnamonRoll.png","width":2303,"height":2303},{"@type":"BreadcrumbList","@id":"https:\/\/oyl-cbd.com\/fr\/produit\/bougie-de-massage-cbd-broad-spectrum-100g\/#breadcrumb","itemListElement":[{"@type":"ListItem","position":1,"name":"Accueil","item":"https:\/\/oyl-cbd.com\/fr\/"},{"@type":"ListItem","position":2,"name":"Shop","item":"https:\/\/oyl-cbd.com\/fr\/shop\/"},{"@type":"ListItem","position":3,"name":"Bougie de massage Cinnamon RollCBD Spectre Large 100g"}]},{"@type":"WebSite","@id":"https:\/\/oyl-cbd.com\/fr\/#website","url":"https:\/\/oyl-cbd.com\/fr\/","name":"\u00d8YL","description":"soins \u00e0 base de CBD","publisher":{"@id":"https:\/\/oyl-cbd.com\/fr\/#organization"},"potentialAction":[{"@type":"SearchAction","target":{"@type":"EntryPoint","urlTemplate":"https:\/\/oyl-cbd.com\/fr\/?s={search_term_string}"},"query-input":{"@type":"PropertyValueSpecification","valueRequired":true,"valueName":"search_term_string"}}],"inLanguage":"fr-FR"},{"@type":"Organization","@id":"https:\/\/oyl-cbd.com\/fr\/#organization","name":"\u00d8YL","url":"https:\/\/oyl-cbd.com\/fr\/","logo":{"@type":"ImageObject","inLanguage":"fr-FR","@id":"https:\/\/oyl-cbd.com\/fr\/#\/schema\/logo\/image\/","url":"https:\/\/oyl-cbd.com\/wp-content\/uploads\/PHOTO-2023-01-03-09-25-37-1.jpg","contentUrl":"https:\/\/oyl-cbd.com\/wp-content\/uploads\/PHOTO-2023-01-03-09-25-37-1.jpg","width":1600,"height":1600,"caption":"\u00d8YL"},"image":{"@id":"https:\/\/oyl-cbd.com\/fr\/#\/schema\/logo\/image\/"}}]}},"_links":{"self":[{"href":"https:\/\/oyl-cbd.com\/fr\/wp-json\/wp\/v2\/product\/7050","targetHints":{"allow":["GET"]}}],"collection":[{"href":"https:\/\/oyl-cbd.com\/fr\/wp-json\/wp\/v2\/product"}],"about":[{"href":"https:\/\/oyl-cbd.com\/fr\/wp-json\/wp\/v2\/types\/product"}],"wp:featuredmedia":[{"embeddable":true,"href":"https:\/\/oyl-cbd.com\/fr\/wp-json\/wp\/v2\/media\/7093"}],"wp:attachment":[{"href":"https:\/\/oyl-cbd.com\/fr\/wp-json\/wp\/v2\/media?parent=7050"}],"wp:term":[{"taxonomy":"product_brand","embeddable":true,"href":"https:\/\/oyl-cbd.com\/fr\/wp-json\/wp\/v2\/product_brand?post=7050"},{"taxonomy":"product_cat","embeddable":true,"href":"https:\/\/oyl-cbd.com\/fr\/wp-json\/wp\/v2\/product_cat?post=7050"},{"taxonomy":"product_tag","embeddable":true,"href":"https:\/\/oyl-cbd.com\/fr\/wp-json\/wp\/v2\/product_tag?post=7050"}],"curies":[{"name":"wp","href":"https:\/\/api.w.org\/{rel}","templated":true}]}}