{"id":7076,"date":"2026-02-13T14:39:22","date_gmt":"2026-02-13T14:39:22","guid":{"rendered":"https:\/\/oyl-cbd.com\/?post_type=product&#038;p=7076"},"modified":"2026-03-06T09:27:51","modified_gmt":"2026-03-06T09:27:51","slug":"bougie-de-massage-mure-myrtillecbd-spectre-large-100g-copie","status":"publish","type":"product","link":"https:\/\/oyl-cbd.com\/fr\/produit\/bougie-de-massage-mure-myrtillecbd-spectre-large-100g-copie\/","title":{"rendered":"Bougie de massage M\u00fbre-Myrtille<br>CBD Spectre Large 100g"},"content":{"rendered":"<p data-start=\"235\" data-end=\"594\">Plongez dans un moment suspendu o\u00f9 les sens se r\u00e9veillent apr\u00e8s une longue journ\u00e9e ou pour partager un moment \u00e0 deux. La fragrance d\u00e9licate et gourmande de M\u00fbre-Myrtille, subtilement florale, emplit l\u2019air et transforme votre espace en un cocon de douceur. Que ce soit pour un massage relaxant ou simplement comme bougie olfactive, elle diffuse un parfum enveloppant et raffin\u00e9 qui invite \u00e0 la d\u00e9tente et \u00e0 l\u2019\u00e9vasion.<\/p>\n<p data-start=\"596\" data-end=\"1020\">Lorsque la cire v\u00e9g\u00e9tale de soja fond \u00e0 basse temp\u00e9rature, elle se transforme en une huile ti\u00e8de qui caresse la peau sans br\u00fbler. Compos\u00e9e \u00e0 100\u202f% d\u2019ingr\u00e9dients naturels \u2014 huile de coco, huile de chanvre riche en om\u00e9ga 3 et 6, beurre de karit\u00e9 et extrait de CBD \u00e0 spectre large \u2014 elle accompagne le massage dans un rituel apaisant.<\/p>\n<h5>Informations importantes<\/h5>\n<ul>\n<li>Ce produit est uniquement destin\u00e9 \u00e0 un usage externe. Ne pas ing\u00e9rer.<\/li>\n<li>Conserver dans un endroit frais et sec, \u00e0 l\u2019abri de la lumi\u00e8re directe du soleil.<\/li>\n<li>Tenir hors de port\u00e9e des enfants.<\/li>\n<li>Ce produit n&rsquo;est pas un cosm\u00e9tique.<\/li>\n<\/ul>\n<p><span data-sheets-value=\"{\" data-sheets-userformat=\"{\">Ce produit n\u2019est pas destin\u00e9 \u00e0 diagnostiquer, traiter, gu\u00e9rir ou pr\u00e9venir une quelconque maladie.<br \/>\nST Pharma n\u2019est pas responsable de la mauvaise utilisation de ses produits.<\/span><\/p>\n<p>&nbsp;<\/p>\n","protected":false},"excerpt":{"rendered":"<p data-start=\"191\" data-end=\"265\">Laissez-vous envelopper par la fragrance gourmande et florale de m\u00fbre-myrtille, un sillage fruit\u00e9 et d\u00e9licat qui \u00e9veille les sens.<br data-start=\"397\" data-end=\"400\" \/>Fondant \u00e0 basse temp\u00e9rature gr\u00e2ce \u00e0 sa cire v\u00e9g\u00e9tale de soja, la bougie se transforme en une huile ti\u00e8de qui caresse la peau sans br\u00fbler, glissant avec douceur et laissant un toucher velout\u00e9.<br data-start=\"591\" data-end=\"594\" \/>Compos\u00e9e \u00e0 100\u202f% d\u2019ingr\u00e9dients naturels \u2014 huile de coco, huile de chanvre, beurre de karit\u00e9 et extrait de CBD \u00e0 spectre large \u2014 elle transforme chaque massage en un moment suspendu de d\u00e9tente et de bien-\u00eatre.<\/p>\n<p data-start=\"267\" data-end=\"804\">A utiliser sans mod\u00e9ration apr\u00e8s une s\u00e9ance de sport, ou pour partager un moment de d\u00e9tente \u00e0 deux.<\/p>\n","protected":false},"featured_media":7090,"template":"","meta":{"_acf_changed":false},"product_brand":[],"product_cat":[148],"product_tag":[158,152,153],"class_list":{"0":"post-7076","1":"product","2":"type-product","3":"status-publish","4":"has-post-thumbnail","6":"product_cat-bougies","7":"product_tag-cbd-fr","8":"product_tag-douleur","9":"product_tag-relaxation","11":"first","12":"instock","13":"taxable","14":"shipping-taxable","15":"purchasable","16":"product-type-simple"},"acf":[],"yoast_head":"<!-- This site is optimized with the Yoast SEO plugin v27.4 - https:\/\/yoast.com\/product\/yoast-seo-wordpress\/ -->\n<title>Bougie de massage M\u00fbre-MyrtilleCBD Spectre Large 100g | Bougies Relaxantes | massagekaars - \u00d8YL<\/title>\n<meta name=\"description\" content=\"Explorez nos bougies de massage (massagekaars) OYL CBD, des produits naturels, nourrissants et parfum\u00e9s pour instaurer un rituel d\u00e9tente unique.\" \/>\n<meta name=\"robots\" content=\"index, follow, max-snippet:-1, max-image-preview:large, max-video-preview:-1\" \/>\n<link rel=\"canonical\" href=\"https:\/\/oyl-cbd.com\/fr\/produit\/bougie-de-massage-mure-myrtillecbd-spectre-large-100g-copie\/\" \/>\n<meta property=\"og:locale\" content=\"fr_FR\" \/>\n<meta property=\"og:type\" content=\"article\" \/>\n<meta property=\"og:title\" content=\"Bougie de massage M\u00fbre-MyrtilleCBD Spectre Large 100g | Bougies Relaxantes | massagekaars - \u00d8YL\" \/>\n<meta property=\"og:description\" content=\"Explorez nos bougies de massage (massagekaars) OYL CBD, des produits naturels, nourrissants et parfum\u00e9s pour instaurer un rituel d\u00e9tente unique.\" \/>\n<meta property=\"og:url\" content=\"https:\/\/oyl-cbd.com\/fr\/produit\/bougie-de-massage-mure-myrtillecbd-spectre-large-100g-copie\/\" \/>\n<meta property=\"og:site_name\" content=\"\u00d8YL\" \/>\n<meta property=\"article:modified_time\" content=\"2026-03-06T09:27:51+00:00\" \/>\n<meta property=\"og:image\" content=\"https:\/\/oyl-cbd.com\/wp-content\/uploads\/OYL-Mockup-MassageCandle-BE-BlackberryBlueberry.png\" \/>\n\t<meta property=\"og:image:width\" content=\"2303\" \/>\n\t<meta property=\"og:image:height\" content=\"2303\" \/>\n\t<meta property=\"og:image:type\" content=\"image\/png\" \/>\n<meta name=\"twitter:card\" content=\"summary_large_image\" \/>\n<meta name=\"twitter:label1\" content=\"Dur\u00e9e de lecture estim\u00e9e\" \/>\n\t<meta name=\"twitter:data1\" content=\"2 minutes\" \/>\n<script type=\"application\/ld+json\" class=\"yoast-schema-graph\">{\"@context\":\"https:\\\/\\\/schema.org\",\"@graph\":[{\"@type\":\"WebPage\",\"@id\":\"https:\\\/\\\/oyl-cbd.com\\\/fr\\\/produit\\\/bougie-de-massage-mure-myrtillecbd-spectre-large-100g-copie\\\/\",\"url\":\"https:\\\/\\\/oyl-cbd.com\\\/fr\\\/produit\\\/bougie-de-massage-mure-myrtillecbd-spectre-large-100g-copie\\\/\",\"name\":\"Bougie de massage M\u00fbre-Myrtille CBD Spectre Large 100g | Bougies Relaxantes | massagekaars - \u00d8YL\",\"isPartOf\":{\"@id\":\"https:\\\/\\\/oyl-cbd.com\\\/fr\\\/#website\"},\"primaryImageOfPage\":{\"@id\":\"https:\\\/\\\/oyl-cbd.com\\\/fr\\\/produit\\\/bougie-de-massage-mure-myrtillecbd-spectre-large-100g-copie\\\/#primaryimage\"},\"image\":{\"@id\":\"https:\\\/\\\/oyl-cbd.com\\\/fr\\\/produit\\\/bougie-de-massage-mure-myrtillecbd-spectre-large-100g-copie\\\/#primaryimage\"},\"thumbnailUrl\":\"https:\\\/\\\/oyl-cbd.com\\\/wp-content\\\/uploads\\\/OYL-Mockup-MassageCandle-BE-BlackberryBlueberry.png\",\"datePublished\":\"2026-02-13T14:39:22+00:00\",\"dateModified\":\"2026-03-06T09:27:51+00:00\",\"description\":\"Explorez nos bougies de massage (massagekaars) OYL CBD, des produits naturels, nourrissants et parfum\u00e9s pour instaurer un rituel d\u00e9tente unique.\",\"breadcrumb\":{\"@id\":\"https:\\\/\\\/oyl-cbd.com\\\/fr\\\/produit\\\/bougie-de-massage-mure-myrtillecbd-spectre-large-100g-copie\\\/#breadcrumb\"},\"inLanguage\":\"fr-FR\",\"potentialAction\":[{\"@type\":\"ReadAction\",\"target\":[\"https:\\\/\\\/oyl-cbd.com\\\/fr\\\/produit\\\/bougie-de-massage-mure-myrtillecbd-spectre-large-100g-copie\\\/\"]}]},{\"@type\":\"ImageObject\",\"inLanguage\":\"fr-FR\",\"@id\":\"https:\\\/\\\/oyl-cbd.com\\\/fr\\\/produit\\\/bougie-de-massage-mure-myrtillecbd-spectre-large-100g-copie\\\/#primaryimage\",\"url\":\"https:\\\/\\\/oyl-cbd.com\\\/wp-content\\\/uploads\\\/OYL-Mockup-MassageCandle-BE-BlackberryBlueberry.png\",\"contentUrl\":\"https:\\\/\\\/oyl-cbd.com\\\/wp-content\\\/uploads\\\/OYL-Mockup-MassageCandle-BE-BlackberryBlueberry.png\",\"width\":2303,\"height\":2303},{\"@type\":\"BreadcrumbList\",\"@id\":\"https:\\\/\\\/oyl-cbd.com\\\/fr\\\/produit\\\/bougie-de-massage-mure-myrtillecbd-spectre-large-100g-copie\\\/#breadcrumb\",\"itemListElement\":[{\"@type\":\"ListItem\",\"position\":1,\"name\":\"Accueil\",\"item\":\"https:\\\/\\\/oyl-cbd.com\\\/fr\\\/\"},{\"@type\":\"ListItem\",\"position\":2,\"name\":\"Shop\",\"item\":\"https:\\\/\\\/oyl-cbd.com\\\/fr\\\/shop\\\/\"},{\"@type\":\"ListItem\",\"position\":3,\"name\":\"Bougie de massage M\u00fbre-MyrtilleCBD Spectre Large 100g\"}]},{\"@type\":\"WebSite\",\"@id\":\"https:\\\/\\\/oyl-cbd.com\\\/fr\\\/#website\",\"url\":\"https:\\\/\\\/oyl-cbd.com\\\/fr\\\/\",\"name\":\"\u00d8YL\",\"description\":\"soins \u00e0 base de CBD\",\"publisher\":{\"@id\":\"https:\\\/\\\/oyl-cbd.com\\\/fr\\\/#organization\"},\"potentialAction\":[{\"@type\":\"SearchAction\",\"target\":{\"@type\":\"EntryPoint\",\"urlTemplate\":\"https:\\\/\\\/oyl-cbd.com\\\/fr\\\/?s={search_term_string}\"},\"query-input\":{\"@type\":\"PropertyValueSpecification\",\"valueRequired\":true,\"valueName\":\"search_term_string\"}}],\"inLanguage\":\"fr-FR\"},{\"@type\":\"Organization\",\"@id\":\"https:\\\/\\\/oyl-cbd.com\\\/fr\\\/#organization\",\"name\":\"\u00d8YL\",\"url\":\"https:\\\/\\\/oyl-cbd.com\\\/fr\\\/\",\"logo\":{\"@type\":\"ImageObject\",\"inLanguage\":\"fr-FR\",\"@id\":\"https:\\\/\\\/oyl-cbd.com\\\/fr\\\/#\\\/schema\\\/logo\\\/image\\\/\",\"url\":\"https:\\\/\\\/oyl-cbd.com\\\/wp-content\\\/uploads\\\/PHOTO-2023-01-03-09-25-37-1.jpg\",\"contentUrl\":\"https:\\\/\\\/oyl-cbd.com\\\/wp-content\\\/uploads\\\/PHOTO-2023-01-03-09-25-37-1.jpg\",\"width\":1600,\"height\":1600,\"caption\":\"\u00d8YL\"},\"image\":{\"@id\":\"https:\\\/\\\/oyl-cbd.com\\\/fr\\\/#\\\/schema\\\/logo\\\/image\\\/\"}}]}<\/script>\n<!-- \/ Yoast SEO plugin. -->","yoast_head_json":{"title":"Bougie de massage M\u00fbre-MyrtilleCBD Spectre Large 100g | Bougies Relaxantes | massagekaars - \u00d8YL","description":"Explorez nos bougies de massage (massagekaars) OYL CBD, des produits naturels, nourrissants et parfum\u00e9s pour instaurer un rituel d\u00e9tente unique.","robots":{"index":"index","follow":"follow","max-snippet":"max-snippet:-1","max-image-preview":"max-image-preview:large","max-video-preview":"max-video-preview:-1"},"canonical":"https:\/\/oyl-cbd.com\/fr\/produit\/bougie-de-massage-mure-myrtillecbd-spectre-large-100g-copie\/","og_locale":"fr_FR","og_type":"article","og_title":"Bougie de massage M\u00fbre-MyrtilleCBD Spectre Large 100g | Bougies Relaxantes | massagekaars - \u00d8YL","og_description":"Explorez nos bougies de massage (massagekaars) OYL CBD, des produits naturels, nourrissants et parfum\u00e9s pour instaurer un rituel d\u00e9tente unique.","og_url":"https:\/\/oyl-cbd.com\/fr\/produit\/bougie-de-massage-mure-myrtillecbd-spectre-large-100g-copie\/","og_site_name":"\u00d8YL","article_modified_time":"2026-03-06T09:27:51+00:00","og_image":[{"width":2303,"height":2303,"url":"https:\/\/oyl-cbd.com\/wp-content\/uploads\/OYL-Mockup-MassageCandle-BE-BlackberryBlueberry.png","type":"image\/png"}],"twitter_card":"summary_large_image","twitter_misc":{"Dur\u00e9e de lecture estim\u00e9e":"2 minutes"},"schema":{"@context":"https:\/\/schema.org","@graph":[{"@type":"WebPage","@id":"https:\/\/oyl-cbd.com\/fr\/produit\/bougie-de-massage-mure-myrtillecbd-spectre-large-100g-copie\/","url":"https:\/\/oyl-cbd.com\/fr\/produit\/bougie-de-massage-mure-myrtillecbd-spectre-large-100g-copie\/","name":"Bougie de massage M\u00fbre-Myrtille CBD Spectre Large 100g | Bougies Relaxantes | massagekaars - \u00d8YL","isPartOf":{"@id":"https:\/\/oyl-cbd.com\/fr\/#website"},"primaryImageOfPage":{"@id":"https:\/\/oyl-cbd.com\/fr\/produit\/bougie-de-massage-mure-myrtillecbd-spectre-large-100g-copie\/#primaryimage"},"image":{"@id":"https:\/\/oyl-cbd.com\/fr\/produit\/bougie-de-massage-mure-myrtillecbd-spectre-large-100g-copie\/#primaryimage"},"thumbnailUrl":"https:\/\/oyl-cbd.com\/wp-content\/uploads\/OYL-Mockup-MassageCandle-BE-BlackberryBlueberry.png","datePublished":"2026-02-13T14:39:22+00:00","dateModified":"2026-03-06T09:27:51+00:00","description":"Explorez nos bougies de massage (massagekaars) OYL CBD, des produits naturels, nourrissants et parfum\u00e9s pour instaurer un rituel d\u00e9tente unique.","breadcrumb":{"@id":"https:\/\/oyl-cbd.com\/fr\/produit\/bougie-de-massage-mure-myrtillecbd-spectre-large-100g-copie\/#breadcrumb"},"inLanguage":"fr-FR","potentialAction":[{"@type":"ReadAction","target":["https:\/\/oyl-cbd.com\/fr\/produit\/bougie-de-massage-mure-myrtillecbd-spectre-large-100g-copie\/"]}]},{"@type":"ImageObject","inLanguage":"fr-FR","@id":"https:\/\/oyl-cbd.com\/fr\/produit\/bougie-de-massage-mure-myrtillecbd-spectre-large-100g-copie\/#primaryimage","url":"https:\/\/oyl-cbd.com\/wp-content\/uploads\/OYL-Mockup-MassageCandle-BE-BlackberryBlueberry.png","contentUrl":"https:\/\/oyl-cbd.com\/wp-content\/uploads\/OYL-Mockup-MassageCandle-BE-BlackberryBlueberry.png","width":2303,"height":2303},{"@type":"BreadcrumbList","@id":"https:\/\/oyl-cbd.com\/fr\/produit\/bougie-de-massage-mure-myrtillecbd-spectre-large-100g-copie\/#breadcrumb","itemListElement":[{"@type":"ListItem","position":1,"name":"Accueil","item":"https:\/\/oyl-cbd.com\/fr\/"},{"@type":"ListItem","position":2,"name":"Shop","item":"https:\/\/oyl-cbd.com\/fr\/shop\/"},{"@type":"ListItem","position":3,"name":"Bougie de massage M\u00fbre-MyrtilleCBD Spectre Large 100g"}]},{"@type":"WebSite","@id":"https:\/\/oyl-cbd.com\/fr\/#website","url":"https:\/\/oyl-cbd.com\/fr\/","name":"\u00d8YL","description":"soins \u00e0 base de CBD","publisher":{"@id":"https:\/\/oyl-cbd.com\/fr\/#organization"},"potentialAction":[{"@type":"SearchAction","target":{"@type":"EntryPoint","urlTemplate":"https:\/\/oyl-cbd.com\/fr\/?s={search_term_string}"},"query-input":{"@type":"PropertyValueSpecification","valueRequired":true,"valueName":"search_term_string"}}],"inLanguage":"fr-FR"},{"@type":"Organization","@id":"https:\/\/oyl-cbd.com\/fr\/#organization","name":"\u00d8YL","url":"https:\/\/oyl-cbd.com\/fr\/","logo":{"@type":"ImageObject","inLanguage":"fr-FR","@id":"https:\/\/oyl-cbd.com\/fr\/#\/schema\/logo\/image\/","url":"https:\/\/oyl-cbd.com\/wp-content\/uploads\/PHOTO-2023-01-03-09-25-37-1.jpg","contentUrl":"https:\/\/oyl-cbd.com\/wp-content\/uploads\/PHOTO-2023-01-03-09-25-37-1.jpg","width":1600,"height":1600,"caption":"\u00d8YL"},"image":{"@id":"https:\/\/oyl-cbd.com\/fr\/#\/schema\/logo\/image\/"}}]}},"_links":{"self":[{"href":"https:\/\/oyl-cbd.com\/fr\/wp-json\/wp\/v2\/product\/7076","targetHints":{"allow":["GET"]}}],"collection":[{"href":"https:\/\/oyl-cbd.com\/fr\/wp-json\/wp\/v2\/product"}],"about":[{"href":"https:\/\/oyl-cbd.com\/fr\/wp-json\/wp\/v2\/types\/product"}],"wp:featuredmedia":[{"embeddable":true,"href":"https:\/\/oyl-cbd.com\/fr\/wp-json\/wp\/v2\/media\/7090"}],"wp:attachment":[{"href":"https:\/\/oyl-cbd.com\/fr\/wp-json\/wp\/v2\/media?parent=7076"}],"wp:term":[{"taxonomy":"product_brand","embeddable":true,"href":"https:\/\/oyl-cbd.com\/fr\/wp-json\/wp\/v2\/product_brand?post=7076"},{"taxonomy":"product_cat","embeddable":true,"href":"https:\/\/oyl-cbd.com\/fr\/wp-json\/wp\/v2\/product_cat?post=7076"},{"taxonomy":"product_tag","embeddable":true,"href":"https:\/\/oyl-cbd.com\/fr\/wp-json\/wp\/v2\/product_tag?post=7076"}],"curies":[{"name":"wp","href":"https:\/\/api.w.org\/{rel}","templated":true}]}}