{"id":7173,"date":"2026-03-11T14:23:47","date_gmt":"2026-03-11T14:23:47","guid":{"rendered":"https:\/\/oyl-cbd.com\/?post_type=product&#038;p=7173"},"modified":"2026-03-18T10:08:29","modified_gmt":"2026-03-18T10:08:29","slug":"huile-de-massage-biologiquelavande-camomille-100ml-copie","status":"publish","type":"product","link":"https:\/\/oyl-cbd.com\/fr\/produit\/huile-de-massage-biologiquelavande-camomille-100ml-copie\/","title":{"rendered":"Confort Musculaire<br>Huile de Massage Biologique<br>Basilique Exotique CBD\/CBG &#8211; 100ml"},"content":{"rendered":"<p data-start=\"67\" data-end=\"264\">Notre huile de massage naturelle et biologique \u201cConfort Musculaire\u201d associe CBD, CBG et basilic exotique pour cr\u00e9er une synergie qui accompagne le corps l\u00e0 o\u00f9 il se sent tendu ou fatigu\u00e9.<\/p>\n<p data-start=\"266\" data-end=\"652\" data-is-last-node=\"\" data-is-only-node=\"\">Le basilic exotique, reconnu pour ses propri\u00e9t\u00e9s r\u00e9confortantes, apporte chaleur et apaisement aux zones sensibles, tandis que les cannabino\u00efdes renforcent cette sensation de confort et de l\u00e9g\u00e8ret\u00e9. Son parfum floral, \u00e9pic\u00e9 et vivifiant transforme chaque massage en une exp\u00e9rience profond\u00e9ment relaxante, aidant \u00e0 rel\u00e2cher les tensions et \u00e0 retrouver une sensation globale de bien-\u00eatre.<\/p>\n","protected":false},"excerpt":{"rendered":"<p>Apaisez vos tensions et revitalisez votre corps avec notre huile de massage naturelle et biologique, alliant CBD, CBG et basilic exotique. Son parfum floral et \u00e9pic\u00e9 se m\u00eale \u00e0 ses effets r\u00e9confortants pour d\u00e9tendre les muscles et procurer une sensation de l\u00e9g\u00e8ret\u00e9 et de bien-\u00eatre.<\/p>\n","protected":false},"featured_media":7157,"template":"","meta":{"_acf_changed":false},"product_brand":[],"product_cat":[111],"product_tag":[158,152,153,150,126],"class_list":{"0":"post-7173","1":"product","2":"type-product","3":"status-publish","4":"has-post-thumbnail","6":"product_cat-huiles-de-cbd","7":"product_tag-cbd-fr","8":"product_tag-douleur","9":"product_tag-relaxation","10":"product_tag-stress","11":"product_tag-fr-market-fr","13":"first","14":"instock","15":"taxable","16":"shipping-taxable","17":"purchasable","18":"product-type-simple"},"acf":[],"yoast_head":"<!-- This site is optimized with the Yoast SEO plugin v27.4 - https:\/\/yoast.com\/product\/yoast-seo-wordpress\/ -->\n<title>Confort MusculaireHuile de Massage BiologiqueBasilique Exotique CBD\/CBG - 100ml - \u00d8YL<\/title>\n<meta name=\"robots\" content=\"index, follow, max-snippet:-1, max-image-preview:large, max-video-preview:-1\" \/>\n<link rel=\"canonical\" href=\"https:\/\/oyl-cbd.com\/fr\/produit\/huile-de-massage-biologiquelavande-camomille-100ml-copie\/\" \/>\n<meta property=\"og:locale\" content=\"fr_FR\" \/>\n<meta property=\"og:type\" content=\"article\" \/>\n<meta property=\"og:title\" content=\"Confort MusculaireHuile de Massage BiologiqueBasilique Exotique CBD\/CBG - 100ml - \u00d8YL\" \/>\n<meta property=\"og:description\" content=\"Apaisez vos tensions et revitalisez votre corps avec notre huile de massage naturelle et biologique, alliant CBD, CBG et basilic exotique. Son parfum floral et \u00e9pic\u00e9 se m\u00eale \u00e0 ses effets r\u00e9confortants pour d\u00e9tendre les muscles et procurer une sensation de l\u00e9g\u00e8ret\u00e9 et de bien-\u00eatre.\" \/>\n<meta property=\"og:url\" content=\"https:\/\/oyl-cbd.com\/fr\/produit\/huile-de-massage-biologiquelavande-camomille-100ml-copie\/\" \/>\n<meta property=\"og:site_name\" content=\"\u00d8YL\" \/>\n<meta property=\"article:modified_time\" content=\"2026-03-18T10:08:29+00:00\" \/>\n<meta property=\"og:image\" content=\"https:\/\/oyl-cbd.com\/wp-content\/uploads\/\u251cyYL-Mockup-MassageBodyOil-BE-FullSpectrum-Basilic-scaled.png\" \/>\n\t<meta property=\"og:image:width\" content=\"2560\" \/>\n\t<meta property=\"og:image:height\" content=\"2560\" \/>\n\t<meta property=\"og:image:type\" content=\"image\/png\" \/>\n<meta name=\"twitter:card\" content=\"summary_large_image\" \/>\n<meta name=\"twitter:label1\" content=\"Dur\u00e9e de lecture estim\u00e9e\" \/>\n\t<meta name=\"twitter:data1\" content=\"1 minute\" \/>\n<script type=\"application\/ld+json\" class=\"yoast-schema-graph\">{\"@context\":\"https:\\\/\\\/schema.org\",\"@graph\":[{\"@type\":\"WebPage\",\"@id\":\"https:\\\/\\\/oyl-cbd.com\\\/fr\\\/produit\\\/huile-de-massage-biologiquelavande-camomille-100ml-copie\\\/\",\"url\":\"https:\\\/\\\/oyl-cbd.com\\\/fr\\\/produit\\\/huile-de-massage-biologiquelavande-camomille-100ml-copie\\\/\",\"name\":\"Confort Musculaire Huile de Massage Biologique Basilique Exotique CBD\\\/CBG - 100ml - \u00d8YL\",\"isPartOf\":{\"@id\":\"https:\\\/\\\/oyl-cbd.com\\\/fr\\\/#website\"},\"primaryImageOfPage\":{\"@id\":\"https:\\\/\\\/oyl-cbd.com\\\/fr\\\/produit\\\/huile-de-massage-biologiquelavande-camomille-100ml-copie\\\/#primaryimage\"},\"image\":{\"@id\":\"https:\\\/\\\/oyl-cbd.com\\\/fr\\\/produit\\\/huile-de-massage-biologiquelavande-camomille-100ml-copie\\\/#primaryimage\"},\"thumbnailUrl\":\"https:\\\/\\\/oyl-cbd.com\\\/wp-content\\\/uploads\\\/\u251cyYL-Mockup-MassageBodyOil-BE-FullSpectrum-Basilic-scaled.png\",\"datePublished\":\"2026-03-11T14:23:47+00:00\",\"dateModified\":\"2026-03-18T10:08:29+00:00\",\"breadcrumb\":{\"@id\":\"https:\\\/\\\/oyl-cbd.com\\\/fr\\\/produit\\\/huile-de-massage-biologiquelavande-camomille-100ml-copie\\\/#breadcrumb\"},\"inLanguage\":\"fr-FR\",\"potentialAction\":[{\"@type\":\"ReadAction\",\"target\":[\"https:\\\/\\\/oyl-cbd.com\\\/fr\\\/produit\\\/huile-de-massage-biologiquelavande-camomille-100ml-copie\\\/\"]}]},{\"@type\":\"ImageObject\",\"inLanguage\":\"fr-FR\",\"@id\":\"https:\\\/\\\/oyl-cbd.com\\\/fr\\\/produit\\\/huile-de-massage-biologiquelavande-camomille-100ml-copie\\\/#primaryimage\",\"url\":\"https:\\\/\\\/oyl-cbd.com\\\/wp-content\\\/uploads\\\/\u251cyYL-Mockup-MassageBodyOil-BE-FullSpectrum-Basilic-scaled.png\",\"contentUrl\":\"https:\\\/\\\/oyl-cbd.com\\\/wp-content\\\/uploads\\\/\u251cyYL-Mockup-MassageBodyOil-BE-FullSpectrum-Basilic-scaled.png\",\"width\":2560,\"height\":2560},{\"@type\":\"BreadcrumbList\",\"@id\":\"https:\\\/\\\/oyl-cbd.com\\\/fr\\\/produit\\\/huile-de-massage-biologiquelavande-camomille-100ml-copie\\\/#breadcrumb\",\"itemListElement\":[{\"@type\":\"ListItem\",\"position\":1,\"name\":\"Accueil\",\"item\":\"https:\\\/\\\/oyl-cbd.com\\\/fr\\\/\"},{\"@type\":\"ListItem\",\"position\":2,\"name\":\"Shop\",\"item\":\"https:\\\/\\\/oyl-cbd.com\\\/fr\\\/shop\\\/\"},{\"@type\":\"ListItem\",\"position\":3,\"name\":\"Confort MusculaireHuile de Massage BiologiqueBasilique Exotique CBD\\\/CBG &#8211; 100ml\"}]},{\"@type\":\"WebSite\",\"@id\":\"https:\\\/\\\/oyl-cbd.com\\\/fr\\\/#website\",\"url\":\"https:\\\/\\\/oyl-cbd.com\\\/fr\\\/\",\"name\":\"\u00d8YL\",\"description\":\"soins \u00e0 base de CBD\",\"publisher\":{\"@id\":\"https:\\\/\\\/oyl-cbd.com\\\/fr\\\/#organization\"},\"potentialAction\":[{\"@type\":\"SearchAction\",\"target\":{\"@type\":\"EntryPoint\",\"urlTemplate\":\"https:\\\/\\\/oyl-cbd.com\\\/fr\\\/?s={search_term_string}\"},\"query-input\":{\"@type\":\"PropertyValueSpecification\",\"valueRequired\":true,\"valueName\":\"search_term_string\"}}],\"inLanguage\":\"fr-FR\"},{\"@type\":\"Organization\",\"@id\":\"https:\\\/\\\/oyl-cbd.com\\\/fr\\\/#organization\",\"name\":\"\u00d8YL\",\"url\":\"https:\\\/\\\/oyl-cbd.com\\\/fr\\\/\",\"logo\":{\"@type\":\"ImageObject\",\"inLanguage\":\"fr-FR\",\"@id\":\"https:\\\/\\\/oyl-cbd.com\\\/fr\\\/#\\\/schema\\\/logo\\\/image\\\/\",\"url\":\"https:\\\/\\\/oyl-cbd.com\\\/wp-content\\\/uploads\\\/PHOTO-2023-01-03-09-25-37-1.jpg\",\"contentUrl\":\"https:\\\/\\\/oyl-cbd.com\\\/wp-content\\\/uploads\\\/PHOTO-2023-01-03-09-25-37-1.jpg\",\"width\":1600,\"height\":1600,\"caption\":\"\u00d8YL\"},\"image\":{\"@id\":\"https:\\\/\\\/oyl-cbd.com\\\/fr\\\/#\\\/schema\\\/logo\\\/image\\\/\"}}]}<\/script>\n<!-- \/ Yoast SEO plugin. -->","yoast_head_json":{"title":"Confort MusculaireHuile de Massage BiologiqueBasilique Exotique CBD\/CBG - 100ml - \u00d8YL","robots":{"index":"index","follow":"follow","max-snippet":"max-snippet:-1","max-image-preview":"max-image-preview:large","max-video-preview":"max-video-preview:-1"},"canonical":"https:\/\/oyl-cbd.com\/fr\/produit\/huile-de-massage-biologiquelavande-camomille-100ml-copie\/","og_locale":"fr_FR","og_type":"article","og_title":"Confort MusculaireHuile de Massage BiologiqueBasilique Exotique CBD\/CBG - 100ml - \u00d8YL","og_description":"Apaisez vos tensions et revitalisez votre corps avec notre huile de massage naturelle et biologique, alliant CBD, CBG et basilic exotique. Son parfum floral et \u00e9pic\u00e9 se m\u00eale \u00e0 ses effets r\u00e9confortants pour d\u00e9tendre les muscles et procurer une sensation de l\u00e9g\u00e8ret\u00e9 et de bien-\u00eatre.","og_url":"https:\/\/oyl-cbd.com\/fr\/produit\/huile-de-massage-biologiquelavande-camomille-100ml-copie\/","og_site_name":"\u00d8YL","article_modified_time":"2026-03-18T10:08:29+00:00","og_image":[{"width":2560,"height":2560,"url":"https:\/\/oyl-cbd.com\/wp-content\/uploads\/\u251cyYL-Mockup-MassageBodyOil-BE-FullSpectrum-Basilic-scaled.png","type":"image\/png"}],"twitter_card":"summary_large_image","twitter_misc":{"Dur\u00e9e de lecture estim\u00e9e":"1 minute"},"schema":{"@context":"https:\/\/schema.org","@graph":[{"@type":"WebPage","@id":"https:\/\/oyl-cbd.com\/fr\/produit\/huile-de-massage-biologiquelavande-camomille-100ml-copie\/","url":"https:\/\/oyl-cbd.com\/fr\/produit\/huile-de-massage-biologiquelavande-camomille-100ml-copie\/","name":"Confort Musculaire Huile de Massage Biologique Basilique Exotique CBD\/CBG - 100ml - \u00d8YL","isPartOf":{"@id":"https:\/\/oyl-cbd.com\/fr\/#website"},"primaryImageOfPage":{"@id":"https:\/\/oyl-cbd.com\/fr\/produit\/huile-de-massage-biologiquelavande-camomille-100ml-copie\/#primaryimage"},"image":{"@id":"https:\/\/oyl-cbd.com\/fr\/produit\/huile-de-massage-biologiquelavande-camomille-100ml-copie\/#primaryimage"},"thumbnailUrl":"https:\/\/oyl-cbd.com\/wp-content\/uploads\/\u251cyYL-Mockup-MassageBodyOil-BE-FullSpectrum-Basilic-scaled.png","datePublished":"2026-03-11T14:23:47+00:00","dateModified":"2026-03-18T10:08:29+00:00","breadcrumb":{"@id":"https:\/\/oyl-cbd.com\/fr\/produit\/huile-de-massage-biologiquelavande-camomille-100ml-copie\/#breadcrumb"},"inLanguage":"fr-FR","potentialAction":[{"@type":"ReadAction","target":["https:\/\/oyl-cbd.com\/fr\/produit\/huile-de-massage-biologiquelavande-camomille-100ml-copie\/"]}]},{"@type":"ImageObject","inLanguage":"fr-FR","@id":"https:\/\/oyl-cbd.com\/fr\/produit\/huile-de-massage-biologiquelavande-camomille-100ml-copie\/#primaryimage","url":"https:\/\/oyl-cbd.com\/wp-content\/uploads\/\u251cyYL-Mockup-MassageBodyOil-BE-FullSpectrum-Basilic-scaled.png","contentUrl":"https:\/\/oyl-cbd.com\/wp-content\/uploads\/\u251cyYL-Mockup-MassageBodyOil-BE-FullSpectrum-Basilic-scaled.png","width":2560,"height":2560},{"@type":"BreadcrumbList","@id":"https:\/\/oyl-cbd.com\/fr\/produit\/huile-de-massage-biologiquelavande-camomille-100ml-copie\/#breadcrumb","itemListElement":[{"@type":"ListItem","position":1,"name":"Accueil","item":"https:\/\/oyl-cbd.com\/fr\/"},{"@type":"ListItem","position":2,"name":"Shop","item":"https:\/\/oyl-cbd.com\/fr\/shop\/"},{"@type":"ListItem","position":3,"name":"Confort MusculaireHuile de Massage BiologiqueBasilique Exotique CBD\/CBG &#8211; 100ml"}]},{"@type":"WebSite","@id":"https:\/\/oyl-cbd.com\/fr\/#website","url":"https:\/\/oyl-cbd.com\/fr\/","name":"\u00d8YL","description":"soins \u00e0 base de CBD","publisher":{"@id":"https:\/\/oyl-cbd.com\/fr\/#organization"},"potentialAction":[{"@type":"SearchAction","target":{"@type":"EntryPoint","urlTemplate":"https:\/\/oyl-cbd.com\/fr\/?s={search_term_string}"},"query-input":{"@type":"PropertyValueSpecification","valueRequired":true,"valueName":"search_term_string"}}],"inLanguage":"fr-FR"},{"@type":"Organization","@id":"https:\/\/oyl-cbd.com\/fr\/#organization","name":"\u00d8YL","url":"https:\/\/oyl-cbd.com\/fr\/","logo":{"@type":"ImageObject","inLanguage":"fr-FR","@id":"https:\/\/oyl-cbd.com\/fr\/#\/schema\/logo\/image\/","url":"https:\/\/oyl-cbd.com\/wp-content\/uploads\/PHOTO-2023-01-03-09-25-37-1.jpg","contentUrl":"https:\/\/oyl-cbd.com\/wp-content\/uploads\/PHOTO-2023-01-03-09-25-37-1.jpg","width":1600,"height":1600,"caption":"\u00d8YL"},"image":{"@id":"https:\/\/oyl-cbd.com\/fr\/#\/schema\/logo\/image\/"}}]}},"_links":{"self":[{"href":"https:\/\/oyl-cbd.com\/fr\/wp-json\/wp\/v2\/product\/7173","targetHints":{"allow":["GET"]}}],"collection":[{"href":"https:\/\/oyl-cbd.com\/fr\/wp-json\/wp\/v2\/product"}],"about":[{"href":"https:\/\/oyl-cbd.com\/fr\/wp-json\/wp\/v2\/types\/product"}],"wp:featuredmedia":[{"embeddable":true,"href":"https:\/\/oyl-cbd.com\/fr\/wp-json\/wp\/v2\/media\/7157"}],"wp:attachment":[{"href":"https:\/\/oyl-cbd.com\/fr\/wp-json\/wp\/v2\/media?parent=7173"}],"wp:term":[{"taxonomy":"product_brand","embeddable":true,"href":"https:\/\/oyl-cbd.com\/fr\/wp-json\/wp\/v2\/product_brand?post=7173"},{"taxonomy":"product_cat","embeddable":true,"href":"https:\/\/oyl-cbd.com\/fr\/wp-json\/wp\/v2\/product_cat?post=7173"},{"taxonomy":"product_tag","embeddable":true,"href":"https:\/\/oyl-cbd.com\/fr\/wp-json\/wp\/v2\/product_tag?post=7173"}],"curies":[{"name":"wp","href":"https:\/\/api.w.org\/{rel}","templated":true}]}}