{"id":4838,"date":"2023-07-21T16:55:33","date_gmt":"2023-07-21T16:55:33","guid":{"rendered":"https:\/\/oyl-cbd.com\/?page_id=4838"},"modified":"2025-07-09T15:48:29","modified_gmt":"2025-07-09T15:48:29","slug":"over-ons","status":"publish","type":"page","link":"https:\/\/oyl-cbd.com\/nl\/over-ons\/","title":{"rendered":"Over Ons"},"content":{"rendered":"<h1>\n<p>Ontdek \u00d8YL<\/p>\n<\/h1>\n<div>\n<p>In een samenleving die wordt gedomineerd door snelheid en prestatie, is een moment voor jezelf nemen essentieel. \u00d8YL is ontstaan vanuit de wens om CBD toegankelijk te maken voor iedereen, via een eenvoudige maar doeltreffende formulering gebaseerd op wetenschap. We zorgen ervoor dat het een toegankelijke, holistische oplossing blijft. Onze toewijding aan het maken van hoogwaardige en doeltreffende producten weerspiegelt zich in strikte kwaliteitsnormen en het gebruik van ingredi\u00ebnten van de allerbeste kwaliteit.<\/p>\n<\/div>\n<p><p>\n        <a href=\"\/nl\/shop\/\">\u2192 ONTDEK ONZE PRODUCTEN<\/a>\n    <\/p>\n<\/p>\n<h1>\u00d8YL + Natuur<\/h1>\n<div>\n<p>De planten worden geteeld in de frisse lucht en het zuivere water van de Zwitserse Alpen, door de meest bekwame en ervaren telers. Na de oogst gebruiken we CO\u2082-superkritische extractie om onze oli\u00ebn en andere extracten te verkrijgen. Dit zorgt voor een puur, oplosmiddelvrij eindproduct.<\/p>\n<p>Onze betrokkenheid bij het volledige proces \u2013 van zaadjes die in Zwitserland geplant worden tot het verpakken van de olie in ons laboratorium in Brussel \u2013 stelt ons in staat om de beste kwaliteit en de scherpste prijzen op de markt te garanderen. Bovendien zijn onze twee dragers \u2013 MCT-kokosolie en hennepzaadolie \u2013 biologisch.<\/p>\n<\/div>\n<p><img decoding=\"async\" src=\"\/wp-content\/uploads\/Scene-7.png\" alt=\"\"><\/p>\n<h1>\n<p>Waarom kiezen voor \u00d8YL?<\/p>\n<\/h1>\n<div>\n<p>\u00d8YL is een merk met een sterk verhaal. Ons doel bij het ontwikkelen van deze lijn was om producten te cre\u00ebren die alle natuurlijke voordelen van de Cannabis Sativa-plant behouden, met respect voor haar oorspronkelijke structuur, zodat we volop kunnen profiteren van haar voordelen op het vlak van stress- en angstbeheersing, betere slaapkwaliteit, chronische pijn, versterking van de immuniteit en algemeen welzijn.<\/p>\n<p>Met dit doel voor ogen hebben we onvermoeibaar gewerkt aan de perfecte samenstelling: producten met weinig ingredi\u00ebnten, zorgvuldig geselecteerd, makkelijk traceerbaar en van optimale kwaliteit.<\/p>\n<\/div>\n<p><p>\n        <a href=\"\/nl\/shop\/\">\u2192 ONTDEK ONZE PRODUCTEN<\/a>\n    <\/p>\n<\/p>\n<p><img decoding=\"async\" src=\"\/wp-content\/uploads\/oyl-cbd-hero-004-relaxation.jpg\" alt=\"\"><\/p>\n<h1>\n<div>Achter \u00d8YL<\/div>\n<\/h1>\n<div>\n<p>Als gediplomeerde in natuurlijke cosmetologie ben ik sinds 2017 gepassioneerd bezig met het ontdekken van wat de natuur ons te bieden heeft. Begrijpen wat we in ons lichaam opnemen, is een eerste stap richting vrijheid van de consumptiemaatschappij en een hernieuwde verbinding met onszelf.<\/p>\n<p>Mijn ervaring bij Hierba Buena in Brussel bracht me dichter bij de natuur en gaf me de kans mijn persoonlijke onderzoek in natuurlijke cosmetica voort te zetten. Mijn groeiende interesse in de geneeskrachtige eigenschappen van hennep \u2013 een waar plantaardig wonder \u2013 leidde me naar ST Pharma, een Belgisch bedrijf waar ik mijn kennis over cannabino\u00efden verder verdiepte. Met veel enthousiasme en vertrouwen draag ik vandaag het project \u00d8YL.<\/p>\n<p>Mijn wens is om CBD voor iedereen toegankelijk te maken, zodat iedereen de kans krijgt om zich te informeren, te begrijpen en te genieten van deze krachtige plantaardige bondgenoot.<\/p>\n<p>\u00d8YL belichaamt de kracht van gedeelde kennis, collectief werk en een gedeelde visie \u2013 het resultaat van eeNivi\u00e8ren oprechte passie en een voortdurende zoektocht naar welzijn en innerlijke rust.<\/p>\n<p>Andr\u00e9a Nivi\u00e8re<\/p>\n<\/div>\n<p><img decoding=\"async\" src=\"\/wp-content\/uploads\/4.jpg\" alt=\"\"><\/p>\n<h1>Wil je \u00d8YL proberen?<\/h1>\n<div>\n<p>Jouw welzijnsgamma met natuurlijke CBD-producten<\/p>\n<\/div>\n<p><p>\n        <a href=\"\/nl\/shop\/\">\u2192 Ontdek onze producten<\/a>\n    <\/p>\n<\/p>\n<p><!--more--><br \/>\n<!-- {\"type\":\"layout\",\"children\":[{\"name\":\"Hero Home\",\"type\":\"section\",\"props\":{\"image_parallax_bgy\":\"-50,50\",\"image_parallax_easing\":\"1\",\"image_position\":\"center-center\",\"image_size\":\"cover\",\"media_overlay\":\"rgba(255, 255, 255, 0.2)\",\"media_visibility\":\"m\",\"padding\":\"large\",\"sticky\":\"cover\",\"style\":\"muted\",\"text_color\":\"dark\",\"title_breakpoint\":\"xl\",\"title_position\":\"top-left\",\"title_rotation\":\"left\",\"vertical_align\":\"\",\"width\":\"large\"},\"children\":[{\"type\":\"row\",\"children\":[{\"type\":\"column\",\"props\":{\"image_effect\":\"parallax\",\"image_parallax_bgy\":\"-110,50\",\"image_parallax_easing\":\"1\",\"image_position\":\"center-center\",\"image_width\":\"400\",\"position_sticky_breakpoint\":\"m\",\"vertical_align\":\"middle\",\"width_medium\":\"1-2\"}},{\"type\":\"column\",\"props\":{\"image_position\":\"center-center\",\"position_sticky_breakpoint\":\"m\",\"width_medium\":\"1-2\"},\"children\":[{\"type\":\"headline\",\"props\":{\"block_align\":\"center\",\"content\":\"\n\n<p>Ontdek \\u00d8YL<\\\/p>\",\"title_element\":\"h1\",\"title_style\":\"h3\"}},{\"type\":\"text\",\"props\":{\"column_breakpoint\":\"m\",\"content\":\"\n\n<p>In een samenleving die wordt gedomineerd door snelheid en prestatie, is een moment voor jezelf nemen essentieel. \\u00d8YL is ontstaan vanuit de wens om CBD toegankelijk te maken voor iedereen, via een eenvoudige maar doeltreffende formulering gebaseerd op wetenschap. We zorgen ervoor dat het een toegankelijke, holistische oplossing blijft. Onze toewijding aan het maken van hoogwaardige en doeltreffende producten weerspiegelt zich in strikte kwaliteitsnormen en het gebruik van ingredi\\u00ebnten van de allerbeste kwaliteit.<\\\/p>\",\"margin\":\"default\",\"maxwidth\":\"xlarge\"}},{\"type\":\"button\",\"props\":{\"button_size\":\"small\",\"grid_column_gap\":\"small\",\"grid_row_gap\":\"small\",\"margin\":\"large\",\"margin_remove_bottom\":true,\"text_align\":\"left\"},\"children\":[{\"type\":\"button_item\",\"props\":{\"button_style\":\"primary\",\"content\":\"\\u2192 ONTDEK ONZE PRODUCTEN\",\"dialog_layout\":\"modal\",\"dialog_offcanvas_flip\":true,\"icon\":\"\",\"icon_align\":\"left\",\"link\":\"nl\\\/shop\\\/\"}}]}]}],\"props\":{\"alignment\":\"center\",\"layout\":\"1-2,1-2\",\"padding_remove_horizontal\":false}}]},{\"type\":\"section\",\"props\":{\"css\":\"img {border-radius: 15px;}\\nimg {\\n    \\\/* filter: url(filters.svg#grayscale); Firefox 3.5+ *\\\/\\n      filter: gray;\\n        -webkit-filter: grayscale(1);  \\n    \\t-webkit-transition: all .8s ease-in-out; \\n    }\\n\\nimg:hover {\\n    filter: none;\\n      -webkit-filter: grayscale(0);\\n      -webkit-transition: all .8s ease-in-out;   \\n    }\\n\",\"image_position\":\"center-center\",\"padding_remove_top\":false,\"style\":\"default\",\"title_breakpoint\":\"xl\",\"title_position\":\"top-left\",\"title_rotation\":\"left\",\"vertical_align\":\"\",\"width\":\"default\"},\"children\":[{\"type\":\"row\",\"props\":{\"column_gap\":\"large\",\"layout\":\"1-2,1-2\",\"margin\":\"large\"},\"children\":[{\"type\":\"column\",\"props\":{\"image_position\":\"center-center\",\"position_sticky_breakpoint\":\"m\",\"vertical_align\":\"middle\",\"width_medium\":\"1-2\"},\"children\":[{\"type\":\"headline\",\"props\":{\"content\":\"\\u00d8YL + Natuur\",\"title_element\":\"h1\",\"title_style\":\"h3\"}},{\"type\":\"text\",\"props\":{\"column_breakpoint\":\"m\",\"content\":\"\n\n<p>De planten worden geteeld in de frisse lucht en het zuivere water van de Zwitserse Alpen, door de meest bekwame en ervaren telers. Na de oogst gebruiken we CO\\u2082-superkritische extractie om onze oli\\u00ebn en andere extracten te verkrijgen. Dit zorgt voor een puur, oplosmiddelvrij eindproduct.<\\\/p>\\n\n\n<p>Onze betrokkenheid bij het volledige proces \\u2013 van zaadjes die in Zwitserland geplant worden tot het verpakken van de olie in ons laboratorium in Brussel \\u2013 stelt ons in staat om de beste kwaliteit en de scherpste prijzen op de markt te garanderen. Bovendien zijn onze twee dragers \\u2013 MCT-kokosolie en hennepzaadolie \\u2013 biologisch.<\\\/p>\",\"margin\":\"default\"}}]},{\"type\":\"column\",\"props\":{\"image_position\":\"center-center\",\"position_sticky_breakpoint\":\"m\",\"width_medium\":\"1-2\"},\"children\":[{\"type\":\"image\",\"props\":{\"image\":\"wp-content\\\/uploads\\\/Scene-7.png\",\"image_svg_color\":\"emphasis\",\"margin\":\"default\"}}]}]},{\"type\":\"row\",\"props\":{\"column_gap\":\"large\",\"layout\":\"1-2,1-2\",\"margin\":\"xlarge\"},\"children\":[{\"type\":\"column\",\"props\":{\"image_position\":\"center-center\",\"position_sticky_breakpoint\":\"m\",\"vertical_align\":\"middle\",\"width_medium\":\"1-2\"},\"children\":[{\"type\":\"headline\",\"props\":{\"content\":\"\n\n<p>Waarom kiezen voor \\u00d8YL?<\\\/p>\",\"title_element\":\"h1\",\"title_style\":\"h3\"}},{\"type\":\"text\",\"props\":{\"column_breakpoint\":\"m\",\"content\":\"\n\n<p>\\u00d8YL is een merk met een sterk verhaal. Ons doel bij het ontwikkelen van deze lijn was om producten te cre\\u00ebren die alle natuurlijke voordelen van de Cannabis Sativa-plant behouden, met respect voor haar oorspronkelijke structuur, zodat we volop kunnen profiteren van haar voordelen op het vlak van stress- en angstbeheersing, betere slaapkwaliteit, chronische pijn, versterking van de immuniteit en algemeen welzijn.<\\\/p>\\n\n\n<p>Met dit doel voor ogen hebben we onvermoeibaar gewerkt aan de perfecte samenstelling: producten met weinig ingredi\\u00ebnten, zorgvuldig geselecteerd, makkelijk traceerbaar en van optimale kwaliteit.<\\\/p>\",\"margin\":\"default\"}},{\"type\":\"button\",\"props\":{\"button_size\":\"small\",\"grid_column_gap\":\"small\",\"grid_row_gap\":\"small\",\"margin\":\"large\",\"margin_remove_bottom\":true,\"text_align\":\"left\",\"text_align_fallback\":\"left\"},\"children\":[{\"type\":\"button_item\",\"props\":{\"button_style\":\"primary\",\"content\":\"\\u2192 ONTDEK ONZE PRODUCTEN\",\"dialog_layout\":\"modal\",\"dialog_offcanvas_flip\":true,\"icon\":\"\",\"icon_align\":\"left\",\"link\":\"nl\\\/shop\\\/\"}}]}]},{\"type\":\"column\",\"props\":{\"image_position\":\"center-center\",\"order_first\":\"m\",\"position_sticky_breakpoint\":\"m\",\"width_medium\":\"1-2\"},\"children\":[{\"type\":\"image\",\"props\":{\"image\":\"wp-content\\\/uploads\\\/oyl-cbd-hero-004-relaxation.jpg\",\"image_svg_color\":\"emphasis\",\"margin\":\"default\"}}]}]},{\"type\":\"row\",\"props\":{\"column_gap\":\"large\",\"css\":\"\\n\",\"layout\":\"1-2,1-2\",\"margin\":\"large\"},\"children\":[{\"type\":\"column\",\"props\":{\"image_position\":\"center-center\",\"position_sticky_breakpoint\":\"m\",\"vertical_align\":\"middle\",\"width_medium\":\"1-2\"},\"children\":[{\"type\":\"headline\",\"props\":{\"content\":\"\n\n<div>Achter \\u00d8YL<\\\/div>\",\"title_element\":\"h1\",\"title_style\":\"h3\"}},{\"type\":\"text\",\"props\":{\"column_breakpoint\":\"m\",\"content\":\"\n\n<p>Als gediplomeerde in natuurlijke cosmetologie ben ik sinds 2017 gepassioneerd bezig met het ontdekken van wat de natuur ons te bieden heeft. Begrijpen wat we in ons lichaam opnemen, is een eerste stap richting vrijheid van de consumptiemaatschappij en een hernieuwde verbinding met onszelf.<\\\/p>\\n\n\n<p>Mijn ervaring bij Hierba Buena in Brussel bracht me dichter bij de natuur en gaf me de kans mijn persoonlijke onderzoek in natuurlijke cosmetica voort te zetten. Mijn groeiende interesse in de geneeskrachtige eigenschappen van hennep \\u2013 een waar plantaardig wonder \\u2013 leidde me naar ST Pharma, een Belgisch bedrijf waar ik mijn kennis over cannabino\\u00efden verder verdiepte. Met veel enthousiasme en vertrouwen draag ik vandaag het project \\u00d8YL.<\\\/p>\\n\n\n<p>Mijn wens is om CBD voor iedereen toegankelijk te maken, zodat iedereen de kans krijgt om zich te informeren, te begrijpen en te genieten van deze krachtige plantaardige bondgenoot.<\\\/p>\\n\n\n<p>\\u00d8YL belichaamt de kracht van gedeelde kennis, collectief werk en een gedeelde visie \\u2013 het resultaat van eeNivi\\u00e8ren oprechte passie en een voortdurende zoektocht naar welzijn en innerlijke rust.<\\\/p>\\n\n\n<p>Andr\\u00e9a Nivi\\u00e8re<\\\/p>\",\"margin\":\"default\"}}]},{\"type\":\"column\",\"props\":{\"image_position\":\"center-center\",\"position_sticky_breakpoint\":\"m\",\"width_medium\":\"1-2\"},\"children\":[{\"type\":\"image\",\"props\":{\"image\":\"wp-content\\\/uploads\\\/4.jpg\",\"image_height\":400,\"image_svg_color\":\"emphasis\",\"margin\":\"default\",\"text_align\":\"center\"}}]}]}]},{\"type\":\"section\",\"props\":{\"image_position\":\"center-center\",\"style\":\"muted\",\"title_breakpoint\":\"xl\",\"title_position\":\"top-left\",\"title_rotation\":\"left\",\"vertical_align\":\"\",\"width\":\"default\"},\"children\":[{\"type\":\"row\",\"children\":[{\"type\":\"column\",\"props\":{\"image_position\":\"center-center\",\"position_sticky_breakpoint\":\"m\"},\"children\":[{\"type\":\"headline\",\"props\":{\"content\":\"Wil je \\u00d8YL proberen?\",\"text_align\":\"center\",\"title_element\":\"h1\",\"title_style\":\"h3\"}},{\"type\":\"text\",\"props\":{\"column_breakpoint\":\"m\",\"content\":\"\n\n<p>Jouw welzijnsgamma met natuurlijke CBD-producten<\\\/p>\",\"margin\":\"default\",\"text_align\":\"center\",\"text_style\":\"lead\"}},{\"type\":\"button\",\"props\":{\"button_size\":\"small\",\"grid_column_gap\":\"small\",\"grid_row_gap\":\"small\",\"margin\":\"default\",\"margin_remove_bottom\":false,\"text_align\":\"center\"},\"children\":[{\"type\":\"button_item\",\"props\":{\"button_style\":\"default\",\"content\":\"\\u2192 Ontdek onze producten\",\"dialog_layout\":\"modal\",\"dialog_offcanvas_flip\":true,\"icon_align\":\"left\",\"link\":\"nl\\\/shop\\\/\"}}]}]}]}],\"name\":\"**CTA NL\"}],\"version\":\"4.5.19\"} --><\/p>\n","protected":false},"excerpt":{"rendered":"<p>Ontdek \u00d8YL In een samenleving die wordt gedomineerd door snelheid en prestatie, is een moment voor jezelf nemen essentieel. \u00d8YL is ontstaan vanuit de wens om CBD toegankelijk te maken voor iedereen, via een eenvoudige maar doeltreffende formulering gebaseerd op wetenschap. We zorgen ervoor dat het een toegankelijke, holistische oplossing blijft. Onze toewijding aan het [&hellip;]<\/p>\n","protected":false},"author":1,"featured_media":0,"parent":0,"menu_order":0,"comment_status":"closed","ping_status":"open","template":"","meta":{"_acf_changed":false,"footnotes":""},"class_list":["post-4838","page","type-page","status-publish","hentry"],"acf":[],"yoast_head":"<!-- This site is optimized with the Yoast SEO plugin v27.4 - https:\/\/yoast.com\/product\/yoast-seo-wordpress\/ -->\n<title>Over Ons - \u00d8YL<\/title>\n<meta name=\"robots\" content=\"index, follow, max-snippet:-1, max-image-preview:large, max-video-preview:-1\" \/>\n<link rel=\"canonical\" href=\"https:\/\/oyl-cbd.com\/nl\/over-ons\/\" \/>\n<meta property=\"og:locale\" content=\"nl_NL\" \/>\n<meta property=\"og:type\" content=\"article\" \/>\n<meta property=\"og:title\" content=\"Over Ons - \u00d8YL\" \/>\n<meta property=\"og:description\" content=\"Ontdek \u00d8YL In een samenleving die wordt gedomineerd door snelheid en prestatie, is een moment voor jezelf nemen essentieel. \u00d8YL is ontstaan vanuit de wens om CBD toegankelijk te maken voor iedereen, via een eenvoudige maar doeltreffende formulering gebaseerd op wetenschap. We zorgen ervoor dat het een toegankelijke, holistische oplossing blijft. Onze toewijding aan het [&hellip;]\" \/>\n<meta property=\"og:url\" content=\"https:\/\/oyl-cbd.com\/nl\/over-ons\/\" \/>\n<meta property=\"og:site_name\" content=\"\u00d8YL\" \/>\n<meta property=\"article:modified_time\" content=\"2025-07-09T15:48:29+00:00\" \/>\n<meta name=\"twitter:card\" content=\"summary_large_image\" \/>\n<meta name=\"twitter:label1\" content=\"Geschatte leestijd\" \/>\n\t<meta name=\"twitter:data1\" content=\"2 minuten\" \/>\n<script type=\"application\/ld+json\" class=\"yoast-schema-graph\">{\"@context\":\"https:\\\/\\\/schema.org\",\"@graph\":[{\"@type\":\"WebPage\",\"@id\":\"https:\\\/\\\/oyl-cbd.com\\\/nl\\\/over-ons\\\/\",\"url\":\"https:\\\/\\\/oyl-cbd.com\\\/nl\\\/over-ons\\\/\",\"name\":\"Over Ons - \u00d8YL\",\"isPartOf\":{\"@id\":\"https:\\\/\\\/oyl-cbd.com\\\/nl\\\/#website\"},\"datePublished\":\"2023-07-21T16:55:33+00:00\",\"dateModified\":\"2025-07-09T15:48:29+00:00\",\"breadcrumb\":{\"@id\":\"https:\\\/\\\/oyl-cbd.com\\\/nl\\\/over-ons\\\/#breadcrumb\"},\"inLanguage\":\"nl-NL\",\"potentialAction\":[{\"@type\":\"ReadAction\",\"target\":[\"https:\\\/\\\/oyl-cbd.com\\\/nl\\\/over-ons\\\/\"]}]},{\"@type\":\"BreadcrumbList\",\"@id\":\"https:\\\/\\\/oyl-cbd.com\\\/nl\\\/over-ons\\\/#breadcrumb\",\"itemListElement\":[{\"@type\":\"ListItem\",\"position\":1,\"name\":\"Accueil\",\"item\":\"https:\\\/\\\/oyl-cbd.com\\\/nl\\\/\"},{\"@type\":\"ListItem\",\"position\":2,\"name\":\"Over Ons\"}]},{\"@type\":\"WebSite\",\"@id\":\"https:\\\/\\\/oyl-cbd.com\\\/nl\\\/#website\",\"url\":\"https:\\\/\\\/oyl-cbd.com\\\/nl\\\/\",\"name\":\"\u00d8YL\",\"description\":\"PREMIUM CBD OILS\",\"publisher\":{\"@id\":\"https:\\\/\\\/oyl-cbd.com\\\/nl\\\/#organization\"},\"potentialAction\":[{\"@type\":\"SearchAction\",\"target\":{\"@type\":\"EntryPoint\",\"urlTemplate\":\"https:\\\/\\\/oyl-cbd.com\\\/nl\\\/?s={search_term_string}\"},\"query-input\":{\"@type\":\"PropertyValueSpecification\",\"valueRequired\":true,\"valueName\":\"search_term_string\"}}],\"inLanguage\":\"nl-NL\"},{\"@type\":\"Organization\",\"@id\":\"https:\\\/\\\/oyl-cbd.com\\\/nl\\\/#organization\",\"name\":\"\u00d8YL\",\"url\":\"https:\\\/\\\/oyl-cbd.com\\\/nl\\\/\",\"logo\":{\"@type\":\"ImageObject\",\"inLanguage\":\"nl-NL\",\"@id\":\"https:\\\/\\\/oyl-cbd.com\\\/nl\\\/#\\\/schema\\\/logo\\\/image\\\/\",\"url\":\"https:\\\/\\\/oyl-cbd.com\\\/wp-content\\\/uploads\\\/PHOTO-2023-01-03-09-25-37-1.jpg\",\"contentUrl\":\"https:\\\/\\\/oyl-cbd.com\\\/wp-content\\\/uploads\\\/PHOTO-2023-01-03-09-25-37-1.jpg\",\"width\":1600,\"height\":1600,\"caption\":\"\u00d8YL\"},\"image\":{\"@id\":\"https:\\\/\\\/oyl-cbd.com\\\/nl\\\/#\\\/schema\\\/logo\\\/image\\\/\"}}]}<\/script>\n<!-- \/ Yoast SEO plugin. -->","yoast_head_json":{"title":"Over Ons - \u00d8YL","robots":{"index":"index","follow":"follow","max-snippet":"max-snippet:-1","max-image-preview":"max-image-preview:large","max-video-preview":"max-video-preview:-1"},"canonical":"https:\/\/oyl-cbd.com\/nl\/over-ons\/","og_locale":"nl_NL","og_type":"article","og_title":"Over Ons - \u00d8YL","og_description":"Ontdek \u00d8YL In een samenleving die wordt gedomineerd door snelheid en prestatie, is een moment voor jezelf nemen essentieel. \u00d8YL is ontstaan vanuit de wens om CBD toegankelijk te maken voor iedereen, via een eenvoudige maar doeltreffende formulering gebaseerd op wetenschap. We zorgen ervoor dat het een toegankelijke, holistische oplossing blijft. Onze toewijding aan het [&hellip;]","og_url":"https:\/\/oyl-cbd.com\/nl\/over-ons\/","og_site_name":"\u00d8YL","article_modified_time":"2025-07-09T15:48:29+00:00","twitter_card":"summary_large_image","twitter_misc":{"Geschatte leestijd":"2 minuten"},"schema":{"@context":"https:\/\/schema.org","@graph":[{"@type":"WebPage","@id":"https:\/\/oyl-cbd.com\/nl\/over-ons\/","url":"https:\/\/oyl-cbd.com\/nl\/over-ons\/","name":"Over Ons - \u00d8YL","isPartOf":{"@id":"https:\/\/oyl-cbd.com\/nl\/#website"},"datePublished":"2023-07-21T16:55:33+00:00","dateModified":"2025-07-09T15:48:29+00:00","breadcrumb":{"@id":"https:\/\/oyl-cbd.com\/nl\/over-ons\/#breadcrumb"},"inLanguage":"nl-NL","potentialAction":[{"@type":"ReadAction","target":["https:\/\/oyl-cbd.com\/nl\/over-ons\/"]}]},{"@type":"BreadcrumbList","@id":"https:\/\/oyl-cbd.com\/nl\/over-ons\/#breadcrumb","itemListElement":[{"@type":"ListItem","position":1,"name":"Accueil","item":"https:\/\/oyl-cbd.com\/nl\/"},{"@type":"ListItem","position":2,"name":"Over Ons"}]},{"@type":"WebSite","@id":"https:\/\/oyl-cbd.com\/nl\/#website","url":"https:\/\/oyl-cbd.com\/nl\/","name":"\u00d8YL","description":"PREMIUM CBD OILS","publisher":{"@id":"https:\/\/oyl-cbd.com\/nl\/#organization"},"potentialAction":[{"@type":"SearchAction","target":{"@type":"EntryPoint","urlTemplate":"https:\/\/oyl-cbd.com\/nl\/?s={search_term_string}"},"query-input":{"@type":"PropertyValueSpecification","valueRequired":true,"valueName":"search_term_string"}}],"inLanguage":"nl-NL"},{"@type":"Organization","@id":"https:\/\/oyl-cbd.com\/nl\/#organization","name":"\u00d8YL","url":"https:\/\/oyl-cbd.com\/nl\/","logo":{"@type":"ImageObject","inLanguage":"nl-NL","@id":"https:\/\/oyl-cbd.com\/nl\/#\/schema\/logo\/image\/","url":"https:\/\/oyl-cbd.com\/wp-content\/uploads\/PHOTO-2023-01-03-09-25-37-1.jpg","contentUrl":"https:\/\/oyl-cbd.com\/wp-content\/uploads\/PHOTO-2023-01-03-09-25-37-1.jpg","width":1600,"height":1600,"caption":"\u00d8YL"},"image":{"@id":"https:\/\/oyl-cbd.com\/nl\/#\/schema\/logo\/image\/"}}]}},"_links":{"self":[{"href":"https:\/\/oyl-cbd.com\/nl\/wp-json\/wp\/v2\/pages\/4838","targetHints":{"allow":["GET"]}}],"collection":[{"href":"https:\/\/oyl-cbd.com\/nl\/wp-json\/wp\/v2\/pages"}],"about":[{"href":"https:\/\/oyl-cbd.com\/nl\/wp-json\/wp\/v2\/types\/page"}],"author":[{"embeddable":true,"href":"https:\/\/oyl-cbd.com\/nl\/wp-json\/wp\/v2\/users\/1"}],"replies":[{"embeddable":true,"href":"https:\/\/oyl-cbd.com\/nl\/wp-json\/wp\/v2\/comments?post=4838"}],"version-history":[{"count":18,"href":"https:\/\/oyl-cbd.com\/nl\/wp-json\/wp\/v2\/pages\/4838\/revisions"}],"predecessor-version":[{"id":6380,"href":"https:\/\/oyl-cbd.com\/nl\/wp-json\/wp\/v2\/pages\/4838\/revisions\/6380"}],"wp:attachment":[{"href":"https:\/\/oyl-cbd.com\/nl\/wp-json\/wp\/v2\/media?parent=4838"}],"curies":[{"name":"wp","href":"https:\/\/api.w.org\/{rel}","templated":true}]}}