{"id":4841,"date":"2023-07-22T08:18:01","date_gmt":"2023-07-22T08:18:01","guid":{"rendered":"https:\/\/oyl-cbd.com\/?page_id=4841"},"modified":"2025-01-09T13:17:28","modified_gmt":"2025-01-09T13:17:28","slug":"cannabis-sativa","status":"publish","type":"page","link":"https:\/\/oyl-cbd.com\/nl\/cannabis-sativa\/","title":{"rendered":"Cannabis sativa L."},"content":{"rendered":"<h1>De buitengewone Cannabis Sativa L.<\/h1>\n<div>\n<p>Een opmerkelijke plant die van oudsher over de hele wereld wordt gekweekt en gebruikt als bron voor voedsel, brandstof en voedingssupplementen, maar ook voor recreatieve doeleinden. <\/p>\n<\/div>\n<p>\n    <a href=\"\/nl\/shop\/\">Ontdek onze producten<\/a>\n<\/p>\n<p><img decoding=\"async\" src=\"\/wp-content\/uploads\/hemp-uses-.svg\" alt=\"\"><\/p>\n<h1>E\u00e9n plant, oneindig veel voorzieningen<\/h1>\n<div>\n<p>Deze buitengewone plant gaat verder dan conventionele toepassingen en is onderzocht op zijn potenti\u00eble rol als grondstof voor papierproductie, lichaamsverzorgingsformules, bouwmaterialen, medicinale verbindingen en de productie van textiel. Cannabis Sativa L. is de belichaming van een veelzijdig botanisch wonder, met een scala aan toepassingen die conventionele grenzen overschrijden.<\/p>\n<\/div>\n<h1>Een nieuwe hype?<\/h1>\n<div>\n<p><span style=\"color: #000000; font-family: ApfelGrotezk-Regular, Helvetica, Arial, 'sans-serif'; font-size: 18px;\">Integendeel. De Shih Ching, ook bekend als de Boeken der Oden, verhaalt over het historische gebruik van hennep voor zowel vezels als zaad door het Chinese volk in de periode van de 11e tot de 6e eeuw voor Christus, specifiek in wat nu het moderne Beijing is. <br \/><\/span><\/p>\n<\/div>\n<p><img decoding=\"async\" src=\"\/wp-content\/uploads\/hhhhh.svg\" alt=\"\"><br \/>\n<img decoding=\"async\" src=\"\/wp-content\/uploads\/88-1.png\" alt=\"\"><\/p>\n<h1>Waaruit bestaat dit natuurlijke spektakel?<\/h1>\n<div>\n<p>De plant bestaat uit honderden natuurlijke verbindingen en een aanzienlijk deel daarvan staat bekend als &#8216;cannabino\u00efden&#8217;.<\/p>\n<p>Naast cannabino\u00efden zijn er tot nu toe ongeveer 140 terpenen en ongeveer 20 flavono\u00efden ge\u00efdentificeerd en geclassificeerd.<\/p>\n<\/div>\n<ul>\n<li>\n        <a href=\"\/nl\/de-cannabinoiden\/\">Meer informatie over veelvoorkomende cannabino\u00efden<\/a>\n    <\/li>\n<li>\n        <a href=\"\/cbd-formulations\/\">Wat zijn de verschillende CBD-formules?<\/a>\n    <\/li>\n<\/ul>\n<h1>Wil je \u00d8YL eens proberen?<\/h1>\n<div>\n<p>Uw welzijnsassortiment van natuurlijke CBD-producten<\/p>\n<\/div>\n<p>\n    <a href=\"\/nl\/shop\/\">\u2192 Ontdek onze producten<\/a>\n<\/p>\n<p><!--more--><br \/>\n<!-- {\"type\":\"layout\",\"children\":[{\"name\":\"Hero Home\",\"type\":\"section\",\"props\":{\"image\":\"wp-content\\\/uploads\\\/oyl-cbd-oil-header-005.jpg\",\"image_effect\":\"parallax\",\"image_parallax_bgy\":\"-50,50\",\"image_parallax_easing\":\"1\",\"image_position\":\"center-center\",\"image_size\":\"cover\",\"media_overlay\":\"rgba(255, 255, 255, 0.2)\",\"media_visibility\":\"m\",\"padding\":\"large\",\"style\":\"muted\",\"text_color\":\"dark\",\"title_breakpoint\":\"xl\",\"title_position\":\"top-left\",\"title_rotation\":\"left\",\"vertical_align\":\"\",\"width\":\"\"},\"children\":[{\"type\":\"row\",\"children\":[{\"type\":\"column\",\"props\":{\"image_effect\":\"parallax\",\"image_parallax_bgy\":\"-110,50\",\"image_parallax_easing\":\"1\",\"image_position\":\"center-center\",\"image_width\":\"400\",\"position_sticky_breakpoint\":\"m\",\"vertical_align\":\"middle\"},\"children\":[{\"type\":\"headline\",\"props\":{\"block_align\":\"center\",\"content\":\"De buitengewone Cannabis Sativa L.\",\"title_element\":\"h1\",\"title_style\":\"h1\"}},{\"type\":\"text\",\"props\":{\"column_breakpoint\":\"m\",\"content\":\"\n\n<p>Een opmerkelijke plant die van oudsher over de hele wereld wordt gekweekt en gebruikt als bron voor voedsel, brandstof en voedingssupplementen, maar ook voor recreatieve doeleinden. <\\\/p>\",\"margin\":\"default\",\"maxwidth\":\"large\",\"text_style\":\"lead\"}},{\"type\":\"button\",\"props\":{\"grid_column_gap\":\"small\",\"grid_row_gap\":\"small\",\"margin\":\"large\",\"margin_remove_bottom\":true,\"text_align\":\"left\"},\"children\":[{\"type\":\"button_item\",\"props\":{\"button_style\":\"primary\",\"content\":\"Ontdek onze producten\",\"icon\":\"arrow-right\",\"icon_align\":\"left\",\"link\":\"nl\\\/shop\\\/\"}}]}]}],\"props\":{\"alignment\":\"center\",\"padding_remove_horizontal\":false,\"width\":\"default\"}}]},{\"type\":\"section\",\"props\":{\"css\":\"img {\\n    \\\/* filter: url(filters.svg#grayscale); Firefox 3.5+ *\\\/\\n      filter: gray;\\n        -webkit-filter: grayscale(1);  \\n    \\t-webkit-transition: all .8s ease-in-out; \\n    }\\n\\nimg:hover {\\n    filter: none;\\n      -webkit-filter: grayscale(0);\\n      -webkit-transition: all .8s ease-in-out;   \\n    }\\n\\n\",\"image_position\":\"center-center\",\"padding_remove_top\":false,\"style\":\"default\",\"title_breakpoint\":\"xl\",\"title_position\":\"top-left\",\"title_rotation\":\"left\",\"vertical_align\":\"\",\"width\":\"default\"},\"children\":[{\"type\":\"row\",\"props\":{\"column_gap\":\"large\",\"layout\":\"2-3,1-3\",\"margin\":\"large\"},\"children\":[{\"type\":\"column\",\"props\":{\"image_position\":\"center-center\",\"position_sticky_breakpoint\":\"m\",\"vertical_align\":\"middle\",\"width_medium\":\"2-3\"},\"children\":[{\"type\":\"image\",\"props\":{\"image\":\"wp-content\\\/uploads\\\/hemp-uses-.svg\",\"image_svg_color\":\"emphasis\",\"margin\":\"default\"}}]},{\"type\":\"column\",\"props\":{\"image_position\":\"center-center\",\"position_sticky_breakpoint\":\"m\",\"vertical_align\":\"middle\",\"width_medium\":\"1-3\"},\"children\":[{\"type\":\"headline\",\"props\":{\"content\":\"E\\u00e9n plant, oneindig veel voorzieningen\",\"title_element\":\"h1\",\"title_style\":\"h2\"}},{\"type\":\"text\",\"props\":{\"column_breakpoint\":\"m\",\"content\":\"\n\n<p>Deze buitengewone plant gaat verder dan conventionele toepassingen en is onderzocht op zijn potenti\\u00eble rol als grondstof voor papierproductie, lichaamsverzorgingsformules, bouwmaterialen, medicinale verbindingen en de productie van textiel. Cannabis Sativa L. is de belichaming van een veelzijdig botanisch wonder, met een scala aan toepassingen die conventionele grenzen overschrijden.<\\\/p>\",\"margin\":\"default\",\"text_style\":\"lead\"}}]}]},{\"type\":\"row\",\"children\":[{\"type\":\"column\",\"props\":{\"image_position\":\"center-center\",\"position_sticky_breakpoint\":\"m\",\"vertical_align\":\"middle\",\"width_medium\":\"1-3\"},\"children\":[{\"type\":\"headline\",\"props\":{\"content\":\"Een nieuwe hype?\",\"title_element\":\"h1\",\"title_style\":\"h2\"}},{\"type\":\"text\",\"props\":{\"column_breakpoint\":\"m\",\"content\":\"\n\n<p><span style=\\\"color: #000000; font-family: ApfelGrotezk-Regular, Helvetica, Arial, 'sans-serif'; font-size: 18px;\\\">Integendeel. De Shih Ching, ook bekend als de Boeken der Oden, verhaalt over het historische gebruik van hennep voor zowel vezels als zaad door het Chinese volk in de periode van de 11e tot de 6e eeuw voor Christus, specifiek in wat nu het moderne Beijing is. <br \\\/><\\\/span><\\\/p>\",\"margin\":\"default\"}}]},{\"type\":\"column\",\"props\":{\"image_position\":\"center-center\",\"position_sticky_breakpoint\":\"m\",\"width_medium\":\"2-3\"},\"children\":[{\"type\":\"image\",\"props\":{\"image\":\"wp-content\\\/uploads\\\/hhhhh.svg\",\"image_svg_color\":\"emphasis\",\"margin\":\"default\"}}]}],\"props\":{\"column_gap\":\"large\",\"divider\":false,\"layout\":\"1-3,2-3\"}},{\"type\":\"row\",\"props\":{\"column_gap\":\"large\",\"layout\":\"2-3,1-3\",\"margin\":\"large\",\"margin_remove_top\":true},\"children\":[{\"type\":\"column\",\"props\":{\"image_position\":\"center-center\",\"position_sticky_breakpoint\":\"m\",\"width_medium\":\"2-3\"},\"children\":[{\"type\":\"image\",\"props\":{\"image\":\"wp-content\\\/uploads\\\/88-1.png\",\"image_svg_color\":\"emphasis\",\"margin\":\"default\"}}]},{\"type\":\"column\",\"props\":{\"image_position\":\"center-center\",\"position_sticky_breakpoint\":\"m\",\"vertical_align\":\"middle\",\"width_medium\":\"1-3\"},\"children\":[{\"type\":\"headline\",\"props\":{\"content\":\"Waaruit bestaat dit natuurlijke spektakel?\",\"title_element\":\"h1\",\"title_style\":\"h2\"}},{\"type\":\"text\",\"props\":{\"column_breakpoint\":\"m\",\"content\":\"\n\n<p>De plant bestaat uit honderden natuurlijke verbindingen en een aanzienlijk deel daarvan staat bekend als 'cannabino\\u00efden'.<\\\/p>\\n\n\n<p>Naast cannabino\\u00efden zijn er tot nu toe ongeveer 140 terpenen en ongeveer 20 flavono\\u00efden ge\\u00efdentificeerd en geclassificeerd.<\\\/p>\",\"margin\":\"default\",\"text_style\":\"lead\"}}]}]}]},{\"type\":\"section\",\"props\":{\"image_position\":\"center-center\",\"style\":\"default\",\"title_breakpoint\":\"xl\",\"title_position\":\"top-left\",\"title_rotation\":\"left\",\"vertical_align\":\"\",\"width\":\"default\"},\"children\":[{\"type\":\"row\",\"children\":[{\"type\":\"column\",\"props\":{\"image_position\":\"center-center\",\"position_sticky_breakpoint\":\"m\"},\"children\":[{\"type\":\"button\",\"props\":{\"button_size\":\"large\",\"grid_column_gap\":\"large\",\"grid_row_gap\":\"small\",\"margin\":\"default\",\"text_align\":\"center\"},\"children\":[{\"type\":\"button_item\",\"props\":{\"button_style\":\"text\",\"content\":\"Meer informatie over veelvoorkomende cannabino\\u00efden\",\"icon\":\"arrow-right\",\"icon_align\":\"left\",\"link\":\"nl\\\/de-cannabinoiden\\\/\"}},{\"type\":\"button_item\",\"props\":{\"button_style\":\"text\",\"content\":\"Wat zijn de verschillende CBD-formules?\",\"icon\":\"arrow-right\",\"icon_align\":\"left\",\"link\":\"cbd-formulations\\\/\"}}]}]}]}]},{\"type\":\"section\",\"props\":{\"image_position\":\"center-center\",\"style\":\"muted\",\"title_breakpoint\":\"xl\",\"title_position\":\"top-left\",\"title_rotation\":\"left\",\"vertical_align\":\"\",\"width\":\"default\"},\"children\":[{\"type\":\"row\",\"children\":[{\"type\":\"column\",\"props\":{\"image_position\":\"center-center\",\"position_sticky_breakpoint\":\"m\"},\"children\":[{\"type\":\"headline\",\"props\":{\"content\":\"Wil je \\u00d8YL eens proberen?\",\"text_align\":\"center\",\"title_element\":\"h1\",\"title_style\":\"h2\"}},{\"type\":\"text\",\"props\":{\"column_breakpoint\":\"m\",\"content\":\"\n\n<p>Uw welzijnsassortiment van natuurlijke CBD-producten<\\\/p>\",\"margin\":\"default\",\"text_align\":\"center\",\"text_style\":\"lead\"}},{\"type\":\"button\",\"props\":{\"grid_column_gap\":\"small\",\"grid_row_gap\":\"small\",\"margin\":\"default\",\"margin_remove_bottom\":false,\"text_align\":\"center\"},\"children\":[{\"type\":\"button_item\",\"props\":{\"button_style\":\"default\",\"content\":\"\\u2192 Ontdek onze producten\",\"icon_align\":\"left\",\"link\":\"nl\\\/shop\\\/\"}}]}]}]}],\"name\":\"**CTA NL\"}],\"version\":\"4.4.16\"} --><\/p>\n","protected":false},"excerpt":{"rendered":"<p>De buitengewone Cannabis Sativa L. Een opmerkelijke plant die van oudsher over de hele wereld wordt gekweekt en gebruikt als bron voor voedsel, brandstof en voedingssupplementen, maar ook voor recreatieve doeleinden. Ontdek onze producten E\u00e9n plant, oneindig veel voorzieningen Deze buitengewone plant gaat verder dan conventionele toepassingen en is onderzocht op zijn potenti\u00eble rol als [&hellip;]<\/p>\n","protected":false},"author":1,"featured_media":0,"parent":0,"menu_order":0,"comment_status":"closed","ping_status":"open","template":"","meta":{"_acf_changed":false,"footnotes":""},"class_list":["post-4841","page","type-page","status-publish","hentry"],"acf":[],"yoast_head":"<!-- This site is optimized with the Yoast SEO plugin v27.4 - https:\/\/yoast.com\/product\/yoast-seo-wordpress\/ -->\n<title>Cannabis sativa L. - \u00d8YL<\/title>\n<meta name=\"robots\" content=\"index, follow, max-snippet:-1, max-image-preview:large, max-video-preview:-1\" \/>\n<link rel=\"canonical\" href=\"https:\/\/oyl-cbd.com\/nl\/cannabis-sativa\/\" \/>\n<meta property=\"og:locale\" content=\"nl_NL\" \/>\n<meta property=\"og:type\" content=\"article\" \/>\n<meta property=\"og:title\" content=\"Cannabis sativa L. - \u00d8YL\" \/>\n<meta property=\"og:description\" content=\"De buitengewone Cannabis Sativa L. Een opmerkelijke plant die van oudsher over de hele wereld wordt gekweekt en gebruikt als bron voor voedsel, brandstof en voedingssupplementen, maar ook voor recreatieve doeleinden. Ontdek onze producten E\u00e9n plant, oneindig veel voorzieningen Deze buitengewone plant gaat verder dan conventionele toepassingen en is onderzocht op zijn potenti\u00eble rol als [&hellip;]\" \/>\n<meta property=\"og:url\" content=\"https:\/\/oyl-cbd.com\/nl\/cannabis-sativa\/\" \/>\n<meta property=\"og:site_name\" content=\"\u00d8YL\" \/>\n<meta property=\"article:modified_time\" content=\"2025-01-09T13:17:28+00:00\" \/>\n<meta name=\"twitter:card\" content=\"summary_large_image\" \/>\n<meta name=\"twitter:label1\" content=\"Geschatte leestijd\" \/>\n\t<meta name=\"twitter:data1\" content=\"1 minuut\" \/>\n<script type=\"application\/ld+json\" class=\"yoast-schema-graph\">{\"@context\":\"https:\\\/\\\/schema.org\",\"@graph\":[{\"@type\":\"WebPage\",\"@id\":\"https:\\\/\\\/oyl-cbd.com\\\/nl\\\/cannabis-sativa\\\/\",\"url\":\"https:\\\/\\\/oyl-cbd.com\\\/nl\\\/cannabis-sativa\\\/\",\"name\":\"Cannabis sativa L. - \u00d8YL\",\"isPartOf\":{\"@id\":\"https:\\\/\\\/oyl-cbd.com\\\/nl\\\/#website\"},\"datePublished\":\"2023-07-22T08:18:01+00:00\",\"dateModified\":\"2025-01-09T13:17:28+00:00\",\"breadcrumb\":{\"@id\":\"https:\\\/\\\/oyl-cbd.com\\\/nl\\\/cannabis-sativa\\\/#breadcrumb\"},\"inLanguage\":\"nl-NL\",\"potentialAction\":[{\"@type\":\"ReadAction\",\"target\":[\"https:\\\/\\\/oyl-cbd.com\\\/nl\\\/cannabis-sativa\\\/\"]}]},{\"@type\":\"BreadcrumbList\",\"@id\":\"https:\\\/\\\/oyl-cbd.com\\\/nl\\\/cannabis-sativa\\\/#breadcrumb\",\"itemListElement\":[{\"@type\":\"ListItem\",\"position\":1,\"name\":\"Accueil\",\"item\":\"https:\\\/\\\/oyl-cbd.com\\\/nl\\\/\"},{\"@type\":\"ListItem\",\"position\":2,\"name\":\"Cannabis sativa L.\"}]},{\"@type\":\"WebSite\",\"@id\":\"https:\\\/\\\/oyl-cbd.com\\\/nl\\\/#website\",\"url\":\"https:\\\/\\\/oyl-cbd.com\\\/nl\\\/\",\"name\":\"\u00d8YL\",\"description\":\"PREMIUM CBD OILS\",\"publisher\":{\"@id\":\"https:\\\/\\\/oyl-cbd.com\\\/nl\\\/#organization\"},\"potentialAction\":[{\"@type\":\"SearchAction\",\"target\":{\"@type\":\"EntryPoint\",\"urlTemplate\":\"https:\\\/\\\/oyl-cbd.com\\\/nl\\\/?s={search_term_string}\"},\"query-input\":{\"@type\":\"PropertyValueSpecification\",\"valueRequired\":true,\"valueName\":\"search_term_string\"}}],\"inLanguage\":\"nl-NL\"},{\"@type\":\"Organization\",\"@id\":\"https:\\\/\\\/oyl-cbd.com\\\/nl\\\/#organization\",\"name\":\"\u00d8YL\",\"url\":\"https:\\\/\\\/oyl-cbd.com\\\/nl\\\/\",\"logo\":{\"@type\":\"ImageObject\",\"inLanguage\":\"nl-NL\",\"@id\":\"https:\\\/\\\/oyl-cbd.com\\\/nl\\\/#\\\/schema\\\/logo\\\/image\\\/\",\"url\":\"https:\\\/\\\/oyl-cbd.com\\\/wp-content\\\/uploads\\\/PHOTO-2023-01-03-09-25-37-1.jpg\",\"contentUrl\":\"https:\\\/\\\/oyl-cbd.com\\\/wp-content\\\/uploads\\\/PHOTO-2023-01-03-09-25-37-1.jpg\",\"width\":1600,\"height\":1600,\"caption\":\"\u00d8YL\"},\"image\":{\"@id\":\"https:\\\/\\\/oyl-cbd.com\\\/nl\\\/#\\\/schema\\\/logo\\\/image\\\/\"}}]}<\/script>\n<!-- \/ Yoast SEO plugin. -->","yoast_head_json":{"title":"Cannabis sativa L. - \u00d8YL","robots":{"index":"index","follow":"follow","max-snippet":"max-snippet:-1","max-image-preview":"max-image-preview:large","max-video-preview":"max-video-preview:-1"},"canonical":"https:\/\/oyl-cbd.com\/nl\/cannabis-sativa\/","og_locale":"nl_NL","og_type":"article","og_title":"Cannabis sativa L. - \u00d8YL","og_description":"De buitengewone Cannabis Sativa L. Een opmerkelijke plant die van oudsher over de hele wereld wordt gekweekt en gebruikt als bron voor voedsel, brandstof en voedingssupplementen, maar ook voor recreatieve doeleinden. Ontdek onze producten E\u00e9n plant, oneindig veel voorzieningen Deze buitengewone plant gaat verder dan conventionele toepassingen en is onderzocht op zijn potenti\u00eble rol als [&hellip;]","og_url":"https:\/\/oyl-cbd.com\/nl\/cannabis-sativa\/","og_site_name":"\u00d8YL","article_modified_time":"2025-01-09T13:17:28+00:00","twitter_card":"summary_large_image","twitter_misc":{"Geschatte leestijd":"1 minuut"},"schema":{"@context":"https:\/\/schema.org","@graph":[{"@type":"WebPage","@id":"https:\/\/oyl-cbd.com\/nl\/cannabis-sativa\/","url":"https:\/\/oyl-cbd.com\/nl\/cannabis-sativa\/","name":"Cannabis sativa L. - \u00d8YL","isPartOf":{"@id":"https:\/\/oyl-cbd.com\/nl\/#website"},"datePublished":"2023-07-22T08:18:01+00:00","dateModified":"2025-01-09T13:17:28+00:00","breadcrumb":{"@id":"https:\/\/oyl-cbd.com\/nl\/cannabis-sativa\/#breadcrumb"},"inLanguage":"nl-NL","potentialAction":[{"@type":"ReadAction","target":["https:\/\/oyl-cbd.com\/nl\/cannabis-sativa\/"]}]},{"@type":"BreadcrumbList","@id":"https:\/\/oyl-cbd.com\/nl\/cannabis-sativa\/#breadcrumb","itemListElement":[{"@type":"ListItem","position":1,"name":"Accueil","item":"https:\/\/oyl-cbd.com\/nl\/"},{"@type":"ListItem","position":2,"name":"Cannabis sativa L."}]},{"@type":"WebSite","@id":"https:\/\/oyl-cbd.com\/nl\/#website","url":"https:\/\/oyl-cbd.com\/nl\/","name":"\u00d8YL","description":"PREMIUM CBD OILS","publisher":{"@id":"https:\/\/oyl-cbd.com\/nl\/#organization"},"potentialAction":[{"@type":"SearchAction","target":{"@type":"EntryPoint","urlTemplate":"https:\/\/oyl-cbd.com\/nl\/?s={search_term_string}"},"query-input":{"@type":"PropertyValueSpecification","valueRequired":true,"valueName":"search_term_string"}}],"inLanguage":"nl-NL"},{"@type":"Organization","@id":"https:\/\/oyl-cbd.com\/nl\/#organization","name":"\u00d8YL","url":"https:\/\/oyl-cbd.com\/nl\/","logo":{"@type":"ImageObject","inLanguage":"nl-NL","@id":"https:\/\/oyl-cbd.com\/nl\/#\/schema\/logo\/image\/","url":"https:\/\/oyl-cbd.com\/wp-content\/uploads\/PHOTO-2023-01-03-09-25-37-1.jpg","contentUrl":"https:\/\/oyl-cbd.com\/wp-content\/uploads\/PHOTO-2023-01-03-09-25-37-1.jpg","width":1600,"height":1600,"caption":"\u00d8YL"},"image":{"@id":"https:\/\/oyl-cbd.com\/nl\/#\/schema\/logo\/image\/"}}]}},"_links":{"self":[{"href":"https:\/\/oyl-cbd.com\/nl\/wp-json\/wp\/v2\/pages\/4841","targetHints":{"allow":["GET"]}}],"collection":[{"href":"https:\/\/oyl-cbd.com\/nl\/wp-json\/wp\/v2\/pages"}],"about":[{"href":"https:\/\/oyl-cbd.com\/nl\/wp-json\/wp\/v2\/types\/page"}],"author":[{"embeddable":true,"href":"https:\/\/oyl-cbd.com\/nl\/wp-json\/wp\/v2\/users\/1"}],"replies":[{"embeddable":true,"href":"https:\/\/oyl-cbd.com\/nl\/wp-json\/wp\/v2\/comments?post=4841"}],"version-history":[{"count":14,"href":"https:\/\/oyl-cbd.com\/nl\/wp-json\/wp\/v2\/pages\/4841\/revisions"}],"predecessor-version":[{"id":5546,"href":"https:\/\/oyl-cbd.com\/nl\/wp-json\/wp\/v2\/pages\/4841\/revisions\/5546"}],"wp:attachment":[{"href":"https:\/\/oyl-cbd.com\/nl\/wp-json\/wp\/v2\/media?parent=4841"}],"curies":[{"name":"wp","href":"https:\/\/api.w.org\/{rel}","templated":true}]}}