{"id":4846,"date":"2023-07-22T12:26:02","date_gmt":"2023-07-22T12:26:02","guid":{"rendered":"https:\/\/oyl-cbd.com\/?page_id=4846"},"modified":"2025-01-09T13:17:57","modified_gmt":"2025-01-09T13:17:57","slug":"cbd-formuleringen","status":"publish","type":"page","link":"https:\/\/oyl-cbd.com\/nl\/cbd-formuleringen\/","title":{"rendered":"CBD-formuleringen"},"content":{"rendered":"<h1>Isolate, Broad, of Full Spectrum?<\/h1>\n<div>\n<p>Volledig spectrum, Breed spectrum en Isolaat zijn termen die vaak worden gebruikt om van Cannabis Sativa L. afgeleide producten te beschrijven. De termen geven een indicatie van de moleculaire inhoud van het product dat op de markt wordt gebracht.<\/p>\n<\/div>\n<p><img decoding=\"async\" src=\"\/wp-content\/uploads\/CBD-2.svghexagon.-Isolate-2.svg\" alt=\"\"><\/p>\n<h1>Onze zuivere CBD druppels<\/h1>\n<div>\n<p>CBD isolaat is de zuiverste vorm van Cannabidiol, verkregen door middel van een extractieproces dat alle andere verbindingen verwijdert, waaronder terpenen, flavono\u00efden en andere belangrijke en minder belangrijke cannabino\u00efden die van nature aanwezig zijn in de Cannabis Sativa L plant.<\/p>\n<p>Onze CBD Isolaat druppels zijn in overeenstemming met de EU-verordeningen, bevatten geen sporen van THC en veroorzaken geen psychologische effecten.<\/p>\n<\/div>\n<h1>\n<h1 class=\"uk-h3\" data-id=\"page#12\">&#8220;Als een soloartiest&#8230;&#8221;<\/h1>\n<\/h1>\n<div>\n<p>Net zoals een solo-instrument opvalt in een muziekstuk, geven onze Isolate druppels de ervaring van CBD zonder de aanwezigheid van andere natuurlijke plantenelementen die te vinden zijn in onze breedspectrum en full-spectrum druppels. <\/p>\n<\/div>\n<h1>Onze CBD-druppels met breed spectrum<\/h1>\n<div>\n<p>Van Cannabis S. afgeleide producten met een breed spectrum zijn samengesteld uit Cannabis S. extracten die alle van nature voorkomende moleculen in de plant behouden, zoals flavono\u00efden, terpenen, kleine en grote cannabino\u00efden, met uitzondering van THC.<\/p>\n<p>Onze breedspectrum CBD-druppels zijn in overeenstemming met de EU-verordeningen, mogen tot 0,2% THC bevatten en veroorzaken geen psychologische effecten.<\/p>\n<\/div>\n<h1>\n<h1 class=\"uk-h3\" data-id=\"page#33\">&#8220;Bijna een volledig orkest, maar met een speciale twist&#8230;&#8221;<\/h1>\n<\/h1>\n<div>\n<p>Hoewel niet helemaal het volledige orkest, bieden onze Broad Spectrum CBD druppels een harmonieuze mix &#8211; door alleen THC uit te sluiten &#8211; waardoor je kunt genieten van een therapeutische symfonie van welzijn zonder psycoactieve effecten. <\/p>\n<\/div>\n<p>\n    <a href=\"\/nl\/shop\/\">Bekijk ons productassortiment<\/a>\n<\/p>\n<p><img decoding=\"async\" src=\"\/wp-content\/uploads\/hexagon.-Broad-1.svg\" alt=\"\"><br \/>\n<img decoding=\"async\" src=\"\/wp-content\/uploads\/haxagon.-F.-Spec-1.svg\" alt=\"\"><\/p>\n<h1>Onze Full Spectrum CBD-druppels<\/h1>\n<div>\n<p>In Full Spectrum Cannabis Sativa L. afgeleide producten zit Cannabidiol naast andere belangrijke en minder belangrijke cannabino\u00efden, terpenen en flavono\u00efden, die van nature aanwezig zijn in de samenstelling van de plant.<\/p>\n<p>Onze full-spectrum CBD-druppels zijn in overeenstemming met de EU-verordeningen, bevatten minder dan 0,2% THC en veroorzaken geen psychologische effecten.<\/p>\n<\/div>\n<h1>\n<h1 class=\"uk-h3\" data-id=\"page#12\" style=\"margin: 0px 0px 25px; font-family: ApfelGrotezk-Regular; font-weight: 400; color: #000000; letter-spacing: 0.01em; font-size: 30px; line-height: 1.2;\">&#8220;Het hele orkest speelt symfonisch&#8230;&#8221;<\/h1>\n<\/h1>\n<div>\n<p>Net als een orkest met een verscheidenheid aan instrumenten, combineren onze Full Spectrum CBD druppels alle belangrijke en minder belangrijke cannabino\u00efden, evenals terpenen en flavono\u00efden, waardoor een krachtige harmonie ontstaat. Het is niet slechts \u00e9\u00e9n noot; het is een hele compositie van natuurlijke goedheid die samenspeelt om je lichaam en geest het gevoel te geven dat ze bij een wellnessconcert zijn.<\/p>\n<\/div>\n<p>\n    <a href=\"\/nl\/shop\/\">Bekijk ons productassortiment<\/a>\n<\/p>\n<h1>Wil je \u00d8YL eens proberen?<\/h1>\n<div>\n<p>Uw welzijnsassortiment van natuurlijke CBD-producten<\/p>\n<\/div>\n<p>\n    <a href=\"\/nl\/shop\/\">\u2192 Ontdek onze producten<\/a>\n<\/p>\n<p><!--more--><br \/>\n<!-- {\"type\":\"layout\",\"children\":[{\"name\":\"Hero Home\",\"type\":\"section\",\"props\":{\"height\":\"viewport\",\"height_offset_top\":true,\"height_viewport\":80,\"image\":\"wp-content\\\/uploads\\\/oyl-cbd-oil-header-001.jpg\",\"image_effect\":\"parallax\",\"image_parallax_bgy\":\"-50,50\",\"image_parallax_easing\":\"1\",\"image_position\":\"center-center\",\"image_size\":\"cover\",\"media_focal_point\":\"center-left\",\"padding\":\"small\",\"style\":\"muted\",\"text_color\":\"dark\",\"title_breakpoint\":\"xl\",\"title_position\":\"top-left\",\"title_rotation\":\"left\",\"vertical_align\":\"middle\",\"width\":\"\"},\"children\":[{\"type\":\"row\",\"children\":[{\"type\":\"column\",\"props\":{\"image_effect\":\"parallax\",\"image_parallax_bgy\":\"-110,50\",\"image_parallax_easing\":\"1\",\"image_position\":\"center-center\",\"image_width\":\"400\",\"position_sticky_breakpoint\":\"m\",\"vertical_align\":\"middle\",\"width_medium\":\"2-3\"},\"children\":[{\"type\":\"headline\",\"props\":{\"block_align\":\"center\",\"content\":\"Isolate, Broad, of Full Spectrum?\",\"title_element\":\"h1\",\"title_style\":\"h1\"}},{\"type\":\"text\",\"props\":{\"column_breakpoint\":\"m\",\"content\":\"\n\n<p>Volledig spectrum, Breed spectrum en Isolaat zijn termen die vaak worden gebruikt om van Cannabis Sativa L. afgeleide producten te beschrijven. De termen geven een indicatie van de moleculaire inhoud van het product dat op de markt wordt gebracht.<\\\/p>\",\"margin\":\"default\",\"maxwidth\":\"2xlarge\",\"text_style\":\"lead\"}}]},{\"type\":\"column\",\"props\":{\"image_position\":\"center-center\",\"position_sticky_breakpoint\":\"m\",\"width_medium\":\"1-3\"}}],\"props\":{\"alignment\":\"center\",\"layout\":\"2-3,1-3\",\"padding_remove_horizontal\":false,\"width\":\"default\"}}]},{\"type\":\"section\",\"props\":{\"image_position\":\"center-center\",\"style\":\"default\",\"title_breakpoint\":\"xl\",\"title_position\":\"top-left\",\"title_rotation\":\"left\",\"vertical_align\":\"\",\"width\":\"default\"},\"children\":[{\"type\":\"row\",\"props\":{\"column_gap\":\"large\",\"layout\":\"1-2,1-2\",\"margin\":\"xlarge\",\"margin_remove_top\":true},\"children\":[{\"type\":\"column\",\"props\":{\"image_position\":\"center-center\",\"position_sticky_breakpoint\":\"m\",\"vertical_align\":\"middle\",\"width_medium\":\"1-2\"},\"children\":[{\"type\":\"image\",\"props\":{\"image\":\"wp-content\\\/uploads\\\/CBD-2.svghexagon.-Isolate-2.svg\",\"image_svg_color\":\"emphasis\",\"margin\":\"default\"}}]},{\"type\":\"column\",\"props\":{\"image_position\":\"center-center\",\"position_sticky_breakpoint\":\"m\",\"width_medium\":\"1-2\"},\"children\":[{\"type\":\"headline\",\"props\":{\"content\":\"Onze zuivere CBD druppels\",\"title_element\":\"h1\",\"title_font_family\":\"primary\",\"title_style\":\"h3\"}},{\"type\":\"text\",\"props\":{\"column_breakpoint\":\"m\",\"content\":\"\n\n<p>CBD isolaat is de zuiverste vorm van Cannabidiol, verkregen door middel van een extractieproces dat alle andere verbindingen verwijdert, waaronder terpenen, flavono\\u00efden en andere belangrijke en minder belangrijke cannabino\\u00efden die van nature aanwezig zijn in de Cannabis Sativa L plant.<\\\/p>\\n\n\n<p>Onze CBD Isolaat druppels zijn in overeenstemming met de EU-verordeningen, bevatten geen sporen van THC en veroorzaken geen psychologische effecten.<\\\/p>\",\"margin\":\"default\",\"text_style\":\"lead\"}},{\"type\":\"headline\",\"props\":{\"content\":\"\n\n<h1 class=\\\"uk-h3\\\" data-id=\\\"page#12\\\">\\\"Als een soloartiest...\\\"<\\\/h1>\",\"title_element\":\"h1\"}},{\"type\":\"text\",\"props\":{\"column_breakpoint\":\"m\",\"content\":\"\n\n<p>Net zoals een solo-instrument opvalt in een muziekstuk, geven onze Isolate druppels de ervaring van CBD zonder de aanwezigheid van andere natuurlijke plantenelementen die te vinden zijn in onze breedspectrum en full-spectrum druppels. <\\\/p>\",\"margin\":\"default\",\"text_style\":\"lead\"}}]}]},{\"type\":\"row\",\"props\":{\"column_gap\":\"large\",\"layout\":\"1-2,1-2\",\"margin\":\"xlarge\"},\"children\":[{\"type\":\"column\",\"props\":{\"image_position\":\"center-center\",\"position_sticky_breakpoint\":\"m\",\"vertical_align\":\"middle\",\"width_medium\":\"1-2\"},\"children\":[{\"type\":\"headline\",\"props\":{\"content\":\"Onze CBD-druppels met breed spectrum\",\"title_element\":\"h1\",\"title_font_family\":\"primary\",\"title_style\":\"h3\"}},{\"type\":\"text\",\"props\":{\"column_breakpoint\":\"m\",\"content\":\"\n\n<p>Van Cannabis S. afgeleide producten met een breed spectrum zijn samengesteld uit Cannabis S. extracten die alle van nature voorkomende moleculen in de plant behouden, zoals flavono\\u00efden, terpenen, kleine en grote cannabino\\u00efden, met uitzondering van THC.<\\\/p>\\n\n\n<p>Onze breedspectrum CBD-druppels zijn in overeenstemming met de EU-verordeningen, mogen tot 0,2% THC bevatten en veroorzaken geen psychologische effecten.<\\\/p>\",\"margin\":\"default\",\"text_style\":\"lead\"}},{\"type\":\"headline\",\"props\":{\"content\":\"\n\n<h1 class=\\\"uk-h3\\\" data-id=\\\"page#33\\\">\\\"Bijna een volledig orkest, maar met een speciale twist...\\\"<\\\/h1>\",\"title_element\":\"h1\"}},{\"type\":\"text\",\"props\":{\"column_breakpoint\":\"m\",\"content\":\"\n\n<p>Hoewel niet helemaal het volledige orkest, bieden onze Broad Spectrum CBD druppels een harmonieuze mix - door alleen THC uit te sluiten - waardoor je kunt genieten van een therapeutische symfonie van welzijn zonder psycoactieve effecten. <\\\/p>\",\"margin\":\"default\",\"text_style\":\"lead\"}},{\"type\":\"button\",\"props\":{\"grid_column_gap\":\"small\",\"grid_row_gap\":\"small\",\"margin\":\"large\",\"margin_remove_bottom\":true,\"text_align\":\"left\"},\"children\":[{\"type\":\"button_item\",\"props\":{\"button_style\":\"text\",\"content\":\"Bekijk ons productassortiment\",\"icon\":\"arrow-right\",\"icon_align\":\"left\",\"link\":\"nl\\\/shop\\\/\"}}]}]},{\"type\":\"column\",\"props\":{\"image_position\":\"center-center\",\"position_sticky_breakpoint\":\"m\",\"width_medium\":\"1-2\"},\"children\":[{\"type\":\"image\",\"props\":{\"image\":\"wp-content\\\/uploads\\\/hexagon.-Broad-1.svg\",\"image_svg_color\":\"emphasis\",\"image_width\":\"1500\",\"margin\":\"default\"}}]}]}]},{\"type\":\"section\",\"props\":{\"image_position\":\"center-center\",\"style\":\"default\",\"title_breakpoint\":\"xl\",\"title_position\":\"top-left\",\"title_rotation\":\"left\",\"vertical_align\":\"\",\"width\":\"default\"},\"children\":[{\"type\":\"row\",\"props\":{\"column_gap\":\"large\",\"layout\":\"1-2,1-2\",\"margin\":\"xlarge\"},\"children\":[{\"type\":\"column\",\"props\":{\"image_position\":\"center-center\",\"position_sticky_breakpoint\":\"m\",\"vertical_align\":\"middle\",\"width_medium\":\"1-2\"},\"children\":[{\"type\":\"image\",\"props\":{\"image\":\"wp-content\\\/uploads\\\/haxagon.-F.-Spec-1.svg\",\"image_svg_color\":\"emphasis\",\"margin\":\"default\"}}]},{\"type\":\"column\",\"props\":{\"image_position\":\"center-center\",\"position_sticky_breakpoint\":\"m\",\"width_medium\":\"1-2\"},\"children\":[{\"type\":\"headline\",\"props\":{\"animation\":\"none\",\"content\":\"Onze Full Spectrum CBD-druppels\",\"title_element\":\"h1\",\"title_style\":\"h3\"}},{\"type\":\"text\",\"props\":{\"column_breakpoint\":\"m\",\"content\":\"\n\n<p>In Full Spectrum Cannabis Sativa L. afgeleide producten zit Cannabidiol naast andere belangrijke en minder belangrijke cannabino\\u00efden, terpenen en flavono\\u00efden, die van nature aanwezig zijn in de samenstelling van de plant.<\\\/p>\\n\n\n<p>Onze full-spectrum CBD-druppels zijn in overeenstemming met de EU-verordeningen, bevatten minder dan 0,2% THC en veroorzaken geen psychologische effecten.<\\\/p>\",\"margin\":\"default\",\"text_style\":\"lead\"}},{\"type\":\"headline\",\"props\":{\"content\":\"\n\n<h1 class=\\\"uk-h3\\\" data-id=\\\"page#12\\\" style=\\\"margin: 0px 0px 25px; font-family: ApfelGrotezk-Regular; font-weight: 400; color: #000000; letter-spacing: 0.01em; font-size: 30px; line-height: 1.2;\\\">\\\"Het hele orkest speelt symfonisch...\\\"<\\\/h1>\",\"title_element\":\"h1\"}},{\"type\":\"text\",\"props\":{\"column_breakpoint\":\"m\",\"content\":\"\n\n<p>Net als een orkest met een verscheidenheid aan instrumenten, combineren onze Full Spectrum CBD druppels alle belangrijke en minder belangrijke cannabino\\u00efden, evenals terpenen en flavono\\u00efden, waardoor een krachtige harmonie ontstaat. Het is niet slechts \\u00e9\\u00e9n noot; het is een hele compositie van natuurlijke goedheid die samenspeelt om je lichaam en geest het gevoel te geven dat ze bij een wellnessconcert zijn.<\\\/p>\",\"margin\":\"default\",\"text_style\":\"lead\"}},{\"type\":\"button\",\"props\":{\"grid_column_gap\":\"small\",\"grid_row_gap\":\"small\",\"margin\":\"large\",\"margin_remove_bottom\":true,\"text_align\":\"left\"},\"children\":[{\"type\":\"button_item\",\"props\":{\"button_style\":\"text\",\"content\":\"Bekijk ons productassortiment\",\"icon\":\"arrow-right\",\"icon_align\":\"left\",\"link\":\"nl\\\/shop\\\/\"}}]}]}]}],\"name\":\"LEARN BTNS\"},{\"type\":\"section\",\"props\":{\"image_position\":\"center-center\",\"style\":\"muted\",\"title_breakpoint\":\"xl\",\"title_position\":\"top-left\",\"title_rotation\":\"left\",\"vertical_align\":\"\",\"width\":\"default\"},\"children\":[{\"type\":\"row\",\"children\":[{\"type\":\"column\",\"props\":{\"image_position\":\"center-center\",\"position_sticky_breakpoint\":\"m\"},\"children\":[{\"type\":\"headline\",\"props\":{\"content\":\"Wil je \\u00d8YL eens proberen?\",\"text_align\":\"center\",\"title_element\":\"h1\",\"title_style\":\"h2\"}},{\"type\":\"text\",\"props\":{\"column_breakpoint\":\"m\",\"content\":\"\n\n<p>Uw welzijnsassortiment van natuurlijke CBD-producten<\\\/p>\",\"margin\":\"default\",\"text_align\":\"center\",\"text_style\":\"lead\"}},{\"type\":\"button\",\"props\":{\"grid_column_gap\":\"small\",\"grid_row_gap\":\"small\",\"margin\":\"default\",\"margin_remove_bottom\":false,\"text_align\":\"center\"},\"children\":[{\"type\":\"button_item\",\"props\":{\"button_style\":\"default\",\"content\":\"\\u2192 Ontdek onze producten\",\"icon_align\":\"left\",\"link\":\"nl\\\/shop\\\/\"}}]}]}]}],\"name\":\"**CTA NL\"}],\"version\":\"4.4.16\"} --><\/p>\n","protected":false},"excerpt":{"rendered":"<p>Isolate, Broad, of Full Spectrum? Volledig spectrum, Breed spectrum en Isolaat zijn termen die vaak worden gebruikt om van Cannabis Sativa L. afgeleide producten te beschrijven. De termen geven een indicatie van de moleculaire inhoud van het product dat op de markt wordt gebracht. Onze zuivere CBD druppels CBD isolaat is de zuiverste vorm van [&hellip;]<\/p>\n","protected":false},"author":1,"featured_media":0,"parent":0,"menu_order":0,"comment_status":"closed","ping_status":"closed","template":"","meta":{"_acf_changed":false,"footnotes":""},"class_list":["post-4846","page","type-page","status-publish","hentry"],"acf":[],"yoast_head":"<!-- This site is optimized with the Yoast SEO plugin v27.3 - https:\/\/yoast.com\/product\/yoast-seo-wordpress\/ -->\n<title>CBD-formuleringen - \u00d8YL<\/title>\n<meta name=\"robots\" content=\"index, follow, max-snippet:-1, max-image-preview:large, max-video-preview:-1\" \/>\n<link rel=\"canonical\" href=\"https:\/\/oyl-cbd.com\/nl\/cbd-formuleringen\/\" \/>\n<meta property=\"og:locale\" content=\"nl_NL\" \/>\n<meta property=\"og:type\" content=\"article\" \/>\n<meta property=\"og:title\" content=\"CBD-formuleringen - \u00d8YL\" \/>\n<meta property=\"og:description\" content=\"Isolate, Broad, of Full Spectrum? Volledig spectrum, Breed spectrum en Isolaat zijn termen die vaak worden gebruikt om van Cannabis Sativa L. afgeleide producten te beschrijven. De termen geven een indicatie van de moleculaire inhoud van het product dat op de markt wordt gebracht. Onze zuivere CBD druppels CBD isolaat is de zuiverste vorm van [&hellip;]\" \/>\n<meta property=\"og:url\" content=\"https:\/\/oyl-cbd.com\/nl\/cbd-formuleringen\/\" \/>\n<meta property=\"og:site_name\" content=\"\u00d8YL\" \/>\n<meta property=\"article:modified_time\" content=\"2025-01-09T13:17:57+00:00\" \/>\n<meta name=\"twitter:card\" content=\"summary_large_image\" \/>\n<meta name=\"twitter:label1\" content=\"Geschatte leestijd\" \/>\n\t<meta name=\"twitter:data1\" content=\"2 minuten\" \/>\n<script type=\"application\/ld+json\" class=\"yoast-schema-graph\">{\"@context\":\"https:\\\/\\\/schema.org\",\"@graph\":[{\"@type\":\"WebPage\",\"@id\":\"https:\\\/\\\/oyl-cbd.com\\\/nl\\\/cbd-formuleringen\\\/\",\"url\":\"https:\\\/\\\/oyl-cbd.com\\\/nl\\\/cbd-formuleringen\\\/\",\"name\":\"CBD-formuleringen - \u00d8YL\",\"isPartOf\":{\"@id\":\"https:\\\/\\\/oyl-cbd.com\\\/nl\\\/#website\"},\"datePublished\":\"2023-07-22T12:26:02+00:00\",\"dateModified\":\"2025-01-09T13:17:57+00:00\",\"breadcrumb\":{\"@id\":\"https:\\\/\\\/oyl-cbd.com\\\/nl\\\/cbd-formuleringen\\\/#breadcrumb\"},\"inLanguage\":\"nl-NL\",\"potentialAction\":[{\"@type\":\"ReadAction\",\"target\":[\"https:\\\/\\\/oyl-cbd.com\\\/nl\\\/cbd-formuleringen\\\/\"]}]},{\"@type\":\"BreadcrumbList\",\"@id\":\"https:\\\/\\\/oyl-cbd.com\\\/nl\\\/cbd-formuleringen\\\/#breadcrumb\",\"itemListElement\":[{\"@type\":\"ListItem\",\"position\":1,\"name\":\"Accueil\",\"item\":\"https:\\\/\\\/oyl-cbd.com\\\/nl\\\/\"},{\"@type\":\"ListItem\",\"position\":2,\"name\":\"CBD-formuleringen\"}]},{\"@type\":\"WebSite\",\"@id\":\"https:\\\/\\\/oyl-cbd.com\\\/nl\\\/#website\",\"url\":\"https:\\\/\\\/oyl-cbd.com\\\/nl\\\/\",\"name\":\"\u00d8YL\",\"description\":\"PREMIUM CBD OILS\",\"publisher\":{\"@id\":\"https:\\\/\\\/oyl-cbd.com\\\/nl\\\/#organization\"},\"potentialAction\":[{\"@type\":\"SearchAction\",\"target\":{\"@type\":\"EntryPoint\",\"urlTemplate\":\"https:\\\/\\\/oyl-cbd.com\\\/nl\\\/?s={search_term_string}\"},\"query-input\":{\"@type\":\"PropertyValueSpecification\",\"valueRequired\":true,\"valueName\":\"search_term_string\"}}],\"inLanguage\":\"nl-NL\"},{\"@type\":\"Organization\",\"@id\":\"https:\\\/\\\/oyl-cbd.com\\\/nl\\\/#organization\",\"name\":\"\u00d8YL\",\"url\":\"https:\\\/\\\/oyl-cbd.com\\\/nl\\\/\",\"logo\":{\"@type\":\"ImageObject\",\"inLanguage\":\"nl-NL\",\"@id\":\"https:\\\/\\\/oyl-cbd.com\\\/nl\\\/#\\\/schema\\\/logo\\\/image\\\/\",\"url\":\"https:\\\/\\\/oyl-cbd.com\\\/wp-content\\\/uploads\\\/PHOTO-2023-01-03-09-25-37-1.jpg\",\"contentUrl\":\"https:\\\/\\\/oyl-cbd.com\\\/wp-content\\\/uploads\\\/PHOTO-2023-01-03-09-25-37-1.jpg\",\"width\":1600,\"height\":1600,\"caption\":\"\u00d8YL\"},\"image\":{\"@id\":\"https:\\\/\\\/oyl-cbd.com\\\/nl\\\/#\\\/schema\\\/logo\\\/image\\\/\"}}]}<\/script>\n<!-- \/ Yoast SEO plugin. -->","yoast_head_json":{"title":"CBD-formuleringen - \u00d8YL","robots":{"index":"index","follow":"follow","max-snippet":"max-snippet:-1","max-image-preview":"max-image-preview:large","max-video-preview":"max-video-preview:-1"},"canonical":"https:\/\/oyl-cbd.com\/nl\/cbd-formuleringen\/","og_locale":"nl_NL","og_type":"article","og_title":"CBD-formuleringen - \u00d8YL","og_description":"Isolate, Broad, of Full Spectrum? Volledig spectrum, Breed spectrum en Isolaat zijn termen die vaak worden gebruikt om van Cannabis Sativa L. afgeleide producten te beschrijven. De termen geven een indicatie van de moleculaire inhoud van het product dat op de markt wordt gebracht. Onze zuivere CBD druppels CBD isolaat is de zuiverste vorm van [&hellip;]","og_url":"https:\/\/oyl-cbd.com\/nl\/cbd-formuleringen\/","og_site_name":"\u00d8YL","article_modified_time":"2025-01-09T13:17:57+00:00","twitter_card":"summary_large_image","twitter_misc":{"Geschatte leestijd":"2 minuten"},"schema":{"@context":"https:\/\/schema.org","@graph":[{"@type":"WebPage","@id":"https:\/\/oyl-cbd.com\/nl\/cbd-formuleringen\/","url":"https:\/\/oyl-cbd.com\/nl\/cbd-formuleringen\/","name":"CBD-formuleringen - \u00d8YL","isPartOf":{"@id":"https:\/\/oyl-cbd.com\/nl\/#website"},"datePublished":"2023-07-22T12:26:02+00:00","dateModified":"2025-01-09T13:17:57+00:00","breadcrumb":{"@id":"https:\/\/oyl-cbd.com\/nl\/cbd-formuleringen\/#breadcrumb"},"inLanguage":"nl-NL","potentialAction":[{"@type":"ReadAction","target":["https:\/\/oyl-cbd.com\/nl\/cbd-formuleringen\/"]}]},{"@type":"BreadcrumbList","@id":"https:\/\/oyl-cbd.com\/nl\/cbd-formuleringen\/#breadcrumb","itemListElement":[{"@type":"ListItem","position":1,"name":"Accueil","item":"https:\/\/oyl-cbd.com\/nl\/"},{"@type":"ListItem","position":2,"name":"CBD-formuleringen"}]},{"@type":"WebSite","@id":"https:\/\/oyl-cbd.com\/nl\/#website","url":"https:\/\/oyl-cbd.com\/nl\/","name":"\u00d8YL","description":"PREMIUM CBD OILS","publisher":{"@id":"https:\/\/oyl-cbd.com\/nl\/#organization"},"potentialAction":[{"@type":"SearchAction","target":{"@type":"EntryPoint","urlTemplate":"https:\/\/oyl-cbd.com\/nl\/?s={search_term_string}"},"query-input":{"@type":"PropertyValueSpecification","valueRequired":true,"valueName":"search_term_string"}}],"inLanguage":"nl-NL"},{"@type":"Organization","@id":"https:\/\/oyl-cbd.com\/nl\/#organization","name":"\u00d8YL","url":"https:\/\/oyl-cbd.com\/nl\/","logo":{"@type":"ImageObject","inLanguage":"nl-NL","@id":"https:\/\/oyl-cbd.com\/nl\/#\/schema\/logo\/image\/","url":"https:\/\/oyl-cbd.com\/wp-content\/uploads\/PHOTO-2023-01-03-09-25-37-1.jpg","contentUrl":"https:\/\/oyl-cbd.com\/wp-content\/uploads\/PHOTO-2023-01-03-09-25-37-1.jpg","width":1600,"height":1600,"caption":"\u00d8YL"},"image":{"@id":"https:\/\/oyl-cbd.com\/nl\/#\/schema\/logo\/image\/"}}]}},"_links":{"self":[{"href":"https:\/\/oyl-cbd.com\/nl\/wp-json\/wp\/v2\/pages\/4846","targetHints":{"allow":["GET"]}}],"collection":[{"href":"https:\/\/oyl-cbd.com\/nl\/wp-json\/wp\/v2\/pages"}],"about":[{"href":"https:\/\/oyl-cbd.com\/nl\/wp-json\/wp\/v2\/types\/page"}],"author":[{"embeddable":true,"href":"https:\/\/oyl-cbd.com\/nl\/wp-json\/wp\/v2\/users\/1"}],"replies":[{"embeddable":true,"href":"https:\/\/oyl-cbd.com\/nl\/wp-json\/wp\/v2\/comments?post=4846"}],"version-history":[{"count":15,"href":"https:\/\/oyl-cbd.com\/nl\/wp-json\/wp\/v2\/pages\/4846\/revisions"}],"predecessor-version":[{"id":5548,"href":"https:\/\/oyl-cbd.com\/nl\/wp-json\/wp\/v2\/pages\/4846\/revisions\/5548"}],"wp:attachment":[{"href":"https:\/\/oyl-cbd.com\/nl\/wp-json\/wp\/v2\/media?parent=4846"}],"curies":[{"name":"wp","href":"https:\/\/api.w.org\/{rel}","templated":true}]}}