{"id":4876,"date":"2023-11-21T09:57:04","date_gmt":"2023-11-21T09:57:04","guid":{"rendered":"https:\/\/oyl-cbd.com\/?page_id=4876"},"modified":"2025-01-09T13:16:44","modified_gmt":"2025-01-09T13:16:44","slug":"waarom-kiezen-voor-oyl","status":"publish","type":"page","link":"https:\/\/oyl-cbd.com\/nl\/waarom-kiezen-voor-oyl\/","title":{"rendered":"Waarom kiezen voor \u00d8YL?"},"content":{"rendered":"<div>Waarom kiezen voor \u00d8YL?<\/div>\n<div>\n<p>Ons belangrijkste doel bij de ontwikkeling van \u00d8YL was om te komen tot een natuurlijke, zuivere formulering die kan helpen bij verschillende vormen van welzijn. Daarom hebben we ons gericht op het combineren van de natuurlijke eigenschappen van de cannabisplant met de meest geavanceerde technologie om de mogelijkheden ervan te onderzoeken op het gebied van stress- en angstmanagement, verbetering van de slaapkwaliteit, behandeling van chronische pijn, immuniteitsversterking en algeheel welzijn.<\/p>\n<p>Ze worden gekweekt in de frisse lucht en het zuivere water van de Zwitserse Alpen, door de meest bekwame en ervaren kwekers. Na het oogstproces gebruiken we de superkritische CO2 extractie om onze oli\u00ebn en andere extracten te winnen, waardoor we een zuiver en oplosmiddelvrij eindproduct hebben.<\/p>\n<p>Doordat we betrokken zijn bij het hele proces &#8211; van het planten van de zaden in Zwitserland tot het verpakken van de olie in ons laboratorium in Brussel &#8211; kunnen we de hoogste kwaliteit en de beste prijzen op de markt garanderen. Bovendien zijn onze beide draagstoffen &#8211; MCT kokosolie en hennepzaadolie &#8211; biologisch.<\/p>\n<\/div>\n<ul>\n<li>\n<p>        <img decoding=\"async\" src=\"\/wp-content\/uploads\/OYL-Mockup-V2-Sleep00.png\" alt=\"\"><\/p>\n<h3>\u00d8YL-Mockup-V2-Sleep+00<\/h3>\n<\/li>\n<li>\n<p>        <img decoding=\"async\" src=\"\/wp-content\/uploads\/OYL-Mockup-V2-Sleep-00.png\" alt=\"\"><\/p>\n<h3>\u00d8YL-Mockup-V2-Sleep-00<\/h3>\n<\/li>\n<li>\n<p>        <img decoding=\"async\" src=\"\/wp-content\/uploads\/OYL-Mockup-V2-Isolate-5-00.png\" alt=\"\"><\/p>\n<h3>\u00d8YL-Mockup-V2-Isolate-5%-00<\/h3>\n<\/li>\n<li>\n<p>        <img decoding=\"async\" src=\"\/wp-content\/uploads\/OYL-Mockup-V2-FullSpectrum-5-00.png\" alt=\"\"><\/p>\n<h3>\u00d8YL-Mockup-V2-FullSpectrum-5%-00<\/h3>\n<\/li>\n<li>\n<p>        <img decoding=\"async\" src=\"\/wp-content\/uploads\/OYL-Mockup-V2-BroadSpectrum-5-00.png\" alt=\"\"><\/p>\n<h3>\u00d8YL-Mockup-V2-BroadSpectrum-5%-00<\/h3>\n<\/li>\n<\/ul>\n<div>Gemaakt in de EU, met geweten<\/div>\n<div>\n<p>Ons bedrijf is gevestigd in Brussel, Belgi\u00eb, het hart van Europa. Onze bronnen voor grondstoffen zijn Europees en onze productie wordt lokaal uitgevoerd, waardoor we de druppels in kleinere hoeveelheden kunnen produceren, op bestelling en in overeenstemming met de EU-regelgeving, terwijl we een lage CO2-voetafdruk behouden. Zorg dragen voor de planeet is onderdeel van onze afspraak.<\/p>\n<\/div>\n<p>\n    <a href=\"\/nl\/onze-ingredienten\/\">Meer over onze ingredi\u00ebnten<\/a>\n<\/p>\n<p><img decoding=\"async\" src=\"\/wp-content\/uploads\/oyl-cbd-oil-nature-001.jpg\" alt=\"\"><\/p>\n<h1>Wil je \u00d8YL eens proberen?<\/h1>\n<div>\n<p>Uw welzijnsassortiment van natuurlijke CBD-producten<\/p>\n<\/div>\n<p>\n    <a href=\"\/nl\/shop\/\">\u2192 Ontdek onze producten<\/a>\n<\/p>\n<p><!--more--><br \/>\n<!-- {\"type\":\"layout\",\"children\":[{\"name\":\"History\",\"type\":\"section\",\"props\":{\"animation\":\"slide-left-medium\",\"animation_delay\":false,\"image_position\":\"center-center\",\"padding\":\"large\",\"padding_remove_bottom\":true,\"padding_remove_top\":false,\"style\":\"default\",\"title_breakpoint\":\"xl\",\"title_position\":\"top-left\",\"title_rotation\":\"left\",\"vertical_align\":\"\",\"width\":\"large\"},\"children\":[{\"type\":\"row\",\"props\":{\"column_gap\":\"large\",\"divider\":false,\"layout\":\"1-2,1-2\",\"margin\":\"large\",\"margin_remove_bottom\":false,\"row_gap\":\"large\",\"vertical_align\":true},\"children\":[{\"type\":\"column\",\"props\":{\"image_position\":\"center-center\",\"position_sticky_breakpoint\":\"m\",\"vertical_align\":\"middle\",\"width_medium\":\"1-2\"},\"children\":[{\"type\":\"headline\",\"props\":{\"content\":\"Waarom kiezen voor \\u00d8YL?\",\"margin\":\"medium\",\"margin_remove_top\":true,\"maxwidth\":\"xlarge\",\"text_align_breakpoint\":\"m\",\"text_align_fallback\":\"center\",\"title_element\":\"div\",\"title_style\":\"h1\"}},{\"type\":\"text\",\"props\":{\"column_breakpoint\":\"l\",\"content\":\"\n\n<p>Ons belangrijkste doel bij de ontwikkeling van \\u00d8YL was om te komen tot een natuurlijke, zuivere formulering die kan helpen bij verschillende vormen van welzijn. Daarom hebben we ons gericht op het combineren van de natuurlijke eigenschappen van de cannabisplant met de meest geavanceerde technologie om de mogelijkheden ervan te onderzoeken op het gebied van stress- en angstmanagement, verbetering van de slaapkwaliteit, behandeling van chronische pijn, immuniteitsversterking en algeheel welzijn.<\\\/p>\\n\n\n<p>Ze worden gekweekt in de frisse lucht en het zuivere water van de Zwitserse Alpen, door de meest bekwame en ervaren kwekers. Na het oogstproces gebruiken we de superkritische CO2 extractie om onze oli\\u00ebn en andere extracten te winnen, waardoor we een zuiver en oplosmiddelvrij eindproduct hebben.<\\\/p>\\n\n\n<p>Doordat we betrokken zijn bij het hele proces - van het planten van de zaden in Zwitserland tot het verpakken van de olie in ons laboratorium in Brussel - kunnen we de hoogste kwaliteit en de beste prijzen op de markt garanderen. Bovendien zijn onze beide draagstoffen - MCT kokosolie en hennepzaadolie - biologisch.<\\\/p>\",\"margin\":\"default\",\"text_style\":\"lead\"}}]},{\"type\":\"column\",\"props\":{\"image_position\":\"center-center\",\"position_sticky_breakpoint\":\"m\",\"width_medium\":\"1-2\"},\"children\":[{\"type\":\"slideshow\",\"props\":{\"block_align\":\"center\",\"link_style\":\"default\",\"link_text\":\"Read more\",\"margin\":\"default\",\"maxwidth\":\"xlarge\",\"meta_align\":\"below-title\",\"meta_element\":\"div\",\"meta_style\":\"text-meta\",\"nav\":\"\",\"nav_align\":\"center\",\"nav_breakpoint\":\"s\",\"nav_position\":\"bottom-center\",\"nav_position_margin\":\"medium\",\"overlay_animation\":\"parallax\",\"overlay_position\":\"center-left\",\"show_content\":false,\"show_link\":false,\"show_meta\":false,\"show_thumbnail\":false,\"show_title\":false,\"slidenav\":\"\",\"slidenav_breakpoint\":\"s\",\"slidenav_margin\":\"medium\",\"slidenav_outside_breakpoint\":\"xl\",\"slideshow_animation\":\"fade\",\"slideshow_autoplay\":true,\"slideshow_autoplay_interval\":\"3\",\"slideshow_autoplay_pause\":true,\"slideshow_min_height\":300,\"slideshow_ratio\":\"1:1\",\"slideshow_velocity\":\"0.6\",\"thumbnav_height\":\"75\",\"thumbnav_svg_color\":\"emphasis\",\"thumbnav_width\":\"100\",\"title_element\":\"h3\"},\"children\":[{\"type\":\"slideshow_item\",\"props\":{\"image\":\"wp-content\\\/uploads\\\/OYL-Mockup-V2-Sleep00.png\",\"title\":\"\\u00d8YL-Mockup-V2-Sleep+00\"}},{\"type\":\"slideshow_item\",\"props\":{\"image\":\"wp-content\\\/uploads\\\/OYL-Mockup-V2-Sleep-00.png\",\"title\":\"\\u00d8YL-Mockup-V2-Sleep-00\"}},{\"type\":\"slideshow_item\",\"props\":{\"image\":\"wp-content\\\/uploads\\\/OYL-Mockup-V2-Isolate-5-00.png\",\"title\":\"\\u00d8YL-Mockup-V2-Isolate-5%-00\"}},{\"type\":\"slideshow_item\",\"props\":{\"image\":\"wp-content\\\/uploads\\\/OYL-Mockup-V2-FullSpectrum-5-00.png\",\"title\":\"\\u00d8YL-Mockup-V2-FullSpectrum-5%-00\"}},{\"type\":\"slideshow_item\",\"props\":{\"image\":\"wp-content\\\/uploads\\\/OYL-Mockup-V2-BroadSpectrum-5-00.png\",\"title\":\"\\u00d8YL-Mockup-V2-BroadSpectrum-5%-00\"}}]}]}]}]},{\"name\":\"Offices\",\"type\":\"section\",\"props\":{\"animation\":\"slide-right-medium\",\"image_effect\":\"parallax\",\"image_height\":\"680\",\"image_parallax_bgy\":\"100,100\",\"image_parallax_easing\":\"1\",\"image_position\":\"top-left\",\"image_size\":\"contain\",\"image_width\":\"2000\",\"media_visibility\":\"m\",\"padding\":\"large\",\"style\":\"default\",\"title_breakpoint\":\"xl\",\"title_position\":\"top-left\",\"title_rotation\":\"left\",\"vertical_align\":\"\",\"width\":\"large\"},\"children\":[{\"type\":\"row\",\"props\":{\"column_gap\":\"large\",\"css\":\"img {\\n    \\\/* filter: url(filters.svg#grayscale); Firefox 3.5+ *\\\/\\n      filter: gray;\\n        -webkit-filter: grayscale(1);  \\n    \\t-webkit-transition: all .8s ease-in-out; \\n    }\\n\\nimg:hover {\\n    filter: none;\\n      -webkit-filter: grayscale(0);\\n      -webkit-transition: all .8s ease-in-out;   \\n    }\\n\\n\",\"layout\":\"1-2,1-2\",\"margin\":\"xlarge\"},\"children\":[{\"type\":\"column\",\"props\":{\"image_position\":\"center-center\",\"position_sticky_breakpoint\":\"m\",\"vertical_align\":\"middle\",\"width_medium\":\"1-2\"},\"children\":[{\"type\":\"headline\",\"props\":{\"content\":\"Gemaakt in de EU, met geweten\",\"margin\":\"remove-vertical\",\"maxwidth\":\"large\",\"title_element\":\"div\",\"title_style\":\"h1\"}},{\"type\":\"text\",\"props\":{\"column_breakpoint\":\"m\",\"content\":\"\n\n<p>Ons bedrijf is gevestigd in Brussel, Belgi\\u00eb, het hart van Europa. Onze bronnen voor grondstoffen zijn Europees en onze productie wordt lokaal uitgevoerd, waardoor we de druppels in kleinere hoeveelheden kunnen produceren, op bestelling en in overeenstemming met de EU-regelgeving, terwijl we een lage CO2-voetafdruk behouden. Zorg dragen voor de planeet is onderdeel van onze afspraak.<\\\/p>\",\"margin\":\"medium\",\"text_style\":\"lead\"}},{\"type\":\"button\",\"props\":{\"fullwidth\":false,\"grid_column_gap\":\"small\",\"grid_row_gap\":\"small\",\"margin\":\"default\"},\"children\":[{\"type\":\"button_item\",\"props\":{\"button_style\":\"default\",\"content\":\"Meer over onze ingredi\\u00ebnten\",\"icon\":\"arrow-right\",\"icon_align\":\"left\",\"link\":\"nl\\\/onze-ingredienten\\\/\"}}]}]},{\"type\":\"column\",\"props\":{\"image_position\":\"center-center\",\"order_first\":\"m\",\"position_sticky_breakpoint\":\"m\",\"width_medium\":\"1-2\"},\"children\":[{\"type\":\"image\",\"props\":{\"image\":\"wp-content\\\/uploads\\\/oyl-cbd-oil-nature-001.jpg\",\"image_svg_color\":\"emphasis\",\"margin\":\"default\"}}]}]}]},{\"type\":\"section\",\"props\":{\"image_position\":\"center-center\",\"style\":\"muted\",\"title_breakpoint\":\"xl\",\"title_position\":\"top-left\",\"title_rotation\":\"left\",\"vertical_align\":\"\",\"width\":\"default\"},\"children\":[{\"type\":\"row\",\"children\":[{\"type\":\"column\",\"props\":{\"image_position\":\"center-center\",\"position_sticky_breakpoint\":\"m\"},\"children\":[{\"type\":\"headline\",\"props\":{\"content\":\"Wil je \\u00d8YL eens proberen?\",\"text_align\":\"center\",\"title_element\":\"h1\",\"title_style\":\"h2\"}},{\"type\":\"text\",\"props\":{\"column_breakpoint\":\"m\",\"content\":\"\n\n<p>Uw welzijnsassortiment van natuurlijke CBD-producten<\\\/p>\",\"margin\":\"default\",\"text_align\":\"center\",\"text_style\":\"lead\"}},{\"type\":\"button\",\"props\":{\"grid_column_gap\":\"small\",\"grid_row_gap\":\"small\",\"margin\":\"default\",\"margin_remove_bottom\":false,\"text_align\":\"center\"},\"children\":[{\"type\":\"button_item\",\"props\":{\"button_style\":\"default\",\"content\":\"\\u2192 Ontdek onze producten\",\"icon_align\":\"left\",\"link\":\"nl\\\/shop\\\/\"}}]}]}]}],\"name\":\"**CTA NL\"}],\"version\":\"4.4.16\"} --><\/p>\n","protected":false},"excerpt":{"rendered":"<p>Waarom kiezen voor \u00d8YL? Ons belangrijkste doel bij de ontwikkeling van \u00d8YL was om te komen tot een natuurlijke, zuivere formulering die kan helpen bij verschillende vormen van welzijn. Daarom hebben we ons gericht op het combineren van de natuurlijke eigenschappen van de cannabisplant met de meest geavanceerde technologie om de mogelijkheden ervan te onderzoeken [&hellip;]<\/p>\n","protected":false},"author":1,"featured_media":0,"parent":0,"menu_order":0,"comment_status":"closed","ping_status":"closed","template":"","meta":{"_acf_changed":false,"footnotes":""},"class_list":["post-4876","page","type-page","status-publish","hentry"],"acf":[],"yoast_head":"<!-- This site is optimized with the Yoast SEO plugin v27.5 - https:\/\/yoast.com\/product\/yoast-seo-wordpress\/ -->\n<title>Waarom kiezen voor \u00d8YL? - \u00d8YL<\/title>\n<meta name=\"robots\" content=\"index, follow, max-snippet:-1, max-image-preview:large, max-video-preview:-1\" \/>\n<link rel=\"canonical\" href=\"https:\/\/oyl-cbd.com\/nl\/waarom-kiezen-voor-oyl\/\" \/>\n<meta property=\"og:locale\" content=\"nl_NL\" \/>\n<meta property=\"og:type\" content=\"article\" \/>\n<meta property=\"og:title\" content=\"Waarom kiezen voor \u00d8YL? - \u00d8YL\" \/>\n<meta property=\"og:description\" content=\"Waarom kiezen voor \u00d8YL? Ons belangrijkste doel bij de ontwikkeling van \u00d8YL was om te komen tot een natuurlijke, zuivere formulering die kan helpen bij verschillende vormen van welzijn. Daarom hebben we ons gericht op het combineren van de natuurlijke eigenschappen van de cannabisplant met de meest geavanceerde technologie om de mogelijkheden ervan te onderzoeken [&hellip;]\" \/>\n<meta property=\"og:url\" content=\"https:\/\/oyl-cbd.com\/nl\/waarom-kiezen-voor-oyl\/\" \/>\n<meta property=\"og:site_name\" content=\"\u00d8YL\" \/>\n<meta property=\"article:modified_time\" content=\"2025-01-09T13:16:44+00:00\" \/>\n<meta name=\"twitter:card\" content=\"summary_large_image\" \/>\n<meta name=\"twitter:label1\" content=\"Geschatte leestijd\" \/>\n\t<meta name=\"twitter:data1\" content=\"1 minuut\" \/>\n<script type=\"application\/ld+json\" class=\"yoast-schema-graph\">{\"@context\":\"https:\\\/\\\/schema.org\",\"@graph\":[{\"@type\":\"WebPage\",\"@id\":\"https:\\\/\\\/oyl-cbd.com\\\/nl\\\/waarom-kiezen-voor-oyl\\\/\",\"url\":\"https:\\\/\\\/oyl-cbd.com\\\/nl\\\/waarom-kiezen-voor-oyl\\\/\",\"name\":\"Waarom kiezen voor \u00d8YL? - \u00d8YL\",\"isPartOf\":{\"@id\":\"https:\\\/\\\/oyl-cbd.com\\\/nl\\\/#website\"},\"datePublished\":\"2023-11-21T09:57:04+00:00\",\"dateModified\":\"2025-01-09T13:16:44+00:00\",\"breadcrumb\":{\"@id\":\"https:\\\/\\\/oyl-cbd.com\\\/nl\\\/waarom-kiezen-voor-oyl\\\/#breadcrumb\"},\"inLanguage\":\"nl-NL\",\"potentialAction\":[{\"@type\":\"ReadAction\",\"target\":[\"https:\\\/\\\/oyl-cbd.com\\\/nl\\\/waarom-kiezen-voor-oyl\\\/\"]}]},{\"@type\":\"BreadcrumbList\",\"@id\":\"https:\\\/\\\/oyl-cbd.com\\\/nl\\\/waarom-kiezen-voor-oyl\\\/#breadcrumb\",\"itemListElement\":[{\"@type\":\"ListItem\",\"position\":1,\"name\":\"Accueil\",\"item\":\"https:\\\/\\\/oyl-cbd.com\\\/nl\\\/\"},{\"@type\":\"ListItem\",\"position\":2,\"name\":\"Waarom kiezen voor \u00d8YL?\"}]},{\"@type\":\"WebSite\",\"@id\":\"https:\\\/\\\/oyl-cbd.com\\\/nl\\\/#website\",\"url\":\"https:\\\/\\\/oyl-cbd.com\\\/nl\\\/\",\"name\":\"\u00d8YL\",\"description\":\"PREMIUM CBD OILS\",\"publisher\":{\"@id\":\"https:\\\/\\\/oyl-cbd.com\\\/nl\\\/#organization\"},\"potentialAction\":[{\"@type\":\"SearchAction\",\"target\":{\"@type\":\"EntryPoint\",\"urlTemplate\":\"https:\\\/\\\/oyl-cbd.com\\\/nl\\\/?s={search_term_string}\"},\"query-input\":{\"@type\":\"PropertyValueSpecification\",\"valueRequired\":true,\"valueName\":\"search_term_string\"}}],\"inLanguage\":\"nl-NL\"},{\"@type\":\"Organization\",\"@id\":\"https:\\\/\\\/oyl-cbd.com\\\/nl\\\/#organization\",\"name\":\"\u00d8YL\",\"url\":\"https:\\\/\\\/oyl-cbd.com\\\/nl\\\/\",\"logo\":{\"@type\":\"ImageObject\",\"inLanguage\":\"nl-NL\",\"@id\":\"https:\\\/\\\/oyl-cbd.com\\\/nl\\\/#\\\/schema\\\/logo\\\/image\\\/\",\"url\":\"https:\\\/\\\/oyl-cbd.com\\\/wp-content\\\/uploads\\\/PHOTO-2023-01-03-09-25-37-1.jpg\",\"contentUrl\":\"https:\\\/\\\/oyl-cbd.com\\\/wp-content\\\/uploads\\\/PHOTO-2023-01-03-09-25-37-1.jpg\",\"width\":1600,\"height\":1600,\"caption\":\"\u00d8YL\"},\"image\":{\"@id\":\"https:\\\/\\\/oyl-cbd.com\\\/nl\\\/#\\\/schema\\\/logo\\\/image\\\/\"}}]}<\/script>\n<!-- \/ Yoast SEO plugin. -->","yoast_head_json":{"title":"Waarom kiezen voor \u00d8YL? - \u00d8YL","robots":{"index":"index","follow":"follow","max-snippet":"max-snippet:-1","max-image-preview":"max-image-preview:large","max-video-preview":"max-video-preview:-1"},"canonical":"https:\/\/oyl-cbd.com\/nl\/waarom-kiezen-voor-oyl\/","og_locale":"nl_NL","og_type":"article","og_title":"Waarom kiezen voor \u00d8YL? - \u00d8YL","og_description":"Waarom kiezen voor \u00d8YL? Ons belangrijkste doel bij de ontwikkeling van \u00d8YL was om te komen tot een natuurlijke, zuivere formulering die kan helpen bij verschillende vormen van welzijn. Daarom hebben we ons gericht op het combineren van de natuurlijke eigenschappen van de cannabisplant met de meest geavanceerde technologie om de mogelijkheden ervan te onderzoeken [&hellip;]","og_url":"https:\/\/oyl-cbd.com\/nl\/waarom-kiezen-voor-oyl\/","og_site_name":"\u00d8YL","article_modified_time":"2025-01-09T13:16:44+00:00","twitter_card":"summary_large_image","twitter_misc":{"Geschatte leestijd":"1 minuut"},"schema":{"@context":"https:\/\/schema.org","@graph":[{"@type":"WebPage","@id":"https:\/\/oyl-cbd.com\/nl\/waarom-kiezen-voor-oyl\/","url":"https:\/\/oyl-cbd.com\/nl\/waarom-kiezen-voor-oyl\/","name":"Waarom kiezen voor \u00d8YL? - \u00d8YL","isPartOf":{"@id":"https:\/\/oyl-cbd.com\/nl\/#website"},"datePublished":"2023-11-21T09:57:04+00:00","dateModified":"2025-01-09T13:16:44+00:00","breadcrumb":{"@id":"https:\/\/oyl-cbd.com\/nl\/waarom-kiezen-voor-oyl\/#breadcrumb"},"inLanguage":"nl-NL","potentialAction":[{"@type":"ReadAction","target":["https:\/\/oyl-cbd.com\/nl\/waarom-kiezen-voor-oyl\/"]}]},{"@type":"BreadcrumbList","@id":"https:\/\/oyl-cbd.com\/nl\/waarom-kiezen-voor-oyl\/#breadcrumb","itemListElement":[{"@type":"ListItem","position":1,"name":"Accueil","item":"https:\/\/oyl-cbd.com\/nl\/"},{"@type":"ListItem","position":2,"name":"Waarom kiezen voor \u00d8YL?"}]},{"@type":"WebSite","@id":"https:\/\/oyl-cbd.com\/nl\/#website","url":"https:\/\/oyl-cbd.com\/nl\/","name":"\u00d8YL","description":"PREMIUM CBD OILS","publisher":{"@id":"https:\/\/oyl-cbd.com\/nl\/#organization"},"potentialAction":[{"@type":"SearchAction","target":{"@type":"EntryPoint","urlTemplate":"https:\/\/oyl-cbd.com\/nl\/?s={search_term_string}"},"query-input":{"@type":"PropertyValueSpecification","valueRequired":true,"valueName":"search_term_string"}}],"inLanguage":"nl-NL"},{"@type":"Organization","@id":"https:\/\/oyl-cbd.com\/nl\/#organization","name":"\u00d8YL","url":"https:\/\/oyl-cbd.com\/nl\/","logo":{"@type":"ImageObject","inLanguage":"nl-NL","@id":"https:\/\/oyl-cbd.com\/nl\/#\/schema\/logo\/image\/","url":"https:\/\/oyl-cbd.com\/wp-content\/uploads\/PHOTO-2023-01-03-09-25-37-1.jpg","contentUrl":"https:\/\/oyl-cbd.com\/wp-content\/uploads\/PHOTO-2023-01-03-09-25-37-1.jpg","width":1600,"height":1600,"caption":"\u00d8YL"},"image":{"@id":"https:\/\/oyl-cbd.com\/nl\/#\/schema\/logo\/image\/"}}]}},"_links":{"self":[{"href":"https:\/\/oyl-cbd.com\/nl\/wp-json\/wp\/v2\/pages\/4876","targetHints":{"allow":["GET"]}}],"collection":[{"href":"https:\/\/oyl-cbd.com\/nl\/wp-json\/wp\/v2\/pages"}],"about":[{"href":"https:\/\/oyl-cbd.com\/nl\/wp-json\/wp\/v2\/types\/page"}],"author":[{"embeddable":true,"href":"https:\/\/oyl-cbd.com\/nl\/wp-json\/wp\/v2\/users\/1"}],"replies":[{"embeddable":true,"href":"https:\/\/oyl-cbd.com\/nl\/wp-json\/wp\/v2\/comments?post=4876"}],"version-history":[{"count":8,"href":"https:\/\/oyl-cbd.com\/nl\/wp-json\/wp\/v2\/pages\/4876\/revisions"}],"predecessor-version":[{"id":5543,"href":"https:\/\/oyl-cbd.com\/nl\/wp-json\/wp\/v2\/pages\/4876\/revisions\/5543"}],"wp:attachment":[{"href":"https:\/\/oyl-cbd.com\/nl\/wp-json\/wp\/v2\/media?parent=4876"}],"curies":[{"name":"wp","href":"https:\/\/api.w.org\/{rel}","templated":true}]}}